{"id":57202,"date":"2023-04-27T09:24:09","date_gmt":"2023-04-27T07:24:09","guid":{"rendered":"https:\/\/www.rauhes.de\/cms\/?page_id=57202"},"modified":"2024-03-05T09:42:09","modified_gmt":"2024-03-05T08:42:09","slug":"jahreslosung-2023","status":"publish","type":"page","link":"https:\/\/www.rauhes.de\/cms\/jahreskreis\/jahreslosung\/2023\/","title":{"rendered":"Jahreslosung 2023"},"content":{"rendered":"\n<h1 class=\"wp-block-heading\">Jahreslosung 2023: Auslegung &amp; Bild<\/h1>\n\n\n\n<div style=\"height:20px\" aria-hidden=\"true\" class=\"wp-block-spacer\"><\/div>\n\n\n\n<p class=\"has-medium-font-size\" style=\"font-style:italic;font-weight:500\">Du bist ein Gott, der mich sieht.&nbsp;<\/p>\n\n\n\n<p style=\"font-size:14px\">Genesis 16,13&nbsp;<\/p>\n\n\n\n<div style=\"height:10px\" aria-hidden=\"true\" class=\"wp-block-spacer\"><\/div>\n\n\n\n<div class=\"wp-block-columns is-layout-flex wp-container-core-columns-is-layout-9d6595d7 wp-block-columns-is-layout-flex\">\n<div class=\"wp-block-column is-layout-flow wp-block-column-is-layout-flow\" style=\"flex-basis:100%\">\n<div class=\"wp-block-columns is-layout-flex wp-container-core-columns-is-layout-9d6595d7 wp-block-columns-is-layout-flex\">\n<div class=\"wp-block-column is-layout-flow wp-block-column-is-layout-flow\">\n<h2 class=\"wp-block-heading\">Motiv der Agentur des Rauhen Hauses<\/h2>\n\n\n\n<div style=\"height:5px\" aria-hidden=\"true\" class=\"wp-block-spacer\"><\/div>\n\n\n\n<figure class=\"wp-block-image size-full\"><img decoding=\"async\" width=\"600\" height=\"840\" src=\"https:\/\/www.rauhes.de\/cms\/wp-content\/uploads\/2023\/04\/jahreslosung-fotomotiv-2023.jpg\" alt=\"Motiv zur Jahreslosung 2023\" class=\"wp-image-57226\" srcset=\"https:\/\/www.rauhes.de\/cms\/wp-content\/uploads\/2023\/04\/jahreslosung-fotomotiv-2023.jpg 600w, https:\/\/www.rauhes.de\/cms\/wp-content\/uploads\/2023\/04\/jahreslosung-fotomotiv-2023-214x300.jpg 214w\" sizes=\"(max-width: 600px) 100vw, 600px\" \/><\/figure>\n<\/div>\n\n\n\n<div class=\"wp-block-column is-layout-flow wp-block-column-is-layout-flow\">\n<h2 class=\"wp-block-heading\">Gedanken zur Jahreslosung 2023&nbsp;<br>von Markus Engelhardt&nbsp;<\/h2>\n\n\n\n<div style=\"height:5px\" aria-hidden=\"true\" class=\"wp-block-spacer\"><\/div>\n\n\n\n<p>Du bist ein Gott, der mich sieht: Als dieses Wort aus der Genesis im Februar 2020 \u2013 noch knapp vor der Ankunft der Pandemie \u2013 zur Jahreslosung 2023 bestimmt wurde, hie\u00df es, man sei bei der Wahl selten so einig gewesen wie dieses Mal. Offenbar gab es das Empfinden, dass diese Aussage einen Nerv der Zeit trifft. Aber welchen? Die Angst, unterzugehen in Anonymit\u00e4t? Die Sehnsucht, wahrgenommen, gesehen zu werden im Hamsterrad einer Welt, die sich unaufh\u00f6rlich ver\u00e4ndert und beschleunigt? Fand man, dieses Wort \u00fcber Gott, gesprochen von einer Frau in prek\u00e4rer Lage, verbreite W\u00e4rme und Geborgenheit?<\/p>\n\n\n\n<p>Aber Vorsicht an der Bahnsteigkante! Du bist ein Gott, der mich sieht: Man kann das auch sehr anders h\u00f6ren. Dann verliert der Satz seine W\u00e4rme und Freundlichkeit. Gott als big father is watching you. Mit dem Bild eines nie weg-, sondern immer hinsehenden Gottes wurden \u00fcber Generationen in sehr gl\u00e4ubigen Milieus seelische Verheerungen angerichtet. Ja: Es gibt nicht nur den von Gott unter seinem f\u00fcrsorglichen Blick gesch\u00fctzten Raum. Es gibt auch \u2013 zumindest als ein sehr menschliches Bed\u00fcrfnis \u2013 den vor Gott gesch\u00fctzten Raum, wo ich mit all meinen Schatten unbehelligt bleiben kann. Die Worte der Jahreslosung taugen nicht f\u00fcr fromme Erbaulichkeit.<\/p>\n\n\n\n<p>Schon gar nicht, wenn ich ihre bildliche Umsetzung auf mich wirken lasse: Ein stilisierter Globus aus zahllosen Fenstern, aus denen mich \u2013 fr\u00f6hlich, nachdenklich, auch elegisch \u2013 Gesichter aller Altersgruppen und Hautfarben anblicken. Wer wird da nicht an die \u201eKacheln\u201c erinnert, die uns Zoom &amp; Co. in Pandemiezeiten als neue Normalit\u00e4t des Miteinanders beschert haben. Die Vieldeutigkeit dieser Darstellung spricht mich an, weil in ihr die Ambivalenz der Jahreslosung mitschwingt. Sie verstr\u00f6mt Buntheit und Leichtigkeit \u2013 einerseits. Aber die Vielfalt bleibt doch statisch. Die vielen Gesichter kommen nicht in Verbindung miteinander, bleiben in ihrer Kachel gefangen.<\/p>\n<\/div>\n<\/div>\n\n\n\n<p> Bei \u201eZoom-Gottesdiensten\u201c hatte ich oft die Empfindung, dass ich die Gesichter der Menschen intensiver wahrnehmen kann als bei realen, \u201eanalogen\u201c Veranstaltungen. Ich wei\u00df aber, dass auch ich \u201ein der Kachel\u201c genauer gesehen und gemustert werde. Will ich das?<\/p>\n\n\n\n<p>Ich meine, diese Zweideutigkeit l\u00e4sst sich nicht aufl\u00f6sen. Auch nicht mit Blick auf unser Gottesbild. An Gott glauben, in einer Gottesbeziehung leben, fordert mich immer wieder heraus, eine bek\u00f6mmliche Balance zu finden zwischen dem Bed\u00fcrfnis, von Gott gesehen zu werden, und dem Bed\u00fcrfnis nach Intimit\u00e4t, das es auch Gott gegen\u00fcber geben darf. Etwas ist mir jedenfalls wichtiger, als dass Gott mich allezeit und \u00fcberall sieht: n\u00e4mlich dass er mich schon sah, als ich noch gar nicht zu sehen war, dass er schon an mich gedacht hat, als an mich noch gar nicht zu denken war. Also: dass Gott mich erfunden hat. Paul Gerhardt hat das in einem Weihnachtschoral sprachlich und inhaltlich un\u00fcbertroffen genau und sch\u00f6n ins Wort gebracht:<\/p>\n\n\n\n<p><em>Da ich noch nicht geboren war,<br>da bist du mir geboren<br>und hast mich dir zu eigen gar,<br>eh ich dich kannt, erkoren.<br>Eh ich durch deine Hand gemacht,<br>da hast du schon bei dir bedacht,<br>wie du mein wolltest werden.<\/em><br>(EG 37,2) <\/p>\n\n\n\n<p>So lasse ich mir den Gott, der mich sieht, gern gefallen.<\/p>\n\n\n\n<p><strong>Jetzt die Auslegung kostenlos als PDF herunterladen!<\/strong><\/p>\n\n\n\n<div class=\"tb-button\" data-toolset-blocks-button=\"56fbd6b03fa163a90c1d180d8a69567b\"><a class=\"tb-button__link\" href=\"https:\/\/www.rauhes.de\/cms\/wp-content\/uploads\/2023\/04\/gedanken-zur-jahreslosung-2023.pdf\"><i class=\"tb-button__icon\"><\/i><span class=\"tb-button__content\">Jahreslosung 2023 Download<\/span><\/a><\/div>\n<\/div>\n<\/div>\n\n\n\n<div style=\"height:30px\" aria-hidden=\"true\" class=\"wp-block-spacer\"><\/div>\n\n\n\n<h2 class=\"wp-block-heading\">Neuere Jahreslosung\u00a0<\/h2>\n\n\n\n<div class=\"wp-block-columns is-layout-flex wp-container-core-columns-is-layout-9d6595d7 wp-block-columns-is-layout-flex\">\n<div class=\"wp-block-column is-layout-flow wp-block-column-is-layout-flow\">\n<figure class=\"wp-block-image size-full is-resized\"><img decoding=\"async\" width=\"600\" height=\"841\" src=\"https:\/\/www.rauhes.de\/cms\/wp-content\/uploads\/2024\/03\/Jahreslosungsmotiv-Kreuz-u-.jpg\" alt=\"\" class=\"wp-image-111596\" style=\"width:300px\" srcset=\"https:\/\/www.rauhes.de\/cms\/wp-content\/uploads\/2024\/03\/Jahreslosungsmotiv-Kreuz-u-.jpg 600w, https:\/\/www.rauhes.de\/cms\/wp-content\/uploads\/2024\/03\/Jahreslosungsmotiv-Kreuz-u--214x300.jpg 214w\" sizes=\"(max-width: 600px) 100vw, 600px\" \/><\/figure>\n\n\n\n<div class=\"tb-button\" data-toolset-blocks-button=\"2e4aefa7bd070b69bee187639940fdcc\"><a class=\"tb-button__link\" href=\"https:\/\/www.rauhes.de\/cms\/jahreskreis\/jahreslosung\/2024\/\"><i class=\"tb-button__icon\"><\/i><span class=\"tb-button__content\">Jahreslosung 2024<\/span><\/a><\/div>\n<\/div>\n\n\n\n<div class=\"wp-block-column is-layout-flow wp-block-column-is-layout-flow\"><\/div>\n<\/div>\n","protected":false},"excerpt":{"rendered":"<p>Jahreslosung 2023: Auslegung &amp; Bild Du bist ein Gott, der mich sieht.&nbsp; Genesis 16,13&nbsp; Motiv der Agentur des Rauhen Hauses Gedanken zur Jahreslosung 2023&nbsp;von Markus Engelhardt&nbsp; Du bist ein Gott, der mich sieht: Als dieses Wort aus der Genesis im Februar 2020 \u2013 noch knapp vor der Ankunft der Pandemie \u2013 zur Jahreslosung 2023 bestimmt [&hellip;]<\/p>\n","protected":false},"author":1,"featured_media":0,"parent":56768,"menu_order":0,"comment_status":"closed","ping_status":"closed","template":"","meta":{"ngg_post_thumbnail":0,"footnotes":""},"class_list":["post-57202","page","type-page","status-publish","hentry"],"yoast_head":"<!-- This site is optimized with the Yoast SEO plugin v27.3 - https:\/\/yoast.com\/product\/yoast-seo-wordpress\/ -->\n<title>Auslegung zur Jahreslosung 2023 \u2013 rauhes.de<\/title>\n<meta name=\"description\" content=\"&quot;Du bist ein Gott, der mich sieht. (Genesis 16,13)&quot; Gedanken zur Jahreslosung 2023 &amp; Motiv zum Download!\" \/>\n<meta name=\"robots\" content=\"index, follow, max-snippet:-1, max-image-preview:large, max-video-preview:-1\" \/>\n<link rel=\"canonical\" href=\"https:\/\/www.rauhes.de\/cms\/jahreskreis\/jahreslosung\/2023\/\" \/>\n<meta property=\"og:locale\" content=\"de_DE\" \/>\n<meta property=\"og:type\" content=\"article\" \/>\n<meta property=\"og:title\" content=\"Auslegung zur Jahreslosung 2023 \u2013 rauhes.de\" \/>\n<meta property=\"og:description\" content=\"&quot;Du bist ein Gott, der mich sieht. (Genesis 16,13)&quot; Gedanken zur Jahreslosung 2023 &amp; Motiv zum Download!\" \/>\n<meta property=\"og:url\" content=\"https:\/\/www.rauhes.de\/cms\/jahreskreis\/jahreslosung\/2023\/\" \/>\n<meta property=\"og:site_name\" content=\"Infos zu feierlichen Anl\u00e4ssen wie Taufe, Konfirmation, Hochzeit &amp; Trauer\" \/>\n<meta property=\"article:modified_time\" content=\"2024-03-05T08:42:09+00:00\" \/>\n<meta property=\"og:image\" content=\"https:\/\/www.rauhes.de\/cms\/wp-content\/uploads\/2023\/04\/jahreslosung-fotomotiv-2023.jpg\" \/>\n<meta name=\"twitter:card\" content=\"summary_large_image\" \/>\n<meta name=\"twitter:label1\" content=\"Gesch\u00e4tzte Lesezeit\" \/>\n\t<meta name=\"twitter:data1\" content=\"3\u00a0Minuten\" \/>\n<script type=\"application\/ld+json\" class=\"yoast-schema-graph\">{\"@context\":\"https:\\\/\\\/schema.org\",\"@graph\":[{\"@type\":\"WebPage\",\"@id\":\"https:\\\/\\\/www.rauhes.de\\\/cms\\\/jahreskreis\\\/jahreslosung\\\/2023\\\/\",\"url\":\"https:\\\/\\\/www.rauhes.de\\\/cms\\\/jahreskreis\\\/jahreslosung\\\/2023\\\/\",\"name\":\"Auslegung zur Jahreslosung 2023 \u2013 rauhes.de\",\"isPartOf\":{\"@id\":\"https:\\\/\\\/www.rauhes.de\\\/cms\\\/#website\"},\"primaryImageOfPage\":{\"@id\":\"https:\\\/\\\/www.rauhes.de\\\/cms\\\/jahreskreis\\\/jahreslosung\\\/2023\\\/#primaryimage\"},\"image\":{\"@id\":\"https:\\\/\\\/www.rauhes.de\\\/cms\\\/jahreskreis\\\/jahreslosung\\\/2023\\\/#primaryimage\"},\"thumbnailUrl\":\"https:\\\/\\\/www.rauhes.de\\\/cms\\\/wp-content\\\/uploads\\\/2023\\\/04\\\/jahreslosung-fotomotiv-2023.jpg\",\"datePublished\":\"2023-04-27T07:24:09+00:00\",\"dateModified\":\"2024-03-05T08:42:09+00:00\",\"description\":\"\\\"Du bist ein Gott, der mich sieht. (Genesis 16,13)\\\" Gedanken zur Jahreslosung 2023 & Motiv zum Download!\",\"breadcrumb\":{\"@id\":\"https:\\\/\\\/www.rauhes.de\\\/cms\\\/jahreskreis\\\/jahreslosung\\\/2023\\\/#breadcrumb\"},\"inLanguage\":\"de\",\"potentialAction\":[{\"@type\":\"ReadAction\",\"target\":[\"https:\\\/\\\/www.rauhes.de\\\/cms\\\/jahreskreis\\\/jahreslosung\\\/2023\\\/\"]}]},{\"@type\":\"ImageObject\",\"inLanguage\":\"de\",\"@id\":\"https:\\\/\\\/www.rauhes.de\\\/cms\\\/jahreskreis\\\/jahreslosung\\\/2023\\\/#primaryimage\",\"url\":\"https:\\\/\\\/www.rauhes.de\\\/cms\\\/wp-content\\\/uploads\\\/2023\\\/04\\\/jahreslosung-fotomotiv-2023.jpg\",\"contentUrl\":\"https:\\\/\\\/www.rauhes.de\\\/cms\\\/wp-content\\\/uploads\\\/2023\\\/04\\\/jahreslosung-fotomotiv-2023.jpg\",\"width\":600,\"height\":840},{\"@type\":\"BreadcrumbList\",\"@id\":\"https:\\\/\\\/www.rauhes.de\\\/cms\\\/jahreskreis\\\/jahreslosung\\\/2023\\\/#breadcrumb\",\"itemListElement\":[{\"@type\":\"ListItem\",\"position\":1,\"name\":\"Startseite\",\"item\":\"https:\\\/\\\/www.rauhes.de\\\/cms\\\/\"},{\"@type\":\"ListItem\",\"position\":2,\"name\":\"Jahreskreis\",\"item\":\"https:\\\/\\\/www.rauhes.de\\\/cms\\\/jahreskreis\\\/\"},{\"@type\":\"ListItem\",\"position\":3,\"name\":\"Jahreslosung\",\"item\":\"https:\\\/\\\/www.rauhes.de\\\/cms\\\/jahreskreis\\\/jahreslosung\\\/\"},{\"@type\":\"ListItem\",\"position\":4,\"name\":\"Jahreslosung 2023\"}]},{\"@type\":\"WebSite\",\"@id\":\"https:\\\/\\\/www.rauhes.de\\\/cms\\\/#website\",\"url\":\"https:\\\/\\\/www.rauhes.de\\\/cms\\\/\",\"name\":\"Infos zu feierlichen Anl\u00e4ssen wie Taufe, Konfirmation, Hochzeit &amp; Trauer\",\"description\":\"\",\"publisher\":{\"@id\":\"https:\\\/\\\/www.rauhes.de\\\/cms\\\/#organization\"},\"potentialAction\":[{\"@type\":\"SearchAction\",\"target\":{\"@type\":\"EntryPoint\",\"urlTemplate\":\"https:\\\/\\\/www.rauhes.de\\\/cms\\\/?s={search_term_string}\"},\"query-input\":{\"@type\":\"PropertyValueSpecification\",\"valueRequired\":true,\"valueName\":\"search_term_string\"}}],\"inLanguage\":\"de\"},{\"@type\":\"Organization\",\"@id\":\"https:\\\/\\\/www.rauhes.de\\\/cms\\\/#organization\",\"name\":\"rauhes.de\",\"url\":\"https:\\\/\\\/www.rauhes.de\\\/cms\\\/\",\"logo\":{\"@type\":\"ImageObject\",\"inLanguage\":\"de\",\"@id\":\"https:\\\/\\\/www.rauhes.de\\\/cms\\\/#\\\/schema\\\/logo\\\/image\\\/\",\"url\":\"https:\\\/\\\/www.rauhes.de\\\/cms\\\/wp-content\\\/uploads\\\/2021\\\/10\\\/2x_neu-2.png\",\"contentUrl\":\"https:\\\/\\\/www.rauhes.de\\\/cms\\\/wp-content\\\/uploads\\\/2021\\\/10\\\/2x_neu-2.png\",\"width\":300,\"height\":85,\"caption\":\"rauhes.de\"},\"image\":{\"@id\":\"https:\\\/\\\/www.rauhes.de\\\/cms\\\/#\\\/schema\\\/logo\\\/image\\\/\"}}]}<\/script>\n<!-- \/ Yoast SEO plugin. -->","yoast_head_json":{"title":"Auslegung zur Jahreslosung 2023 \u2013 rauhes.de","description":"\"Du bist ein Gott, der mich sieht. (Genesis 16,13)\" Gedanken zur Jahreslosung 2023 & Motiv zum Download!","robots":{"index":"index","follow":"follow","max-snippet":"max-snippet:-1","max-image-preview":"max-image-preview:large","max-video-preview":"max-video-preview:-1"},"canonical":"https:\/\/www.rauhes.de\/cms\/jahreskreis\/jahreslosung\/2023\/","og_locale":"de_DE","og_type":"article","og_title":"Auslegung zur Jahreslosung 2023 \u2013 rauhes.de","og_description":"\"Du bist ein Gott, der mich sieht. (Genesis 16,13)\" Gedanken zur Jahreslosung 2023 & Motiv zum Download!","og_url":"https:\/\/www.rauhes.de\/cms\/jahreskreis\/jahreslosung\/2023\/","og_site_name":"Infos zu feierlichen Anl\u00e4ssen wie Taufe, Konfirmation, Hochzeit &amp; Trauer","article_modified_time":"2024-03-05T08:42:09+00:00","og_image":[{"url":"https:\/\/www.rauhes.de\/cms\/wp-content\/uploads\/2023\/04\/jahreslosung-fotomotiv-2023.jpg","type":"","width":"","height":""}],"twitter_card":"summary_large_image","twitter_misc":{"Gesch\u00e4tzte Lesezeit":"3\u00a0Minuten"},"schema":{"@context":"https:\/\/schema.org","@graph":[{"@type":"WebPage","@id":"https:\/\/www.rauhes.de\/cms\/jahreskreis\/jahreslosung\/2023\/","url":"https:\/\/www.rauhes.de\/cms\/jahreskreis\/jahreslosung\/2023\/","name":"Auslegung zur Jahreslosung 2023 \u2013 rauhes.de","isPartOf":{"@id":"https:\/\/www.rauhes.de\/cms\/#website"},"primaryImageOfPage":{"@id":"https:\/\/www.rauhes.de\/cms\/jahreskreis\/jahreslosung\/2023\/#primaryimage"},"image":{"@id":"https:\/\/www.rauhes.de\/cms\/jahreskreis\/jahreslosung\/2023\/#primaryimage"},"thumbnailUrl":"https:\/\/www.rauhes.de\/cms\/wp-content\/uploads\/2023\/04\/jahreslosung-fotomotiv-2023.jpg","datePublished":"2023-04-27T07:24:09+00:00","dateModified":"2024-03-05T08:42:09+00:00","description":"\"Du bist ein Gott, der mich sieht. (Genesis 16,13)\" Gedanken zur Jahreslosung 2023 & Motiv zum Download!","breadcrumb":{"@id":"https:\/\/www.rauhes.de\/cms\/jahreskreis\/jahreslosung\/2023\/#breadcrumb"},"inLanguage":"de","potentialAction":[{"@type":"ReadAction","target":["https:\/\/www.rauhes.de\/cms\/jahreskreis\/jahreslosung\/2023\/"]}]},{"@type":"ImageObject","inLanguage":"de","@id":"https:\/\/www.rauhes.de\/cms\/jahreskreis\/jahreslosung\/2023\/#primaryimage","url":"https:\/\/www.rauhes.de\/cms\/wp-content\/uploads\/2023\/04\/jahreslosung-fotomotiv-2023.jpg","contentUrl":"https:\/\/www.rauhes.de\/cms\/wp-content\/uploads\/2023\/04\/jahreslosung-fotomotiv-2023.jpg","width":600,"height":840},{"@type":"BreadcrumbList","@id":"https:\/\/www.rauhes.de\/cms\/jahreskreis\/jahreslosung\/2023\/#breadcrumb","itemListElement":[{"@type":"ListItem","position":1,"name":"Startseite","item":"https:\/\/www.rauhes.de\/cms\/"},{"@type":"ListItem","position":2,"name":"Jahreskreis","item":"https:\/\/www.rauhes.de\/cms\/jahreskreis\/"},{"@type":"ListItem","position":3,"name":"Jahreslosung","item":"https:\/\/www.rauhes.de\/cms\/jahreskreis\/jahreslosung\/"},{"@type":"ListItem","position":4,"name":"Jahreslosung 2023"}]},{"@type":"WebSite","@id":"https:\/\/www.rauhes.de\/cms\/#website","url":"https:\/\/www.rauhes.de\/cms\/","name":"Infos zu feierlichen Anl\u00e4ssen wie Taufe, Konfirmation, Hochzeit &amp; Trauer","description":"","publisher":{"@id":"https:\/\/www.rauhes.de\/cms\/#organization"},"potentialAction":[{"@type":"SearchAction","target":{"@type":"EntryPoint","urlTemplate":"https:\/\/www.rauhes.de\/cms\/?s={search_term_string}"},"query-input":{"@type":"PropertyValueSpecification","valueRequired":true,"valueName":"search_term_string"}}],"inLanguage":"de"},{"@type":"Organization","@id":"https:\/\/www.rauhes.de\/cms\/#organization","name":"rauhes.de","url":"https:\/\/www.rauhes.de\/cms\/","logo":{"@type":"ImageObject","inLanguage":"de","@id":"https:\/\/www.rauhes.de\/cms\/#\/schema\/logo\/image\/","url":"https:\/\/www.rauhes.de\/cms\/wp-content\/uploads\/2021\/10\/2x_neu-2.png","contentUrl":"https:\/\/www.rauhes.de\/cms\/wp-content\/uploads\/2021\/10\/2x_neu-2.png","width":300,"height":85,"caption":"rauhes.de"},"image":{"@id":"https:\/\/www.rauhes.de\/cms\/#\/schema\/logo\/image\/"}}]}},"_links":{"self":[{"href":"https:\/\/www.rauhes.de\/cms\/wp-json\/wp\/v2\/pages\/57202","targetHints":{"allow":["GET"]}}],"collection":[{"href":"https:\/\/www.rauhes.de\/cms\/wp-json\/wp\/v2\/pages"}],"about":[{"href":"https:\/\/www.rauhes.de\/cms\/wp-json\/wp\/v2\/types\/page"}],"author":[{"embeddable":true,"href":"https:\/\/www.rauhes.de\/cms\/wp-json\/wp\/v2\/users\/1"}],"replies":[{"embeddable":true,"href":"https:\/\/www.rauhes.de\/cms\/wp-json\/wp\/v2\/comments?post=57202"}],"version-history":[{"count":22,"href":"https:\/\/www.rauhes.de\/cms\/wp-json\/wp\/v2\/pages\/57202\/revisions"}],"predecessor-version":[{"id":150830,"href":"https:\/\/www.rauhes.de\/cms\/wp-json\/wp\/v2\/pages\/57202\/revisions\/150830"}],"up":[{"embeddable":true,"href":"https:\/\/www.rauhes.de\/cms\/wp-json\/wp\/v2\/pages\/56768"}],"wp:attachment":[{"href":"https:\/\/www.rauhes.de\/cms\/wp-json\/wp\/v2\/media?parent=57202"}],"curies":[{"name":"wp","href":"https:\/\/api.w.org\/{rel}","templated":true}]}}