{"id":56935,"date":"2023-03-07T10:55:47","date_gmt":"2023-03-07T09:55:47","guid":{"rendered":"https:\/\/www.rauhes.de\/cms\/?page_id=56935"},"modified":"2023-04-27T11:06:35","modified_gmt":"2023-04-27T09:06:35","slug":"jahreslosung-2012","status":"publish","type":"page","link":"https:\/\/www.rauhes.de\/cms\/jahreskreis\/jahreslosung\/2012\/","title":{"rendered":"Jahreslosung 2012"},"content":{"rendered":"\n<h1 class=\"wp-block-heading\">Jahreslosung 2012: Auslegung &amp; Bild<\/h1>\n\n\n\n<div style=\"height:20px\" aria-hidden=\"true\" class=\"wp-block-spacer\"><\/div>\n\n\n\n<p class=\"has-medium-font-size\" style=\"font-style:italic;font-weight:500\">Meine Kraft ist in den Schw\u00e4chen m\u00e4chtig.<\/p>\n\n\n\n<p style=\"font-size:14px\">2. Korinther 12,9<\/p>\n\n\n\n<div style=\"height:10px\" aria-hidden=\"true\" class=\"wp-block-spacer\"><\/div>\n\n\n\n<div class=\"wp-block-columns is-layout-flex wp-container-core-columns-is-layout-9d6595d7 wp-block-columns-is-layout-flex\">\n<div class=\"wp-block-column is-layout-flow wp-block-column-is-layout-flow\">\n<h2 class=\"wp-block-heading\">Fotomotiv der Agentur des Rauhen Hauses<\/h2>\n\n\n\n<figure class=\"wp-block-image size-full\"><img decoding=\"async\" width=\"600\" height=\"849\" src=\"https:\/\/www.rauhes.de\/cms\/wp-content\/uploads\/2023\/02\/jahreslosung-fotomotiv-2012.jpg\" alt=\"\" class=\"wp-image-56936\" srcset=\"https:\/\/www.rauhes.de\/cms\/wp-content\/uploads\/2023\/02\/jahreslosung-fotomotiv-2012.jpg 600w, https:\/\/www.rauhes.de\/cms\/wp-content\/uploads\/2023\/02\/jahreslosung-fotomotiv-2012-212x300.jpg 212w\" sizes=\"(max-width: 600px) 100vw, 600px\" \/><figcaption class=\"wp-element-caption\">Andrea G\u00f6ppel, Keimling<\/figcaption><\/figure>\n<\/div>\n\n\n\n<div class=\"wp-block-column is-layout-flow wp-block-column-is-layout-flow\">\n<h2 class=\"wp-block-heading\">Gedanken zur Jahreslosung 2012&nbsp;<br>von Helen Herbertz<\/h2>\n\n\n\n<p>Ein Keimling k\u00e4mpft sich durch das Dunkel der Erde hinauf ans Licht. Auf diesem Weg bleibt es um ihn herum lange finster, erst beim Durchbrechen der Oberfl\u00e4che wird es mit einem Mal ganz hell. Es ist ein Befreiungsschlag. Mit dem Erreichen der Oberfl\u00e4che tritt der Keimling in eine neue Wirklichkeit ein.<\/p>\n\n\n\n<p>Welch unglaubliche Kraft zeigt sich in diesem Vorgang! Es ist das Umschlagen von Starre in Bewegung, von Leblosigkeit in Leben. Durch das Hinauswachsen \u00fcber sich selbst erweitert der Keimling seine Welt. Er kann pl\u00f6tzlich viel mehr wahrnehmen als zuvor. Da sind auf einmal nicht nur Tag und Nacht oder Sonne, Regen und Wind, sondern auch die Tier- und Pflanzenwelt, die ihn umgeben.<\/p>\n\n\n\n<p>Diese Entwicklung l\u00e4sst sich auf das geistliche Wachstum des Menschen \u00fcbertragen. Im 5. Buch Mose hei\u00dft es, dass jeder Mensch, der nicht auf Gottes Stimme h\u00f6rt und seine Weisungen in den Wind schl\u00e4gt, im Dunkeln tappen wird, dem Keimling gleich, der noch in der Erde ruht. Doch wie in ihm, so ist auch in uns Menschen das Hinstreben zum Licht angelegt. Und wie er so erhalten auch wir die Kraft, \u00fcber uns hinauszuwachsen, wenn wir uns zu Gott aufmachen, uns an ihn wenden. Die Bibel spricht von Jesus Christus als dem Licht der Welt. Wenn wir zu ihm hinstreben und uns von seinem Licht durchdringen lassen, treten wir in eine neue Wirklichkeit ein.<\/p>\n\n\n\n<p>Wir sehen die Welt in neuem Licht und erkennen, dass wir nichts leisten oder erbringen k\u00f6nnen, das uns vor Gott besser macht, sondern dass wir allein aus seiner Gnade leben. Durch sie sind wir so angenommen wie wir sind. Gott holt uns bei unseren Defiziten und Schw\u00e4chen ab. Wir d\u00fcrfen sie ihm hinhalten. Er m\u00f6chte sie mit seiner St\u00e4rke f\u00fcllen. Gemeinsam mit ihm k\u00f6nnen wir \u00fcber unseren Schatten springen und das Unm\u00f6gliche wagen. \u201eMeine Kraft ist in den Schwachen m\u00e4chtig\u201c, auf diese Zusage d\u00fcrfen wir vertrauen.<\/p>\n<\/div>\n<\/div>\n\n\n\n<div style=\"height:30px\" aria-hidden=\"true\" class=\"wp-block-spacer\"><\/div>\n\n\n\n<div class=\"wp-block-columns is-layout-flex wp-container-core-columns-is-layout-9d6595d7 wp-block-columns-is-layout-flex\">\n<div class=\"wp-block-column is-layout-flow wp-block-column-is-layout-flow\" style=\"flex-basis:100%\">\n<div class=\"wp-block-columns is-layout-flex wp-container-core-columns-is-layout-9d6595d7 wp-block-columns-is-layout-flex\">\n<div class=\"wp-block-column is-layout-flow wp-block-column-is-layout-flow\">\n<h2 class=\"wp-block-heading\">Kunstmotiv der Agentur des <br>Rauhen Hauses<\/h2>\n\n\n\n<div style=\"height:25px\" aria-hidden=\"true\" class=\"wp-block-spacer\"><\/div>\n\n\n\n<figure class=\"wp-block-image size-full\"><img decoding=\"async\" width=\"600\" height=\"848\" src=\"https:\/\/www.rauhes.de\/cms\/wp-content\/uploads\/2023\/02\/jahreslosung-kunstmotiv-2012.jpg\" alt=\"Kunstmotiv zur Jahreslosung 2012\" class=\"wp-image-56937\" srcset=\"https:\/\/www.rauhes.de\/cms\/wp-content\/uploads\/2023\/02\/jahreslosung-kunstmotiv-2012.jpg 600w, https:\/\/www.rauhes.de\/cms\/wp-content\/uploads\/2023\/02\/jahreslosung-kunstmotiv-2012-212x300.jpg 212w\" sizes=\"(max-width: 600px) 100vw, 600px\" \/><figcaption class=\"wp-element-caption\">Angelika Litzkendorf, Triumphkreuz<\/figcaption><\/figure>\n<\/div>\n\n\n\n<div class=\"wp-block-column is-layout-flow wp-block-column-is-layout-flow\">\n<h2 class=\"wp-block-heading\">Gedanken zur Jahreslosung 2012&nbsp;<br>von Helen Herbertz<\/h2>\n\n\n\n<div style=\"height:25px\" aria-hidden=\"true\" class=\"wp-block-spacer\"><\/div>\n\n\n\n<p>Kennen wir sie nicht alle? Menschen, die auf den unterschiedlichsten Ebenen immer einen Tick besser sind als wir. Selbst wenn wir uns noch so sehr abm\u00fchen, es n\u00fctzt nichts, sie sind uns immer eine Nasenl\u00e4nge voraus. Wenn wir uns mit ihnen vergleichen, treten uns unsere Schw\u00e4chen besonders deutlich vor Augen. Da kann es leicht geschehen, dass wir uns schwach f\u00fchlen und mutlos werden.<\/p>\n\n\n\n<p>Die Bibel zeigt uns hingegen, dass Gott f\u00fcr gro\u00dfe Aufgaben gerade die Schwachen erw\u00e4hlt. Da ist zum Beispiel Mose, der von sich selbst sagt, dass er kein guter Redner ist. Ausgerechnet er soll mit dem Pharao \u00fcber den Auszug der Israeliten aus \u00c4gypten verhandeln. Ausgerechnet ihn bestimmt Gott zum F\u00fchrer \u00fcber sein Volk. \u2013 Und da ist zum Beispiel Paulus, der von Wandermissionaren bel\u00e4chelt wird, weil er ihnen durch sein k\u00f6rperliches Leiden nicht geeignet f\u00fcr die Mission erscheint.<\/p>\n\n\n\n<p>Ihnen spricht Gott zu, dass er ihre Schwachheit mit seiner Kraft f\u00fcllen wird. Das hei\u00dft konkret bei Mose, dass der Herr ihm die rechten Worte schenkt. Und bei Paulus, dass Gott sein Leiden gebraucht, um sich in dessen \u00dcberwindung zu verherrlichen. Gottes Wirken wird an ihnen sichtbar, denn es ist allen klar, dass weder Mose noch Paulus aus eigener Kraft so agieren k\u00f6nnten.<\/p>\n\n\n\n<p>Angelika Litzkendorf gestaltet diese Macht Gottes in ihrem Kunstwerk aus. Es zeigt ein \u00fcberdimensional gro\u00dfes Kreuz, das eine Reihe von Quadraten durchbricht. Seine Leuchtkraft \u00fcberstrahlt und dominiert das ansonsten \u00fcberwiegend in kalten Farben gehaltene Bild. Bereits die Farbgestaltung veranschaulicht, wie die Dunkelheit der Welt durch Gottes Liebe mit Licht und W\u00e4rme erf\u00fcllt wird. Wie klein und schwach wirken die Quadrate im Vergleich zu diesem Kreuz. Sie symbolisieren die Menschen in ihrer ganzen Unzul\u00e4nglichkeit. Das Kreuz steht an der Stelle eines Quadrates und wirkt unmittelbar durch es hindurch. So f\u00fcllt die Kraft des Kreuzes die Schw\u00e4che des Menschen \u00fcberreich aus und strahlt zudem auf seine Umgebung aus. Jesus Christus \u00fcberwindet die Ohnmacht des menschlichen Daseins und l\u00e4sst Gottes Macht und Liebe auf Erden offenbar werden.<\/p>\n<\/div>\n<\/div>\n\n\n\n<p>\u201eMeine Kraft ist in den Schwachen m\u00e4chtig.\u201c \u2013 Diese Zusage, die Jesus Christus Paulus gibt, gilt auch f\u00fcr uns heute. Wir m\u00fcssen bei unserer Schwachheit nicht stehen bleiben. Gott will uns gerade in herausfordernden Momenten beistehen und uns mit seiner Kraft ausstatten. Wir m\u00fcssen ihn nur lassen.<\/p>\n<\/div>\n<\/div>\n\n\n\n<div style=\"height:20px\" aria-hidden=\"true\" class=\"wp-block-spacer\"><\/div>\n\n\n\n<h2 class=\"wp-block-heading\">Neuere Jahreslosungen<\/h2>\n\n\n\n<div class=\"wp-block-columns is-layout-flex wp-container-core-columns-is-layout-9d6595d7 wp-block-columns-is-layout-flex\">\n<div class=\"wp-block-column is-layout-flow wp-block-column-is-layout-flow\">\n<figure class=\"wp-block-image size-full\"><img decoding=\"async\" width=\"300\" height=\"425\" src=\"https:\/\/www.rauhes.de\/cms\/wp-content\/uploads\/2023\/02\/JL-2015-Kunstmotiv-Bunt-Geliebt-Carola-Senz.jpg\" alt=\"\" class=\"wp-image-56782\" srcset=\"https:\/\/www.rauhes.de\/cms\/wp-content\/uploads\/2023\/02\/JL-2015-Kunstmotiv-Bunt-Geliebt-Carola-Senz.jpg 300w, https:\/\/www.rauhes.de\/cms\/wp-content\/uploads\/2023\/02\/JL-2015-Kunstmotiv-Bunt-Geliebt-Carola-Senz-212x300.jpg 212w\" sizes=\"(max-width: 300px) 100vw, 300px\" \/><\/figure>\n\n\n\n<div class=\"tb-button\" data-toolset-blocks-button=\"017a6cd01ff670d85672768fb938cf83\"><a class=\"tb-button__link\" href=\"https:\/\/www.rauhes.de\/cms\/jahreskreis\/jahreslosung\/2015\/\"><i class=\"tb-button__icon\"><\/i><span class=\"tb-button__content\">Jahreslosung 2015<\/span><\/a><\/div>\n<\/div>\n\n\n\n<div class=\"wp-block-column is-layout-flow wp-block-column-is-layout-flow\">\n<figure class=\"wp-block-image size-full\"><img decoding=\"async\" width=\"300\" height=\"425\" src=\"https:\/\/www.rauhes.de\/cms\/wp-content\/uploads\/2023\/02\/JL-2014-Kunst-Fackel-Ute-Sinn.jpg\" alt=\"\" class=\"wp-image-56784\" srcset=\"https:\/\/www.rauhes.de\/cms\/wp-content\/uploads\/2023\/02\/JL-2014-Kunst-Fackel-Ute-Sinn.jpg 300w, https:\/\/www.rauhes.de\/cms\/wp-content\/uploads\/2023\/02\/JL-2014-Kunst-Fackel-Ute-Sinn-212x300.jpg 212w\" sizes=\"(max-width: 300px) 100vw, 300px\" \/><\/figure>\n\n\n\n<div class=\"tb-button\" data-toolset-blocks-button=\"4ea36a5207ee2de5feb88f9b50fdec44\"><a class=\"tb-button__link\" href=\"https:\/\/www.rauhes.de\/cms\/jahreskreis\/jahreslosung\/2014\/\"><i class=\"tb-button__icon\"><\/i><span class=\"tb-button__content\">Jahreslosung 2014<\/span><\/a><\/div>\n<\/div>\n\n\n\n<div class=\"wp-block-column is-layout-flow wp-block-column-is-layout-flow\">\n<figure class=\"wp-block-image size-full\"><img decoding=\"async\" width=\"300\" height=\"425\" src=\"https:\/\/www.rauhes.de\/cms\/wp-content\/uploads\/2023\/02\/JL-2013-Kunst-Schiff-Ute-Sinn.jpg\" alt=\"\" class=\"wp-image-56785\" srcset=\"https:\/\/www.rauhes.de\/cms\/wp-content\/uploads\/2023\/02\/JL-2013-Kunst-Schiff-Ute-Sinn.jpg 300w, https:\/\/www.rauhes.de\/cms\/wp-content\/uploads\/2023\/02\/JL-2013-Kunst-Schiff-Ute-Sinn-212x300.jpg 212w\" sizes=\"(max-width: 300px) 100vw, 300px\" \/><\/figure>\n\n\n\n<div class=\"tb-button\" data-toolset-blocks-button=\"bbcd3e64272d2f7c4b4a0ea3b7eac8b9\"><a class=\"tb-button__link\" href=\"https:\/\/www.rauhes.de\/cms\/jahreskreis\/jahreslosung\/2013\/\"><i class=\"tb-button__icon\"><\/i><span class=\"tb-button__content\">Jahreslosung 2013<\/span><\/a><\/div>\n<\/div>\n<\/div>\n","protected":false},"excerpt":{"rendered":"<p>Jahreslosung 2012: Auslegung &amp; Bild Meine Kraft ist in den Schw\u00e4chen m\u00e4chtig. 2. Korinther 12,9 Fotomotiv der Agentur des Rauhen Hauses Gedanken zur Jahreslosung 2012&nbsp;von Helen Herbertz Ein Keimling k\u00e4mpft sich durch das Dunkel der Erde hinauf ans Licht. Auf diesem Weg bleibt es um ihn herum lange finster, erst beim Durchbrechen der Oberfl\u00e4che wird [&hellip;]<\/p>\n","protected":false},"author":1,"featured_media":0,"parent":56768,"menu_order":0,"comment_status":"closed","ping_status":"closed","template":"","meta":{"ngg_post_thumbnail":0,"footnotes":""},"class_list":["post-56935","page","type-page","status-publish","hentry"],"yoast_head":"<!-- This site is optimized with the Yoast SEO plugin v27.3 - https:\/\/yoast.com\/product\/yoast-seo-wordpress\/ -->\n<title>Auslegung zur Jahreslosung 2012 \u2013 rauhes.de<\/title>\n<meta name=\"description\" content=\"Der Leitvers des Jahres lautet: &quot;Meine Kraft ist in den Schw\u00e4chen m\u00e4chtig.&quot; Gedanken zur Jahreslosung 2012 &amp; Motive zum Download!\" \/>\n<meta name=\"robots\" content=\"index, follow, max-snippet:-1, max-image-preview:large, max-video-preview:-1\" \/>\n<link rel=\"canonical\" href=\"https:\/\/www.rauhes.de\/cms\/jahreskreis\/jahreslosung\/2012\/\" \/>\n<meta property=\"og:locale\" content=\"de_DE\" \/>\n<meta property=\"og:type\" content=\"article\" \/>\n<meta property=\"og:title\" content=\"Auslegung zur Jahreslosung 2012 \u2013 rauhes.de\" \/>\n<meta property=\"og:description\" content=\"Der Leitvers des Jahres lautet: &quot;Meine Kraft ist in den Schw\u00e4chen m\u00e4chtig.&quot; Gedanken zur Jahreslosung 2012 &amp; Motive zum Download!\" \/>\n<meta property=\"og:url\" content=\"https:\/\/www.rauhes.de\/cms\/jahreskreis\/jahreslosung\/2012\/\" \/>\n<meta property=\"og:site_name\" content=\"Infos zu feierlichen Anl\u00e4ssen wie Taufe, Konfirmation, Hochzeit &amp; Trauer\" \/>\n<meta property=\"article:modified_time\" content=\"2023-04-27T09:06:35+00:00\" \/>\n<meta property=\"og:image\" content=\"https:\/\/www.rauhes.de\/cms\/wp-content\/uploads\/2023\/02\/jahreslosung-fotomotiv-2012.jpg\" \/>\n<meta name=\"twitter:card\" content=\"summary_large_image\" \/>\n<meta name=\"twitter:label1\" content=\"Gesch\u00e4tzte Lesezeit\" \/>\n\t<meta name=\"twitter:data1\" content=\"4\u00a0Minuten\" \/>\n<script type=\"application\/ld+json\" class=\"yoast-schema-graph\">{\"@context\":\"https:\\\/\\\/schema.org\",\"@graph\":[{\"@type\":\"WebPage\",\"@id\":\"https:\\\/\\\/www.rauhes.de\\\/cms\\\/jahreskreis\\\/jahreslosung\\\/2012\\\/\",\"url\":\"https:\\\/\\\/www.rauhes.de\\\/cms\\\/jahreskreis\\\/jahreslosung\\\/2012\\\/\",\"name\":\"Auslegung zur Jahreslosung 2012 \u2013 rauhes.de\",\"isPartOf\":{\"@id\":\"https:\\\/\\\/www.rauhes.de\\\/cms\\\/#website\"},\"primaryImageOfPage\":{\"@id\":\"https:\\\/\\\/www.rauhes.de\\\/cms\\\/jahreskreis\\\/jahreslosung\\\/2012\\\/#primaryimage\"},\"image\":{\"@id\":\"https:\\\/\\\/www.rauhes.de\\\/cms\\\/jahreskreis\\\/jahreslosung\\\/2012\\\/#primaryimage\"},\"thumbnailUrl\":\"https:\\\/\\\/www.rauhes.de\\\/cms\\\/wp-content\\\/uploads\\\/2023\\\/02\\\/jahreslosung-fotomotiv-2012.jpg\",\"datePublished\":\"2023-03-07T09:55:47+00:00\",\"dateModified\":\"2023-04-27T09:06:35+00:00\",\"description\":\"Der Leitvers des Jahres lautet: \\\"Meine Kraft ist in den Schw\u00e4chen m\u00e4chtig.\\\" Gedanken zur Jahreslosung 2012 & Motive zum Download!\",\"breadcrumb\":{\"@id\":\"https:\\\/\\\/www.rauhes.de\\\/cms\\\/jahreskreis\\\/jahreslosung\\\/2012\\\/#breadcrumb\"},\"inLanguage\":\"de\",\"potentialAction\":[{\"@type\":\"ReadAction\",\"target\":[\"https:\\\/\\\/www.rauhes.de\\\/cms\\\/jahreskreis\\\/jahreslosung\\\/2012\\\/\"]}]},{\"@type\":\"ImageObject\",\"inLanguage\":\"de\",\"@id\":\"https:\\\/\\\/www.rauhes.de\\\/cms\\\/jahreskreis\\\/jahreslosung\\\/2012\\\/#primaryimage\",\"url\":\"https:\\\/\\\/www.rauhes.de\\\/cms\\\/wp-content\\\/uploads\\\/2023\\\/02\\\/jahreslosung-fotomotiv-2012.jpg\",\"contentUrl\":\"https:\\\/\\\/www.rauhes.de\\\/cms\\\/wp-content\\\/uploads\\\/2023\\\/02\\\/jahreslosung-fotomotiv-2012.jpg\",\"width\":600,\"height\":849},{\"@type\":\"BreadcrumbList\",\"@id\":\"https:\\\/\\\/www.rauhes.de\\\/cms\\\/jahreskreis\\\/jahreslosung\\\/2012\\\/#breadcrumb\",\"itemListElement\":[{\"@type\":\"ListItem\",\"position\":1,\"name\":\"Startseite\",\"item\":\"https:\\\/\\\/www.rauhes.de\\\/cms\\\/\"},{\"@type\":\"ListItem\",\"position\":2,\"name\":\"Jahreskreis\",\"item\":\"https:\\\/\\\/www.rauhes.de\\\/cms\\\/jahreskreis\\\/\"},{\"@type\":\"ListItem\",\"position\":3,\"name\":\"Jahreslosung\",\"item\":\"https:\\\/\\\/www.rauhes.de\\\/cms\\\/jahreskreis\\\/jahreslosung\\\/\"},{\"@type\":\"ListItem\",\"position\":4,\"name\":\"Jahreslosung 2012\"}]},{\"@type\":\"WebSite\",\"@id\":\"https:\\\/\\\/www.rauhes.de\\\/cms\\\/#website\",\"url\":\"https:\\\/\\\/www.rauhes.de\\\/cms\\\/\",\"name\":\"Infos zu feierlichen Anl\u00e4ssen wie Taufe, Konfirmation, Hochzeit &amp; Trauer\",\"description\":\"\",\"publisher\":{\"@id\":\"https:\\\/\\\/www.rauhes.de\\\/cms\\\/#organization\"},\"potentialAction\":[{\"@type\":\"SearchAction\",\"target\":{\"@type\":\"EntryPoint\",\"urlTemplate\":\"https:\\\/\\\/www.rauhes.de\\\/cms\\\/?s={search_term_string}\"},\"query-input\":{\"@type\":\"PropertyValueSpecification\",\"valueRequired\":true,\"valueName\":\"search_term_string\"}}],\"inLanguage\":\"de\"},{\"@type\":\"Organization\",\"@id\":\"https:\\\/\\\/www.rauhes.de\\\/cms\\\/#organization\",\"name\":\"rauhes.de\",\"url\":\"https:\\\/\\\/www.rauhes.de\\\/cms\\\/\",\"logo\":{\"@type\":\"ImageObject\",\"inLanguage\":\"de\",\"@id\":\"https:\\\/\\\/www.rauhes.de\\\/cms\\\/#\\\/schema\\\/logo\\\/image\\\/\",\"url\":\"https:\\\/\\\/www.rauhes.de\\\/cms\\\/wp-content\\\/uploads\\\/2021\\\/10\\\/2x_neu-2.png\",\"contentUrl\":\"https:\\\/\\\/www.rauhes.de\\\/cms\\\/wp-content\\\/uploads\\\/2021\\\/10\\\/2x_neu-2.png\",\"width\":300,\"height\":85,\"caption\":\"rauhes.de\"},\"image\":{\"@id\":\"https:\\\/\\\/www.rauhes.de\\\/cms\\\/#\\\/schema\\\/logo\\\/image\\\/\"}}]}<\/script>\n<!-- \/ Yoast SEO plugin. -->","yoast_head_json":{"title":"Auslegung zur Jahreslosung 2012 \u2013 rauhes.de","description":"Der Leitvers des Jahres lautet: \"Meine Kraft ist in den Schw\u00e4chen m\u00e4chtig.\" Gedanken zur Jahreslosung 2012 & Motive zum Download!","robots":{"index":"index","follow":"follow","max-snippet":"max-snippet:-1","max-image-preview":"max-image-preview:large","max-video-preview":"max-video-preview:-1"},"canonical":"https:\/\/www.rauhes.de\/cms\/jahreskreis\/jahreslosung\/2012\/","og_locale":"de_DE","og_type":"article","og_title":"Auslegung zur Jahreslosung 2012 \u2013 rauhes.de","og_description":"Der Leitvers des Jahres lautet: \"Meine Kraft ist in den Schw\u00e4chen m\u00e4chtig.\" Gedanken zur Jahreslosung 2012 & Motive zum Download!","og_url":"https:\/\/www.rauhes.de\/cms\/jahreskreis\/jahreslosung\/2012\/","og_site_name":"Infos zu feierlichen Anl\u00e4ssen wie Taufe, Konfirmation, Hochzeit &amp; Trauer","article_modified_time":"2023-04-27T09:06:35+00:00","og_image":[{"url":"https:\/\/www.rauhes.de\/cms\/wp-content\/uploads\/2023\/02\/jahreslosung-fotomotiv-2012.jpg","type":"","width":"","height":""}],"twitter_card":"summary_large_image","twitter_misc":{"Gesch\u00e4tzte Lesezeit":"4\u00a0Minuten"},"schema":{"@context":"https:\/\/schema.org","@graph":[{"@type":"WebPage","@id":"https:\/\/www.rauhes.de\/cms\/jahreskreis\/jahreslosung\/2012\/","url":"https:\/\/www.rauhes.de\/cms\/jahreskreis\/jahreslosung\/2012\/","name":"Auslegung zur Jahreslosung 2012 \u2013 rauhes.de","isPartOf":{"@id":"https:\/\/www.rauhes.de\/cms\/#website"},"primaryImageOfPage":{"@id":"https:\/\/www.rauhes.de\/cms\/jahreskreis\/jahreslosung\/2012\/#primaryimage"},"image":{"@id":"https:\/\/www.rauhes.de\/cms\/jahreskreis\/jahreslosung\/2012\/#primaryimage"},"thumbnailUrl":"https:\/\/www.rauhes.de\/cms\/wp-content\/uploads\/2023\/02\/jahreslosung-fotomotiv-2012.jpg","datePublished":"2023-03-07T09:55:47+00:00","dateModified":"2023-04-27T09:06:35+00:00","description":"Der Leitvers des Jahres lautet: \"Meine Kraft ist in den Schw\u00e4chen m\u00e4chtig.\" Gedanken zur Jahreslosung 2012 & Motive zum Download!","breadcrumb":{"@id":"https:\/\/www.rauhes.de\/cms\/jahreskreis\/jahreslosung\/2012\/#breadcrumb"},"inLanguage":"de","potentialAction":[{"@type":"ReadAction","target":["https:\/\/www.rauhes.de\/cms\/jahreskreis\/jahreslosung\/2012\/"]}]},{"@type":"ImageObject","inLanguage":"de","@id":"https:\/\/www.rauhes.de\/cms\/jahreskreis\/jahreslosung\/2012\/#primaryimage","url":"https:\/\/www.rauhes.de\/cms\/wp-content\/uploads\/2023\/02\/jahreslosung-fotomotiv-2012.jpg","contentUrl":"https:\/\/www.rauhes.de\/cms\/wp-content\/uploads\/2023\/02\/jahreslosung-fotomotiv-2012.jpg","width":600,"height":849},{"@type":"BreadcrumbList","@id":"https:\/\/www.rauhes.de\/cms\/jahreskreis\/jahreslosung\/2012\/#breadcrumb","itemListElement":[{"@type":"ListItem","position":1,"name":"Startseite","item":"https:\/\/www.rauhes.de\/cms\/"},{"@type":"ListItem","position":2,"name":"Jahreskreis","item":"https:\/\/www.rauhes.de\/cms\/jahreskreis\/"},{"@type":"ListItem","position":3,"name":"Jahreslosung","item":"https:\/\/www.rauhes.de\/cms\/jahreskreis\/jahreslosung\/"},{"@type":"ListItem","position":4,"name":"Jahreslosung 2012"}]},{"@type":"WebSite","@id":"https:\/\/www.rauhes.de\/cms\/#website","url":"https:\/\/www.rauhes.de\/cms\/","name":"Infos zu feierlichen Anl\u00e4ssen wie Taufe, Konfirmation, Hochzeit &amp; Trauer","description":"","publisher":{"@id":"https:\/\/www.rauhes.de\/cms\/#organization"},"potentialAction":[{"@type":"SearchAction","target":{"@type":"EntryPoint","urlTemplate":"https:\/\/www.rauhes.de\/cms\/?s={search_term_string}"},"query-input":{"@type":"PropertyValueSpecification","valueRequired":true,"valueName":"search_term_string"}}],"inLanguage":"de"},{"@type":"Organization","@id":"https:\/\/www.rauhes.de\/cms\/#organization","name":"rauhes.de","url":"https:\/\/www.rauhes.de\/cms\/","logo":{"@type":"ImageObject","inLanguage":"de","@id":"https:\/\/www.rauhes.de\/cms\/#\/schema\/logo\/image\/","url":"https:\/\/www.rauhes.de\/cms\/wp-content\/uploads\/2021\/10\/2x_neu-2.png","contentUrl":"https:\/\/www.rauhes.de\/cms\/wp-content\/uploads\/2021\/10\/2x_neu-2.png","width":300,"height":85,"caption":"rauhes.de"},"image":{"@id":"https:\/\/www.rauhes.de\/cms\/#\/schema\/logo\/image\/"}}]}},"_links":{"self":[{"href":"https:\/\/www.rauhes.de\/cms\/wp-json\/wp\/v2\/pages\/56935","targetHints":{"allow":["GET"]}}],"collection":[{"href":"https:\/\/www.rauhes.de\/cms\/wp-json\/wp\/v2\/pages"}],"about":[{"href":"https:\/\/www.rauhes.de\/cms\/wp-json\/wp\/v2\/types\/page"}],"author":[{"embeddable":true,"href":"https:\/\/www.rauhes.de\/cms\/wp-json\/wp\/v2\/users\/1"}],"replies":[{"embeddable":true,"href":"https:\/\/www.rauhes.de\/cms\/wp-json\/wp\/v2\/comments?post=56935"}],"version-history":[{"count":24,"href":"https:\/\/www.rauhes.de\/cms\/wp-json\/wp\/v2\/pages\/56935\/revisions"}],"predecessor-version":[{"id":57288,"href":"https:\/\/www.rauhes.de\/cms\/wp-json\/wp\/v2\/pages\/56935\/revisions\/57288"}],"up":[{"embeddable":true,"href":"https:\/\/www.rauhes.de\/cms\/wp-json\/wp\/v2\/pages\/56768"}],"wp:attachment":[{"href":"https:\/\/www.rauhes.de\/cms\/wp-json\/wp\/v2\/media?parent=56935"}],"curies":[{"name":"wp","href":"https:\/\/api.w.org\/{rel}","templated":true}]}}