{"id":56911,"date":"2023-03-07T10:54:25","date_gmt":"2023-03-07T09:54:25","guid":{"rendered":"https:\/\/www.rauhes.de\/cms\/?page_id=56911"},"modified":"2023-04-26T15:19:23","modified_gmt":"2023-04-26T13:19:23","slug":"jahreslosung-2013","status":"publish","type":"page","link":"https:\/\/www.rauhes.de\/cms\/jahreskreis\/jahreslosung\/2013\/","title":{"rendered":"Jahreslosung 2013"},"content":{"rendered":"\n<h1 class=\"wp-block-heading\">Jahreslosung 2013: Auslegung &amp; Bild<\/h1>\n\n\n\n<div style=\"height:20px\" aria-hidden=\"true\" class=\"wp-block-spacer\"><\/div>\n\n\n\n<p class=\"has-medium-font-size\" style=\"font-style:italic;font-weight:500\">Wir haben hier keine bleibende Stadt, sondern die zuk\u00fcnftige suchen wir.&nbsp;<\/p>\n\n\n\n<p style=\"font-size:14px\">Hebr\u00e4er 13,14&nbsp;<\/p>\n\n\n\n<div style=\"height:10px\" aria-hidden=\"true\" class=\"wp-block-spacer\"><\/div>\n\n\n\n<div class=\"wp-block-columns is-layout-flex wp-container-core-columns-is-layout-9d6595d7 wp-block-columns-is-layout-flex\">\n<div class=\"wp-block-column is-layout-flow wp-block-column-is-layout-flow\">\n<h2 class=\"wp-block-heading\">Fotomotiv der Agentur des Rauhen Hauses<\/h2>\n\n\n\n<div style=\"height:20px\" aria-hidden=\"true\" class=\"wp-block-spacer\"><\/div>\n\n\n\n<figure class=\"wp-block-image size-full\"><img decoding=\"async\" width=\"600\" height=\"849\" src=\"https:\/\/www.rauhes.de\/cms\/wp-content\/uploads\/2023\/02\/jahreslosung-fotomotiv-2013-1.jpg\" alt=\"Fotomotiv zur Jahreslosung 2013\" class=\"wp-image-56916\" srcset=\"https:\/\/www.rauhes.de\/cms\/wp-content\/uploads\/2023\/02\/jahreslosung-fotomotiv-2013-1.jpg 600w, https:\/\/www.rauhes.de\/cms\/wp-content\/uploads\/2023\/02\/jahreslosung-fotomotiv-2013-1-212x300.jpg 212w\" sizes=\"(max-width: 600px) 100vw, 600px\" \/><figcaption class=\"wp-element-caption\">Andrea G\u00f6ppel, Schnecke<\/figcaption><\/figure>\n<\/div>\n\n\n\n<div class=\"wp-block-column is-layout-flow wp-block-column-is-layout-flow\">\n<h2 class=\"wp-block-heading\">Gedanken zur Jahreslosung 2013&nbsp;<br>von Reinhard Ellsel<\/h2>\n\n\n\n<div style=\"height:20px\" aria-hidden=\"true\" class=\"wp-block-spacer\"><\/div>\n\n\n\n<p>&#8222;Augenblick, verweile doch, du bist so sch\u00f6n!&#8220; Wer kennt nicht solche Augenblicke des Gl\u00fccks, die Goethe mit seinem klassischen Seufzer festhalten wollte? Solche Augenblicke sind kostbar, aber das Leben geht weiter und der graue Alltag stellt sich wieder ein.<\/p>\n\n\n\n<p>Mancher ist deswegen entt\u00e4uscht und zieht sich sozusagen in ein &#8222;Schneckenhaus&#8220; zur\u00fcck. Dort sucht er Schutz. Dort k\u00f6nne ihm, so hofft er, die b\u00f6se Welt nichts anhaben.<\/p>\n\n\n\n<p>Einer, der unter Depressionen leidet, schreibt: &#8222;Es ist wichtig, das Schneckenhaus wieder zu verlassen. Das Leben ist bunt und vielf\u00e4ltig. Das zu erleben, ist f\u00fcr mich das beste Mittel gegen die Depression.&#8220;<\/p>\n\n\n\n<p>Die Jahreslosung durchzieht eine gewisse Aufbruchsstimmung. Sie erinnert mich an ein altes Wanderlied von Hans Reichel: <\/p>\n\n\n\n<p>&#8222;Aus grauer St\u00e4dte Mauern,<br>Ziehn wir durch Wald und Feld.<br>Wer bleibt, der mag versauern,<br>Wir fahren in die Welt.&#8220;<\/p>\n\n\n\n<p>Die Erde dreht sich weiter und mit ihr sind auch wir Menschen unterwegs. \u00c4ngstlicher Stillstand ist R\u00fcckschritt. Gott hat in diesem neuen Jahr viel mit uns vor. Mit offenen Sinnen gibt es viel zu erleben. Ich bin gespannt.<\/p>\n\n\n\n<p>Gleichzeitig weist die Jahreslosung auf das Ziel unserer Lebenswanderschaft hin. Gott wartet auf uns in einer neuen Stadt, im &#8222;himmlischen Jerusalem&#8220;. Das ist f\u00fcr mich ein gro\u00dfer Trost: Das Leben geht nicht endlos und ziellos weiter. Unser Suchen und Streben, unsere Gl\u00fccksmomente und auch unser Scheitern, sind nicht das Letzte. Sondern&nbsp; eines Tages wird uns Gott wie ein guter Vater in Empfang nehmen und abwischen alle Tr\u00e4nen von unseren Augen.<\/p>\n<\/div>\n<\/div>\n\n\n\n<p>Das macht mir Mut f\u00fcr die n\u00e4chsten Schritte, die ich zu gehen habe. Ich brauche mich nicht zu verkriechen, sondern kann jeden Tag einzeln leben im Vertrauen auf Gott. Nat\u00fcrlich wird wohl auch das eine oder andere nicht so ganz in meinem Sinne verlaufen. Aber dies verliert f\u00fcr mich seinen Schrecken, weil ich wei\u00df, dass Gott eines Tages alles gut machen wird. Beides geh\u00f6rt zum Leben mit dazu: die Sonnenseiten und die Schattenseiten. <\/p>\n\n\n\n<p>er Dichter Friedrich de la Motte-Fouqu\u00e9 hat in einem tiefsinnigen Gedicht beschrieben, dass uns sogar noch die Schattenseiten des Lebens auf die ewige Heimat bei Gott vorbereiten m\u00fcssen:<\/p>\n\n\n\n<p><em>&#8222;Wenn alles eben k\u00e4me,<br>Wie du gewollt es hast,<br>Und Gott dir gar nichts n\u00e4hme<br>Und g\u00e4b` dir keine Last.<br>Wie w\u00e4r`s da um dein Sterben,<br>Du Menschenkind, bestellt?<br>Du m\u00fcsstest fast verderben,<br>So lieb w\u00e4r` dir die Welt.<\/em><\/p>\n\n\n\n<p><em>Nun f\u00e4llt &#8211; eins nach dem andern &#8211;<br>Manch s\u00fc\u00dfes Band dir ab,<br>Und heiter kannst du wandern<br>Gen Himmel durch das Grab;<br>Dein Zagen ist gebrochen,<br>Und deine Seele hofft &#8211;<br>Dies ward schon oft gesprochen, Doch spricht man`s nie zu oft.&#8220;<\/em><\/p>\n\n\n\n<div style=\"height:25px\" aria-hidden=\"true\" class=\"wp-block-spacer\"><\/div>\n\n\n\n<div class=\"wp-block-columns is-layout-flex wp-container-core-columns-is-layout-9d6595d7 wp-block-columns-is-layout-flex\">\n<div class=\"wp-block-column is-layout-flow wp-block-column-is-layout-flow\" style=\"flex-basis:100%\">\n<div class=\"wp-block-columns is-layout-flex wp-container-core-columns-is-layout-9d6595d7 wp-block-columns-is-layout-flex\">\n<div class=\"wp-block-column is-layout-flow wp-block-column-is-layout-flow\">\n<h2 class=\"wp-block-heading\">Kunstmotiv der Agentur des<br>Rauhen Hauses<\/h2>\n\n\n\n<div style=\"height:20px\" aria-hidden=\"true\" class=\"wp-block-spacer\"><\/div>\n\n\n\n<figure class=\"wp-block-image size-full\"><img decoding=\"async\" width=\"600\" height=\"848\" src=\"https:\/\/www.rauhes.de\/cms\/wp-content\/uploads\/2023\/02\/jahreslosung-kunstmotiv-2013.jpg\" alt=\"Kunstmotiv zur Jahreslosung 2013\" class=\"wp-image-56912\" srcset=\"https:\/\/www.rauhes.de\/cms\/wp-content\/uploads\/2023\/02\/jahreslosung-kunstmotiv-2013.jpg 600w, https:\/\/www.rauhes.de\/cms\/wp-content\/uploads\/2023\/02\/jahreslosung-kunstmotiv-2013-212x300.jpg 212w\" sizes=\"(max-width: 600px) 100vw, 600px\" \/><figcaption class=\"wp-element-caption\">Ute Sinn, Schiff<\/figcaption><\/figure>\n<\/div>\n\n\n\n<div class=\"wp-block-column is-layout-flow wp-block-column-is-layout-flow\">\n<h2 class=\"wp-block-heading\">Gedanken zur Jahreslosung 2013<br>von Reinhard Ellsel&nbsp;<\/h2>\n\n\n\n<div style=\"height:20px\" aria-hidden=\"true\" class=\"wp-block-spacer\"><\/div>\n\n\n\n<p>Eine gewisse Unruhe empfinde ich bei der neuen Jahreslosung. Sie besagt, dass ich da, wo ich wohne, nicht f\u00fcr ewig zu Hause bin. Eines Tages muss ich weiterziehen. Eines Tages werde ich sogar aus dieser Welt scheiden. So ist das Leben. Wer k\u00f6nnte das verdr\u00e4ngen?<\/p>\n\n\n\n<p>Die K\u00fcnstlerin Ute Sinn hat dieses Unterwegs-Sein ins Bild gesetzt. Unser Leben gleicht einem Segelboot, das durch einen kr\u00e4ftigen Wind \u00fcber das Wasser getrieben wird.<\/p>\n\n\n\n<p>Auff\u00e4llig ist die Farbgestaltung: Das Boot und seine Segel sind rot. Die K\u00fcnstlerin k\u00f6nnte damit unser Herz, unsere Wesensmitte gemeint haben. Das Wasser und der Wind sind blau. Das ist nicht sonderlich \u00fcberraschend. Es ist aber auch die Farbe Gottes. Das erinnert mich an einen Ausspruch von Augustinus, der gesagt hat: &#8222;Unruhig ist unser Herz, bis dass es Ruhe hat in dir, denn du hast uns zu dir geschaffen.&#8220;<\/p>\n\n\n\n<p>Es ist also eine g\u00f6ttliche Unruhe, die unsere Herzen erf\u00fcllt. Denn, ob wir es wissen oder nicht: Wir sehnen uns nach Gott. Und alles, was wir hier auf dieser Erde an Gl\u00fcck und Freude finden, l\u00e4sst uns nicht wirklich zufrieden sein. Deshalb werden wir \u02d7 wie das rote Boot \u02d7 durch den Wind weitergetrieben. Der Wind ist ein Symbol f\u00fcr den Geist Gottes. Gott erwartet uns im himmlischen Hafen.<\/p>\n\n\n\n<p>Aber schon hier und heute kann unser Herz bei Gott zur Ruhe kommen. Denn Gott selbst hat eine gro\u00dfe Sehnsucht nach uns. Und er m\u00f6chte, dass unsere Lebensfahrt ans Ziel kommt. Deshalb ist er Mensch geworden in seinem Sohn Jesus Christus. Jesus ist sozusagen auf das Meer unseres Lebens gekommen. Er hat uns gesagt, dass wir im Gebet allezeit bei unserem himmlischen Vater zur Ruhe finden k\u00f6nnen. Er sitzt mit bei uns im Boot, damit wir auf unserer Lebensfahrt zwar unterwegs bleiben, aber nicht unbehaust sind.<\/p>\n<\/div>\n<\/div>\n\n\n\n<p>Ich w\u00fcnsche Ihnen, liebe Leserin, lieber Leser, dass Sie im neuen Jahr 2013 unterwegs bleiben; unterwegs zu den Menschen, die zu Ihnen geh\u00f6ren. Und unterwegs zu den Menschen, die Sie brauchen. M\u00f6gen Sie im Vertrauen auf Gott Ihre Tage gestalten und immer wieder neu bei ihm Kraft und Mut f\u00fcr Ihre Lebensreise sch\u00f6pfen.<\/p>\n\n\n\n<p><strong>Irgendwie, irgendwo, irgendwann<\/strong><\/p>\n\n\n\n<p><em>Irgendwie sind wir hier<br>nicht richtig zu Hause.<br>Irgendwie ist das Leben hier<br>zu eng oder zu weit.<\/em><\/p>\n\n\n\n<p><em>Irgendwo muss es doch einen Ort geben,<br>wo man rundum gl\u00fccklich ist.<br>Irgendwann muss das unruhige Herz<br>doch einmal einen Hafen erreichen.<\/em><\/p>\n\n\n\n<p><em>Zum Gl\u00fcck gibt es das Gl\u00fcck.<br>Noch ist es zu gro\u00df und zu wenig f\u00fcr uns.<br>Noch m\u00fcssen wir wachsen<br>und kleiner werden.<\/em><\/p>\n\n\n\n<p><em>Eines Tages aber wird Gott<br>abwischen alle Tr\u00e4nen von unseren Augen.<br>Und alles wird gut sein.<br>Gott wei\u00df wie. Gott wei\u00df wo. Gott wei\u00df wann.<\/em><\/p>\n<\/div>\n<\/div>\n\n\n\n<div style=\"height:20px\" aria-hidden=\"true\" class=\"wp-block-spacer\"><\/div>\n\n\n\n<h2 class=\"wp-block-heading\">Neuere Jahreslosungen<\/h2>\n\n\n\n<div class=\"wp-block-columns is-layout-flex wp-container-core-columns-is-layout-9d6595d7 wp-block-columns-is-layout-flex\">\n<div class=\"wp-block-column is-layout-flow wp-block-column-is-layout-flow\">\n<figure class=\"wp-block-image size-full\"><img decoding=\"async\" width=\"300\" height=\"421\" src=\"https:\/\/www.rauhes.de\/cms\/wp-content\/uploads\/2023\/02\/JL-2016-Sieger-Koeder-Ihre-Kinder-wird-man-auf-ihren-Knien-schaukeln.jpg\" alt=\"\" class=\"wp-image-56781\" srcset=\"https:\/\/www.rauhes.de\/cms\/wp-content\/uploads\/2023\/02\/JL-2016-Sieger-Koeder-Ihre-Kinder-wird-man-auf-ihren-Knien-schaukeln.jpg 300w, https:\/\/www.rauhes.de\/cms\/wp-content\/uploads\/2023\/02\/JL-2016-Sieger-Koeder-Ihre-Kinder-wird-man-auf-ihren-Knien-schaukeln-214x300.jpg 214w\" sizes=\"(max-width: 300px) 100vw, 300px\" \/><\/figure>\n\n\n\n<div class=\"tb-button\" data-toolset-blocks-button=\"0496d7f6c5f10e445dbd8bf5b57946b9\"><a class=\"tb-button__link\" href=\"https:\/\/www.rauhes.de\/cms\/jahreskreis\/jahreslosung\/2016\/\"><i class=\"tb-button__icon\"><\/i><span class=\"tb-button__content\">Jahreslosung 2016<\/span><\/a><\/div>\n<\/div>\n\n\n\n<div class=\"wp-block-column is-layout-flow wp-block-column-is-layout-flow\">\n<figure class=\"wp-block-image size-full\"><img decoding=\"async\" width=\"300\" height=\"425\" src=\"https:\/\/www.rauhes.de\/cms\/wp-content\/uploads\/2023\/02\/JL-2015-Kunstmotiv-Bunt-Geliebt-Carola-Senz.jpg\" alt=\"\" class=\"wp-image-56782\" srcset=\"https:\/\/www.rauhes.de\/cms\/wp-content\/uploads\/2023\/02\/JL-2015-Kunstmotiv-Bunt-Geliebt-Carola-Senz.jpg 300w, https:\/\/www.rauhes.de\/cms\/wp-content\/uploads\/2023\/02\/JL-2015-Kunstmotiv-Bunt-Geliebt-Carola-Senz-212x300.jpg 212w\" sizes=\"(max-width: 300px) 100vw, 300px\" \/><\/figure>\n\n\n\n<div class=\"tb-button\" data-toolset-blocks-button=\"017a6cd01ff670d85672768fb938cf83\"><a class=\"tb-button__link\" href=\"https:\/\/www.rauhes.de\/cms\/jahreskreis\/jahreslosung\/2015\/\"><i class=\"tb-button__icon\"><\/i><span class=\"tb-button__content\">Jahreslosung 2015<\/span><\/a><\/div>\n<\/div>\n\n\n\n<div class=\"wp-block-column is-layout-flow wp-block-column-is-layout-flow\">\n<figure class=\"wp-block-image size-full\"><img decoding=\"async\" width=\"300\" height=\"425\" src=\"https:\/\/www.rauhes.de\/cms\/wp-content\/uploads\/2023\/02\/JL-2014-Kunst-Fackel-Ute-Sinn.jpg\" alt=\"\" class=\"wp-image-56784\" srcset=\"https:\/\/www.rauhes.de\/cms\/wp-content\/uploads\/2023\/02\/JL-2014-Kunst-Fackel-Ute-Sinn.jpg 300w, https:\/\/www.rauhes.de\/cms\/wp-content\/uploads\/2023\/02\/JL-2014-Kunst-Fackel-Ute-Sinn-212x300.jpg 212w\" sizes=\"(max-width: 300px) 100vw, 300px\" \/><\/figure>\n\n\n\n<div class=\"tb-button\" data-toolset-blocks-button=\"4ea36a5207ee2de5feb88f9b50fdec44\"><a class=\"tb-button__link\" href=\"https:\/\/www.rauhes.de\/cms\/jahreskreis\/jahreslosung\/2014\/\"><i class=\"tb-button__icon\"><\/i><span class=\"tb-button__content\">Jahreslosung 2014<\/span><\/a><\/div>\n<\/div>\n<\/div>\n","protected":false},"excerpt":{"rendered":"<p>Jahreslosung 2013: Auslegung &amp; Bild Wir haben hier keine bleibende Stadt, sondern die zuk\u00fcnftige suchen wir.&nbsp; Hebr\u00e4er 13,14&nbsp; Fotomotiv der Agentur des Rauhen Hauses Gedanken zur Jahreslosung 2013&nbsp;von Reinhard Ellsel &#8222;Augenblick, verweile doch, du bist so sch\u00f6n!&#8220; Wer kennt nicht solche Augenblicke des Gl\u00fccks, die Goethe mit seinem klassischen Seufzer festhalten wollte? Solche Augenblicke sind [&hellip;]<\/p>\n","protected":false},"author":1,"featured_media":0,"parent":56768,"menu_order":0,"comment_status":"closed","ping_status":"closed","template":"","meta":{"ngg_post_thumbnail":0,"footnotes":""},"class_list":["post-56911","page","type-page","status-publish","hentry"],"yoast_head":"<!-- This site is optimized with the Yoast SEO plugin v27.3 - https:\/\/yoast.com\/product\/yoast-seo-wordpress\/ -->\n<title>Auslegung zur Jahreslosung 2013 \u2013 rauhes.de<\/title>\n<meta name=\"description\" content=\"&quot;Wir haben hier keine bleibende Stadt, sondern die zuk\u00fcnftige suchen wir.&quot;\u00a0Gedanken zur Jahreslosung 2013 &amp; Motive zum Download!\" \/>\n<meta name=\"robots\" content=\"index, follow, max-snippet:-1, max-image-preview:large, max-video-preview:-1\" \/>\n<link rel=\"canonical\" href=\"https:\/\/www.rauhes.de\/cms\/jahreskreis\/jahreslosung\/2013\/\" \/>\n<meta property=\"og:locale\" content=\"de_DE\" \/>\n<meta property=\"og:type\" content=\"article\" \/>\n<meta property=\"og:title\" content=\"Auslegung zur Jahreslosung 2013 \u2013 rauhes.de\" \/>\n<meta property=\"og:description\" content=\"&quot;Wir haben hier keine bleibende Stadt, sondern die zuk\u00fcnftige suchen wir.&quot;\u00a0Gedanken zur Jahreslosung 2013 &amp; Motive zum Download!\" \/>\n<meta property=\"og:url\" content=\"https:\/\/www.rauhes.de\/cms\/jahreskreis\/jahreslosung\/2013\/\" \/>\n<meta property=\"og:site_name\" content=\"Infos zu feierlichen Anl\u00e4ssen wie Taufe, Konfirmation, Hochzeit &amp; Trauer\" \/>\n<meta property=\"article:modified_time\" content=\"2023-04-26T13:19:23+00:00\" \/>\n<meta property=\"og:image\" content=\"https:\/\/www.rauhes.de\/cms\/wp-content\/uploads\/2023\/02\/jahreslosung-fotomotiv-2013-1.jpg\" \/>\n<meta name=\"twitter:card\" content=\"summary_large_image\" \/>\n<meta name=\"twitter:label1\" content=\"Gesch\u00e4tzte Lesezeit\" \/>\n\t<meta name=\"twitter:data1\" content=\"5\u00a0Minuten\" \/>\n<script type=\"application\/ld+json\" class=\"yoast-schema-graph\">{\"@context\":\"https:\\\/\\\/schema.org\",\"@graph\":[{\"@type\":\"WebPage\",\"@id\":\"https:\\\/\\\/www.rauhes.de\\\/cms\\\/jahreskreis\\\/jahreslosung\\\/2013\\\/\",\"url\":\"https:\\\/\\\/www.rauhes.de\\\/cms\\\/jahreskreis\\\/jahreslosung\\\/2013\\\/\",\"name\":\"Auslegung zur Jahreslosung 2013 \u2013 rauhes.de\",\"isPartOf\":{\"@id\":\"https:\\\/\\\/www.rauhes.de\\\/cms\\\/#website\"},\"primaryImageOfPage\":{\"@id\":\"https:\\\/\\\/www.rauhes.de\\\/cms\\\/jahreskreis\\\/jahreslosung\\\/2013\\\/#primaryimage\"},\"image\":{\"@id\":\"https:\\\/\\\/www.rauhes.de\\\/cms\\\/jahreskreis\\\/jahreslosung\\\/2013\\\/#primaryimage\"},\"thumbnailUrl\":\"https:\\\/\\\/www.rauhes.de\\\/cms\\\/wp-content\\\/uploads\\\/2023\\\/02\\\/jahreslosung-fotomotiv-2013-1.jpg\",\"datePublished\":\"2023-03-07T09:54:25+00:00\",\"dateModified\":\"2023-04-26T13:19:23+00:00\",\"description\":\"\\\"Wir haben hier keine bleibende Stadt, sondern die zuk\u00fcnftige suchen wir.\\\"\u00a0Gedanken zur Jahreslosung 2013 & Motive zum Download!\",\"breadcrumb\":{\"@id\":\"https:\\\/\\\/www.rauhes.de\\\/cms\\\/jahreskreis\\\/jahreslosung\\\/2013\\\/#breadcrumb\"},\"inLanguage\":\"de\",\"potentialAction\":[{\"@type\":\"ReadAction\",\"target\":[\"https:\\\/\\\/www.rauhes.de\\\/cms\\\/jahreskreis\\\/jahreslosung\\\/2013\\\/\"]}]},{\"@type\":\"ImageObject\",\"inLanguage\":\"de\",\"@id\":\"https:\\\/\\\/www.rauhes.de\\\/cms\\\/jahreskreis\\\/jahreslosung\\\/2013\\\/#primaryimage\",\"url\":\"https:\\\/\\\/www.rauhes.de\\\/cms\\\/wp-content\\\/uploads\\\/2023\\\/02\\\/jahreslosung-fotomotiv-2013-1.jpg\",\"contentUrl\":\"https:\\\/\\\/www.rauhes.de\\\/cms\\\/wp-content\\\/uploads\\\/2023\\\/02\\\/jahreslosung-fotomotiv-2013-1.jpg\",\"width\":600,\"height\":849},{\"@type\":\"BreadcrumbList\",\"@id\":\"https:\\\/\\\/www.rauhes.de\\\/cms\\\/jahreskreis\\\/jahreslosung\\\/2013\\\/#breadcrumb\",\"itemListElement\":[{\"@type\":\"ListItem\",\"position\":1,\"name\":\"Startseite\",\"item\":\"https:\\\/\\\/www.rauhes.de\\\/cms\\\/\"},{\"@type\":\"ListItem\",\"position\":2,\"name\":\"Jahreskreis\",\"item\":\"https:\\\/\\\/www.rauhes.de\\\/cms\\\/jahreskreis\\\/\"},{\"@type\":\"ListItem\",\"position\":3,\"name\":\"Jahreslosung\",\"item\":\"https:\\\/\\\/www.rauhes.de\\\/cms\\\/jahreskreis\\\/jahreslosung\\\/\"},{\"@type\":\"ListItem\",\"position\":4,\"name\":\"Jahreslosung 2013\"}]},{\"@type\":\"WebSite\",\"@id\":\"https:\\\/\\\/www.rauhes.de\\\/cms\\\/#website\",\"url\":\"https:\\\/\\\/www.rauhes.de\\\/cms\\\/\",\"name\":\"Infos zu feierlichen Anl\u00e4ssen wie Taufe, Konfirmation, Hochzeit &amp; Trauer\",\"description\":\"\",\"publisher\":{\"@id\":\"https:\\\/\\\/www.rauhes.de\\\/cms\\\/#organization\"},\"potentialAction\":[{\"@type\":\"SearchAction\",\"target\":{\"@type\":\"EntryPoint\",\"urlTemplate\":\"https:\\\/\\\/www.rauhes.de\\\/cms\\\/?s={search_term_string}\"},\"query-input\":{\"@type\":\"PropertyValueSpecification\",\"valueRequired\":true,\"valueName\":\"search_term_string\"}}],\"inLanguage\":\"de\"},{\"@type\":\"Organization\",\"@id\":\"https:\\\/\\\/www.rauhes.de\\\/cms\\\/#organization\",\"name\":\"rauhes.de\",\"url\":\"https:\\\/\\\/www.rauhes.de\\\/cms\\\/\",\"logo\":{\"@type\":\"ImageObject\",\"inLanguage\":\"de\",\"@id\":\"https:\\\/\\\/www.rauhes.de\\\/cms\\\/#\\\/schema\\\/logo\\\/image\\\/\",\"url\":\"https:\\\/\\\/www.rauhes.de\\\/cms\\\/wp-content\\\/uploads\\\/2021\\\/10\\\/2x_neu-2.png\",\"contentUrl\":\"https:\\\/\\\/www.rauhes.de\\\/cms\\\/wp-content\\\/uploads\\\/2021\\\/10\\\/2x_neu-2.png\",\"width\":300,\"height\":85,\"caption\":\"rauhes.de\"},\"image\":{\"@id\":\"https:\\\/\\\/www.rauhes.de\\\/cms\\\/#\\\/schema\\\/logo\\\/image\\\/\"}}]}<\/script>\n<!-- \/ Yoast SEO plugin. -->","yoast_head_json":{"title":"Auslegung zur Jahreslosung 2013 \u2013 rauhes.de","description":"\"Wir haben hier keine bleibende Stadt, sondern die zuk\u00fcnftige suchen wir.\"\u00a0Gedanken zur Jahreslosung 2013 & Motive zum Download!","robots":{"index":"index","follow":"follow","max-snippet":"max-snippet:-1","max-image-preview":"max-image-preview:large","max-video-preview":"max-video-preview:-1"},"canonical":"https:\/\/www.rauhes.de\/cms\/jahreskreis\/jahreslosung\/2013\/","og_locale":"de_DE","og_type":"article","og_title":"Auslegung zur Jahreslosung 2013 \u2013 rauhes.de","og_description":"\"Wir haben hier keine bleibende Stadt, sondern die zuk\u00fcnftige suchen wir.\"\u00a0Gedanken zur Jahreslosung 2013 & Motive zum Download!","og_url":"https:\/\/www.rauhes.de\/cms\/jahreskreis\/jahreslosung\/2013\/","og_site_name":"Infos zu feierlichen Anl\u00e4ssen wie Taufe, Konfirmation, Hochzeit &amp; Trauer","article_modified_time":"2023-04-26T13:19:23+00:00","og_image":[{"url":"https:\/\/www.rauhes.de\/cms\/wp-content\/uploads\/2023\/02\/jahreslosung-fotomotiv-2013-1.jpg","type":"","width":"","height":""}],"twitter_card":"summary_large_image","twitter_misc":{"Gesch\u00e4tzte Lesezeit":"5\u00a0Minuten"},"schema":{"@context":"https:\/\/schema.org","@graph":[{"@type":"WebPage","@id":"https:\/\/www.rauhes.de\/cms\/jahreskreis\/jahreslosung\/2013\/","url":"https:\/\/www.rauhes.de\/cms\/jahreskreis\/jahreslosung\/2013\/","name":"Auslegung zur Jahreslosung 2013 \u2013 rauhes.de","isPartOf":{"@id":"https:\/\/www.rauhes.de\/cms\/#website"},"primaryImageOfPage":{"@id":"https:\/\/www.rauhes.de\/cms\/jahreskreis\/jahreslosung\/2013\/#primaryimage"},"image":{"@id":"https:\/\/www.rauhes.de\/cms\/jahreskreis\/jahreslosung\/2013\/#primaryimage"},"thumbnailUrl":"https:\/\/www.rauhes.de\/cms\/wp-content\/uploads\/2023\/02\/jahreslosung-fotomotiv-2013-1.jpg","datePublished":"2023-03-07T09:54:25+00:00","dateModified":"2023-04-26T13:19:23+00:00","description":"\"Wir haben hier keine bleibende Stadt, sondern die zuk\u00fcnftige suchen wir.\"\u00a0Gedanken zur Jahreslosung 2013 & Motive zum Download!","breadcrumb":{"@id":"https:\/\/www.rauhes.de\/cms\/jahreskreis\/jahreslosung\/2013\/#breadcrumb"},"inLanguage":"de","potentialAction":[{"@type":"ReadAction","target":["https:\/\/www.rauhes.de\/cms\/jahreskreis\/jahreslosung\/2013\/"]}]},{"@type":"ImageObject","inLanguage":"de","@id":"https:\/\/www.rauhes.de\/cms\/jahreskreis\/jahreslosung\/2013\/#primaryimage","url":"https:\/\/www.rauhes.de\/cms\/wp-content\/uploads\/2023\/02\/jahreslosung-fotomotiv-2013-1.jpg","contentUrl":"https:\/\/www.rauhes.de\/cms\/wp-content\/uploads\/2023\/02\/jahreslosung-fotomotiv-2013-1.jpg","width":600,"height":849},{"@type":"BreadcrumbList","@id":"https:\/\/www.rauhes.de\/cms\/jahreskreis\/jahreslosung\/2013\/#breadcrumb","itemListElement":[{"@type":"ListItem","position":1,"name":"Startseite","item":"https:\/\/www.rauhes.de\/cms\/"},{"@type":"ListItem","position":2,"name":"Jahreskreis","item":"https:\/\/www.rauhes.de\/cms\/jahreskreis\/"},{"@type":"ListItem","position":3,"name":"Jahreslosung","item":"https:\/\/www.rauhes.de\/cms\/jahreskreis\/jahreslosung\/"},{"@type":"ListItem","position":4,"name":"Jahreslosung 2013"}]},{"@type":"WebSite","@id":"https:\/\/www.rauhes.de\/cms\/#website","url":"https:\/\/www.rauhes.de\/cms\/","name":"Infos zu feierlichen Anl\u00e4ssen wie Taufe, Konfirmation, Hochzeit &amp; Trauer","description":"","publisher":{"@id":"https:\/\/www.rauhes.de\/cms\/#organization"},"potentialAction":[{"@type":"SearchAction","target":{"@type":"EntryPoint","urlTemplate":"https:\/\/www.rauhes.de\/cms\/?s={search_term_string}"},"query-input":{"@type":"PropertyValueSpecification","valueRequired":true,"valueName":"search_term_string"}}],"inLanguage":"de"},{"@type":"Organization","@id":"https:\/\/www.rauhes.de\/cms\/#organization","name":"rauhes.de","url":"https:\/\/www.rauhes.de\/cms\/","logo":{"@type":"ImageObject","inLanguage":"de","@id":"https:\/\/www.rauhes.de\/cms\/#\/schema\/logo\/image\/","url":"https:\/\/www.rauhes.de\/cms\/wp-content\/uploads\/2021\/10\/2x_neu-2.png","contentUrl":"https:\/\/www.rauhes.de\/cms\/wp-content\/uploads\/2021\/10\/2x_neu-2.png","width":300,"height":85,"caption":"rauhes.de"},"image":{"@id":"https:\/\/www.rauhes.de\/cms\/#\/schema\/logo\/image\/"}}]}},"_links":{"self":[{"href":"https:\/\/www.rauhes.de\/cms\/wp-json\/wp\/v2\/pages\/56911","targetHints":{"allow":["GET"]}}],"collection":[{"href":"https:\/\/www.rauhes.de\/cms\/wp-json\/wp\/v2\/pages"}],"about":[{"href":"https:\/\/www.rauhes.de\/cms\/wp-json\/wp\/v2\/types\/page"}],"author":[{"embeddable":true,"href":"https:\/\/www.rauhes.de\/cms\/wp-json\/wp\/v2\/users\/1"}],"replies":[{"embeddable":true,"href":"https:\/\/www.rauhes.de\/cms\/wp-json\/wp\/v2\/comments?post=56911"}],"version-history":[{"count":20,"href":"https:\/\/www.rauhes.de\/cms\/wp-json\/wp\/v2\/pages\/56911\/revisions"}],"predecessor-version":[{"id":57240,"href":"https:\/\/www.rauhes.de\/cms\/wp-json\/wp\/v2\/pages\/56911\/revisions\/57240"}],"up":[{"embeddable":true,"href":"https:\/\/www.rauhes.de\/cms\/wp-json\/wp\/v2\/pages\/56768"}],"wp:attachment":[{"href":"https:\/\/www.rauhes.de\/cms\/wp-json\/wp\/v2\/media?parent=56911"}],"curies":[{"name":"wp","href":"https:\/\/api.w.org\/{rel}","templated":true}]}}