{"id":56905,"date":"2023-03-07T10:52:59","date_gmt":"2023-03-07T09:52:59","guid":{"rendered":"https:\/\/www.rauhes.de\/cms\/?page_id=56905"},"modified":"2023-04-26T15:25:11","modified_gmt":"2023-04-26T13:25:11","slug":"jahreslosung-2014","status":"publish","type":"page","link":"https:\/\/www.rauhes.de\/cms\/jahreskreis\/jahreslosung\/2014\/","title":{"rendered":"Jahreslosung 2014"},"content":{"rendered":"\n<h1 class=\"wp-block-heading\">Jahreslosung 2014: Auslegung &amp; Bild<\/h1>\n\n\n\n<div style=\"height:20px\" aria-hidden=\"true\" class=\"wp-block-spacer\"><\/div>\n\n\n\n<p class=\"has-medium-font-size\" style=\"font-style:italic;font-weight:500\">Gott nahe zu sein ist mein Gl\u00fcck.<\/p>\n\n\n\n<p style=\"font-size:14px\">Psalm 73,28<\/p>\n\n\n\n<div style=\"height:10px\" aria-hidden=\"true\" class=\"wp-block-spacer\"><\/div>\n\n\n\n<div class=\"wp-block-columns is-layout-flex wp-container-core-columns-is-layout-9d6595d7 wp-block-columns-is-layout-flex\">\n<div class=\"wp-block-column is-layout-flow wp-block-column-is-layout-flow\" style=\"flex-basis:100%\">\n<div class=\"wp-block-columns is-layout-flex wp-container-core-columns-is-layout-9d6595d7 wp-block-columns-is-layout-flex\">\n<div class=\"wp-block-column is-layout-flow wp-block-column-is-layout-flow\">\n<h2 class=\"wp-block-heading\">Fotomotiv der Agentur des Rauhen Hauses<\/h2>\n\n\n\n<div style=\"height:20px\" aria-hidden=\"true\" class=\"wp-block-spacer\"><\/div>\n\n\n\n<figure class=\"wp-block-image size-full\"><img decoding=\"async\" width=\"600\" height=\"851\" src=\"https:\/\/www.rauhes.de\/cms\/wp-content\/uploads\/2023\/02\/jahreslosung-fotomotiv-2014.jpg\" alt=\"Fotomotiv zur Jahreslosung 2014\" class=\"wp-image-56932\" srcset=\"https:\/\/www.rauhes.de\/cms\/wp-content\/uploads\/2023\/02\/jahreslosung-fotomotiv-2014.jpg 600w, https:\/\/www.rauhes.de\/cms\/wp-content\/uploads\/2023\/02\/jahreslosung-fotomotiv-2014-212x300.jpg 212w\" sizes=\"(max-width: 600px) 100vw, 600px\" \/><figcaption class=\"wp-element-caption\">Elisabeth Schittenhelm, Gingko<\/figcaption><\/figure>\n<\/div>\n\n\n\n<div class=\"wp-block-column is-layout-flow wp-block-column-is-layout-flow\">\n<h2 class=\"wp-block-heading\">Gedanken zur Jahreslosung 2014&nbsp;<br>von Reinhard Ellsel<\/h2>\n\n\n\n<div style=\"height:20px\" aria-hidden=\"true\" class=\"wp-block-spacer\"><\/div>\n\n\n\n<p>\u201eWas ist N\u00e4he?\u201c Ein Werbefilm stellt mir diese Frage. Ich sehe einen jungen Mann. Er steht in einer Gruppe von Leuten. Wieder erscheint der Schriftzug mit der Frage: \u201eWas ist N\u00e4he?\u201c Inmitten der vielen Menschen steht der Mann an der Bordsteinkante. Die Fu\u00dfg\u00e4ngerampel ist rot. Unter seinem Arm hat er eine Br\u00f6tchent\u00fcte. Da f\u00e4llt ihm die T\u00fcte auf die Stra\u00dfe. Er b\u00fcckt sich, um die Br\u00f6tchen aufzusammeln. Was er nicht sieht: Ein Auto braust heran. Es wird ihn \u00fcberfahren. \u201eWas ist N\u00e4he?\u201c Da ergreift eine Hand die Schulter des Mannes und rei\u00dft ihn auf den B\u00fcrgersteig zur\u00fcck. Erstaunt blickt er in das Gesicht einer jungen Frau. Sie l\u00e4chelt, wendet sich ab und geht weiter. Es war ein \u201eSchutzengel\u201c. Da erscheint der Name einer Versicherung. Und ihr Slogan: \u201eXY-Versicherung. Immer da. Immer nah.\u201c<\/p>\n\n\n\n<p>Die Jahreslosung macht Werbung f\u00fcr die N\u00e4he zu Gott. Das ist besser als jede Versicherung. Anders als in dem Werbefilm vorgegaukelt, schickt uns eine Versicherung ja keine Schutzengel. Sondern sie zahlt eine vorher vereinbarte Versicherungssumme aus, wenn ein Schadensfall eingetreten ist. Ein Versicherungsvertreter interessiert sich in erster Linie f\u00fcr unser Geld. Gott aber interessiert sich wirklich f\u00fcr mich \u2013 auch f\u00fcr die Schattenseiten meines Lebens, auch f\u00fcr meine \u00c4ngste vor Krankheit, Versagen und Gefahr.<\/p>\n\n\n\n<p>Vor Gott, in seiner N\u00e4he, k\u00f6nnen wir aussprechen, wie uns wirklich zumute ist. Denn Gott hat sich ganz und gar mit uns verbunden. Wir sind ein Teil von ihm, er ist ein Teil von uns \u2013 so, wie ein Ginkgoblatt aus zwei H\u00e4lften besteht, aus zwei F\u00e4chern, die miteinander verbunden sind. Gott ist immer bei uns, wir m\u00fcssen uns ihm nur \u00f6ffnen und jeden Tag neu aus ihm, der Quelle des Lebens sch\u00f6pfen. Die Belebung, die Gott uns dann schenkt, wird auf dem Foto mit Tautropfen versinnbildlicht. Die N\u00e4he Gottes ist eine N\u00e4he, die wohltut: Gott gibt uns Kraft und Zuversicht. Wir haben in ihm ein Gegen\u00fcber, zu dem wir fliehen k\u00f6nnen. Wir haben jemanden, bei dem wir uns bergen k\u00f6nnen, so wie wir sind. Was f\u00fcr ein Gl\u00fcck \u2013 und zwar umsonst!<\/p>\n<\/div>\n<\/div>\n\n\n\n<p>Und auch ich kann, gest\u00e4rkt durch Gottes N\u00e4he, ein Mensch sein, der anderen N\u00e4he gibt. Ich kann einer sein, bei dem andere offen \u00fcber ihre \u00c4ngste und Pl\u00e4ne sprechen k\u00f6nnen. Ich kann N\u00e4he weitergeben, die wohltut; N\u00e4he, die gl\u00fccklich macht. Gott ist immer bei uns. Und Gott geht gute Wege mit uns. So ist Gott. Immer da. Immer nah.<\/p>\n\n\n\n<h4 class=\"wp-block-heading\">Nur Du<\/h4>\n\n\n\n<p><em>Wenn ich nur<br>Dir nahe bin,<br>so frage ich nichts<br>nach Geld und Geltung,<br>nach Erfolg und Ehre.<br>Gott, weil Du<br>mir nahe bist,<br>steht mir die ganze Welt offen;<br>habe ich alles, was ich brauche;<br>bin ich gl\u00fccklich, ja selig.<\/em><\/p>\n<\/div>\n\n\n\n<div class=\"wp-block-column is-layout-flow wp-block-column-is-layout-flow\"><\/div>\n<\/div>\n\n\n\n<div class=\"wp-block-columns is-layout-flex wp-container-core-columns-is-layout-9d6595d7 wp-block-columns-is-layout-flex\">\n<div class=\"wp-block-column is-layout-flow wp-block-column-is-layout-flow\" style=\"flex-basis:100%\">\n<div class=\"wp-block-columns is-layout-flex wp-container-core-columns-is-layout-9d6595d7 wp-block-columns-is-layout-flex\">\n<div class=\"wp-block-column is-layout-flow wp-block-column-is-layout-flow\">\n<h2 class=\"wp-block-heading\">Kunstmotiv der Agentur des Rauhen Hauses<\/h2>\n\n\n\n<div style=\"height:21px\" aria-hidden=\"true\" class=\"wp-block-spacer\"><\/div>\n\n\n\n<figure class=\"wp-block-image size-full\"><img decoding=\"async\" width=\"600\" height=\"849\" src=\"https:\/\/www.rauhes.de\/cms\/wp-content\/uploads\/2023\/02\/jahreslosung-kunstmotiv-2014.jpg\" alt=\"Kunstmotiv zur Jahresauslosung 2014\" class=\"wp-image-56906\" srcset=\"https:\/\/www.rauhes.de\/cms\/wp-content\/uploads\/2023\/02\/jahreslosung-kunstmotiv-2014.jpg 600w, https:\/\/www.rauhes.de\/cms\/wp-content\/uploads\/2023\/02\/jahreslosung-kunstmotiv-2014-212x300.jpg 212w\" sizes=\"(max-width: 600px) 100vw, 600px\" \/><figcaption class=\"wp-element-caption\">Ute Sinn, Fackel<\/figcaption><\/figure>\n<\/div>\n\n\n\n<div class=\"wp-block-column is-layout-flow wp-block-column-is-layout-flow\">\n<h2 class=\"wp-block-heading\">Gedanken zur Jahreslosung 2014&nbsp;<br>von Reinhard Ellsel<\/h2>\n\n\n\n<div style=\"height:20px\" aria-hidden=\"true\" class=\"wp-block-spacer\"><\/div>\n\n\n\n<p>\u201eGl\u00fcck und Glas, wie schnell bricht das.\u201c Dieses alte Sprichwort lehrt uns einen gesunden Skeptizismus gegen\u00fcber allen Hochgef\u00fchlen, die wir uns ertr\u00e4umen und erarbeiten: Gl\u00fcck ist verg\u00e4nglich. Aber eine durch und durch skeptische Lebenseinstellung ist auch nicht realistisch. Denn das Leben besteht ja nicht nur aus einem tr\u00fcben Grau in Grau ohne Lichtblicke.<\/p>\n\n\n\n<p>Die K\u00fcnstlerin Ute Sinn hat ein Gegenbild zu einer pessimistischen Lebenssicht gemalt. Eine Fackel auf kr\u00e4ftigem, lebensvollem Rot. Sie illustriert damit eindr\u00fccklich die Jahreslosung. Unsere Sehnsucht nach Gl\u00fcck und Farbe f\u00fcr unser Leben geht nicht ins Leere. Gott selbst kommt uns dabei entgegen \u2013 wie ein Licht.<\/p>\n\n\n\n<p>Denn Gott hat uns geschaffen und zum Gl\u00fccklichsein bestimmt. Er kennt uns so gut wie sonst niemand. Und er m\u00f6chte uns dabei helfen, dass unser Leben gelingt. Schon die biblische Sch\u00f6pfungsgeschichte erz\u00e4hlt davon, dass Gott das Licht geschaffen hat, damit sich das Leben entwickelt. Und Jesus, Gottes Sohn, sagt von sich: \u201eIch bin das Licht der Welt. Wer mir nachfolgt, wird das Licht des Lebens haben.\u201c (Johannes 8,12)<\/p>\n\n\n\n<p>Was f\u00fcr ein Gl\u00fcck, dass Gott uns nicht alleine durch das Leben stolpern l\u00e4sst! Was f\u00fcr ein Gl\u00fcck, dass er uns seine N\u00e4he anbietet!<\/p>\n\n\n\n<p>Im Gebet k\u00f6nnen wir in das Licht seiner Liebe eintauchen. Hier k\u00f6nnen wir alles mit Gott besprechen, was uns belastet und entmutigt. \u201eGott\u201c, so hat Martin Luther einmal gesagt, \u201eist wie ein Backofen voller Liebe.\u201c Er interessiert sich f\u00fcr unsere Pl\u00e4ne und Hoffnungen. Und er freut sich mit uns, wenn wir uns freuen.<\/p>\n\n\n\n<p>M\u00f6gen Sie, liebe Leserin, lieber Leser, im neuen Jahr viele gl\u00fcckliche Momente erleben. Und immer wieder die Erfahrung machen, dass Gott bei Ihnen ist. Das ist das gr\u00f6\u00dfte Gl\u00fcck.<\/p>\n<\/div>\n<\/div>\n\n\n\n<h4 class=\"wp-block-heading\">Dennoch<\/h4>\n\n\n\n<p><em>Viele haben sich ihre Tr\u00e4ume<br>abgeschminkt.<br>Dennoch will ich<br>das Beste hoffen.<br>Manche denken allein<br>an sich selbst.<br>Dennoch m\u00f6chte ich<br>auch die andern im Blick haben.<br>Manche halten Kirche<br>f\u00fcr \u00fcberfl\u00fcssig.<br>Dennoch gehe ich<br>gerne in den Gottesdienst.<br>Einige glauben nur<br>an die Macht des Geldes.<br>Dennoch suche ich<br>bei Gott mein Gl\u00fcck.<br>Zum Gl\u00fcck.<\/em><\/p>\n<\/div>\n<\/div>\n\n\n\n<div style=\"height:20px\" aria-hidden=\"true\" class=\"wp-block-spacer\"><\/div>\n\n\n\n<h2 class=\"wp-block-heading\">Neuere Jahreslosungen<\/h2>\n\n\n\n<div class=\"wp-block-columns is-layout-flex wp-container-core-columns-is-layout-9d6595d7 wp-block-columns-is-layout-flex\">\n<div class=\"wp-block-column is-layout-flow wp-block-column-is-layout-flow\">\n<figure class=\"wp-block-image size-full\"><img decoding=\"async\" width=\"300\" height=\"425\" src=\"https:\/\/www.rauhes.de\/cms\/wp-content\/uploads\/2023\/02\/JL-2017-Angelika-Litzkendorf-Lutherrose.jpg\" alt=\"\" class=\"wp-image-56780\" srcset=\"https:\/\/www.rauhes.de\/cms\/wp-content\/uploads\/2023\/02\/JL-2017-Angelika-Litzkendorf-Lutherrose.jpg 300w, https:\/\/www.rauhes.de\/cms\/wp-content\/uploads\/2023\/02\/JL-2017-Angelika-Litzkendorf-Lutherrose-212x300.jpg 212w\" sizes=\"(max-width: 300px) 100vw, 300px\" \/><\/figure>\n\n\n\n<div class=\"tb-button\" data-toolset-blocks-button=\"aefaca8484d2ddff035dfa827b222794\"><a class=\"tb-button__link\" href=\"https:\/\/www.rauhes.de\/cms\/jahreskreis\/jahreslosung\/2017\/\"><i class=\"tb-button__icon\"><\/i><span class=\"tb-button__content\">Jahreslosung 2017<\/span><\/a><\/div>\n<\/div>\n\n\n\n<div class=\"wp-block-column is-layout-flow wp-block-column-is-layout-flow\">\n<figure class=\"wp-block-image size-full\"><img decoding=\"async\" width=\"300\" height=\"421\" src=\"https:\/\/www.rauhes.de\/cms\/wp-content\/uploads\/2023\/02\/JL-2016-Sieger-Koeder-Ihre-Kinder-wird-man-auf-ihren-Knien-schaukeln.jpg\" alt=\"\" class=\"wp-image-56781\" srcset=\"https:\/\/www.rauhes.de\/cms\/wp-content\/uploads\/2023\/02\/JL-2016-Sieger-Koeder-Ihre-Kinder-wird-man-auf-ihren-Knien-schaukeln.jpg 300w, https:\/\/www.rauhes.de\/cms\/wp-content\/uploads\/2023\/02\/JL-2016-Sieger-Koeder-Ihre-Kinder-wird-man-auf-ihren-Knien-schaukeln-214x300.jpg 214w\" sizes=\"(max-width: 300px) 100vw, 300px\" \/><\/figure>\n\n\n\n<div class=\"tb-button\" data-toolset-blocks-button=\"0496d7f6c5f10e445dbd8bf5b57946b9\"><a class=\"tb-button__link\" href=\"https:\/\/www.rauhes.de\/cms\/jahreskreis\/jahreslosung\/2016\/\"><i class=\"tb-button__icon\"><\/i><span class=\"tb-button__content\">Jahreslosung 2016<\/span><\/a><\/div>\n<\/div>\n\n\n\n<div class=\"wp-block-column is-layout-flow wp-block-column-is-layout-flow\">\n<figure class=\"wp-block-image size-full\"><img decoding=\"async\" width=\"300\" height=\"425\" src=\"https:\/\/www.rauhes.de\/cms\/wp-content\/uploads\/2023\/02\/JL-2015-Kunstmotiv-Bunt-Geliebt-Carola-Senz.jpg\" alt=\"\" class=\"wp-image-56782\" srcset=\"https:\/\/www.rauhes.de\/cms\/wp-content\/uploads\/2023\/02\/JL-2015-Kunstmotiv-Bunt-Geliebt-Carola-Senz.jpg 300w, https:\/\/www.rauhes.de\/cms\/wp-content\/uploads\/2023\/02\/JL-2015-Kunstmotiv-Bunt-Geliebt-Carola-Senz-212x300.jpg 212w\" sizes=\"(max-width: 300px) 100vw, 300px\" \/><\/figure>\n\n\n\n<div class=\"tb-button\" data-toolset-blocks-button=\"017a6cd01ff670d85672768fb938cf83\"><a class=\"tb-button__link\" href=\"https:\/\/www.rauhes.de\/cms\/jahreskreis\/jahreslosung\/2015\/\"><i class=\"tb-button__icon\"><\/i><span class=\"tb-button__content\">Jahreslosung 2015<\/span><\/a><\/div>\n<\/div>\n<\/div>\n","protected":false},"excerpt":{"rendered":"<p>Jahreslosung 2014: Auslegung &amp; Bild Gott nahe zu sein ist mein Gl\u00fcck. Psalm 73,28 Fotomotiv der Agentur des Rauhen Hauses Gedanken zur Jahreslosung 2014&nbsp;von Reinhard Ellsel \u201eWas ist N\u00e4he?\u201c Ein Werbefilm stellt mir diese Frage. Ich sehe einen jungen Mann. Er steht in einer Gruppe von Leuten. Wieder erscheint der Schriftzug mit der Frage: \u201eWas [&hellip;]<\/p>\n","protected":false},"author":1,"featured_media":0,"parent":56768,"menu_order":0,"comment_status":"closed","ping_status":"closed","template":"","meta":{"ngg_post_thumbnail":0,"footnotes":""},"class_list":["post-56905","page","type-page","status-publish","hentry"],"yoast_head":"<!-- This site is optimized with the Yoast SEO plugin v27.3 - https:\/\/yoast.com\/product\/yoast-seo-wordpress\/ -->\n<title>Auslegung zur Jahreslosung 2014 \u2013 rauhes.de<\/title>\n<meta name=\"description\" content=\"Der Leitvers des Jahres lautet: &quot;Gott nahe zu sein ist mein Gl\u00fcck.&quot; Gedanken zur Jahreslosung 2014 &amp; Motive zum Download!\" \/>\n<meta name=\"robots\" content=\"index, follow, max-snippet:-1, max-image-preview:large, max-video-preview:-1\" \/>\n<link rel=\"canonical\" href=\"https:\/\/www.rauhes.de\/cms\/jahreskreis\/jahreslosung\/2014\/\" \/>\n<meta property=\"og:locale\" content=\"de_DE\" \/>\n<meta property=\"og:type\" content=\"article\" \/>\n<meta property=\"og:title\" content=\"Auslegung zur Jahreslosung 2014 \u2013 rauhes.de\" \/>\n<meta property=\"og:description\" content=\"Der Leitvers des Jahres lautet: &quot;Gott nahe zu sein ist mein Gl\u00fcck.&quot; Gedanken zur Jahreslosung 2014 &amp; Motive zum Download!\" \/>\n<meta property=\"og:url\" content=\"https:\/\/www.rauhes.de\/cms\/jahreskreis\/jahreslosung\/2014\/\" \/>\n<meta property=\"og:site_name\" content=\"Infos zu feierlichen Anl\u00e4ssen wie Taufe, Konfirmation, Hochzeit &amp; Trauer\" \/>\n<meta property=\"article:modified_time\" content=\"2023-04-26T13:25:11+00:00\" \/>\n<meta property=\"og:image\" content=\"https:\/\/www.rauhes.de\/cms\/wp-content\/uploads\/2023\/02\/jahreslosung-fotomotiv-2014.jpg\" \/>\n<meta name=\"twitter:card\" content=\"summary_large_image\" \/>\n<meta name=\"twitter:label1\" content=\"Gesch\u00e4tzte Lesezeit\" \/>\n\t<meta name=\"twitter:data1\" content=\"4\u00a0Minuten\" \/>\n<script type=\"application\/ld+json\" class=\"yoast-schema-graph\">{\"@context\":\"https:\\\/\\\/schema.org\",\"@graph\":[{\"@type\":\"WebPage\",\"@id\":\"https:\\\/\\\/www.rauhes.de\\\/cms\\\/jahreskreis\\\/jahreslosung\\\/2014\\\/\",\"url\":\"https:\\\/\\\/www.rauhes.de\\\/cms\\\/jahreskreis\\\/jahreslosung\\\/2014\\\/\",\"name\":\"Auslegung zur Jahreslosung 2014 \u2013 rauhes.de\",\"isPartOf\":{\"@id\":\"https:\\\/\\\/www.rauhes.de\\\/cms\\\/#website\"},\"primaryImageOfPage\":{\"@id\":\"https:\\\/\\\/www.rauhes.de\\\/cms\\\/jahreskreis\\\/jahreslosung\\\/2014\\\/#primaryimage\"},\"image\":{\"@id\":\"https:\\\/\\\/www.rauhes.de\\\/cms\\\/jahreskreis\\\/jahreslosung\\\/2014\\\/#primaryimage\"},\"thumbnailUrl\":\"https:\\\/\\\/www.rauhes.de\\\/cms\\\/wp-content\\\/uploads\\\/2023\\\/02\\\/jahreslosung-fotomotiv-2014.jpg\",\"datePublished\":\"2023-03-07T09:52:59+00:00\",\"dateModified\":\"2023-04-26T13:25:11+00:00\",\"description\":\"Der Leitvers des Jahres lautet: \\\"Gott nahe zu sein ist mein Gl\u00fcck.\\\" Gedanken zur Jahreslosung 2014 & Motive zum Download!\",\"breadcrumb\":{\"@id\":\"https:\\\/\\\/www.rauhes.de\\\/cms\\\/jahreskreis\\\/jahreslosung\\\/2014\\\/#breadcrumb\"},\"inLanguage\":\"de\",\"potentialAction\":[{\"@type\":\"ReadAction\",\"target\":[\"https:\\\/\\\/www.rauhes.de\\\/cms\\\/jahreskreis\\\/jahreslosung\\\/2014\\\/\"]}]},{\"@type\":\"ImageObject\",\"inLanguage\":\"de\",\"@id\":\"https:\\\/\\\/www.rauhes.de\\\/cms\\\/jahreskreis\\\/jahreslosung\\\/2014\\\/#primaryimage\",\"url\":\"https:\\\/\\\/www.rauhes.de\\\/cms\\\/wp-content\\\/uploads\\\/2023\\\/02\\\/jahreslosung-fotomotiv-2014.jpg\",\"contentUrl\":\"https:\\\/\\\/www.rauhes.de\\\/cms\\\/wp-content\\\/uploads\\\/2023\\\/02\\\/jahreslosung-fotomotiv-2014.jpg\",\"width\":600,\"height\":851},{\"@type\":\"BreadcrumbList\",\"@id\":\"https:\\\/\\\/www.rauhes.de\\\/cms\\\/jahreskreis\\\/jahreslosung\\\/2014\\\/#breadcrumb\",\"itemListElement\":[{\"@type\":\"ListItem\",\"position\":1,\"name\":\"Startseite\",\"item\":\"https:\\\/\\\/www.rauhes.de\\\/cms\\\/\"},{\"@type\":\"ListItem\",\"position\":2,\"name\":\"Jahreskreis\",\"item\":\"https:\\\/\\\/www.rauhes.de\\\/cms\\\/jahreskreis\\\/\"},{\"@type\":\"ListItem\",\"position\":3,\"name\":\"Jahreslosung\",\"item\":\"https:\\\/\\\/www.rauhes.de\\\/cms\\\/jahreskreis\\\/jahreslosung\\\/\"},{\"@type\":\"ListItem\",\"position\":4,\"name\":\"Jahreslosung 2014\"}]},{\"@type\":\"WebSite\",\"@id\":\"https:\\\/\\\/www.rauhes.de\\\/cms\\\/#website\",\"url\":\"https:\\\/\\\/www.rauhes.de\\\/cms\\\/\",\"name\":\"Infos zu feierlichen Anl\u00e4ssen wie Taufe, Konfirmation, Hochzeit &amp; Trauer\",\"description\":\"\",\"publisher\":{\"@id\":\"https:\\\/\\\/www.rauhes.de\\\/cms\\\/#organization\"},\"potentialAction\":[{\"@type\":\"SearchAction\",\"target\":{\"@type\":\"EntryPoint\",\"urlTemplate\":\"https:\\\/\\\/www.rauhes.de\\\/cms\\\/?s={search_term_string}\"},\"query-input\":{\"@type\":\"PropertyValueSpecification\",\"valueRequired\":true,\"valueName\":\"search_term_string\"}}],\"inLanguage\":\"de\"},{\"@type\":\"Organization\",\"@id\":\"https:\\\/\\\/www.rauhes.de\\\/cms\\\/#organization\",\"name\":\"rauhes.de\",\"url\":\"https:\\\/\\\/www.rauhes.de\\\/cms\\\/\",\"logo\":{\"@type\":\"ImageObject\",\"inLanguage\":\"de\",\"@id\":\"https:\\\/\\\/www.rauhes.de\\\/cms\\\/#\\\/schema\\\/logo\\\/image\\\/\",\"url\":\"https:\\\/\\\/www.rauhes.de\\\/cms\\\/wp-content\\\/uploads\\\/2021\\\/10\\\/2x_neu-2.png\",\"contentUrl\":\"https:\\\/\\\/www.rauhes.de\\\/cms\\\/wp-content\\\/uploads\\\/2021\\\/10\\\/2x_neu-2.png\",\"width\":300,\"height\":85,\"caption\":\"rauhes.de\"},\"image\":{\"@id\":\"https:\\\/\\\/www.rauhes.de\\\/cms\\\/#\\\/schema\\\/logo\\\/image\\\/\"}}]}<\/script>\n<!-- \/ Yoast SEO plugin. -->","yoast_head_json":{"title":"Auslegung zur Jahreslosung 2014 \u2013 rauhes.de","description":"Der Leitvers des Jahres lautet: \"Gott nahe zu sein ist mein Gl\u00fcck.\" Gedanken zur Jahreslosung 2014 & Motive zum Download!","robots":{"index":"index","follow":"follow","max-snippet":"max-snippet:-1","max-image-preview":"max-image-preview:large","max-video-preview":"max-video-preview:-1"},"canonical":"https:\/\/www.rauhes.de\/cms\/jahreskreis\/jahreslosung\/2014\/","og_locale":"de_DE","og_type":"article","og_title":"Auslegung zur Jahreslosung 2014 \u2013 rauhes.de","og_description":"Der Leitvers des Jahres lautet: \"Gott nahe zu sein ist mein Gl\u00fcck.\" Gedanken zur Jahreslosung 2014 & Motive zum Download!","og_url":"https:\/\/www.rauhes.de\/cms\/jahreskreis\/jahreslosung\/2014\/","og_site_name":"Infos zu feierlichen Anl\u00e4ssen wie Taufe, Konfirmation, Hochzeit &amp; Trauer","article_modified_time":"2023-04-26T13:25:11+00:00","og_image":[{"url":"https:\/\/www.rauhes.de\/cms\/wp-content\/uploads\/2023\/02\/jahreslosung-fotomotiv-2014.jpg","type":"","width":"","height":""}],"twitter_card":"summary_large_image","twitter_misc":{"Gesch\u00e4tzte Lesezeit":"4\u00a0Minuten"},"schema":{"@context":"https:\/\/schema.org","@graph":[{"@type":"WebPage","@id":"https:\/\/www.rauhes.de\/cms\/jahreskreis\/jahreslosung\/2014\/","url":"https:\/\/www.rauhes.de\/cms\/jahreskreis\/jahreslosung\/2014\/","name":"Auslegung zur Jahreslosung 2014 \u2013 rauhes.de","isPartOf":{"@id":"https:\/\/www.rauhes.de\/cms\/#website"},"primaryImageOfPage":{"@id":"https:\/\/www.rauhes.de\/cms\/jahreskreis\/jahreslosung\/2014\/#primaryimage"},"image":{"@id":"https:\/\/www.rauhes.de\/cms\/jahreskreis\/jahreslosung\/2014\/#primaryimage"},"thumbnailUrl":"https:\/\/www.rauhes.de\/cms\/wp-content\/uploads\/2023\/02\/jahreslosung-fotomotiv-2014.jpg","datePublished":"2023-03-07T09:52:59+00:00","dateModified":"2023-04-26T13:25:11+00:00","description":"Der Leitvers des Jahres lautet: \"Gott nahe zu sein ist mein Gl\u00fcck.\" Gedanken zur Jahreslosung 2014 & Motive zum Download!","breadcrumb":{"@id":"https:\/\/www.rauhes.de\/cms\/jahreskreis\/jahreslosung\/2014\/#breadcrumb"},"inLanguage":"de","potentialAction":[{"@type":"ReadAction","target":["https:\/\/www.rauhes.de\/cms\/jahreskreis\/jahreslosung\/2014\/"]}]},{"@type":"ImageObject","inLanguage":"de","@id":"https:\/\/www.rauhes.de\/cms\/jahreskreis\/jahreslosung\/2014\/#primaryimage","url":"https:\/\/www.rauhes.de\/cms\/wp-content\/uploads\/2023\/02\/jahreslosung-fotomotiv-2014.jpg","contentUrl":"https:\/\/www.rauhes.de\/cms\/wp-content\/uploads\/2023\/02\/jahreslosung-fotomotiv-2014.jpg","width":600,"height":851},{"@type":"BreadcrumbList","@id":"https:\/\/www.rauhes.de\/cms\/jahreskreis\/jahreslosung\/2014\/#breadcrumb","itemListElement":[{"@type":"ListItem","position":1,"name":"Startseite","item":"https:\/\/www.rauhes.de\/cms\/"},{"@type":"ListItem","position":2,"name":"Jahreskreis","item":"https:\/\/www.rauhes.de\/cms\/jahreskreis\/"},{"@type":"ListItem","position":3,"name":"Jahreslosung","item":"https:\/\/www.rauhes.de\/cms\/jahreskreis\/jahreslosung\/"},{"@type":"ListItem","position":4,"name":"Jahreslosung 2014"}]},{"@type":"WebSite","@id":"https:\/\/www.rauhes.de\/cms\/#website","url":"https:\/\/www.rauhes.de\/cms\/","name":"Infos zu feierlichen Anl\u00e4ssen wie Taufe, Konfirmation, Hochzeit &amp; Trauer","description":"","publisher":{"@id":"https:\/\/www.rauhes.de\/cms\/#organization"},"potentialAction":[{"@type":"SearchAction","target":{"@type":"EntryPoint","urlTemplate":"https:\/\/www.rauhes.de\/cms\/?s={search_term_string}"},"query-input":{"@type":"PropertyValueSpecification","valueRequired":true,"valueName":"search_term_string"}}],"inLanguage":"de"},{"@type":"Organization","@id":"https:\/\/www.rauhes.de\/cms\/#organization","name":"rauhes.de","url":"https:\/\/www.rauhes.de\/cms\/","logo":{"@type":"ImageObject","inLanguage":"de","@id":"https:\/\/www.rauhes.de\/cms\/#\/schema\/logo\/image\/","url":"https:\/\/www.rauhes.de\/cms\/wp-content\/uploads\/2021\/10\/2x_neu-2.png","contentUrl":"https:\/\/www.rauhes.de\/cms\/wp-content\/uploads\/2021\/10\/2x_neu-2.png","width":300,"height":85,"caption":"rauhes.de"},"image":{"@id":"https:\/\/www.rauhes.de\/cms\/#\/schema\/logo\/image\/"}}]}},"_links":{"self":[{"href":"https:\/\/www.rauhes.de\/cms\/wp-json\/wp\/v2\/pages\/56905","targetHints":{"allow":["GET"]}}],"collection":[{"href":"https:\/\/www.rauhes.de\/cms\/wp-json\/wp\/v2\/pages"}],"about":[{"href":"https:\/\/www.rauhes.de\/cms\/wp-json\/wp\/v2\/types\/page"}],"author":[{"embeddable":true,"href":"https:\/\/www.rauhes.de\/cms\/wp-json\/wp\/v2\/users\/1"}],"replies":[{"embeddable":true,"href":"https:\/\/www.rauhes.de\/cms\/wp-json\/wp\/v2\/comments?post=56905"}],"version-history":[{"count":16,"href":"https:\/\/www.rauhes.de\/cms\/wp-json\/wp\/v2\/pages\/56905\/revisions"}],"predecessor-version":[{"id":57242,"href":"https:\/\/www.rauhes.de\/cms\/wp-json\/wp\/v2\/pages\/56905\/revisions\/57242"}],"up":[{"embeddable":true,"href":"https:\/\/www.rauhes.de\/cms\/wp-json\/wp\/v2\/pages\/56768"}],"wp:attachment":[{"href":"https:\/\/www.rauhes.de\/cms\/wp-json\/wp\/v2\/media?parent=56905"}],"curies":[{"name":"wp","href":"https:\/\/api.w.org\/{rel}","templated":true}]}}