{"id":56901,"date":"2023-03-07T10:51:43","date_gmt":"2023-03-07T09:51:43","guid":{"rendered":"https:\/\/www.rauhes.de\/cms\/?page_id=56901"},"modified":"2023-04-26T15:29:58","modified_gmt":"2023-04-26T13:29:58","slug":"jahreslosung-2015","status":"publish","type":"page","link":"https:\/\/www.rauhes.de\/cms\/jahreskreis\/jahreslosung\/2015\/","title":{"rendered":"Jahreslosung 2015"},"content":{"rendered":"\n<h1 class=\"wp-block-heading\">Jahreslosung 2015: Auslegung &amp; Bild<\/h1>\n\n\n\n<div style=\"height:20px\" aria-hidden=\"true\" class=\"wp-block-spacer\"><\/div>\n\n\n\n<p class=\"has-medium-font-size\" style=\"font-style:italic;font-weight:500\">Nehmt einander an, wie Christus euch angenommen hat zu Gottes Lob.<\/p>\n\n\n\n<p style=\"font-size:14px\">R\u00f6mer 15,7<\/p>\n\n\n\n<div style=\"height:10px\" aria-hidden=\"true\" class=\"wp-block-spacer\"><\/div>\n\n\n\n<div class=\"wp-block-columns is-layout-flex wp-container-core-columns-is-layout-9d6595d7 wp-block-columns-is-layout-flex\">\n<div class=\"wp-block-column is-layout-flow wp-block-column-is-layout-flow\" style=\"flex-basis:100%\">\n<div class=\"wp-block-columns is-layout-flex wp-container-core-columns-is-layout-9d6595d7 wp-block-columns-is-layout-flex\">\n<div class=\"wp-block-column is-layout-flow wp-block-column-is-layout-flow\">\n<h2 class=\"wp-block-heading\">Fotomotiv der Agentur des Rauhen Hauses<\/h2>\n\n\n\n<div style=\"height:20px\" aria-hidden=\"true\" class=\"wp-block-spacer\"><\/div>\n\n\n\n<div style=\"height:0px\" aria-hidden=\"true\" class=\"wp-block-spacer\"><\/div>\n\n\n\n<figure class=\"wp-block-image size-full\"><img decoding=\"async\" width=\"600\" height=\"849\" src=\"https:\/\/www.rauhes.de\/cms\/wp-content\/uploads\/2023\/02\/jahreslosung-fotomotiv-2015-1.jpg\" alt=\"Fotomotiv zur Jahreslosung 2015\" class=\"wp-image-56920\" srcset=\"https:\/\/www.rauhes.de\/cms\/wp-content\/uploads\/2023\/02\/jahreslosung-fotomotiv-2015-1.jpg 600w, https:\/\/www.rauhes.de\/cms\/wp-content\/uploads\/2023\/02\/jahreslosung-fotomotiv-2015-1-212x300.jpg 212w\" sizes=\"(max-width: 600px) 100vw, 600px\" \/><figcaption class=\"wp-element-caption\">Andrea G\u00f6ppel, Haltende H\u00e4nde<\/figcaption><\/figure>\n<\/div>\n\n\n\n<div class=\"wp-block-column is-layout-flow wp-block-column-is-layout-flow\">\n<h2 class=\"wp-block-heading\">Gedanken zur Jahreslosung 2015&nbsp;<br>von Reinhard Ellsel&nbsp;<\/h2>\n\n\n\n<div style=\"height:20px\" aria-hidden=\"true\" class=\"wp-block-spacer\"><\/div>\n\n\n\n<div style=\"height:0px\" aria-hidden=\"true\" class=\"wp-block-spacer\"><\/div>\n\n\n\n<p>Eine Grundschullehrerin fragt ihre Klasse im Religionsunterricht: \u201eWer von euch m\u00f6chte sp\u00e4ter einmal in den Himmel kommen?\u201c Alle Kinder melden sich. Nur Jonas nicht. Da wendet sich die Lehrerin erstaunt an ihn und fragt: \u201eWas ist los, Jonas, m\u00f6chtest du nicht?\u201c Der Junge antwortet: \u201eNat\u00fcrlich will ich in den Himmel kommen \u2013 aber doch nicht mit den Typen da!\u201c<\/p>\n\n\n\n<p>Was der Witz auf flapsige Weise ausdr\u00fcckt, ist im Grunde ein ernstes Problem. Viele halten sich selbst n\u00e4mlich f\u00fcr gut und richtig, jedenfalls f\u00fcr besser und richtiger als den Rest der Welt. Und deshalb weigern sie sich, andere mit ihrer besonderen Eigenart oder Herkunft zu akzeptieren.<\/p>\n\n\n\n<p>Was mag wohl den kleinen Jonas zu dieser Aussage bewegt haben? Vielleicht haben ihn die anderen ge\u00e4rgert und er kann schon jetzt gut auf ihre Anwesenheit verzichten. Oder er sieht ganz genau die Schw\u00e4chen der anderen: Der eine bohrt in der Nase, die andere schreibt immer nur F\u00fcnfen. \u201eSolche Typen finde ich bl\u00f6d!\u201c<\/p>\n\n\n\n<p>Die Lehrerin, jedenfalls wenn sie eine gute Lehrerin ist, wird \u00fcber die Aussage von<br>Jonas erschrocken sein. Denn die Lehrerin ist doch f\u00fcr alle Kinder ihrer Klasse da. Sie m\u00f6chte, dass nicht nur der eifrige Jonas das Klassenziel erreicht, sondern auch die vertr\u00e4umte Lina oder der freche Tim. Jeder soll versetzt werden und jeder soll nat\u00fcrlich auch in den Himmel kommen.<\/p>\n\n\n\n<p>Wenn schon eine gute Lehrerin \u00fcber solch einen Jonas erschrocken ist, wie sehr wird dann erst den Eltern das Herz bluten, wenn eines ihrer Kinder \u2013 nennen wir es wieder Jonas \u2013 erkl\u00e4rt: \u201eDer Ralf, der ist das schwarze Schaf. Er darf nicht mehr zur Familie geh\u00f6ren, denn er hat keine Arbeit; oder er ist Alkoholiker; oder er besucht euch jetzt im Alter nicht mehr.\u201c Aber der Ralf, das \u201eschwarze Schaf\u201c, ist doch auch ein Kind der Eltern, genauso wie der Jonas. K\u00f6nnen da die Eltern den Ralf versto\u00dfen, ihn nicht mehr lieben?<\/p>\n<\/div>\n<\/div>\n\n\n\n<p>Leider mag es hin und wieder einen Lehrer geben, der es fertigbringt, einzelne Sch\u00fcler auszugrenzen und fertigzumachen. Und es kommt leider auch immer wieder vor, dass sogar Eltern mit ihren Kindern brechen, dass sie den Ralf aus ihrem Leben verbannen wollen, weil er nicht so f\u00fchlt, denkt oder handelt, wie sie es von ihm erwarten.<\/p>\n\n\n\n<p>Aber es gibt einen, der kann das nicht. Das ist Gott. Gott hat uns alle geschaffen, den Jonas und den Ralf. Beide sollen zu seiner Familie hier auf der Erde geh\u00f6ren. Und beide sollen in den Himmel kommen. Woher nehmen wir dann das Recht, andere auszugrenzen?<\/p>\n<\/div>\n<\/div>\n\n\n\n<div style=\"height:10px\" aria-hidden=\"true\" class=\"wp-block-spacer\"><\/div>\n\n\n\n<div class=\"wp-block-columns is-layout-flex wp-container-core-columns-is-layout-9d6595d7 wp-block-columns-is-layout-flex\">\n<div class=\"wp-block-column is-layout-flow wp-block-column-is-layout-flow\">\n<h2 class=\"wp-block-heading\">Kunstmotiv der Agentur des Rauhen Hauses<\/h2>\n\n\n\n<div style=\"height:5px\" aria-hidden=\"true\" class=\"wp-block-spacer\"><\/div>\n\n\n\n<figure class=\"wp-block-image size-full\"><img decoding=\"async\" width=\"600\" height=\"848\" src=\"https:\/\/www.rauhes.de\/cms\/wp-content\/uploads\/2023\/02\/jahreslosung-kunstmotiv-2015-1.jpg\" alt=\"Kunstmotiv zur Jahreslosung 2015\" class=\"wp-image-56921\" srcset=\"https:\/\/www.rauhes.de\/cms\/wp-content\/uploads\/2023\/02\/jahreslosung-kunstmotiv-2015-1.jpg 600w, https:\/\/www.rauhes.de\/cms\/wp-content\/uploads\/2023\/02\/jahreslosung-kunstmotiv-2015-1-212x300.jpg 212w\" sizes=\"(max-width: 600px) 100vw, 600px\" \/><figcaption class=\"wp-element-caption\">Carola Senz, Bunt \u2013 geliebt<\/figcaption><\/figure>\n<\/div>\n\n\n\n<div class=\"wp-block-column is-layout-flow wp-block-column-is-layout-flow\">\n<h2 class=\"wp-block-heading\">Gedanken zur Jahreslosung 2015&nbsp;<br>von Dr. Ekkehard Graf<\/h2>\n\n\n\n<div style=\"height:5px\" aria-hidden=\"true\" class=\"wp-block-spacer\"><\/div>\n\n\n\n<p>Beim ersten Lesen der neuen Jahreslosung denkt man unwillk\u00fcrlich, dies sei wieder einmal ein weiterer Appell, damit es in unserer Welt etwas besser wird. Doch dann f\u00e4llt der Blick auf die farbenfrohe Grafik der K\u00fcnstlerin Carola Senz. Das helle und kr\u00e4ftige Gelb zeigt, dass es nicht nur um eine Aufforderung geht. F\u00f6rmlich ins Licht getaucht wird der Betrachter. Und dann entdeckt man, dass es um mehr geht, als nur um ein blo\u00dfes \u201eSeid nett zueinander!\u201c<\/p>\n\n\n\n<p>Wir sollen und k\u00f6nnen einander annehmen auf der Grundlage, dass Jesus uns angenommen hat. Das Wort \u201ewie\u201c, das die beiden Aussagen miteinander verbindet, benennt die Voraussetzung. Weil Christus uns angenommen hat, k\u00f6nnen wir einander annehmen. Jesus zitierte einmal ein Gebot aus der Zeit des Mose: \u201eDu sollst deinen N\u00e4chsten lieben wie dich selbst.\u201c Hier dr\u00fcckt das verbindende \u201ewie\u201c ebenfalls aus, dass die zweite Aussage die Basis f\u00fcr das zuerst Genannte ist: die Selbstannahme hilft, den anderen zu lieben. Und eben auch: Gottes Liebe zu uns hilft dabei, andere anzunehmen.<\/p>\n\n\n\n<p>So hat es auch Carola Senz im Bild zum Ausdruck gebracht: Das gro\u00dfe Kreuz im Hintergrund schafft die Voraussetzung f\u00fcr das kleine verbindende Kreuz in unserer menschlichen Gemeinschaft. Weil Gott uns in Christus angenommen hat, k\u00f6nnen wir einander annehmen.<\/p>\n\n\n\n<p>Dass das nicht immer leicht ist, das wissen wir. Gar zu verschieden sind wir Menschen, bunt und mit unterschiedlichen Eigenschaften. So sehen wir das auch im Bild. Die acht Quadrate haben verschiedene Farben und zeigen unterschiedliche Eigenschaften. H\u00f6ren, Reden, Sehen, Handeln, Lieben und Sortieren geh\u00f6ren zu uns Menschen, genauso wie Zerbrochenes und Irrwege. Keiner kann alles, doch verbunden durch das Kreuz Jesu k\u00f6nnen sich alle einbringen. Dadurch wird es hell in der menschlichen Siedlung. In den H\u00e4usern gehen die Lichter an.<\/p>\n<\/div>\n<\/div>\n\n\n\n<p>Und \u00fcber allem schwebt der uns annehmende Gott, der sich in den drei Farbstrichen und dem hellen Licht erahnen l\u00e4sst. Nun k\u00f6nnen wir es ein ganzes Jahr lang ausprobieren, das mit dem Annehmen der anderen, weil wir schon l\u00e4ngst von Gott angenommen sind. Dann stimmen wir ein in das Lob Gottes und singen mit Christian F\u00fcrchtegott Gellert:<\/p>\n\n\n\n<p><em>Wir haben einen Gott und Herrn,<\/em><br><em>sind eines Leibes Glieder,<\/em><br><em>drum diene deinem N\u00e4chsten gern,<\/em><br><em>denn wir sind alle Br\u00fcder.<\/em><br><em>Gott schuf die Welt nicht blo\u00df f\u00fcr mich,<\/em><br><em>mein N\u00e4chster ist sein Kind wie ich.<\/em><\/p>\n\n\n\n<p>EG 412,4<strong> <\/strong><\/p>\n\n\n\n<p><strong>Jetzt die Auslegung kostenlos als PDF herunterladen!<\/strong><\/p>\n\n\n\n<div class=\"tb-button\" data-toolset-blocks-button=\"f8f5d47d6fb474eb5e2cf4b2e2d610af\"><a class=\"tb-button__link\" href=\"https:\/\/www.rauhes.de\/media\/Jahreslosung_PC-Kartenformat_fuer_rauhes_de.pdf\"><i class=\"tb-button__icon\"><\/i><span class=\"tb-button__content\">Jahreslosung 2015 Download <\/span><\/a><\/div>\n\n\n\n<div style=\"height:20px\" aria-hidden=\"true\" class=\"wp-block-spacer\"><\/div>\n\n\n\n<h2 class=\"wp-block-heading\">Neuere Jahreslosungen<\/h2>\n\n\n\n<div class=\"wp-block-columns is-layout-flex wp-container-core-columns-is-layout-9d6595d7 wp-block-columns-is-layout-flex\">\n<div class=\"wp-block-column is-layout-flow wp-block-column-is-layout-flow\">\n<figure class=\"wp-block-image size-full\"><img decoding=\"async\" width=\"300\" height=\"423\" src=\"https:\/\/www.rauhes.de\/cms\/wp-content\/uploads\/2023\/02\/JL-2018-Hoffnungskreuz-Foto-c-Jetrel_Shutterstock.com_.jpg\" alt=\"\" class=\"wp-image-56779\" srcset=\"https:\/\/www.rauhes.de\/cms\/wp-content\/uploads\/2023\/02\/JL-2018-Hoffnungskreuz-Foto-c-Jetrel_Shutterstock.com_.jpg 300w, https:\/\/www.rauhes.de\/cms\/wp-content\/uploads\/2023\/02\/JL-2018-Hoffnungskreuz-Foto-c-Jetrel_Shutterstock.com_-213x300.jpg 213w\" sizes=\"(max-width: 300px) 100vw, 300px\" \/><\/figure>\n\n\n\n<div class=\"tb-button\" data-toolset-blocks-button=\"5611131a712120cd5fe21b326de9cbab\"><a class=\"tb-button__link\" href=\"https:\/\/www.rauhes.de\/cms\/jahreskreis\/jahreslosung\/2018\/\"><i class=\"tb-button__icon\"><\/i><span class=\"tb-button__content\">Jahreslosung 2018<\/span><\/a><\/div>\n<\/div>\n\n\n\n<div class=\"wp-block-column is-layout-flow wp-block-column-is-layout-flow\">\n<figure class=\"wp-block-image size-full\"><img decoding=\"async\" width=\"300\" height=\"425\" src=\"https:\/\/www.rauhes.de\/cms\/wp-content\/uploads\/2023\/02\/JL-2017-Angelika-Litzkendorf-Lutherrose.jpg\" alt=\"\" class=\"wp-image-56780\" srcset=\"https:\/\/www.rauhes.de\/cms\/wp-content\/uploads\/2023\/02\/JL-2017-Angelika-Litzkendorf-Lutherrose.jpg 300w, https:\/\/www.rauhes.de\/cms\/wp-content\/uploads\/2023\/02\/JL-2017-Angelika-Litzkendorf-Lutherrose-212x300.jpg 212w\" sizes=\"(max-width: 300px) 100vw, 300px\" \/><\/figure>\n\n\n\n<div class=\"tb-button\" data-toolset-blocks-button=\"aefaca8484d2ddff035dfa827b222794\"><a class=\"tb-button__link\" href=\"https:\/\/www.rauhes.de\/cms\/jahreskreis\/jahreslosung\/2017\/\"><i class=\"tb-button__icon\"><\/i><span class=\"tb-button__content\">Jahreslosung 2017<\/span><\/a><\/div>\n<\/div>\n\n\n\n<div class=\"wp-block-column is-layout-flow wp-block-column-is-layout-flow\">\n<figure class=\"wp-block-image size-full\"><img decoding=\"async\" width=\"300\" height=\"421\" src=\"https:\/\/www.rauhes.de\/cms\/wp-content\/uploads\/2023\/02\/JL-2016-Sieger-Koeder-Ihre-Kinder-wird-man-auf-ihren-Knien-schaukeln.jpg\" alt=\"\" class=\"wp-image-56781\" srcset=\"https:\/\/www.rauhes.de\/cms\/wp-content\/uploads\/2023\/02\/JL-2016-Sieger-Koeder-Ihre-Kinder-wird-man-auf-ihren-Knien-schaukeln.jpg 300w, https:\/\/www.rauhes.de\/cms\/wp-content\/uploads\/2023\/02\/JL-2016-Sieger-Koeder-Ihre-Kinder-wird-man-auf-ihren-Knien-schaukeln-214x300.jpg 214w\" sizes=\"(max-width: 300px) 100vw, 300px\" \/><\/figure>\n\n\n\n<div class=\"tb-button\" data-toolset-blocks-button=\"0496d7f6c5f10e445dbd8bf5b57946b9\"><a class=\"tb-button__link\" href=\"https:\/\/www.rauhes.de\/cms\/jahreskreis\/jahreslosung\/2016\/\"><i class=\"tb-button__icon\"><\/i><span class=\"tb-button__content\">Jahreslosung 2016<\/span><\/a><\/div>\n<\/div>\n<\/div>\n","protected":false},"excerpt":{"rendered":"<p>Jahreslosung 2015: Auslegung &amp; Bild Nehmt einander an, wie Christus euch angenommen hat zu Gottes Lob. R\u00f6mer 15,7 Fotomotiv der Agentur des Rauhen Hauses Gedanken zur Jahreslosung 2015&nbsp;von Reinhard Ellsel&nbsp; Eine Grundschullehrerin fragt ihre Klasse im Religionsunterricht: \u201eWer von euch m\u00f6chte sp\u00e4ter einmal in den Himmel kommen?\u201c Alle Kinder melden sich. Nur Jonas nicht. Da [&hellip;]<\/p>\n","protected":false},"author":1,"featured_media":0,"parent":56768,"menu_order":0,"comment_status":"closed","ping_status":"closed","template":"","meta":{"ngg_post_thumbnail":0,"footnotes":""},"class_list":["post-56901","page","type-page","status-publish","hentry"],"yoast_head":"<!-- This site is optimized with the Yoast SEO plugin v27.3 - https:\/\/yoast.com\/product\/yoast-seo-wordpress\/ -->\n<title>Auslegung zur Jahreslosung 2015 \u2013 rauhes.de<\/title>\n<meta name=\"description\" content=\"&quot;Nehmt einander an, wie Christus euch angenommen hat zu Gottes Lob.&quot; Gedanken zur Jahreslosung 2015 &amp; Motive zum Download!\" \/>\n<meta name=\"robots\" content=\"index, follow, max-snippet:-1, max-image-preview:large, max-video-preview:-1\" \/>\n<link rel=\"canonical\" href=\"https:\/\/www.rauhes.de\/cms\/jahreskreis\/jahreslosung\/2015\/\" \/>\n<meta property=\"og:locale\" content=\"de_DE\" \/>\n<meta property=\"og:type\" content=\"article\" \/>\n<meta property=\"og:title\" content=\"Auslegung zur Jahreslosung 2015 \u2013 rauhes.de\" \/>\n<meta property=\"og:description\" content=\"&quot;Nehmt einander an, wie Christus euch angenommen hat zu Gottes Lob.&quot; Gedanken zur Jahreslosung 2015 &amp; Motive zum Download!\" \/>\n<meta property=\"og:url\" content=\"https:\/\/www.rauhes.de\/cms\/jahreskreis\/jahreslosung\/2015\/\" \/>\n<meta property=\"og:site_name\" content=\"Infos zu feierlichen Anl\u00e4ssen wie Taufe, Konfirmation, Hochzeit &amp; Trauer\" \/>\n<meta property=\"article:modified_time\" content=\"2023-04-26T13:29:58+00:00\" \/>\n<meta property=\"og:image\" content=\"https:\/\/www.rauhes.de\/cms\/wp-content\/uploads\/2023\/02\/jahreslosung-fotomotiv-2015-1.jpg\" \/>\n<meta name=\"twitter:card\" content=\"summary_large_image\" \/>\n<meta name=\"twitter:label1\" content=\"Gesch\u00e4tzte Lesezeit\" \/>\n\t<meta name=\"twitter:data1\" content=\"5\u00a0Minuten\" \/>\n<script type=\"application\/ld+json\" class=\"yoast-schema-graph\">{\"@context\":\"https:\\\/\\\/schema.org\",\"@graph\":[{\"@type\":\"WebPage\",\"@id\":\"https:\\\/\\\/www.rauhes.de\\\/cms\\\/jahreskreis\\\/jahreslosung\\\/2015\\\/\",\"url\":\"https:\\\/\\\/www.rauhes.de\\\/cms\\\/jahreskreis\\\/jahreslosung\\\/2015\\\/\",\"name\":\"Auslegung zur Jahreslosung 2015 \u2013 rauhes.de\",\"isPartOf\":{\"@id\":\"https:\\\/\\\/www.rauhes.de\\\/cms\\\/#website\"},\"primaryImageOfPage\":{\"@id\":\"https:\\\/\\\/www.rauhes.de\\\/cms\\\/jahreskreis\\\/jahreslosung\\\/2015\\\/#primaryimage\"},\"image\":{\"@id\":\"https:\\\/\\\/www.rauhes.de\\\/cms\\\/jahreskreis\\\/jahreslosung\\\/2015\\\/#primaryimage\"},\"thumbnailUrl\":\"https:\\\/\\\/www.rauhes.de\\\/cms\\\/wp-content\\\/uploads\\\/2023\\\/02\\\/jahreslosung-fotomotiv-2015-1.jpg\",\"datePublished\":\"2023-03-07T09:51:43+00:00\",\"dateModified\":\"2023-04-26T13:29:58+00:00\",\"description\":\"\\\"Nehmt einander an, wie Christus euch angenommen hat zu Gottes Lob.\\\" Gedanken zur Jahreslosung 2015 & Motive zum Download!\",\"breadcrumb\":{\"@id\":\"https:\\\/\\\/www.rauhes.de\\\/cms\\\/jahreskreis\\\/jahreslosung\\\/2015\\\/#breadcrumb\"},\"inLanguage\":\"de\",\"potentialAction\":[{\"@type\":\"ReadAction\",\"target\":[\"https:\\\/\\\/www.rauhes.de\\\/cms\\\/jahreskreis\\\/jahreslosung\\\/2015\\\/\"]}]},{\"@type\":\"ImageObject\",\"inLanguage\":\"de\",\"@id\":\"https:\\\/\\\/www.rauhes.de\\\/cms\\\/jahreskreis\\\/jahreslosung\\\/2015\\\/#primaryimage\",\"url\":\"https:\\\/\\\/www.rauhes.de\\\/cms\\\/wp-content\\\/uploads\\\/2023\\\/02\\\/jahreslosung-fotomotiv-2015-1.jpg\",\"contentUrl\":\"https:\\\/\\\/www.rauhes.de\\\/cms\\\/wp-content\\\/uploads\\\/2023\\\/02\\\/jahreslosung-fotomotiv-2015-1.jpg\",\"width\":600,\"height\":849},{\"@type\":\"BreadcrumbList\",\"@id\":\"https:\\\/\\\/www.rauhes.de\\\/cms\\\/jahreskreis\\\/jahreslosung\\\/2015\\\/#breadcrumb\",\"itemListElement\":[{\"@type\":\"ListItem\",\"position\":1,\"name\":\"Startseite\",\"item\":\"https:\\\/\\\/www.rauhes.de\\\/cms\\\/\"},{\"@type\":\"ListItem\",\"position\":2,\"name\":\"Jahreskreis\",\"item\":\"https:\\\/\\\/www.rauhes.de\\\/cms\\\/jahreskreis\\\/\"},{\"@type\":\"ListItem\",\"position\":3,\"name\":\"Jahreslosung\",\"item\":\"https:\\\/\\\/www.rauhes.de\\\/cms\\\/jahreskreis\\\/jahreslosung\\\/\"},{\"@type\":\"ListItem\",\"position\":4,\"name\":\"Jahreslosung 2015\"}]},{\"@type\":\"WebSite\",\"@id\":\"https:\\\/\\\/www.rauhes.de\\\/cms\\\/#website\",\"url\":\"https:\\\/\\\/www.rauhes.de\\\/cms\\\/\",\"name\":\"Infos zu feierlichen Anl\u00e4ssen wie Taufe, Konfirmation, Hochzeit &amp; Trauer\",\"description\":\"\",\"publisher\":{\"@id\":\"https:\\\/\\\/www.rauhes.de\\\/cms\\\/#organization\"},\"potentialAction\":[{\"@type\":\"SearchAction\",\"target\":{\"@type\":\"EntryPoint\",\"urlTemplate\":\"https:\\\/\\\/www.rauhes.de\\\/cms\\\/?s={search_term_string}\"},\"query-input\":{\"@type\":\"PropertyValueSpecification\",\"valueRequired\":true,\"valueName\":\"search_term_string\"}}],\"inLanguage\":\"de\"},{\"@type\":\"Organization\",\"@id\":\"https:\\\/\\\/www.rauhes.de\\\/cms\\\/#organization\",\"name\":\"rauhes.de\",\"url\":\"https:\\\/\\\/www.rauhes.de\\\/cms\\\/\",\"logo\":{\"@type\":\"ImageObject\",\"inLanguage\":\"de\",\"@id\":\"https:\\\/\\\/www.rauhes.de\\\/cms\\\/#\\\/schema\\\/logo\\\/image\\\/\",\"url\":\"https:\\\/\\\/www.rauhes.de\\\/cms\\\/wp-content\\\/uploads\\\/2021\\\/10\\\/2x_neu-2.png\",\"contentUrl\":\"https:\\\/\\\/www.rauhes.de\\\/cms\\\/wp-content\\\/uploads\\\/2021\\\/10\\\/2x_neu-2.png\",\"width\":300,\"height\":85,\"caption\":\"rauhes.de\"},\"image\":{\"@id\":\"https:\\\/\\\/www.rauhes.de\\\/cms\\\/#\\\/schema\\\/logo\\\/image\\\/\"}}]}<\/script>\n<!-- \/ Yoast SEO plugin. -->","yoast_head_json":{"title":"Auslegung zur Jahreslosung 2015 \u2013 rauhes.de","description":"\"Nehmt einander an, wie Christus euch angenommen hat zu Gottes Lob.\" Gedanken zur Jahreslosung 2015 & Motive zum Download!","robots":{"index":"index","follow":"follow","max-snippet":"max-snippet:-1","max-image-preview":"max-image-preview:large","max-video-preview":"max-video-preview:-1"},"canonical":"https:\/\/www.rauhes.de\/cms\/jahreskreis\/jahreslosung\/2015\/","og_locale":"de_DE","og_type":"article","og_title":"Auslegung zur Jahreslosung 2015 \u2013 rauhes.de","og_description":"\"Nehmt einander an, wie Christus euch angenommen hat zu Gottes Lob.\" Gedanken zur Jahreslosung 2015 & Motive zum Download!","og_url":"https:\/\/www.rauhes.de\/cms\/jahreskreis\/jahreslosung\/2015\/","og_site_name":"Infos zu feierlichen Anl\u00e4ssen wie Taufe, Konfirmation, Hochzeit &amp; Trauer","article_modified_time":"2023-04-26T13:29:58+00:00","og_image":[{"url":"https:\/\/www.rauhes.de\/cms\/wp-content\/uploads\/2023\/02\/jahreslosung-fotomotiv-2015-1.jpg","type":"","width":"","height":""}],"twitter_card":"summary_large_image","twitter_misc":{"Gesch\u00e4tzte Lesezeit":"5\u00a0Minuten"},"schema":{"@context":"https:\/\/schema.org","@graph":[{"@type":"WebPage","@id":"https:\/\/www.rauhes.de\/cms\/jahreskreis\/jahreslosung\/2015\/","url":"https:\/\/www.rauhes.de\/cms\/jahreskreis\/jahreslosung\/2015\/","name":"Auslegung zur Jahreslosung 2015 \u2013 rauhes.de","isPartOf":{"@id":"https:\/\/www.rauhes.de\/cms\/#website"},"primaryImageOfPage":{"@id":"https:\/\/www.rauhes.de\/cms\/jahreskreis\/jahreslosung\/2015\/#primaryimage"},"image":{"@id":"https:\/\/www.rauhes.de\/cms\/jahreskreis\/jahreslosung\/2015\/#primaryimage"},"thumbnailUrl":"https:\/\/www.rauhes.de\/cms\/wp-content\/uploads\/2023\/02\/jahreslosung-fotomotiv-2015-1.jpg","datePublished":"2023-03-07T09:51:43+00:00","dateModified":"2023-04-26T13:29:58+00:00","description":"\"Nehmt einander an, wie Christus euch angenommen hat zu Gottes Lob.\" Gedanken zur Jahreslosung 2015 & Motive zum Download!","breadcrumb":{"@id":"https:\/\/www.rauhes.de\/cms\/jahreskreis\/jahreslosung\/2015\/#breadcrumb"},"inLanguage":"de","potentialAction":[{"@type":"ReadAction","target":["https:\/\/www.rauhes.de\/cms\/jahreskreis\/jahreslosung\/2015\/"]}]},{"@type":"ImageObject","inLanguage":"de","@id":"https:\/\/www.rauhes.de\/cms\/jahreskreis\/jahreslosung\/2015\/#primaryimage","url":"https:\/\/www.rauhes.de\/cms\/wp-content\/uploads\/2023\/02\/jahreslosung-fotomotiv-2015-1.jpg","contentUrl":"https:\/\/www.rauhes.de\/cms\/wp-content\/uploads\/2023\/02\/jahreslosung-fotomotiv-2015-1.jpg","width":600,"height":849},{"@type":"BreadcrumbList","@id":"https:\/\/www.rauhes.de\/cms\/jahreskreis\/jahreslosung\/2015\/#breadcrumb","itemListElement":[{"@type":"ListItem","position":1,"name":"Startseite","item":"https:\/\/www.rauhes.de\/cms\/"},{"@type":"ListItem","position":2,"name":"Jahreskreis","item":"https:\/\/www.rauhes.de\/cms\/jahreskreis\/"},{"@type":"ListItem","position":3,"name":"Jahreslosung","item":"https:\/\/www.rauhes.de\/cms\/jahreskreis\/jahreslosung\/"},{"@type":"ListItem","position":4,"name":"Jahreslosung 2015"}]},{"@type":"WebSite","@id":"https:\/\/www.rauhes.de\/cms\/#website","url":"https:\/\/www.rauhes.de\/cms\/","name":"Infos zu feierlichen Anl\u00e4ssen wie Taufe, Konfirmation, Hochzeit &amp; Trauer","description":"","publisher":{"@id":"https:\/\/www.rauhes.de\/cms\/#organization"},"potentialAction":[{"@type":"SearchAction","target":{"@type":"EntryPoint","urlTemplate":"https:\/\/www.rauhes.de\/cms\/?s={search_term_string}"},"query-input":{"@type":"PropertyValueSpecification","valueRequired":true,"valueName":"search_term_string"}}],"inLanguage":"de"},{"@type":"Organization","@id":"https:\/\/www.rauhes.de\/cms\/#organization","name":"rauhes.de","url":"https:\/\/www.rauhes.de\/cms\/","logo":{"@type":"ImageObject","inLanguage":"de","@id":"https:\/\/www.rauhes.de\/cms\/#\/schema\/logo\/image\/","url":"https:\/\/www.rauhes.de\/cms\/wp-content\/uploads\/2021\/10\/2x_neu-2.png","contentUrl":"https:\/\/www.rauhes.de\/cms\/wp-content\/uploads\/2021\/10\/2x_neu-2.png","width":300,"height":85,"caption":"rauhes.de"},"image":{"@id":"https:\/\/www.rauhes.de\/cms\/#\/schema\/logo\/image\/"}}]}},"_links":{"self":[{"href":"https:\/\/www.rauhes.de\/cms\/wp-json\/wp\/v2\/pages\/56901","targetHints":{"allow":["GET"]}}],"collection":[{"href":"https:\/\/www.rauhes.de\/cms\/wp-json\/wp\/v2\/pages"}],"about":[{"href":"https:\/\/www.rauhes.de\/cms\/wp-json\/wp\/v2\/types\/page"}],"author":[{"embeddable":true,"href":"https:\/\/www.rauhes.de\/cms\/wp-json\/wp\/v2\/users\/1"}],"replies":[{"embeddable":true,"href":"https:\/\/www.rauhes.de\/cms\/wp-json\/wp\/v2\/comments?post=56901"}],"version-history":[{"count":16,"href":"https:\/\/www.rauhes.de\/cms\/wp-json\/wp\/v2\/pages\/56901\/revisions"}],"predecessor-version":[{"id":57245,"href":"https:\/\/www.rauhes.de\/cms\/wp-json\/wp\/v2\/pages\/56901\/revisions\/57245"}],"up":[{"embeddable":true,"href":"https:\/\/www.rauhes.de\/cms\/wp-json\/wp\/v2\/pages\/56768"}],"wp:attachment":[{"href":"https:\/\/www.rauhes.de\/cms\/wp-json\/wp\/v2\/media?parent=56901"}],"curies":[{"name":"wp","href":"https:\/\/api.w.org\/{rel}","templated":true}]}}