{"id":56897,"date":"2023-03-07T10:50:51","date_gmt":"2023-03-07T09:50:51","guid":{"rendered":"https:\/\/www.rauhes.de\/cms\/?page_id=56897"},"modified":"2023-04-26T15:31:58","modified_gmt":"2023-04-26T13:31:58","slug":"jahreslosung-2016","status":"publish","type":"page","link":"https:\/\/www.rauhes.de\/cms\/jahreskreis\/jahreslosung\/2016\/","title":{"rendered":"Jahreslosung 2016"},"content":{"rendered":"\n<h1 class=\"wp-block-heading\">Jahreslosung 2016: Auslegung &amp; Bild<\/h1>\n\n\n\n<div style=\"height:20px\" aria-hidden=\"true\" class=\"wp-block-spacer\"><\/div>\n\n\n\n<p class=\"has-medium-font-size\" style=\"font-style:italic;font-weight:500\">Gott spricht: Ich will euch tr\u00f6sten, wie einen seine Mutter tr\u00f6stet.&nbsp;<\/p>\n\n\n\n<p style=\"font-size:14px\">Jesaja 66,13&nbsp;<\/p>\n\n\n\n<div style=\"height:10px\" aria-hidden=\"true\" class=\"wp-block-spacer\"><\/div>\n\n\n\n<div class=\"wp-block-columns is-layout-flex wp-container-core-columns-is-layout-9d6595d7 wp-block-columns-is-layout-flex\">\n<div class=\"wp-block-column is-layout-flow wp-block-column-is-layout-flow\" style=\"flex-basis:100%\">\n<div class=\"wp-block-columns is-layout-flex wp-container-core-columns-is-layout-9d6595d7 wp-block-columns-is-layout-flex\">\n<div class=\"wp-block-column is-layout-flow wp-block-column-is-layout-flow\">\n<h2 class=\"wp-block-heading\">Motiv der Agentur des Rauhen Hauses<\/h2>\n\n\n\n<div style=\"height:20px\" aria-hidden=\"true\" class=\"wp-block-spacer\"><\/div>\n\n\n\n<figure class=\"wp-block-image size-full\"><img decoding=\"async\" width=\"600\" height=\"840\" src=\"https:\/\/www.rauhes.de\/cms\/wp-content\/uploads\/2023\/02\/jahreslosung-kunstmotiv-2016.jpg\" alt=\"Motiv zur Jahreslosung 2016\" class=\"wp-image-56898\" srcset=\"https:\/\/www.rauhes.de\/cms\/wp-content\/uploads\/2023\/02\/jahreslosung-kunstmotiv-2016.jpg 600w, https:\/\/www.rauhes.de\/cms\/wp-content\/uploads\/2023\/02\/jahreslosung-kunstmotiv-2016-214x300.jpg 214w\" sizes=\"(max-width: 600px) 100vw, 600px\" \/><figcaption class=\"wp-element-caption\">Sieger Ko\u0308der, Ihre Kinder wird man auf ihren Knien schaukeln<\/figcaption><\/figure>\n<\/div>\n\n\n\n<div class=\"wp-block-column is-layout-flow wp-block-column-is-layout-flow\">\n<h2 class=\"wp-block-heading\">Gedanken zur Jahreslosung 2016&nbsp;<br>von Erik Daummann-Hettenbach<\/h2>\n\n\n\n<div style=\"height:20px\" aria-hidden=\"true\" class=\"wp-block-spacer\"><\/div>\n\n\n\n<p>Es sind Worte von gro\u00dfer Symbolkraft, die der Prophet Jesaja im 6. Jahrhundert v. Chr. an das unter den Eindr\u00fccken von Krieg und Gefangenschaft stehende Volk Israels richtet. Worte lebensbejahender Hoffnung. Gott spricht: \u201eIch will euch tr\u00f6sten, wie einen seine Mutter tr\u00f6stet.&#8220; Durch das Bild der Trost spendenden Mutter, wie es auch Sieger K\u00f6der ganz konkret malerisch umgesetzt hat, k\u00fcndigt Jesaja eine Zeit der Freude und des Friedens an. Jerusalem hei\u00dft \u00fcbersetzt \u201eFriedensstadt&#8220;, und diesem Namen wird sie wieder alle Ehre machen. \u201eDenn nun d\u00fcrft ihr saugen und euch satt trinken an den Br\u00fcsten ihres Trostes&#8220;, hei\u00dft es bei Jesaja, und weiter: \u201eIhre Kinder sollen auf dem Arme getragen werden, und auf den Knien wird man sie liebkosen.\u201c<\/p>\n\n\n\n<p>Aus den chaotisch aufgeworfenen Resten von H\u00e4usern, Mauern und T\u00fcrmen w\u00e4chst die Stadt Jerusalem zur f\u00fcrsorglichen Mutter heran, unter deren Schutz bringendem Mantel sich die Kinder Israels geborgen f\u00fchlen d\u00fcrfen. Mit warmem Urvertrauen greift eines der rotbackig-gesunden Kinder ins Gesicht der Mutter und wei\u00df: \u201eSie ist da. Sie sorgt sich um mich. Es ist alles in Ordnung. Es geht mir gut.\u201c In diesem Bild begegnet uns der m\u00fctterlich beh\u00fctende und besch\u00fctzende Gott. Mehr noch: die Metapher des m\u00fctterlich Trost spendenden Jerusalems wird zum Sinnbild f\u00fcr die Mutter Kirche selbst.<\/p>\n\n\n\n<p>Wie oft stehen wir vor dem Chaos unseres ungeordneten Lebens, vor dem Scherbenhaufen zerbrochener Tr\u00e4ume und vor der Ohnmacht angesichts der heutigen Unmenschlichkeit und der Vielzahl an Kriegsherden auf der ganzen Welt. Sind die Worte des Jesaja von einer liebenden, g\u00fctigen, z\u00e4rtlichen, Frieden und Trost spendenden Mutter am Ende doch <em>nur<\/em> sch\u00f6n klingende Metaphern und Prophetie? Bleibt Sieger K\u00f6ders so einf\u00fchl- und einpr\u00e4gsame Darstellung des zuk\u00fcnftigen Heils Jerusalems doch nur zweidimensionale Vision?<\/p>\n<\/div>\n<\/div>\n\n\n\n<p>In Jesus Christus ist das Jesaja-Wort erf\u00fcllt worden. Es ist keine Vision mehr. Im neuen Bund sind Gottes Reich und Jerusalem gleichsam ihrer geographischen Verortung enthoben: das himmlische Jerusalem ist unsichtbar \u00fcberall dort gegenw\u00e4rtig, wo Menschen im christlichen Glauben zusammenkommen. Die Freudenbotschaft des Jesaja spiegelt sich im Bild der Mutter Kirche wider: durch die Taufe hat sie uns geistlich geboren. Wir trinken die Milch des Evangeliums von den Br\u00fcsten ihres Trostes. Sie enth\u00e4lt gleichsam das Serum des Friedens und der Hoffnung, das uns Kraft gibt, das Leben zu meistern und Trost zu finden bei unserem Gott, der uns Vater und Mutter zugleich ist.<\/p>\n<\/div>\n<\/div>\n\n\n\n<div style=\"height:20px\" aria-hidden=\"true\" class=\"wp-block-spacer\"><\/div>\n\n\n\n<h2 class=\"wp-block-heading\">Neuere Jahreslosungen<\/h2>\n\n\n\n<div class=\"wp-block-columns is-layout-flex wp-container-core-columns-is-layout-9d6595d7 wp-block-columns-is-layout-flex\">\n<div class=\"wp-block-column is-layout-flow wp-block-column-is-layout-flow\">\n<figure class=\"wp-block-image size-full\"><img decoding=\"async\" width=\"300\" height=\"425\" src=\"https:\/\/www.rauhes.de\/cms\/wp-content\/uploads\/2023\/02\/JL-2019-Friedenstaube-Foto-c-Petrenko-Andriy_Shutterstock.com_.jpg\" alt=\"\" class=\"wp-image-56778\" srcset=\"https:\/\/www.rauhes.de\/cms\/wp-content\/uploads\/2023\/02\/JL-2019-Friedenstaube-Foto-c-Petrenko-Andriy_Shutterstock.com_.jpg 300w, https:\/\/www.rauhes.de\/cms\/wp-content\/uploads\/2023\/02\/JL-2019-Friedenstaube-Foto-c-Petrenko-Andriy_Shutterstock.com_-212x300.jpg 212w\" sizes=\"(max-width: 300px) 100vw, 300px\" \/><\/figure>\n\n\n\n<div class=\"tb-button\" data-toolset-blocks-button=\"f4f4f53b3c8b1b22028417d354a209ca\"><a class=\"tb-button__link\" href=\"https:\/\/www.rauhes.de\/cms\/jahreskreis\/jahreslosung\/2019\/\"><i class=\"tb-button__icon\"><\/i><span class=\"tb-button__content\">Jahreslosung 2019<\/span><\/a><\/div>\n<\/div>\n\n\n\n<div class=\"wp-block-column is-layout-flow wp-block-column-is-layout-flow\">\n<figure class=\"wp-block-image size-full\"><img decoding=\"async\" width=\"300\" height=\"423\" src=\"https:\/\/www.rauhes.de\/cms\/wp-content\/uploads\/2023\/02\/JL-2018-Hoffnungskreuz-Foto-c-Jetrel_Shutterstock.com_.jpg\" alt=\"\" class=\"wp-image-56779\" srcset=\"https:\/\/www.rauhes.de\/cms\/wp-content\/uploads\/2023\/02\/JL-2018-Hoffnungskreuz-Foto-c-Jetrel_Shutterstock.com_.jpg 300w, https:\/\/www.rauhes.de\/cms\/wp-content\/uploads\/2023\/02\/JL-2018-Hoffnungskreuz-Foto-c-Jetrel_Shutterstock.com_-213x300.jpg 213w\" sizes=\"(max-width: 300px) 100vw, 300px\" \/><\/figure>\n\n\n\n<div class=\"tb-button\" data-toolset-blocks-button=\"5611131a712120cd5fe21b326de9cbab\"><a class=\"tb-button__link\" href=\"https:\/\/www.rauhes.de\/cms\/jahreskreis\/jahreslosung\/2018\/\"><i class=\"tb-button__icon\"><\/i><span class=\"tb-button__content\">Jahreslosung 2018<\/span><\/a><\/div>\n<\/div>\n\n\n\n<div class=\"wp-block-column is-layout-flow wp-block-column-is-layout-flow\">\n<figure class=\"wp-block-image size-full\"><img decoding=\"async\" width=\"300\" height=\"425\" src=\"https:\/\/www.rauhes.de\/cms\/wp-content\/uploads\/2023\/02\/JL-2017-Angelika-Litzkendorf-Lutherrose.jpg\" alt=\"\" class=\"wp-image-56780\" srcset=\"https:\/\/www.rauhes.de\/cms\/wp-content\/uploads\/2023\/02\/JL-2017-Angelika-Litzkendorf-Lutherrose.jpg 300w, https:\/\/www.rauhes.de\/cms\/wp-content\/uploads\/2023\/02\/JL-2017-Angelika-Litzkendorf-Lutherrose-212x300.jpg 212w\" sizes=\"(max-width: 300px) 100vw, 300px\" \/><\/figure>\n\n\n\n<div class=\"tb-button\" data-toolset-blocks-button=\"aefaca8484d2ddff035dfa827b222794\"><a class=\"tb-button__link\" href=\"https:\/\/www.rauhes.de\/cms\/jahreskreis\/jahreslosung\/2017\/\"><i class=\"tb-button__icon\"><\/i><span class=\"tb-button__content\">Jahreslosung 2017<\/span><\/a><\/div>\n<\/div>\n<\/div>\n","protected":false},"excerpt":{"rendered":"<p>Jahreslosung 2016: Auslegung &amp; Bild Gott spricht: Ich will euch tr\u00f6sten, wie einen seine Mutter tr\u00f6stet.&nbsp; Jesaja 66,13&nbsp; Motiv der Agentur des Rauhen Hauses Gedanken zur Jahreslosung 2016&nbsp;von Erik Daummann-Hettenbach Es sind Worte von gro\u00dfer Symbolkraft, die der Prophet Jesaja im 6. Jahrhundert v. Chr. an das unter den Eindr\u00fccken von Krieg und Gefangenschaft stehende [&hellip;]<\/p>\n","protected":false},"author":1,"featured_media":0,"parent":56768,"menu_order":0,"comment_status":"closed","ping_status":"closed","template":"","meta":{"ngg_post_thumbnail":0,"footnotes":""},"class_list":["post-56897","page","type-page","status-publish","hentry"],"yoast_head":"<!-- This site is optimized with the Yoast SEO plugin v27.3 - https:\/\/yoast.com\/product\/yoast-seo-wordpress\/ -->\n<title>Auslegung zur Jahreslosung 2016 \u2013 rauhes.de<\/title>\n<meta name=\"description\" content=\"&quot;Gott spricht: Ich will euch tr\u00f6sten, wie einen seine Mutter tr\u00f6stet.&quot; Gedanken zur Jahreslosung 2016 &amp; Motiv zum Download!\" \/>\n<meta name=\"robots\" content=\"index, follow, max-snippet:-1, max-image-preview:large, max-video-preview:-1\" \/>\n<link rel=\"canonical\" href=\"https:\/\/www.rauhes.de\/cms\/jahreskreis\/jahreslosung\/2016\/\" \/>\n<meta property=\"og:locale\" content=\"de_DE\" \/>\n<meta property=\"og:type\" content=\"article\" \/>\n<meta property=\"og:title\" content=\"Auslegung zur Jahreslosung 2016 \u2013 rauhes.de\" \/>\n<meta property=\"og:description\" content=\"&quot;Gott spricht: Ich will euch tr\u00f6sten, wie einen seine Mutter tr\u00f6stet.&quot; Gedanken zur Jahreslosung 2016 &amp; Motiv zum Download!\" \/>\n<meta property=\"og:url\" content=\"https:\/\/www.rauhes.de\/cms\/jahreskreis\/jahreslosung\/2016\/\" \/>\n<meta property=\"og:site_name\" content=\"Infos zu feierlichen Anl\u00e4ssen wie Taufe, Konfirmation, Hochzeit &amp; Trauer\" \/>\n<meta property=\"article:modified_time\" content=\"2023-04-26T13:31:58+00:00\" \/>\n<meta property=\"og:image\" content=\"https:\/\/www.rauhes.de\/cms\/wp-content\/uploads\/2023\/02\/jahreslosung-kunstmotiv-2016.jpg\" \/>\n<meta name=\"twitter:card\" content=\"summary_large_image\" \/>\n<meta name=\"twitter:label1\" content=\"Gesch\u00e4tzte Lesezeit\" \/>\n\t<meta name=\"twitter:data1\" content=\"2\u00a0Minuten\" \/>\n<script type=\"application\/ld+json\" class=\"yoast-schema-graph\">{\"@context\":\"https:\\\/\\\/schema.org\",\"@graph\":[{\"@type\":\"WebPage\",\"@id\":\"https:\\\/\\\/www.rauhes.de\\\/cms\\\/jahreskreis\\\/jahreslosung\\\/2016\\\/\",\"url\":\"https:\\\/\\\/www.rauhes.de\\\/cms\\\/jahreskreis\\\/jahreslosung\\\/2016\\\/\",\"name\":\"Auslegung zur Jahreslosung 2016 \u2013 rauhes.de\",\"isPartOf\":{\"@id\":\"https:\\\/\\\/www.rauhes.de\\\/cms\\\/#website\"},\"primaryImageOfPage\":{\"@id\":\"https:\\\/\\\/www.rauhes.de\\\/cms\\\/jahreskreis\\\/jahreslosung\\\/2016\\\/#primaryimage\"},\"image\":{\"@id\":\"https:\\\/\\\/www.rauhes.de\\\/cms\\\/jahreskreis\\\/jahreslosung\\\/2016\\\/#primaryimage\"},\"thumbnailUrl\":\"https:\\\/\\\/www.rauhes.de\\\/cms\\\/wp-content\\\/uploads\\\/2023\\\/02\\\/jahreslosung-kunstmotiv-2016.jpg\",\"datePublished\":\"2023-03-07T09:50:51+00:00\",\"dateModified\":\"2023-04-26T13:31:58+00:00\",\"description\":\"\\\"Gott spricht: Ich will euch tr\u00f6sten, wie einen seine Mutter tr\u00f6stet.\\\" Gedanken zur Jahreslosung 2016 & Motiv zum Download!\",\"breadcrumb\":{\"@id\":\"https:\\\/\\\/www.rauhes.de\\\/cms\\\/jahreskreis\\\/jahreslosung\\\/2016\\\/#breadcrumb\"},\"inLanguage\":\"de\",\"potentialAction\":[{\"@type\":\"ReadAction\",\"target\":[\"https:\\\/\\\/www.rauhes.de\\\/cms\\\/jahreskreis\\\/jahreslosung\\\/2016\\\/\"]}]},{\"@type\":\"ImageObject\",\"inLanguage\":\"de\",\"@id\":\"https:\\\/\\\/www.rauhes.de\\\/cms\\\/jahreskreis\\\/jahreslosung\\\/2016\\\/#primaryimage\",\"url\":\"https:\\\/\\\/www.rauhes.de\\\/cms\\\/wp-content\\\/uploads\\\/2023\\\/02\\\/jahreslosung-kunstmotiv-2016.jpg\",\"contentUrl\":\"https:\\\/\\\/www.rauhes.de\\\/cms\\\/wp-content\\\/uploads\\\/2023\\\/02\\\/jahreslosung-kunstmotiv-2016.jpg\",\"width\":600,\"height\":840},{\"@type\":\"BreadcrumbList\",\"@id\":\"https:\\\/\\\/www.rauhes.de\\\/cms\\\/jahreskreis\\\/jahreslosung\\\/2016\\\/#breadcrumb\",\"itemListElement\":[{\"@type\":\"ListItem\",\"position\":1,\"name\":\"Startseite\",\"item\":\"https:\\\/\\\/www.rauhes.de\\\/cms\\\/\"},{\"@type\":\"ListItem\",\"position\":2,\"name\":\"Jahreskreis\",\"item\":\"https:\\\/\\\/www.rauhes.de\\\/cms\\\/jahreskreis\\\/\"},{\"@type\":\"ListItem\",\"position\":3,\"name\":\"Jahreslosung\",\"item\":\"https:\\\/\\\/www.rauhes.de\\\/cms\\\/jahreskreis\\\/jahreslosung\\\/\"},{\"@type\":\"ListItem\",\"position\":4,\"name\":\"Jahreslosung 2016\"}]},{\"@type\":\"WebSite\",\"@id\":\"https:\\\/\\\/www.rauhes.de\\\/cms\\\/#website\",\"url\":\"https:\\\/\\\/www.rauhes.de\\\/cms\\\/\",\"name\":\"Infos zu feierlichen Anl\u00e4ssen wie Taufe, Konfirmation, Hochzeit &amp; Trauer\",\"description\":\"\",\"publisher\":{\"@id\":\"https:\\\/\\\/www.rauhes.de\\\/cms\\\/#organization\"},\"potentialAction\":[{\"@type\":\"SearchAction\",\"target\":{\"@type\":\"EntryPoint\",\"urlTemplate\":\"https:\\\/\\\/www.rauhes.de\\\/cms\\\/?s={search_term_string}\"},\"query-input\":{\"@type\":\"PropertyValueSpecification\",\"valueRequired\":true,\"valueName\":\"search_term_string\"}}],\"inLanguage\":\"de\"},{\"@type\":\"Organization\",\"@id\":\"https:\\\/\\\/www.rauhes.de\\\/cms\\\/#organization\",\"name\":\"rauhes.de\",\"url\":\"https:\\\/\\\/www.rauhes.de\\\/cms\\\/\",\"logo\":{\"@type\":\"ImageObject\",\"inLanguage\":\"de\",\"@id\":\"https:\\\/\\\/www.rauhes.de\\\/cms\\\/#\\\/schema\\\/logo\\\/image\\\/\",\"url\":\"https:\\\/\\\/www.rauhes.de\\\/cms\\\/wp-content\\\/uploads\\\/2021\\\/10\\\/2x_neu-2.png\",\"contentUrl\":\"https:\\\/\\\/www.rauhes.de\\\/cms\\\/wp-content\\\/uploads\\\/2021\\\/10\\\/2x_neu-2.png\",\"width\":300,\"height\":85,\"caption\":\"rauhes.de\"},\"image\":{\"@id\":\"https:\\\/\\\/www.rauhes.de\\\/cms\\\/#\\\/schema\\\/logo\\\/image\\\/\"}}]}<\/script>\n<!-- \/ Yoast SEO plugin. -->","yoast_head_json":{"title":"Auslegung zur Jahreslosung 2016 \u2013 rauhes.de","description":"\"Gott spricht: Ich will euch tr\u00f6sten, wie einen seine Mutter tr\u00f6stet.\" Gedanken zur Jahreslosung 2016 & Motiv zum Download!","robots":{"index":"index","follow":"follow","max-snippet":"max-snippet:-1","max-image-preview":"max-image-preview:large","max-video-preview":"max-video-preview:-1"},"canonical":"https:\/\/www.rauhes.de\/cms\/jahreskreis\/jahreslosung\/2016\/","og_locale":"de_DE","og_type":"article","og_title":"Auslegung zur Jahreslosung 2016 \u2013 rauhes.de","og_description":"\"Gott spricht: Ich will euch tr\u00f6sten, wie einen seine Mutter tr\u00f6stet.\" Gedanken zur Jahreslosung 2016 & Motiv zum Download!","og_url":"https:\/\/www.rauhes.de\/cms\/jahreskreis\/jahreslosung\/2016\/","og_site_name":"Infos zu feierlichen Anl\u00e4ssen wie Taufe, Konfirmation, Hochzeit &amp; Trauer","article_modified_time":"2023-04-26T13:31:58+00:00","og_image":[{"url":"https:\/\/www.rauhes.de\/cms\/wp-content\/uploads\/2023\/02\/jahreslosung-kunstmotiv-2016.jpg","type":"","width":"","height":""}],"twitter_card":"summary_large_image","twitter_misc":{"Gesch\u00e4tzte Lesezeit":"2\u00a0Minuten"},"schema":{"@context":"https:\/\/schema.org","@graph":[{"@type":"WebPage","@id":"https:\/\/www.rauhes.de\/cms\/jahreskreis\/jahreslosung\/2016\/","url":"https:\/\/www.rauhes.de\/cms\/jahreskreis\/jahreslosung\/2016\/","name":"Auslegung zur Jahreslosung 2016 \u2013 rauhes.de","isPartOf":{"@id":"https:\/\/www.rauhes.de\/cms\/#website"},"primaryImageOfPage":{"@id":"https:\/\/www.rauhes.de\/cms\/jahreskreis\/jahreslosung\/2016\/#primaryimage"},"image":{"@id":"https:\/\/www.rauhes.de\/cms\/jahreskreis\/jahreslosung\/2016\/#primaryimage"},"thumbnailUrl":"https:\/\/www.rauhes.de\/cms\/wp-content\/uploads\/2023\/02\/jahreslosung-kunstmotiv-2016.jpg","datePublished":"2023-03-07T09:50:51+00:00","dateModified":"2023-04-26T13:31:58+00:00","description":"\"Gott spricht: Ich will euch tr\u00f6sten, wie einen seine Mutter tr\u00f6stet.\" Gedanken zur Jahreslosung 2016 & Motiv zum Download!","breadcrumb":{"@id":"https:\/\/www.rauhes.de\/cms\/jahreskreis\/jahreslosung\/2016\/#breadcrumb"},"inLanguage":"de","potentialAction":[{"@type":"ReadAction","target":["https:\/\/www.rauhes.de\/cms\/jahreskreis\/jahreslosung\/2016\/"]}]},{"@type":"ImageObject","inLanguage":"de","@id":"https:\/\/www.rauhes.de\/cms\/jahreskreis\/jahreslosung\/2016\/#primaryimage","url":"https:\/\/www.rauhes.de\/cms\/wp-content\/uploads\/2023\/02\/jahreslosung-kunstmotiv-2016.jpg","contentUrl":"https:\/\/www.rauhes.de\/cms\/wp-content\/uploads\/2023\/02\/jahreslosung-kunstmotiv-2016.jpg","width":600,"height":840},{"@type":"BreadcrumbList","@id":"https:\/\/www.rauhes.de\/cms\/jahreskreis\/jahreslosung\/2016\/#breadcrumb","itemListElement":[{"@type":"ListItem","position":1,"name":"Startseite","item":"https:\/\/www.rauhes.de\/cms\/"},{"@type":"ListItem","position":2,"name":"Jahreskreis","item":"https:\/\/www.rauhes.de\/cms\/jahreskreis\/"},{"@type":"ListItem","position":3,"name":"Jahreslosung","item":"https:\/\/www.rauhes.de\/cms\/jahreskreis\/jahreslosung\/"},{"@type":"ListItem","position":4,"name":"Jahreslosung 2016"}]},{"@type":"WebSite","@id":"https:\/\/www.rauhes.de\/cms\/#website","url":"https:\/\/www.rauhes.de\/cms\/","name":"Infos zu feierlichen Anl\u00e4ssen wie Taufe, Konfirmation, Hochzeit &amp; Trauer","description":"","publisher":{"@id":"https:\/\/www.rauhes.de\/cms\/#organization"},"potentialAction":[{"@type":"SearchAction","target":{"@type":"EntryPoint","urlTemplate":"https:\/\/www.rauhes.de\/cms\/?s={search_term_string}"},"query-input":{"@type":"PropertyValueSpecification","valueRequired":true,"valueName":"search_term_string"}}],"inLanguage":"de"},{"@type":"Organization","@id":"https:\/\/www.rauhes.de\/cms\/#organization","name":"rauhes.de","url":"https:\/\/www.rauhes.de\/cms\/","logo":{"@type":"ImageObject","inLanguage":"de","@id":"https:\/\/www.rauhes.de\/cms\/#\/schema\/logo\/image\/","url":"https:\/\/www.rauhes.de\/cms\/wp-content\/uploads\/2021\/10\/2x_neu-2.png","contentUrl":"https:\/\/www.rauhes.de\/cms\/wp-content\/uploads\/2021\/10\/2x_neu-2.png","width":300,"height":85,"caption":"rauhes.de"},"image":{"@id":"https:\/\/www.rauhes.de\/cms\/#\/schema\/logo\/image\/"}}]}},"_links":{"self":[{"href":"https:\/\/www.rauhes.de\/cms\/wp-json\/wp\/v2\/pages\/56897","targetHints":{"allow":["GET"]}}],"collection":[{"href":"https:\/\/www.rauhes.de\/cms\/wp-json\/wp\/v2\/pages"}],"about":[{"href":"https:\/\/www.rauhes.de\/cms\/wp-json\/wp\/v2\/types\/page"}],"author":[{"embeddable":true,"href":"https:\/\/www.rauhes.de\/cms\/wp-json\/wp\/v2\/users\/1"}],"replies":[{"embeddable":true,"href":"https:\/\/www.rauhes.de\/cms\/wp-json\/wp\/v2\/comments?post=56897"}],"version-history":[{"count":5,"href":"https:\/\/www.rauhes.de\/cms\/wp-json\/wp\/v2\/pages\/56897\/revisions"}],"predecessor-version":[{"id":57247,"href":"https:\/\/www.rauhes.de\/cms\/wp-json\/wp\/v2\/pages\/56897\/revisions\/57247"}],"up":[{"embeddable":true,"href":"https:\/\/www.rauhes.de\/cms\/wp-json\/wp\/v2\/pages\/56768"}],"wp:attachment":[{"href":"https:\/\/www.rauhes.de\/cms\/wp-json\/wp\/v2\/media?parent=56897"}],"curies":[{"name":"wp","href":"https:\/\/api.w.org\/{rel}","templated":true}]}}