{"id":56888,"date":"2023-03-07T10:48:28","date_gmt":"2023-03-07T09:48:28","guid":{"rendered":"https:\/\/www.rauhes.de\/cms\/?page_id=56888"},"modified":"2023-04-26T15:36:22","modified_gmt":"2023-04-26T13:36:22","slug":"jahreslosung-2018","status":"publish","type":"page","link":"https:\/\/www.rauhes.de\/cms\/jahreskreis\/jahreslosung\/2018\/","title":{"rendered":"Jahreslosung 2018"},"content":{"rendered":"\n<h1 class=\"wp-block-heading\">Jahreslosung 2018: Auslegung &amp; Bild<\/h1>\n\n\n\n<div style=\"height:20px\" aria-hidden=\"true\" class=\"wp-block-spacer\"><\/div>\n\n\n\n<p class=\"has-medium-font-size\" style=\"font-style:italic;font-weight:500\">Ich will dem Durstigen&nbsp;geben von der Quelle des lebendigen Wassers umsonst.<\/p>\n\n\n\n<p style=\"font-size:14px\">Offenbarung 21,6&nbsp;<\/p>\n\n\n\n<div style=\"height:10px\" aria-hidden=\"true\" class=\"wp-block-spacer\"><\/div>\n\n\n\n<div class=\"wp-block-columns is-layout-flex wp-container-core-columns-is-layout-9d6595d7 wp-block-columns-is-layout-flex\">\n<div class=\"wp-block-column is-layout-flow wp-block-column-is-layout-flow\" style=\"flex-basis:100%\">\n<div class=\"wp-block-columns is-layout-flex wp-container-core-columns-is-layout-9d6595d7 wp-block-columns-is-layout-flex\">\n<div class=\"wp-block-column is-layout-flow wp-block-column-is-layout-flow\">\n<h2 class=\"wp-block-heading\">Motiv der Agentur des Rauhen Hauses<\/h2>\n\n\n\n<div style=\"height:20px\" aria-hidden=\"true\" class=\"wp-block-spacer\"><\/div>\n\n\n\n<figure class=\"wp-block-image size-full\"><img decoding=\"async\" width=\"600\" height=\"847\" src=\"https:\/\/www.rauhes.de\/cms\/wp-content\/uploads\/2023\/02\/jahreslosung-kunstmotiv-2018.jpg\" alt=\"Motiv zur Jahreslosung 2018\" class=\"wp-image-56889\" srcset=\"https:\/\/www.rauhes.de\/cms\/wp-content\/uploads\/2023\/02\/jahreslosung-kunstmotiv-2018.jpg 600w, https:\/\/www.rauhes.de\/cms\/wp-content\/uploads\/2023\/02\/jahreslosung-kunstmotiv-2018-213x300.jpg 213w\" sizes=\"(max-width: 600px) 100vw, 600px\" \/><figcaption class=\"wp-element-caption\">Hoffnungskreuz, Foto \u00a9 Jetrel \/ Shutterstock.com<\/figcaption><\/figure>\n<\/div>\n\n\n\n<div class=\"wp-block-column is-layout-flow wp-block-column-is-layout-flow\">\n<h2 class=\"wp-block-heading\">Gedanken zur Jahreslosung 2018&nbsp;<br>von Olaf Neuenfeldt<\/h2>\n\n\n\n<div style=\"height:20px\" aria-hidden=\"true\" class=\"wp-block-spacer\"><\/div>\n\n\n\n<p>Im Urlaub schweift mein Blick \u00fcber das Meer. Seezeichen weisen den Weg an Untiefen vorbei. In der Seemannssprache bezeichnet man mit Untiefen die gef\u00e4hrlichen flachen Stellen, an denen ein Schiff auf Grund laufen kann.<\/p>\n\n\n\n<p>Untiefen gibt es auch im normalen Leben: Situationen ungewisser Zukunft, die Angst machen. Ich denke an das politische Gleichgewicht unseres Globus und in den einzelnen L\u00e4ndern: Krieg, Gewalt, Fl\u00fcchtlinge, Machtergreifung, Terror. Wohin wird sich das entwickeln?&nbsp; Das Bed\u00fcrfnis nach Frieden, Freiheit und Sicherheit ist enorm. Ich denke an pers\u00f6nliche Lebenslagen: Streit in der Familie, die Herausforderungen am Arbeitsplatz oder die Suche nach Arbeit, Krankheit oder andere belastende Dinge. Was wird damit werden? Die Sehnsucht nach Gl\u00fcck, Wohlergehen und&nbsp; erf\u00fclltem Leben ist gro\u00df.<\/p>\n\n\n\n<p>Das Bild zur Jahreslosung zeigt so eine Untiefe. Gleichzeitig ist es mit dem Wort von der Quelle lebendigen Wassers verbunden. Steine f\u00fchren hindurch, geben Halt und Sicherheit. Josua hat seinerzeit zw\u00f6lf Steine im Jordan aufrichten lassen. Und zwar dort, wo die Priester standen, um die Steintafeln mit den Zehn Geboten hindurchzutragen. So werden die Zehn Gebote zu Wegzeichen durch die Untiefen des Lebens. Gleichzeitig weisen sie den Weg in das gelobte Land und zu einem erf\u00fcllten Leben: Ein Leben, das Tiefe hat. Jesus sprach im fremden Land mit einer fremden Frau. Ort des Geschehens: ein tiefer Brunnen. Ergebnis des Gespr\u00e4chs: Jesus verspricht der Frau lebendig machendes Wasser. Fazit: Die Begegnung mit Jesus f\u00fchrt aus der Untiefe und gibt dem eigenen Leben Tiefe. Johannes sah eine Welt ohne Leid, Geschrei und Schmerz, wo&nbsp; Gott alle Tr\u00e4nen abwischen wird. Und ihm wurde gesagt: \u201eIch will dem Durstigen geben von der Quelle des lebendigen Wassers umsonst.\u201c Der Durst nach einer neuen besseren Welt ist gro\u00df und seine Stillung keine unerf\u00fcllbare Utopie. Sie kann wahr werden.<\/p>\n<\/div>\n<\/div>\n\n\n\n<p>Im Wasser liegen sieben Steine und ein Steinkreuz. Sie sind unsere Wegzeichen durch die Untiefen des Lebens: Wegzeichen, die dem Leben Tiefe geben. Die sieben Steine k\u00f6nnen die sieben christlichen Tugenden sein: Glaube, Liebe, Hoffnung sowie Weisheit, Gerechtigkeit, Hingabe (Tapferkeit) und Sanftmut (M\u00e4\u00dfigung). Das Kreuz verdeutlicht, worauf es ankommt: Jesus Christus mit seiner Beziehung zu Gott (senkrechter Balken) und zu uns Menschen (Querbalken). Gott ist zu uns wie ein guter Vater. Darum sollen wir auch gut zu allen Mitmenschen sein.<\/p>\n\n\n\n<p>Dabei ist es so, wie es in dem bekannten Gesangbuchlied \u201eIns Wasser f\u00e4llt ein Stein\u201c geschildert wird. Gottes Liebe wirkt durch uns in Tat und Wort in der ganzen Welt. Sie verbindet die Menschen. Wir m\u00fcssen nichts tun und wir k\u00f6nnen nichts tun:&nbsp; Nur Gottes Liebe annehmen, sich die H\u00e4nde von ihm f\u00fcllen lassen, ganz umsonst! Das verk\u00f6rpert Jesus f\u00fcr uns. Und das zieht seine Kreise. Das sind die drei Steine Glaube, Liebe, Hoffnung.<\/p>\n\n\n\n<p>Weise ist, wer sich an Christus orientiert, Vers\u00f6hnung \u00fcbt und zur Vergebung bereit ist. Gerecht ist, wer ihm von Herzen nachfolgt, dabei die Zehn Gebote beachtet und der Menschlichkeit zum Recht verhilft. Tapfer ist, wer zur Hingabe f\u00e4hig ist, mit anderen zu weinen, f\u00fcr sie einzutreten oder Widerstand zu leisten. Sanftm\u00fctig ist, wer sich m\u00e4\u00dfigen kann: bei Essen und Trinken, im Umgang mit der Sch\u00f6pfung oder bei Gef\u00fchlsausbr\u00fcchen wie Zorn oder Begierden.<\/p>\n\n\n\n<p>So kann die Jahreslosung zum Lotsen werden f\u00fcr die Politik wie f\u00fcr unser pers\u00f6nliches Leben. Die Schiffe verbinden mit ihren G\u00fctern die Menschen auf der ganzen Welt. So ist es auch mit Gottes Liebe. Lass dich beschenken \u2013 umsonst!<\/p>\n<\/div>\n<\/div>\n\n\n\n<div style=\"height:20px\" aria-hidden=\"true\" class=\"wp-block-spacer\"><\/div>\n\n\n\n<h2 class=\"wp-block-heading\">Neuere Jahreslosungen<\/h2>\n\n\n\n<div class=\"wp-block-columns is-layout-flex wp-container-core-columns-is-layout-9d6595d7 wp-block-columns-is-layout-flex\">\n<div class=\"wp-block-column is-layout-flow wp-block-column-is-layout-flow\">\n<figure class=\"wp-block-image size-full\"><img decoding=\"async\" width=\"300\" height=\"427\" src=\"https:\/\/www.rauhes.de\/cms\/wp-content\/uploads\/2023\/02\/JL-2021-Angelika-Litzkendorf-Barmherzig.jpg\" alt=\"\" class=\"wp-image-56776\" srcset=\"https:\/\/www.rauhes.de\/cms\/wp-content\/uploads\/2023\/02\/JL-2021-Angelika-Litzkendorf-Barmherzig.jpg 300w, https:\/\/www.rauhes.de\/cms\/wp-content\/uploads\/2023\/02\/JL-2021-Angelika-Litzkendorf-Barmherzig-211x300.jpg 211w\" sizes=\"(max-width: 300px) 100vw, 300px\" \/><\/figure>\n\n\n\n<div class=\"tb-button\" data-toolset-blocks-button=\"2b8f4662acf07e271534ffd7718d4d89\"><a class=\"tb-button__link\" href=\"https:\/\/www.rauhes.de\/cms\/jahreskreis\/jahreslosung\/2021\/\"><i class=\"tb-button__icon\"><\/i><span class=\"tb-button__content\">Jahreslosung 2021<\/span><\/a><\/div>\n<\/div>\n\n\n\n<div class=\"wp-block-column is-layout-flow wp-block-column-is-layout-flow\">\n<figure class=\"wp-block-image size-full\"><img decoding=\"async\" width=\"300\" height=\"425\" src=\"https:\/\/www.rauhes.de\/cms\/wp-content\/uploads\/2023\/02\/JL-2020-Glaube_Waltraud-Zizelmann.jpg\" alt=\"\" class=\"wp-image-56777\" srcset=\"https:\/\/www.rauhes.de\/cms\/wp-content\/uploads\/2023\/02\/JL-2020-Glaube_Waltraud-Zizelmann.jpg 300w, https:\/\/www.rauhes.de\/cms\/wp-content\/uploads\/2023\/02\/JL-2020-Glaube_Waltraud-Zizelmann-212x300.jpg 212w\" sizes=\"(max-width: 300px) 100vw, 300px\" \/><\/figure>\n\n\n\n<div class=\"tb-button\" data-toolset-blocks-button=\"b23b1bfab91ced1233dbff1163a79f08\"><a class=\"tb-button__link\" href=\"https:\/\/www.rauhes.de\/cms\/jahreskreis\/jahreslosung\/2020\/\"><i class=\"tb-button__icon\"><\/i><span class=\"tb-button__content\">Jahreslosung 2020<\/span><\/a><\/div>\n<\/div>\n\n\n\n<div class=\"wp-block-column is-layout-flow wp-block-column-is-layout-flow\">\n<figure class=\"wp-block-image size-full\"><img decoding=\"async\" width=\"300\" height=\"425\" src=\"https:\/\/www.rauhes.de\/cms\/wp-content\/uploads\/2023\/02\/JL-2019-Friedenstaube-Foto-c-Petrenko-Andriy_Shutterstock.com_.jpg\" alt=\"\" class=\"wp-image-56778\" srcset=\"https:\/\/www.rauhes.de\/cms\/wp-content\/uploads\/2023\/02\/JL-2019-Friedenstaube-Foto-c-Petrenko-Andriy_Shutterstock.com_.jpg 300w, https:\/\/www.rauhes.de\/cms\/wp-content\/uploads\/2023\/02\/JL-2019-Friedenstaube-Foto-c-Petrenko-Andriy_Shutterstock.com_-212x300.jpg 212w\" sizes=\"(max-width: 300px) 100vw, 300px\" \/><\/figure>\n\n\n\n<div class=\"tb-button\" data-toolset-blocks-button=\"f4f4f53b3c8b1b22028417d354a209ca\"><a class=\"tb-button__link\" href=\"https:\/\/www.rauhes.de\/cms\/jahreskreis\/jahreslosung\/2019\/\"><i class=\"tb-button__icon\"><\/i><span class=\"tb-button__content\">Jahreslosung 2019<\/span><\/a><\/div>\n<\/div>\n<\/div>\n","protected":false},"excerpt":{"rendered":"<p>Jahreslosung 2018: Auslegung &amp; Bild Ich will dem Durstigen&nbsp;geben von der Quelle des lebendigen Wassers umsonst. Offenbarung 21,6&nbsp; Motiv der Agentur des Rauhen Hauses Gedanken zur Jahreslosung 2018&nbsp;von Olaf Neuenfeldt Im Urlaub schweift mein Blick \u00fcber das Meer. Seezeichen weisen den Weg an Untiefen vorbei. In der Seemannssprache bezeichnet man mit Untiefen die gef\u00e4hrlichen flachen [&hellip;]<\/p>\n","protected":false},"author":1,"featured_media":0,"parent":56768,"menu_order":0,"comment_status":"closed","ping_status":"closed","template":"","meta":{"ngg_post_thumbnail":0,"footnotes":""},"class_list":["post-56888","page","type-page","status-publish","hentry"],"yoast_head":"<!-- This site is optimized with the Yoast SEO plugin v27.3 - https:\/\/yoast.com\/product\/yoast-seo-wordpress\/ -->\n<title>Auslegung zur Jahreslosung 2018 \u2013 rauhes.de<\/title>\n<meta name=\"description\" content=\"&quot;Ich will dem Durstigen\u00a0geben von der Quelle des lebendigen Wassers umsonst..&quot; Gedanken zur Jahreslosung 2018 &amp; Motiv zum Download!\" \/>\n<meta name=\"robots\" content=\"index, follow, max-snippet:-1, max-image-preview:large, max-video-preview:-1\" \/>\n<link rel=\"canonical\" href=\"https:\/\/www.rauhes.de\/cms\/jahreskreis\/jahreslosung\/2018\/\" \/>\n<meta property=\"og:locale\" content=\"de_DE\" \/>\n<meta property=\"og:type\" content=\"article\" \/>\n<meta property=\"og:title\" content=\"Auslegung zur Jahreslosung 2018 \u2013 rauhes.de\" \/>\n<meta property=\"og:description\" content=\"&quot;Ich will dem Durstigen\u00a0geben von der Quelle des lebendigen Wassers umsonst..&quot; Gedanken zur Jahreslosung 2018 &amp; Motiv zum Download!\" \/>\n<meta property=\"og:url\" content=\"https:\/\/www.rauhes.de\/cms\/jahreskreis\/jahreslosung\/2018\/\" \/>\n<meta property=\"og:site_name\" content=\"Infos zu feierlichen Anl\u00e4ssen wie Taufe, Konfirmation, Hochzeit &amp; Trauer\" \/>\n<meta property=\"article:modified_time\" content=\"2023-04-26T13:36:22+00:00\" \/>\n<meta property=\"og:image\" content=\"https:\/\/www.rauhes.de\/cms\/wp-content\/uploads\/2023\/02\/jahreslosung-kunstmotiv-2018.jpg\" \/>\n<meta name=\"twitter:card\" content=\"summary_large_image\" \/>\n<meta name=\"twitter:label1\" content=\"Gesch\u00e4tzte Lesezeit\" \/>\n\t<meta name=\"twitter:data1\" content=\"3\u00a0Minuten\" \/>\n<script type=\"application\/ld+json\" class=\"yoast-schema-graph\">{\"@context\":\"https:\\\/\\\/schema.org\",\"@graph\":[{\"@type\":\"WebPage\",\"@id\":\"https:\\\/\\\/www.rauhes.de\\\/cms\\\/jahreskreis\\\/jahreslosung\\\/2018\\\/\",\"url\":\"https:\\\/\\\/www.rauhes.de\\\/cms\\\/jahreskreis\\\/jahreslosung\\\/2018\\\/\",\"name\":\"Auslegung zur Jahreslosung 2018 \u2013 rauhes.de\",\"isPartOf\":{\"@id\":\"https:\\\/\\\/www.rauhes.de\\\/cms\\\/#website\"},\"primaryImageOfPage\":{\"@id\":\"https:\\\/\\\/www.rauhes.de\\\/cms\\\/jahreskreis\\\/jahreslosung\\\/2018\\\/#primaryimage\"},\"image\":{\"@id\":\"https:\\\/\\\/www.rauhes.de\\\/cms\\\/jahreskreis\\\/jahreslosung\\\/2018\\\/#primaryimage\"},\"thumbnailUrl\":\"https:\\\/\\\/www.rauhes.de\\\/cms\\\/wp-content\\\/uploads\\\/2023\\\/02\\\/jahreslosung-kunstmotiv-2018.jpg\",\"datePublished\":\"2023-03-07T09:48:28+00:00\",\"dateModified\":\"2023-04-26T13:36:22+00:00\",\"description\":\"\\\"Ich will dem Durstigen\u00a0geben von der Quelle des lebendigen Wassers umsonst..\\\" Gedanken zur Jahreslosung 2018 & Motiv zum Download!\",\"breadcrumb\":{\"@id\":\"https:\\\/\\\/www.rauhes.de\\\/cms\\\/jahreskreis\\\/jahreslosung\\\/2018\\\/#breadcrumb\"},\"inLanguage\":\"de\",\"potentialAction\":[{\"@type\":\"ReadAction\",\"target\":[\"https:\\\/\\\/www.rauhes.de\\\/cms\\\/jahreskreis\\\/jahreslosung\\\/2018\\\/\"]}]},{\"@type\":\"ImageObject\",\"inLanguage\":\"de\",\"@id\":\"https:\\\/\\\/www.rauhes.de\\\/cms\\\/jahreskreis\\\/jahreslosung\\\/2018\\\/#primaryimage\",\"url\":\"https:\\\/\\\/www.rauhes.de\\\/cms\\\/wp-content\\\/uploads\\\/2023\\\/02\\\/jahreslosung-kunstmotiv-2018.jpg\",\"contentUrl\":\"https:\\\/\\\/www.rauhes.de\\\/cms\\\/wp-content\\\/uploads\\\/2023\\\/02\\\/jahreslosung-kunstmotiv-2018.jpg\",\"width\":600,\"height\":847},{\"@type\":\"BreadcrumbList\",\"@id\":\"https:\\\/\\\/www.rauhes.de\\\/cms\\\/jahreskreis\\\/jahreslosung\\\/2018\\\/#breadcrumb\",\"itemListElement\":[{\"@type\":\"ListItem\",\"position\":1,\"name\":\"Startseite\",\"item\":\"https:\\\/\\\/www.rauhes.de\\\/cms\\\/\"},{\"@type\":\"ListItem\",\"position\":2,\"name\":\"Jahreskreis\",\"item\":\"https:\\\/\\\/www.rauhes.de\\\/cms\\\/jahreskreis\\\/\"},{\"@type\":\"ListItem\",\"position\":3,\"name\":\"Jahreslosung\",\"item\":\"https:\\\/\\\/www.rauhes.de\\\/cms\\\/jahreskreis\\\/jahreslosung\\\/\"},{\"@type\":\"ListItem\",\"position\":4,\"name\":\"Jahreslosung 2018\"}]},{\"@type\":\"WebSite\",\"@id\":\"https:\\\/\\\/www.rauhes.de\\\/cms\\\/#website\",\"url\":\"https:\\\/\\\/www.rauhes.de\\\/cms\\\/\",\"name\":\"Infos zu feierlichen Anl\u00e4ssen wie Taufe, Konfirmation, Hochzeit &amp; Trauer\",\"description\":\"\",\"publisher\":{\"@id\":\"https:\\\/\\\/www.rauhes.de\\\/cms\\\/#organization\"},\"potentialAction\":[{\"@type\":\"SearchAction\",\"target\":{\"@type\":\"EntryPoint\",\"urlTemplate\":\"https:\\\/\\\/www.rauhes.de\\\/cms\\\/?s={search_term_string}\"},\"query-input\":{\"@type\":\"PropertyValueSpecification\",\"valueRequired\":true,\"valueName\":\"search_term_string\"}}],\"inLanguage\":\"de\"},{\"@type\":\"Organization\",\"@id\":\"https:\\\/\\\/www.rauhes.de\\\/cms\\\/#organization\",\"name\":\"rauhes.de\",\"url\":\"https:\\\/\\\/www.rauhes.de\\\/cms\\\/\",\"logo\":{\"@type\":\"ImageObject\",\"inLanguage\":\"de\",\"@id\":\"https:\\\/\\\/www.rauhes.de\\\/cms\\\/#\\\/schema\\\/logo\\\/image\\\/\",\"url\":\"https:\\\/\\\/www.rauhes.de\\\/cms\\\/wp-content\\\/uploads\\\/2021\\\/10\\\/2x_neu-2.png\",\"contentUrl\":\"https:\\\/\\\/www.rauhes.de\\\/cms\\\/wp-content\\\/uploads\\\/2021\\\/10\\\/2x_neu-2.png\",\"width\":300,\"height\":85,\"caption\":\"rauhes.de\"},\"image\":{\"@id\":\"https:\\\/\\\/www.rauhes.de\\\/cms\\\/#\\\/schema\\\/logo\\\/image\\\/\"}}]}<\/script>\n<!-- \/ Yoast SEO plugin. -->","yoast_head_json":{"title":"Auslegung zur Jahreslosung 2018 \u2013 rauhes.de","description":"\"Ich will dem Durstigen\u00a0geben von der Quelle des lebendigen Wassers umsonst..\" Gedanken zur Jahreslosung 2018 & Motiv zum Download!","robots":{"index":"index","follow":"follow","max-snippet":"max-snippet:-1","max-image-preview":"max-image-preview:large","max-video-preview":"max-video-preview:-1"},"canonical":"https:\/\/www.rauhes.de\/cms\/jahreskreis\/jahreslosung\/2018\/","og_locale":"de_DE","og_type":"article","og_title":"Auslegung zur Jahreslosung 2018 \u2013 rauhes.de","og_description":"\"Ich will dem Durstigen\u00a0geben von der Quelle des lebendigen Wassers umsonst..\" Gedanken zur Jahreslosung 2018 & Motiv zum Download!","og_url":"https:\/\/www.rauhes.de\/cms\/jahreskreis\/jahreslosung\/2018\/","og_site_name":"Infos zu feierlichen Anl\u00e4ssen wie Taufe, Konfirmation, Hochzeit &amp; Trauer","article_modified_time":"2023-04-26T13:36:22+00:00","og_image":[{"url":"https:\/\/www.rauhes.de\/cms\/wp-content\/uploads\/2023\/02\/jahreslosung-kunstmotiv-2018.jpg","type":"","width":"","height":""}],"twitter_card":"summary_large_image","twitter_misc":{"Gesch\u00e4tzte Lesezeit":"3\u00a0Minuten"},"schema":{"@context":"https:\/\/schema.org","@graph":[{"@type":"WebPage","@id":"https:\/\/www.rauhes.de\/cms\/jahreskreis\/jahreslosung\/2018\/","url":"https:\/\/www.rauhes.de\/cms\/jahreskreis\/jahreslosung\/2018\/","name":"Auslegung zur Jahreslosung 2018 \u2013 rauhes.de","isPartOf":{"@id":"https:\/\/www.rauhes.de\/cms\/#website"},"primaryImageOfPage":{"@id":"https:\/\/www.rauhes.de\/cms\/jahreskreis\/jahreslosung\/2018\/#primaryimage"},"image":{"@id":"https:\/\/www.rauhes.de\/cms\/jahreskreis\/jahreslosung\/2018\/#primaryimage"},"thumbnailUrl":"https:\/\/www.rauhes.de\/cms\/wp-content\/uploads\/2023\/02\/jahreslosung-kunstmotiv-2018.jpg","datePublished":"2023-03-07T09:48:28+00:00","dateModified":"2023-04-26T13:36:22+00:00","description":"\"Ich will dem Durstigen\u00a0geben von der Quelle des lebendigen Wassers umsonst..\" Gedanken zur Jahreslosung 2018 & Motiv zum Download!","breadcrumb":{"@id":"https:\/\/www.rauhes.de\/cms\/jahreskreis\/jahreslosung\/2018\/#breadcrumb"},"inLanguage":"de","potentialAction":[{"@type":"ReadAction","target":["https:\/\/www.rauhes.de\/cms\/jahreskreis\/jahreslosung\/2018\/"]}]},{"@type":"ImageObject","inLanguage":"de","@id":"https:\/\/www.rauhes.de\/cms\/jahreskreis\/jahreslosung\/2018\/#primaryimage","url":"https:\/\/www.rauhes.de\/cms\/wp-content\/uploads\/2023\/02\/jahreslosung-kunstmotiv-2018.jpg","contentUrl":"https:\/\/www.rauhes.de\/cms\/wp-content\/uploads\/2023\/02\/jahreslosung-kunstmotiv-2018.jpg","width":600,"height":847},{"@type":"BreadcrumbList","@id":"https:\/\/www.rauhes.de\/cms\/jahreskreis\/jahreslosung\/2018\/#breadcrumb","itemListElement":[{"@type":"ListItem","position":1,"name":"Startseite","item":"https:\/\/www.rauhes.de\/cms\/"},{"@type":"ListItem","position":2,"name":"Jahreskreis","item":"https:\/\/www.rauhes.de\/cms\/jahreskreis\/"},{"@type":"ListItem","position":3,"name":"Jahreslosung","item":"https:\/\/www.rauhes.de\/cms\/jahreskreis\/jahreslosung\/"},{"@type":"ListItem","position":4,"name":"Jahreslosung 2018"}]},{"@type":"WebSite","@id":"https:\/\/www.rauhes.de\/cms\/#website","url":"https:\/\/www.rauhes.de\/cms\/","name":"Infos zu feierlichen Anl\u00e4ssen wie Taufe, Konfirmation, Hochzeit &amp; Trauer","description":"","publisher":{"@id":"https:\/\/www.rauhes.de\/cms\/#organization"},"potentialAction":[{"@type":"SearchAction","target":{"@type":"EntryPoint","urlTemplate":"https:\/\/www.rauhes.de\/cms\/?s={search_term_string}"},"query-input":{"@type":"PropertyValueSpecification","valueRequired":true,"valueName":"search_term_string"}}],"inLanguage":"de"},{"@type":"Organization","@id":"https:\/\/www.rauhes.de\/cms\/#organization","name":"rauhes.de","url":"https:\/\/www.rauhes.de\/cms\/","logo":{"@type":"ImageObject","inLanguage":"de","@id":"https:\/\/www.rauhes.de\/cms\/#\/schema\/logo\/image\/","url":"https:\/\/www.rauhes.de\/cms\/wp-content\/uploads\/2021\/10\/2x_neu-2.png","contentUrl":"https:\/\/www.rauhes.de\/cms\/wp-content\/uploads\/2021\/10\/2x_neu-2.png","width":300,"height":85,"caption":"rauhes.de"},"image":{"@id":"https:\/\/www.rauhes.de\/cms\/#\/schema\/logo\/image\/"}}]}},"_links":{"self":[{"href":"https:\/\/www.rauhes.de\/cms\/wp-json\/wp\/v2\/pages\/56888","targetHints":{"allow":["GET"]}}],"collection":[{"href":"https:\/\/www.rauhes.de\/cms\/wp-json\/wp\/v2\/pages"}],"about":[{"href":"https:\/\/www.rauhes.de\/cms\/wp-json\/wp\/v2\/types\/page"}],"author":[{"embeddable":true,"href":"https:\/\/www.rauhes.de\/cms\/wp-json\/wp\/v2\/users\/1"}],"replies":[{"embeddable":true,"href":"https:\/\/www.rauhes.de\/cms\/wp-json\/wp\/v2\/comments?post=56888"}],"version-history":[{"count":8,"href":"https:\/\/www.rauhes.de\/cms\/wp-json\/wp\/v2\/pages\/56888\/revisions"}],"predecessor-version":[{"id":57251,"href":"https:\/\/www.rauhes.de\/cms\/wp-json\/wp\/v2\/pages\/56888\/revisions\/57251"}],"up":[{"embeddable":true,"href":"https:\/\/www.rauhes.de\/cms\/wp-json\/wp\/v2\/pages\/56768"}],"wp:attachment":[{"href":"https:\/\/www.rauhes.de\/cms\/wp-json\/wp\/v2\/media?parent=56888"}],"curies":[{"name":"wp","href":"https:\/\/api.w.org\/{rel}","templated":true}]}}