{"id":56873,"date":"2023-03-07T10:45:05","date_gmt":"2023-03-07T09:45:05","guid":{"rendered":"https:\/\/www.rauhes.de\/cms\/?page_id=56873"},"modified":"2023-04-26T15:39:27","modified_gmt":"2023-04-26T13:39:27","slug":"jahreslosung-2020","status":"publish","type":"page","link":"https:\/\/www.rauhes.de\/cms\/jahreskreis\/jahreslosung\/2020\/","title":{"rendered":"Jahreslosung 2020"},"content":{"rendered":"\n<h1 class=\"wp-block-heading\">Jahreslosung 2020: Auslegung &amp; Bild<\/h1>\n\n\n\n<div style=\"height:20px\" aria-hidden=\"true\" class=\"wp-block-spacer\"><\/div>\n\n\n\n<p class=\"has-medium-font-size\" style=\"font-style:italic;font-weight:500\">Ich glaube; hilf meinem Unglauben!&nbsp;<\/p>\n\n\n\n<p style=\"font-size:14px\">Markus 9,24&nbsp;<\/p>\n\n\n\n<div style=\"height:10px\" aria-hidden=\"true\" class=\"wp-block-spacer\"><\/div>\n\n\n\n<div class=\"wp-block-columns is-layout-flex wp-container-core-columns-is-layout-9d6595d7 wp-block-columns-is-layout-flex\">\n<div class=\"wp-block-column is-layout-flow wp-block-column-is-layout-flow\" style=\"flex-basis:100%\">\n<div class=\"wp-block-columns is-layout-flex wp-container-core-columns-is-layout-9d6595d7 wp-block-columns-is-layout-flex\">\n<div class=\"wp-block-column is-layout-flow wp-block-column-is-layout-flow\">\n<h2 class=\"wp-block-heading\">Motiv der Agentur des Rauhen Hauses<\/h2>\n\n\n\n<div style=\"height:20px\" aria-hidden=\"true\" class=\"wp-block-spacer\"><\/div>\n\n\n\n<figure class=\"wp-block-image size-full\"><img decoding=\"async\" width=\"600\" height=\"848\" src=\"https:\/\/www.rauhes.de\/cms\/wp-content\/uploads\/2023\/02\/jahreslosung-kunstmotiv-2020.jpg\" alt=\"Motiv zur Jahreslosung 2020\" class=\"wp-image-56874\" srcset=\"https:\/\/www.rauhes.de\/cms\/wp-content\/uploads\/2023\/02\/jahreslosung-kunstmotiv-2020.jpg 600w, https:\/\/www.rauhes.de\/cms\/wp-content\/uploads\/2023\/02\/jahreslosung-kunstmotiv-2020-212x300.jpg 212w\" sizes=\"(max-width: 600px) 100vw, 600px\" \/><figcaption class=\"wp-element-caption\">Waltraud Zizelmann, Glaube<\/figcaption><\/figure>\n<\/div>\n\n\n\n<div class=\"wp-block-column is-layout-flow wp-block-column-is-layout-flow\">\n<h2 class=\"wp-block-heading\">Gedanken zur Jahreslosung 2020&nbsp;<br>von Thomas Volk<\/h2>\n\n\n\n<div style=\"height:20px\" aria-hidden=\"true\" class=\"wp-block-spacer\"><\/div>\n\n\n\n<p>Zwei Menschen in hellem Umriss stehen vor einem farbigen Hintergrund. Sie sind einander zugewandt. Die linke Person beugt sich \u00fcber die andere und h\u00e4lt sie. Die andere blickt nach oben und klammert sich fest. Es bleibt dabei etwas Distanz zwischen ihnen. Gesichtsz\u00fcge sind bei beiden nicht zu erkennen. Wir k\u00f6nnen sie uns aber erschlie\u00dfen, wenn wir den biblischen Hintergrund dieser Szene miteinbeziehen: Die linke Figur ist Jesus und die andere ein verzweifelt bittender Vater, der um alles in der Welt m\u00f6chte, dass sein krankes Kind gesund wird. Hilfesuchend wendet er sich an Jesus.<\/p>\n\n\n\n<p>Es entwickelt sich ein kurzes Gespr\u00e4ch. Einerseits traut der Vater Jesus zu, dass er seinen Sohn heilen kann. Andererseits sp\u00fcrt er zugleich, wie sein eigener Glaube so br\u00fcchig ist, dass er meint, den Halt unter den F\u00fc\u00dfen zu verlieren. Eben noch ist er voll Vertrauen und Hoffnung gewesen, dass Jesus ihm helfen kann. Aber jetzt, wo es darauf ankommt, ist er sich nicht mehr so sicher. Als er ganz nah vor ihm steht, kann er nicht anders als auszurufen: \u201eIch glaube; hilf meinem Unglauben!\u201c<\/p>\n\n\n\n<p>Die Jahreslosung kreist um diesen spannungsvollen Augenblick, der bis heute nichts an Aktualit\u00e4t verloren hat. Denn der Kampf zwischen Glauben und Unglauben l\u00e4sst sich leicht ins Hier und Jetzt \u00fcbertragen. Da ist einerseits die Zuversicht, dass der Glaube ein fester Halt ist, mit dem man froh und neugierig in ein neues Kalenderjahr hineingehen kann. Andererseits gibt es Zweifel, die sich in den ersten Tagen und Wochen auftun k\u00f6nnen: Wie soll ich all die Anforderungen dieses neuen Jahres bew\u00e4ltigen? Wird die Gesundheit mitmachen? Bekomme ich endlich Klarheit in meinen Lebensfragen?<\/p>\n\n\n\n<p>Ich erkenne mich in dem Menschen, der zu Jesus kommt, gut wieder. Die K\u00fcnstlerin Waltraud Zizelmann hat ihn wohl gerade deshalb ohne Gesichtsausdruck dargestellt. Da ist einerseits mein Glaube, der mich schon durch so viele Jahre hindurchgetragen hat.<\/p>\n<\/div>\n<\/div>\n\n\n\n<p>Andererseits gibt es auch immer wieder meinen Unglauben, der mich daran zweifeln l\u00e4sst, dass Jesus wirklich in bestimmten Situationen helfen oder eingreifen kann. Beides geh\u00f6rt ganz selbstverst\u00e4ndlich zu unserem Leben. Es bleibt eine Spannung, die wir nicht aufl\u00f6sen k\u00f6nnen. Es ist wie mit unserer Taufe, an die mich der gro\u00dfe blaue Kreis im Hintergrund erinnert. Seit der Taufe sind wir mit Jesus verbunden, von dem Str\u00f6me lebendigen Wassers ausgehen (Johannes 7,38) und doch sind wir h\u00e4ufig ausgepumpt und sprudeln nicht vor Leben.<\/p>\n\n\n\n<p>Das Bild macht mir deutlich: Jesus gilt es nicht nur festzuhalten, sondern es geht auch darum, ihm zuzuh\u00f6ren, wenn er fragt: \u201eWarum bist du so unsicher? Warum hast du so wenig Vertrauen in mich? Du hast es doch schon so viele Male in deinem Leben erfahren und gesungen: \u201aIn wie viel Not hat nicht der gn\u00e4dige Gott \u00fcber dir Fl\u00fcgel gebreitet &#8230;\u2018\u201c (EG 316,3).<\/p>\n\n\n\n<p>Das Bild zeigt mir, dass der Glaube auch ein Rettungsanker ist, den man gerade dann ergreift, wenn alles zerrinnt. Ich sehe in diesem Bild aber ebenso, wie Jesus den Menschen liebevoll aufrichten m\u00f6chte und ihm zu erkennen gibt: \u201eHab keine Angst! Lass dich nicht entmutigen! Vertraue!\u201c Zu Beginn des neuen Jahres macht mir diese aufrichtende Geste Mut. Es ist, als ob Jesus zu uns spricht: \u201eEin Jahr liegt vor dir mit vielen Aussichten, mit M\u00f6glichkeiten und Begegnungen. Geh mit viel Vertrauen los und schaue gespannt, was dir begegnet! Auch wenn du nicht wei\u00dft, welche Wege du im Einzelnen gehen wirst, ich bin bei dir, ich st\u00e4rke dich.\u201c<\/p>\n\n\n\n<p>\u201eIch glaube; hilf meinem Unglauben!\u201c, so hat der besorgte Vater in seiner Not gerufen. Glaube ist eine Erwartung, die alles auf Christus setzt, auch wenn nicht alle unsere W\u00fcnsche erf\u00fcllt werden. Die J\u00fcnger damals haben \u00fcber die Macht Jesu nicht schlecht gestaunt und dar\u00fcber, dass er Menschen aufrichten kann. Auch den geheilten Jungen hat er aufgerichtet und \u201eer stand auf\u201c (Markus 8,27). Darauf d\u00fcrfen auch wir vertrauen und dann staunen, welcher Lebenswillen und welcher Lebensmut auf uns zukommen.<\/p>\n<\/div>\n<\/div>\n\n\n\n<h2 class=\"wp-block-heading\">Neuere Jahreslosungen<\/h2>\n\n\n\n<div class=\"wp-block-columns is-layout-flex wp-container-core-columns-is-layout-9d6595d7 wp-block-columns-is-layout-flex\">\n<div class=\"wp-block-column is-layout-flow wp-block-column-is-layout-flow\">\n<figure class=\"wp-block-image size-full\"><img decoding=\"async\" width=\"300\" height=\"420\" src=\"https:\/\/www.rauhes.de\/cms\/wp-content\/uploads\/2023\/04\/JL-2023-Weltkugel.jpg\" alt=\"\" class=\"wp-image-57235\" srcset=\"https:\/\/www.rauhes.de\/cms\/wp-content\/uploads\/2023\/04\/JL-2023-Weltkugel.jpg 300w, https:\/\/www.rauhes.de\/cms\/wp-content\/uploads\/2023\/04\/JL-2023-Weltkugel-214x300.jpg 214w\" sizes=\"(max-width: 300px) 100vw, 300px\" \/><\/figure>\n\n\n\n<div class=\"tb-button\" data-toolset-blocks-button=\"5a9f6004253c74d336146f9043ab53bf\"><a class=\"tb-button__link\" href=\"https:\/\/www.rauhes.de\/cms\/jahreskreis\/jahreslosung\/2023\/\"><i class=\"tb-button__icon\"><\/i><span class=\"tb-button__content\">Jahreslosung 2023<\/span><\/a><\/div>\n<\/div>\n\n\n\n<div class=\"wp-block-column is-layout-flow wp-block-column-is-layout-flow\">\n<figure class=\"wp-block-image size-full\"><img decoding=\"async\" width=\"300\" height=\"435\" src=\"https:\/\/www.rauhes.de\/cms\/wp-content\/uploads\/2023\/02\/JL-2022-Vincent-van-Gogh-Die-Kirche-in-Auvers-sur-Oise-Ausschnitt-Oel-auf-Leinwand-1890-\u00a9mauritius-images-United-Archives-WHA.jpg\" alt=\"\" class=\"wp-image-56775\" srcset=\"https:\/\/www.rauhes.de\/cms\/wp-content\/uploads\/2023\/02\/JL-2022-Vincent-van-Gogh-Die-Kirche-in-Auvers-sur-Oise-Ausschnitt-Oel-auf-Leinwand-1890-\u00a9mauritius-images-United-Archives-WHA.jpg 300w, https:\/\/www.rauhes.de\/cms\/wp-content\/uploads\/2023\/02\/JL-2022-Vincent-van-Gogh-Die-Kirche-in-Auvers-sur-Oise-Ausschnitt-Oel-auf-Leinwand-1890-\u00a9mauritius-images-United-Archives-WHA-207x300.jpg 207w\" sizes=\"(max-width: 300px) 100vw, 300px\" \/><\/figure>\n\n\n\n<div class=\"tb-button\" data-toolset-blocks-button=\"fe3978285b60fac7f63e57a39303ca30\"><a class=\"tb-button__link\" href=\"https:\/\/www.rauhes.de\/cms\/jahreskreis\/jahreslosung\/2022\/\"><i class=\"tb-button__icon\"><\/i><span class=\"tb-button__content\">Jahreslosung 2022<\/span><\/a><\/div>\n<\/div>\n\n\n\n<div class=\"wp-block-column is-layout-flow wp-block-column-is-layout-flow\">\n<figure class=\"wp-block-image size-full\"><img decoding=\"async\" width=\"300\" height=\"427\" src=\"https:\/\/www.rauhes.de\/cms\/wp-content\/uploads\/2023\/02\/JL-2021-Angelika-Litzkendorf-Barmherzig.jpg\" alt=\"\" class=\"wp-image-56776\" srcset=\"https:\/\/www.rauhes.de\/cms\/wp-content\/uploads\/2023\/02\/JL-2021-Angelika-Litzkendorf-Barmherzig.jpg 300w, https:\/\/www.rauhes.de\/cms\/wp-content\/uploads\/2023\/02\/JL-2021-Angelika-Litzkendorf-Barmherzig-211x300.jpg 211w\" sizes=\"(max-width: 300px) 100vw, 300px\" \/><\/figure>\n\n\n\n<div class=\"tb-button\" data-toolset-blocks-button=\"2b8f4662acf07e271534ffd7718d4d89\"><a class=\"tb-button__link\" href=\"https:\/\/www.rauhes.de\/cms\/jahreskreis\/jahreslosung\/2021\/\"><i class=\"tb-button__icon\"><\/i><span class=\"tb-button__content\">Jahreslosung 2021<\/span><\/a><\/div>\n<\/div>\n<\/div>\n","protected":false},"excerpt":{"rendered":"<p>Jahreslosung 2020: Auslegung &amp; Bild Ich glaube; hilf meinem Unglauben!&nbsp; Markus 9,24&nbsp; Motiv der Agentur des Rauhen Hauses Gedanken zur Jahreslosung 2020&nbsp;von Thomas Volk Zwei Menschen in hellem Umriss stehen vor einem farbigen Hintergrund. Sie sind einander zugewandt. Die linke Person beugt sich \u00fcber die andere und h\u00e4lt sie. Die andere blickt nach oben und [&hellip;]<\/p>\n","protected":false},"author":1,"featured_media":0,"parent":56768,"menu_order":0,"comment_status":"closed","ping_status":"closed","template":"","meta":{"ngg_post_thumbnail":0,"footnotes":""},"class_list":["post-56873","page","type-page","status-publish","hentry"],"yoast_head":"<!-- This site is optimized with the Yoast SEO plugin v27.3 - https:\/\/yoast.com\/product\/yoast-seo-wordpress\/ -->\n<title>Auslegung zur Jahreslosung 2020 \u2013 rauhes.de<\/title>\n<meta name=\"description\" content=\"Der Leitvers lautet: &quot;Ich glaube; hilf meinem Unglauben!\u00a0&quot; Gedanken zur Jahreslosung 2020 &amp; Motiv zum Download!\" \/>\n<meta name=\"robots\" content=\"index, follow, max-snippet:-1, max-image-preview:large, max-video-preview:-1\" \/>\n<link rel=\"canonical\" href=\"https:\/\/www.rauhes.de\/cms\/jahreskreis\/jahreslosung\/2020\/\" \/>\n<meta property=\"og:locale\" content=\"de_DE\" \/>\n<meta property=\"og:type\" content=\"article\" \/>\n<meta property=\"og:title\" content=\"Auslegung zur Jahreslosung 2020 \u2013 rauhes.de\" \/>\n<meta property=\"og:description\" content=\"Der Leitvers lautet: &quot;Ich glaube; hilf meinem Unglauben!\u00a0&quot; Gedanken zur Jahreslosung 2020 &amp; Motiv zum Download!\" \/>\n<meta property=\"og:url\" content=\"https:\/\/www.rauhes.de\/cms\/jahreskreis\/jahreslosung\/2020\/\" \/>\n<meta property=\"og:site_name\" content=\"Infos zu feierlichen Anl\u00e4ssen wie Taufe, Konfirmation, Hochzeit &amp; Trauer\" \/>\n<meta property=\"article:modified_time\" content=\"2023-04-26T13:39:27+00:00\" \/>\n<meta property=\"og:image\" content=\"https:\/\/www.rauhes.de\/cms\/wp-content\/uploads\/2023\/02\/jahreslosung-kunstmotiv-2020.jpg\" \/>\n<meta name=\"twitter:card\" content=\"summary_large_image\" \/>\n<meta name=\"twitter:label1\" content=\"Gesch\u00e4tzte Lesezeit\" \/>\n\t<meta name=\"twitter:data1\" content=\"3\u00a0Minuten\" \/>\n<script type=\"application\/ld+json\" class=\"yoast-schema-graph\">{\"@context\":\"https:\\\/\\\/schema.org\",\"@graph\":[{\"@type\":\"WebPage\",\"@id\":\"https:\\\/\\\/www.rauhes.de\\\/cms\\\/jahreskreis\\\/jahreslosung\\\/2020\\\/\",\"url\":\"https:\\\/\\\/www.rauhes.de\\\/cms\\\/jahreskreis\\\/jahreslosung\\\/2020\\\/\",\"name\":\"Auslegung zur Jahreslosung 2020 \u2013 rauhes.de\",\"isPartOf\":{\"@id\":\"https:\\\/\\\/www.rauhes.de\\\/cms\\\/#website\"},\"primaryImageOfPage\":{\"@id\":\"https:\\\/\\\/www.rauhes.de\\\/cms\\\/jahreskreis\\\/jahreslosung\\\/2020\\\/#primaryimage\"},\"image\":{\"@id\":\"https:\\\/\\\/www.rauhes.de\\\/cms\\\/jahreskreis\\\/jahreslosung\\\/2020\\\/#primaryimage\"},\"thumbnailUrl\":\"https:\\\/\\\/www.rauhes.de\\\/cms\\\/wp-content\\\/uploads\\\/2023\\\/02\\\/jahreslosung-kunstmotiv-2020.jpg\",\"datePublished\":\"2023-03-07T09:45:05+00:00\",\"dateModified\":\"2023-04-26T13:39:27+00:00\",\"description\":\"Der Leitvers lautet: \\\"Ich glaube; hilf meinem Unglauben!\u00a0\\\" Gedanken zur Jahreslosung 2020 & Motiv zum Download!\",\"breadcrumb\":{\"@id\":\"https:\\\/\\\/www.rauhes.de\\\/cms\\\/jahreskreis\\\/jahreslosung\\\/2020\\\/#breadcrumb\"},\"inLanguage\":\"de\",\"potentialAction\":[{\"@type\":\"ReadAction\",\"target\":[\"https:\\\/\\\/www.rauhes.de\\\/cms\\\/jahreskreis\\\/jahreslosung\\\/2020\\\/\"]}]},{\"@type\":\"ImageObject\",\"inLanguage\":\"de\",\"@id\":\"https:\\\/\\\/www.rauhes.de\\\/cms\\\/jahreskreis\\\/jahreslosung\\\/2020\\\/#primaryimage\",\"url\":\"https:\\\/\\\/www.rauhes.de\\\/cms\\\/wp-content\\\/uploads\\\/2023\\\/02\\\/jahreslosung-kunstmotiv-2020.jpg\",\"contentUrl\":\"https:\\\/\\\/www.rauhes.de\\\/cms\\\/wp-content\\\/uploads\\\/2023\\\/02\\\/jahreslosung-kunstmotiv-2020.jpg\",\"width\":600,\"height\":848},{\"@type\":\"BreadcrumbList\",\"@id\":\"https:\\\/\\\/www.rauhes.de\\\/cms\\\/jahreskreis\\\/jahreslosung\\\/2020\\\/#breadcrumb\",\"itemListElement\":[{\"@type\":\"ListItem\",\"position\":1,\"name\":\"Startseite\",\"item\":\"https:\\\/\\\/www.rauhes.de\\\/cms\\\/\"},{\"@type\":\"ListItem\",\"position\":2,\"name\":\"Jahreskreis\",\"item\":\"https:\\\/\\\/www.rauhes.de\\\/cms\\\/jahreskreis\\\/\"},{\"@type\":\"ListItem\",\"position\":3,\"name\":\"Jahreslosung\",\"item\":\"https:\\\/\\\/www.rauhes.de\\\/cms\\\/jahreskreis\\\/jahreslosung\\\/\"},{\"@type\":\"ListItem\",\"position\":4,\"name\":\"Jahreslosung 2020\"}]},{\"@type\":\"WebSite\",\"@id\":\"https:\\\/\\\/www.rauhes.de\\\/cms\\\/#website\",\"url\":\"https:\\\/\\\/www.rauhes.de\\\/cms\\\/\",\"name\":\"Infos zu feierlichen Anl\u00e4ssen wie Taufe, Konfirmation, Hochzeit &amp; Trauer\",\"description\":\"\",\"publisher\":{\"@id\":\"https:\\\/\\\/www.rauhes.de\\\/cms\\\/#organization\"},\"potentialAction\":[{\"@type\":\"SearchAction\",\"target\":{\"@type\":\"EntryPoint\",\"urlTemplate\":\"https:\\\/\\\/www.rauhes.de\\\/cms\\\/?s={search_term_string}\"},\"query-input\":{\"@type\":\"PropertyValueSpecification\",\"valueRequired\":true,\"valueName\":\"search_term_string\"}}],\"inLanguage\":\"de\"},{\"@type\":\"Organization\",\"@id\":\"https:\\\/\\\/www.rauhes.de\\\/cms\\\/#organization\",\"name\":\"rauhes.de\",\"url\":\"https:\\\/\\\/www.rauhes.de\\\/cms\\\/\",\"logo\":{\"@type\":\"ImageObject\",\"inLanguage\":\"de\",\"@id\":\"https:\\\/\\\/www.rauhes.de\\\/cms\\\/#\\\/schema\\\/logo\\\/image\\\/\",\"url\":\"https:\\\/\\\/www.rauhes.de\\\/cms\\\/wp-content\\\/uploads\\\/2021\\\/10\\\/2x_neu-2.png\",\"contentUrl\":\"https:\\\/\\\/www.rauhes.de\\\/cms\\\/wp-content\\\/uploads\\\/2021\\\/10\\\/2x_neu-2.png\",\"width\":300,\"height\":85,\"caption\":\"rauhes.de\"},\"image\":{\"@id\":\"https:\\\/\\\/www.rauhes.de\\\/cms\\\/#\\\/schema\\\/logo\\\/image\\\/\"}}]}<\/script>\n<!-- \/ Yoast SEO plugin. -->","yoast_head_json":{"title":"Auslegung zur Jahreslosung 2020 \u2013 rauhes.de","description":"Der Leitvers lautet: \"Ich glaube; hilf meinem Unglauben!\u00a0\" Gedanken zur Jahreslosung 2020 & Motiv zum Download!","robots":{"index":"index","follow":"follow","max-snippet":"max-snippet:-1","max-image-preview":"max-image-preview:large","max-video-preview":"max-video-preview:-1"},"canonical":"https:\/\/www.rauhes.de\/cms\/jahreskreis\/jahreslosung\/2020\/","og_locale":"de_DE","og_type":"article","og_title":"Auslegung zur Jahreslosung 2020 \u2013 rauhes.de","og_description":"Der Leitvers lautet: \"Ich glaube; hilf meinem Unglauben!\u00a0\" Gedanken zur Jahreslosung 2020 & Motiv zum Download!","og_url":"https:\/\/www.rauhes.de\/cms\/jahreskreis\/jahreslosung\/2020\/","og_site_name":"Infos zu feierlichen Anl\u00e4ssen wie Taufe, Konfirmation, Hochzeit &amp; Trauer","article_modified_time":"2023-04-26T13:39:27+00:00","og_image":[{"url":"https:\/\/www.rauhes.de\/cms\/wp-content\/uploads\/2023\/02\/jahreslosung-kunstmotiv-2020.jpg","type":"","width":"","height":""}],"twitter_card":"summary_large_image","twitter_misc":{"Gesch\u00e4tzte Lesezeit":"3\u00a0Minuten"},"schema":{"@context":"https:\/\/schema.org","@graph":[{"@type":"WebPage","@id":"https:\/\/www.rauhes.de\/cms\/jahreskreis\/jahreslosung\/2020\/","url":"https:\/\/www.rauhes.de\/cms\/jahreskreis\/jahreslosung\/2020\/","name":"Auslegung zur Jahreslosung 2020 \u2013 rauhes.de","isPartOf":{"@id":"https:\/\/www.rauhes.de\/cms\/#website"},"primaryImageOfPage":{"@id":"https:\/\/www.rauhes.de\/cms\/jahreskreis\/jahreslosung\/2020\/#primaryimage"},"image":{"@id":"https:\/\/www.rauhes.de\/cms\/jahreskreis\/jahreslosung\/2020\/#primaryimage"},"thumbnailUrl":"https:\/\/www.rauhes.de\/cms\/wp-content\/uploads\/2023\/02\/jahreslosung-kunstmotiv-2020.jpg","datePublished":"2023-03-07T09:45:05+00:00","dateModified":"2023-04-26T13:39:27+00:00","description":"Der Leitvers lautet: \"Ich glaube; hilf meinem Unglauben!\u00a0\" Gedanken zur Jahreslosung 2020 & Motiv zum Download!","breadcrumb":{"@id":"https:\/\/www.rauhes.de\/cms\/jahreskreis\/jahreslosung\/2020\/#breadcrumb"},"inLanguage":"de","potentialAction":[{"@type":"ReadAction","target":["https:\/\/www.rauhes.de\/cms\/jahreskreis\/jahreslosung\/2020\/"]}]},{"@type":"ImageObject","inLanguage":"de","@id":"https:\/\/www.rauhes.de\/cms\/jahreskreis\/jahreslosung\/2020\/#primaryimage","url":"https:\/\/www.rauhes.de\/cms\/wp-content\/uploads\/2023\/02\/jahreslosung-kunstmotiv-2020.jpg","contentUrl":"https:\/\/www.rauhes.de\/cms\/wp-content\/uploads\/2023\/02\/jahreslosung-kunstmotiv-2020.jpg","width":600,"height":848},{"@type":"BreadcrumbList","@id":"https:\/\/www.rauhes.de\/cms\/jahreskreis\/jahreslosung\/2020\/#breadcrumb","itemListElement":[{"@type":"ListItem","position":1,"name":"Startseite","item":"https:\/\/www.rauhes.de\/cms\/"},{"@type":"ListItem","position":2,"name":"Jahreskreis","item":"https:\/\/www.rauhes.de\/cms\/jahreskreis\/"},{"@type":"ListItem","position":3,"name":"Jahreslosung","item":"https:\/\/www.rauhes.de\/cms\/jahreskreis\/jahreslosung\/"},{"@type":"ListItem","position":4,"name":"Jahreslosung 2020"}]},{"@type":"WebSite","@id":"https:\/\/www.rauhes.de\/cms\/#website","url":"https:\/\/www.rauhes.de\/cms\/","name":"Infos zu feierlichen Anl\u00e4ssen wie Taufe, Konfirmation, Hochzeit &amp; Trauer","description":"","publisher":{"@id":"https:\/\/www.rauhes.de\/cms\/#organization"},"potentialAction":[{"@type":"SearchAction","target":{"@type":"EntryPoint","urlTemplate":"https:\/\/www.rauhes.de\/cms\/?s={search_term_string}"},"query-input":{"@type":"PropertyValueSpecification","valueRequired":true,"valueName":"search_term_string"}}],"inLanguage":"de"},{"@type":"Organization","@id":"https:\/\/www.rauhes.de\/cms\/#organization","name":"rauhes.de","url":"https:\/\/www.rauhes.de\/cms\/","logo":{"@type":"ImageObject","inLanguage":"de","@id":"https:\/\/www.rauhes.de\/cms\/#\/schema\/logo\/image\/","url":"https:\/\/www.rauhes.de\/cms\/wp-content\/uploads\/2021\/10\/2x_neu-2.png","contentUrl":"https:\/\/www.rauhes.de\/cms\/wp-content\/uploads\/2021\/10\/2x_neu-2.png","width":300,"height":85,"caption":"rauhes.de"},"image":{"@id":"https:\/\/www.rauhes.de\/cms\/#\/schema\/logo\/image\/"}}]}},"_links":{"self":[{"href":"https:\/\/www.rauhes.de\/cms\/wp-json\/wp\/v2\/pages\/56873","targetHints":{"allow":["GET"]}}],"collection":[{"href":"https:\/\/www.rauhes.de\/cms\/wp-json\/wp\/v2\/pages"}],"about":[{"href":"https:\/\/www.rauhes.de\/cms\/wp-json\/wp\/v2\/types\/page"}],"author":[{"embeddable":true,"href":"https:\/\/www.rauhes.de\/cms\/wp-json\/wp\/v2\/users\/1"}],"replies":[{"embeddable":true,"href":"https:\/\/www.rauhes.de\/cms\/wp-json\/wp\/v2\/comments?post=56873"}],"version-history":[{"count":12,"href":"https:\/\/www.rauhes.de\/cms\/wp-json\/wp\/v2\/pages\/56873\/revisions"}],"predecessor-version":[{"id":57255,"href":"https:\/\/www.rauhes.de\/cms\/wp-json\/wp\/v2\/pages\/56873\/revisions\/57255"}],"up":[{"embeddable":true,"href":"https:\/\/www.rauhes.de\/cms\/wp-json\/wp\/v2\/pages\/56768"}],"wp:attachment":[{"href":"https:\/\/www.rauhes.de\/cms\/wp-json\/wp\/v2\/media?parent=56873"}],"curies":[{"name":"wp","href":"https:\/\/api.w.org\/{rel}","templated":true}]}}