{"id":56860,"date":"2023-03-07T10:42:54","date_gmt":"2023-03-07T09:42:54","guid":{"rendered":"https:\/\/www.rauhes.de\/cms\/?page_id=56860"},"modified":"2023-04-27T09:27:03","modified_gmt":"2023-04-27T07:27:03","slug":"jahreslosung-2021","status":"publish","type":"page","link":"https:\/\/www.rauhes.de\/cms\/jahreskreis\/jahreslosung\/2021\/","title":{"rendered":"Jahreslosung 2021"},"content":{"rendered":"\n<h1 class=\"wp-block-heading\">Jahreslosung 2021: Auslegung &amp; Bild<\/h1>\n\n\n\n<div style=\"height:20px\" aria-hidden=\"true\" class=\"wp-block-spacer\"><\/div>\n\n\n\n<p class=\"has-medium-font-size\" style=\"font-style:italic;font-weight:500\">Jesus Christus spricht: Seid barmherzig, wie auch euer Vater barmherzig ist!<\/p>\n\n\n\n<p style=\"font-size:14px\">Lukas 6,36&nbsp;<\/p>\n\n\n\n<div style=\"height:10px\" aria-hidden=\"true\" class=\"wp-block-spacer\"><\/div>\n\n\n\n<div class=\"wp-block-columns is-layout-flex wp-container-core-columns-is-layout-9d6595d7 wp-block-columns-is-layout-flex\">\n<div class=\"wp-block-column is-layout-flow wp-block-column-is-layout-flow\" style=\"flex-basis:100%\">\n<div class=\"wp-block-columns is-layout-flex wp-container-core-columns-is-layout-9d6595d7 wp-block-columns-is-layout-flex\">\n<div class=\"wp-block-column is-layout-flow wp-block-column-is-layout-flow\">\n<h2 class=\"wp-block-heading\">Motiv der Agentur des Rauhen Hauses<\/h2>\n\n\n\n<div style=\"height:20px\" aria-hidden=\"true\" class=\"wp-block-spacer\"><\/div>\n\n\n\n<figure class=\"wp-block-image size-full\"><img decoding=\"async\" width=\"600\" height=\"852\" src=\"https:\/\/www.rauhes.de\/cms\/wp-content\/uploads\/2023\/02\/jahreslosung-kunstmotiv-2021.jpg\" alt=\"Motiv zur Jahreslosung 2021\" class=\"wp-image-56865\" srcset=\"https:\/\/www.rauhes.de\/cms\/wp-content\/uploads\/2023\/02\/jahreslosung-kunstmotiv-2021.jpg 600w, https:\/\/www.rauhes.de\/cms\/wp-content\/uploads\/2023\/02\/jahreslosung-kunstmotiv-2021-211x300.jpg 211w\" sizes=\"(max-width: 600px) 100vw, 600px\" \/><figcaption class=\"wp-element-caption\">Angelika Litzkendorf, Barmherzig<\/figcaption><\/figure>\n<\/div>\n\n\n\n<div class=\"wp-block-column is-layout-flow wp-block-column-is-layout-flow\">\n<h2 class=\"wp-block-heading\">Gedanken zur Jahreslosung 2021&nbsp;<br>von Johannes Brecht<\/h2>\n\n\n\n<div style=\"height:20px\" aria-hidden=\"true\" class=\"wp-block-spacer\"><\/div>\n\n\n\n<p>Das Aquarell stammt von der K\u00fcnstlerin Angelika Litzkendorf. Sie l\u00e4sst in ihrem Bild anschaulich werden, wie Barmherzigkeit vom Kreuz ausgeht und von Mensch zu Mensch weitergegeben wird. Barmherzigkeit zeigt sich zum einen durch das Wasser, das f\u00fcr das neue Leben steht. Zum anderen zeigt sie sich durch das Licht. Durch seinen Goldton wird hervorgehoben, wie kostbar das Kreuz ist. Licht und Wasser am Kreuz versinnbildlichen also das Entscheidende: Gott hat aus Liebe zu uns den Tod besiegt und uns ewiges Leben geschenkt. Der Weg zu Gott ist seither wieder frei, wir k\u00f6nnen ihm ganz nah sein. Wenn wir uns Gott n\u00e4hern, findet ein Austausch statt, den die Schalen versinnbildlichen. Wir k\u00f6nnen ihm unsere Bed\u00fcrfnisse, Sorgen und N\u00f6te hinhalten wie leere Schalen und genauso unsere Fehler und Schw\u00e4chen. Er nimmt uns so an, wie wir sind. Er empf\u00e4ngt uns mit offenen Armen. Wie in den leeren Schalen auf dem Aquarell f\u00fcllt er unsere Leere, unseren Mangel mit seiner Liebe und Barmherzigkeit auf, bis wir \u00fcberflie\u00dfen und das Empfangene weitergeben. Denn bei Gott gibt es Leben im \u00dcberfluss. Str\u00f6me lebendigen Wassers werden von uns flie\u00dfen, wenn wir aus seiner Quelle trinken.<\/p>\n\n\n\n<p>Licht strahlt von oben herab auf das Kreuz und f\u00e4rbt es zur H\u00e4lfte golden. Gleichzeitig str\u00f6mt Wasser vom Himmel und f\u00e4rbt die andere H\u00e4lfte blau. Beides geh\u00f6rt zusammen, hat in Gott seinen Ursprung. Beides flie\u00dft \u00fcber das Kreuz hinab in eine Schale. Sie nimmt es auf und als sie ganz erf\u00fcllt ist, gibt sie davon an eine andere weiter. Auch diese Schale nimmt es auf, bis sie \u00fcberl\u00e4uft. Dann reicht sie den \u00dcberfluss gleich an zwei Schalen weiter. Neben den Schalen ist die Losung f\u00fcr das Jahr 2021 zu lesen: \u201eSeid barmherzig wie auch euer Vater barmherzig ist!\u201c<\/p>\n\n\n\n<p>In ihrem Bild legt Angelika Litzkendorf den Fokus auf die Reihenfolge. Wir m\u00fcssen uns zuerst ganz von Gott mit seiner Barmherzigkeit und Liebe f\u00fcllen lassen und auf uns selbst mit seinen liebevollen Augen blicken, dann f\u00e4llt es uns leicht, auch andere mit einem liebevollen Blick anzusehen, sie so anzunehmen, wie sie sind. Mit allen ihren Fehlern und Schw\u00e4chen.<\/p>\n<\/div>\n<\/div>\n\n\n\n<p>Das Jahreslosungsmotiv spricht also im \u00fcbertragenen Sinn eine Einladung aus: Wenn du m\u00fcde bist von der Wanderung durchs Leben, dann komm zum Kreuz und mach hier Rast. Eine Bank hat jemand hingestellt, direkt daneben. Nimm Platz und atme durch. Und lausche auf das Pl\u00e4tschern, auf das Rauschen, auf den Lebensstrom, der vom Kreuz ausgeht. Vielleicht h\u00f6rst du ihn zuerst nur leise. Doch je l\u00e4nger du bleibst, desto st\u00e4rker sp\u00fcrst du: Hier ist Ruhe und hier ist Kraft. Dann halte dein Herz auf, wie eine Schale. Damit es sich f\u00fcllt von dem Strom aus Liebe und Gnade und Barmherzigkeit. Lass dein Herz f\u00fcllen bis auf den Grund und bis zum Rand, ja, bis es \u00fcberflie\u00dft. Es rinnt in deinem Innern hinab und sp\u00fclt weg, was da nicht hingeh\u00f6rt. Du sp\u00fcrst, dass du lebst. Erkannt und geliebt. Gesehen und angenommen. Vergeben und getr\u00f6stet. In dir wird es ganz rein und licht.<\/p>\n\n\n\n<p>Und dann halte noch deine Seele darunter, deinen Geist und deine H\u00e4nde. Bis der Lebensstrom nicht nur dein Herz f\u00fcllt, sondern \u00fcberflie\u00dft aus allem, was du bist und denkst und sagst und tust.<\/p>\n\n\n\n<p>Und wenn du genug geruht hast, wenn du ganz erf\u00fcllt und gest\u00e4rkt bist, und alle Reserven schon \u00fcberflie\u00dfen, dann richte dich auf. Geh weiter. Und gib weiter, was dich im \u00dcberfluss erf\u00fcllt, an die Mutlosen, die Traurigen, die Hoffnungslosen, die \u00c4ngstlichen, die dir begegnen. F\u00fcr die es steil bergauf geht oder die ganz unten stehen und nicht mehr weiterwissen. Gib ihnen von der Liebe, von der Barmherzigkeit und von der Kraft des Lebensstroms. Und zeig ihnen den Weg. Zur Rast am Kreuz, zur Quelle, die niemals versiegt.<\/p>\n\n\n\n<p><strong>Jetzt die Auslegung kostenlos als PDF herunterladen!<\/strong><\/p>\n\n\n\n<div class=\"tb-button\" data-toolset-blocks-button=\"ae3a2d3622a0d09c3ca3e1ff7187b767\"><a class=\"tb-button__link\" href=\"https:\/\/www.rauhes.de\/cms\/wp-content\/uploads\/2023\/03\/gedanken-zur-jahreslosung-2021.pdf\"><i class=\"tb-button__icon\"><\/i><span class=\"tb-button__content\">Jahreslosung 2021 Download<\/span><\/a><\/div>\n<\/div>\n<\/div>\n\n\n\n<div style=\"height:20px\" aria-hidden=\"true\" class=\"wp-block-spacer\"><\/div>\n\n\n\n<h2 class=\"wp-block-heading\">Neuere Jahreslosungen<\/h2>\n\n\n\n<div class=\"wp-block-columns is-layout-flex wp-container-core-columns-is-layout-9d6595d7 wp-block-columns-is-layout-flex\">\n<div class=\"wp-block-column is-layout-flow wp-block-column-is-layout-flow\">\n<figure class=\"wp-block-image size-full\"><img decoding=\"async\" width=\"300\" height=\"420\" src=\"https:\/\/www.rauhes.de\/cms\/wp-content\/uploads\/2023\/04\/JL-2023-Weltkugel.jpg\" alt=\"\" class=\"wp-image-57235\" srcset=\"https:\/\/www.rauhes.de\/cms\/wp-content\/uploads\/2023\/04\/JL-2023-Weltkugel.jpg 300w, https:\/\/www.rauhes.de\/cms\/wp-content\/uploads\/2023\/04\/JL-2023-Weltkugel-214x300.jpg 214w\" sizes=\"(max-width: 300px) 100vw, 300px\" \/><\/figure>\n\n\n\n<div class=\"tb-button\" data-toolset-blocks-button=\"5a9f6004253c74d336146f9043ab53bf\"><a class=\"tb-button__link\" href=\"https:\/\/www.rauhes.de\/cms\/jahreskreis\/jahreslosung\/2023\/\"><i class=\"tb-button__icon\"><\/i><span class=\"tb-button__content\">Jahreslosung 2023<\/span><\/a><\/div>\n<\/div>\n\n\n\n<div class=\"wp-block-column is-layout-flow wp-block-column-is-layout-flow\">\n<figure class=\"wp-block-image size-full\"><img decoding=\"async\" width=\"300\" height=\"435\" src=\"https:\/\/www.rauhes.de\/cms\/wp-content\/uploads\/2023\/02\/JL-2022-Vincent-van-Gogh-Die-Kirche-in-Auvers-sur-Oise-Ausschnitt-Oel-auf-Leinwand-1890-\u00a9mauritius-images-United-Archives-WHA.jpg\" alt=\"\" class=\"wp-image-56775\" srcset=\"https:\/\/www.rauhes.de\/cms\/wp-content\/uploads\/2023\/02\/JL-2022-Vincent-van-Gogh-Die-Kirche-in-Auvers-sur-Oise-Ausschnitt-Oel-auf-Leinwand-1890-\u00a9mauritius-images-United-Archives-WHA.jpg 300w, https:\/\/www.rauhes.de\/cms\/wp-content\/uploads\/2023\/02\/JL-2022-Vincent-van-Gogh-Die-Kirche-in-Auvers-sur-Oise-Ausschnitt-Oel-auf-Leinwand-1890-\u00a9mauritius-images-United-Archives-WHA-207x300.jpg 207w\" sizes=\"(max-width: 300px) 100vw, 300px\" \/><\/figure>\n\n\n\n<div class=\"tb-button\" data-toolset-blocks-button=\"fe3978285b60fac7f63e57a39303ca30\"><a class=\"tb-button__link\" href=\"https:\/\/www.rauhes.de\/cms\/jahreskreis\/jahreslosung\/2022\/\"><i class=\"tb-button__icon\"><\/i><span class=\"tb-button__content\">Jahreslosung 2022<\/span><\/a><\/div>\n<\/div>\n\n\n\n<div class=\"wp-block-column is-layout-flow wp-block-column-is-layout-flow\"><\/div>\n<\/div>\n","protected":false},"excerpt":{"rendered":"<p>Jahreslosung 2021: Auslegung &amp; Bild Jesus Christus spricht: Seid barmherzig, wie auch euer Vater barmherzig ist! Lukas 6,36&nbsp; Motiv der Agentur des Rauhen Hauses Gedanken zur Jahreslosung 2021&nbsp;von Johannes Brecht Das Aquarell stammt von der K\u00fcnstlerin Angelika Litzkendorf. Sie l\u00e4sst in ihrem Bild anschaulich werden, wie Barmherzigkeit vom Kreuz ausgeht und von Mensch zu Mensch [&hellip;]<\/p>\n","protected":false},"author":1,"featured_media":0,"parent":56768,"menu_order":0,"comment_status":"closed","ping_status":"closed","template":"","meta":{"ngg_post_thumbnail":0,"footnotes":""},"class_list":["post-56860","page","type-page","status-publish","hentry"],"yoast_head":"<!-- This site is optimized with the Yoast SEO plugin v27.3 - https:\/\/yoast.com\/product\/yoast-seo-wordpress\/ -->\n<title>Auslegung zur Jahreslosung 2021 \u2013 rauhes.de<\/title>\n<meta name=\"description\" content=\"&quot;Jesus Christus spricht: Seid barmherzig, wie auch euer Vater barmherzig ist!&quot; Gedanken zur Jahreslosung 2021 &amp; Motiv zum Download!\" \/>\n<meta name=\"robots\" content=\"index, follow, max-snippet:-1, max-image-preview:large, max-video-preview:-1\" \/>\n<link rel=\"canonical\" href=\"https:\/\/www.rauhes.de\/cms\/jahreskreis\/jahreslosung\/2021\/\" \/>\n<meta property=\"og:locale\" content=\"de_DE\" \/>\n<meta property=\"og:type\" content=\"article\" \/>\n<meta property=\"og:title\" content=\"Auslegung zur Jahreslosung 2021 \u2013 rauhes.de\" \/>\n<meta property=\"og:description\" content=\"&quot;Jesus Christus spricht: Seid barmherzig, wie auch euer Vater barmherzig ist!&quot; Gedanken zur Jahreslosung 2021 &amp; Motiv zum Download!\" \/>\n<meta property=\"og:url\" content=\"https:\/\/www.rauhes.de\/cms\/jahreskreis\/jahreslosung\/2021\/\" \/>\n<meta property=\"og:site_name\" content=\"Infos zu feierlichen Anl\u00e4ssen wie Taufe, Konfirmation, Hochzeit &amp; Trauer\" \/>\n<meta property=\"article:modified_time\" content=\"2023-04-27T07:27:03+00:00\" \/>\n<meta property=\"og:image\" content=\"https:\/\/www.rauhes.de\/cms\/wp-content\/uploads\/2023\/02\/jahreslosung-kunstmotiv-2021.jpg\" \/>\n<meta name=\"twitter:card\" content=\"summary_large_image\" \/>\n<meta name=\"twitter:label1\" content=\"Gesch\u00e4tzte Lesezeit\" \/>\n\t<meta name=\"twitter:data1\" content=\"4\u00a0Minuten\" \/>\n<script type=\"application\/ld+json\" class=\"yoast-schema-graph\">{\"@context\":\"https:\\\/\\\/schema.org\",\"@graph\":[{\"@type\":\"WebPage\",\"@id\":\"https:\\\/\\\/www.rauhes.de\\\/cms\\\/jahreskreis\\\/jahreslosung\\\/2021\\\/\",\"url\":\"https:\\\/\\\/www.rauhes.de\\\/cms\\\/jahreskreis\\\/jahreslosung\\\/2021\\\/\",\"name\":\"Auslegung zur Jahreslosung 2021 \u2013 rauhes.de\",\"isPartOf\":{\"@id\":\"https:\\\/\\\/www.rauhes.de\\\/cms\\\/#website\"},\"primaryImageOfPage\":{\"@id\":\"https:\\\/\\\/www.rauhes.de\\\/cms\\\/jahreskreis\\\/jahreslosung\\\/2021\\\/#primaryimage\"},\"image\":{\"@id\":\"https:\\\/\\\/www.rauhes.de\\\/cms\\\/jahreskreis\\\/jahreslosung\\\/2021\\\/#primaryimage\"},\"thumbnailUrl\":\"https:\\\/\\\/www.rauhes.de\\\/cms\\\/wp-content\\\/uploads\\\/2023\\\/02\\\/jahreslosung-kunstmotiv-2021.jpg\",\"datePublished\":\"2023-03-07T09:42:54+00:00\",\"dateModified\":\"2023-04-27T07:27:03+00:00\",\"description\":\"\\\"Jesus Christus spricht: Seid barmherzig, wie auch euer Vater barmherzig ist!\\\" Gedanken zur Jahreslosung 2021 & Motiv zum Download!\",\"breadcrumb\":{\"@id\":\"https:\\\/\\\/www.rauhes.de\\\/cms\\\/jahreskreis\\\/jahreslosung\\\/2021\\\/#breadcrumb\"},\"inLanguage\":\"de\",\"potentialAction\":[{\"@type\":\"ReadAction\",\"target\":[\"https:\\\/\\\/www.rauhes.de\\\/cms\\\/jahreskreis\\\/jahreslosung\\\/2021\\\/\"]}]},{\"@type\":\"ImageObject\",\"inLanguage\":\"de\",\"@id\":\"https:\\\/\\\/www.rauhes.de\\\/cms\\\/jahreskreis\\\/jahreslosung\\\/2021\\\/#primaryimage\",\"url\":\"https:\\\/\\\/www.rauhes.de\\\/cms\\\/wp-content\\\/uploads\\\/2023\\\/02\\\/jahreslosung-kunstmotiv-2021.jpg\",\"contentUrl\":\"https:\\\/\\\/www.rauhes.de\\\/cms\\\/wp-content\\\/uploads\\\/2023\\\/02\\\/jahreslosung-kunstmotiv-2021.jpg\",\"width\":600,\"height\":852,\"caption\":\"Motiv zur Jahreslosung 2021\"},{\"@type\":\"BreadcrumbList\",\"@id\":\"https:\\\/\\\/www.rauhes.de\\\/cms\\\/jahreskreis\\\/jahreslosung\\\/2021\\\/#breadcrumb\",\"itemListElement\":[{\"@type\":\"ListItem\",\"position\":1,\"name\":\"Startseite\",\"item\":\"https:\\\/\\\/www.rauhes.de\\\/cms\\\/\"},{\"@type\":\"ListItem\",\"position\":2,\"name\":\"Jahreskreis\",\"item\":\"https:\\\/\\\/www.rauhes.de\\\/cms\\\/jahreskreis\\\/\"},{\"@type\":\"ListItem\",\"position\":3,\"name\":\"Jahreslosung\",\"item\":\"https:\\\/\\\/www.rauhes.de\\\/cms\\\/jahreskreis\\\/jahreslosung\\\/\"},{\"@type\":\"ListItem\",\"position\":4,\"name\":\"Jahreslosung 2021\"}]},{\"@type\":\"WebSite\",\"@id\":\"https:\\\/\\\/www.rauhes.de\\\/cms\\\/#website\",\"url\":\"https:\\\/\\\/www.rauhes.de\\\/cms\\\/\",\"name\":\"Infos zu feierlichen Anl\u00e4ssen wie Taufe, Konfirmation, Hochzeit &amp; Trauer\",\"description\":\"\",\"publisher\":{\"@id\":\"https:\\\/\\\/www.rauhes.de\\\/cms\\\/#organization\"},\"potentialAction\":[{\"@type\":\"SearchAction\",\"target\":{\"@type\":\"EntryPoint\",\"urlTemplate\":\"https:\\\/\\\/www.rauhes.de\\\/cms\\\/?s={search_term_string}\"},\"query-input\":{\"@type\":\"PropertyValueSpecification\",\"valueRequired\":true,\"valueName\":\"search_term_string\"}}],\"inLanguage\":\"de\"},{\"@type\":\"Organization\",\"@id\":\"https:\\\/\\\/www.rauhes.de\\\/cms\\\/#organization\",\"name\":\"rauhes.de\",\"url\":\"https:\\\/\\\/www.rauhes.de\\\/cms\\\/\",\"logo\":{\"@type\":\"ImageObject\",\"inLanguage\":\"de\",\"@id\":\"https:\\\/\\\/www.rauhes.de\\\/cms\\\/#\\\/schema\\\/logo\\\/image\\\/\",\"url\":\"https:\\\/\\\/www.rauhes.de\\\/cms\\\/wp-content\\\/uploads\\\/2021\\\/10\\\/2x_neu-2.png\",\"contentUrl\":\"https:\\\/\\\/www.rauhes.de\\\/cms\\\/wp-content\\\/uploads\\\/2021\\\/10\\\/2x_neu-2.png\",\"width\":300,\"height\":85,\"caption\":\"rauhes.de\"},\"image\":{\"@id\":\"https:\\\/\\\/www.rauhes.de\\\/cms\\\/#\\\/schema\\\/logo\\\/image\\\/\"}}]}<\/script>\n<!-- \/ Yoast SEO plugin. -->","yoast_head_json":{"title":"Auslegung zur Jahreslosung 2021 \u2013 rauhes.de","description":"\"Jesus Christus spricht: Seid barmherzig, wie auch euer Vater barmherzig ist!\" Gedanken zur Jahreslosung 2021 & Motiv zum Download!","robots":{"index":"index","follow":"follow","max-snippet":"max-snippet:-1","max-image-preview":"max-image-preview:large","max-video-preview":"max-video-preview:-1"},"canonical":"https:\/\/www.rauhes.de\/cms\/jahreskreis\/jahreslosung\/2021\/","og_locale":"de_DE","og_type":"article","og_title":"Auslegung zur Jahreslosung 2021 \u2013 rauhes.de","og_description":"\"Jesus Christus spricht: Seid barmherzig, wie auch euer Vater barmherzig ist!\" Gedanken zur Jahreslosung 2021 & Motiv zum Download!","og_url":"https:\/\/www.rauhes.de\/cms\/jahreskreis\/jahreslosung\/2021\/","og_site_name":"Infos zu feierlichen Anl\u00e4ssen wie Taufe, Konfirmation, Hochzeit &amp; Trauer","article_modified_time":"2023-04-27T07:27:03+00:00","og_image":[{"url":"https:\/\/www.rauhes.de\/cms\/wp-content\/uploads\/2023\/02\/jahreslosung-kunstmotiv-2021.jpg","type":"","width":"","height":""}],"twitter_card":"summary_large_image","twitter_misc":{"Gesch\u00e4tzte Lesezeit":"4\u00a0Minuten"},"schema":{"@context":"https:\/\/schema.org","@graph":[{"@type":"WebPage","@id":"https:\/\/www.rauhes.de\/cms\/jahreskreis\/jahreslosung\/2021\/","url":"https:\/\/www.rauhes.de\/cms\/jahreskreis\/jahreslosung\/2021\/","name":"Auslegung zur Jahreslosung 2021 \u2013 rauhes.de","isPartOf":{"@id":"https:\/\/www.rauhes.de\/cms\/#website"},"primaryImageOfPage":{"@id":"https:\/\/www.rauhes.de\/cms\/jahreskreis\/jahreslosung\/2021\/#primaryimage"},"image":{"@id":"https:\/\/www.rauhes.de\/cms\/jahreskreis\/jahreslosung\/2021\/#primaryimage"},"thumbnailUrl":"https:\/\/www.rauhes.de\/cms\/wp-content\/uploads\/2023\/02\/jahreslosung-kunstmotiv-2021.jpg","datePublished":"2023-03-07T09:42:54+00:00","dateModified":"2023-04-27T07:27:03+00:00","description":"\"Jesus Christus spricht: Seid barmherzig, wie auch euer Vater barmherzig ist!\" Gedanken zur Jahreslosung 2021 & Motiv zum Download!","breadcrumb":{"@id":"https:\/\/www.rauhes.de\/cms\/jahreskreis\/jahreslosung\/2021\/#breadcrumb"},"inLanguage":"de","potentialAction":[{"@type":"ReadAction","target":["https:\/\/www.rauhes.de\/cms\/jahreskreis\/jahreslosung\/2021\/"]}]},{"@type":"ImageObject","inLanguage":"de","@id":"https:\/\/www.rauhes.de\/cms\/jahreskreis\/jahreslosung\/2021\/#primaryimage","url":"https:\/\/www.rauhes.de\/cms\/wp-content\/uploads\/2023\/02\/jahreslosung-kunstmotiv-2021.jpg","contentUrl":"https:\/\/www.rauhes.de\/cms\/wp-content\/uploads\/2023\/02\/jahreslosung-kunstmotiv-2021.jpg","width":600,"height":852,"caption":"Motiv zur Jahreslosung 2021"},{"@type":"BreadcrumbList","@id":"https:\/\/www.rauhes.de\/cms\/jahreskreis\/jahreslosung\/2021\/#breadcrumb","itemListElement":[{"@type":"ListItem","position":1,"name":"Startseite","item":"https:\/\/www.rauhes.de\/cms\/"},{"@type":"ListItem","position":2,"name":"Jahreskreis","item":"https:\/\/www.rauhes.de\/cms\/jahreskreis\/"},{"@type":"ListItem","position":3,"name":"Jahreslosung","item":"https:\/\/www.rauhes.de\/cms\/jahreskreis\/jahreslosung\/"},{"@type":"ListItem","position":4,"name":"Jahreslosung 2021"}]},{"@type":"WebSite","@id":"https:\/\/www.rauhes.de\/cms\/#website","url":"https:\/\/www.rauhes.de\/cms\/","name":"Infos zu feierlichen Anl\u00e4ssen wie Taufe, Konfirmation, Hochzeit &amp; Trauer","description":"","publisher":{"@id":"https:\/\/www.rauhes.de\/cms\/#organization"},"potentialAction":[{"@type":"SearchAction","target":{"@type":"EntryPoint","urlTemplate":"https:\/\/www.rauhes.de\/cms\/?s={search_term_string}"},"query-input":{"@type":"PropertyValueSpecification","valueRequired":true,"valueName":"search_term_string"}}],"inLanguage":"de"},{"@type":"Organization","@id":"https:\/\/www.rauhes.de\/cms\/#organization","name":"rauhes.de","url":"https:\/\/www.rauhes.de\/cms\/","logo":{"@type":"ImageObject","inLanguage":"de","@id":"https:\/\/www.rauhes.de\/cms\/#\/schema\/logo\/image\/","url":"https:\/\/www.rauhes.de\/cms\/wp-content\/uploads\/2021\/10\/2x_neu-2.png","contentUrl":"https:\/\/www.rauhes.de\/cms\/wp-content\/uploads\/2021\/10\/2x_neu-2.png","width":300,"height":85,"caption":"rauhes.de"},"image":{"@id":"https:\/\/www.rauhes.de\/cms\/#\/schema\/logo\/image\/"}}]}},"_links":{"self":[{"href":"https:\/\/www.rauhes.de\/cms\/wp-json\/wp\/v2\/pages\/56860","targetHints":{"allow":["GET"]}}],"collection":[{"href":"https:\/\/www.rauhes.de\/cms\/wp-json\/wp\/v2\/pages"}],"about":[{"href":"https:\/\/www.rauhes.de\/cms\/wp-json\/wp\/v2\/types\/page"}],"author":[{"embeddable":true,"href":"https:\/\/www.rauhes.de\/cms\/wp-json\/wp\/v2\/users\/1"}],"replies":[{"embeddable":true,"href":"https:\/\/www.rauhes.de\/cms\/wp-json\/wp\/v2\/comments?post=56860"}],"version-history":[{"count":29,"href":"https:\/\/www.rauhes.de\/cms\/wp-json\/wp\/v2\/pages\/56860\/revisions"}],"predecessor-version":[{"id":57268,"href":"https:\/\/www.rauhes.de\/cms\/wp-json\/wp\/v2\/pages\/56860\/revisions\/57268"}],"up":[{"embeddable":true,"href":"https:\/\/www.rauhes.de\/cms\/wp-json\/wp\/v2\/pages\/56768"}],"wp:attachment":[{"href":"https:\/\/www.rauhes.de\/cms\/wp-json\/wp\/v2\/media?parent=56860"}],"curies":[{"name":"wp","href":"https:\/\/api.w.org\/{rel}","templated":true}]}}