{"id":56771,"date":"2023-03-07T10:39:49","date_gmt":"2023-03-07T09:39:49","guid":{"rendered":"https:\/\/www.rauhes.de\/cms\/?page_id=56771"},"modified":"2023-04-26T15:42:18","modified_gmt":"2023-04-26T13:42:18","slug":"jahreslosung-2022","status":"publish","type":"page","link":"https:\/\/www.rauhes.de\/cms\/jahreskreis\/jahreslosung\/2022\/","title":{"rendered":"Jahreslosung 2022"},"content":{"rendered":"\n<h1 class=\"wp-block-heading\">Jahreslosung 2022: Auslegung &amp; Bild<\/h1>\n\n\n\n<div style=\"height:20px\" aria-hidden=\"true\" class=\"wp-block-spacer\"><\/div>\n\n\n\n<p class=\"has-medium-font-size\" style=\"font-style:italic;font-weight:500\">Jesus Christus spricht: Wer zu mir kommt,&nbsp;den werde ich nicht abweisen.&nbsp;<\/p>\n\n\n\n<p style=\"font-size:14px\">Johannes 6,37&nbsp;<\/p>\n\n\n\n<div style=\"height:10px\" aria-hidden=\"true\" class=\"wp-block-spacer\"><\/div>\n\n\n\n<div class=\"wp-block-columns is-layout-flex wp-container-core-columns-is-layout-9d6595d7 wp-block-columns-is-layout-flex\">\n<div class=\"wp-block-column is-layout-flow wp-block-column-is-layout-flow\" style=\"flex-basis:100%\">\n<div class=\"wp-block-columns is-layout-flex wp-container-core-columns-is-layout-9d6595d7 wp-block-columns-is-layout-flex\">\n<div class=\"wp-block-column is-layout-flow wp-block-column-is-layout-flow\">\n<h2 class=\"wp-block-heading\">Motiv der Agentur des Rauhen Hauses<\/h2>\n\n\n\n<div style=\"height:5px\" aria-hidden=\"true\" class=\"wp-block-spacer\"><\/div>\n\n\n\n<figure class=\"wp-block-image size-full\"><img decoding=\"async\" width=\"600\" height=\"868\" src=\"https:\/\/www.rauhes.de\/cms\/wp-content\/uploads\/2023\/02\/jahreslosung-kunstmotiv-2022.jpg\" alt=\"Motiv zur Jahreslosung 2022\" class=\"wp-image-56817\" srcset=\"https:\/\/www.rauhes.de\/cms\/wp-content\/uploads\/2023\/02\/jahreslosung-kunstmotiv-2022.jpg 600w, https:\/\/www.rauhes.de\/cms\/wp-content\/uploads\/2023\/02\/jahreslosung-kunstmotiv-2022-207x300.jpg 207w\" sizes=\"(max-width: 600px) 100vw, 600px\" \/><figcaption class=\"wp-element-caption\">Vincent van Gogh, <br>Die Kirche in Auvers-sur-Oise (Ausschnitt), \u00d6l auf Leinwand, 1890, <br>\u00a9 mauritius images \/ United Archives \/ WHA<\/figcaption><\/figure>\n<\/div>\n\n\n\n<div class=\"wp-block-column is-layout-flow wp-block-column-is-layout-flow\">\n<h2 class=\"wp-block-heading\">Gedanken zur Jahreslosung 2022&nbsp;<br>von Hartmuth Wahnung&nbsp;<\/h2>\n\n\n\n<div style=\"height:5px\" aria-hidden=\"true\" class=\"wp-block-spacer\"><\/div>\n\n\n\n<p>Bunt, abwechslungsreich, mit geschwungener Linie \u2013 geradezu in Bewegung. Diese Kirche zieht mich an. Nicht die Architektur macht sie interessant, sondern die Farbe. Vielleicht auch der Kontrast zwischen dem tiefblauen Himmel und dem Anstrich des Geb\u00e4udes. Es gibt viele Gr\u00fcnde, warum Menschen vom Glauben angezogen werden. Mir ist Jesus Christus nicht durch ein Geb\u00e4ude nahegekommen, sondern durch Menschen. Bei ihnen sp\u00fcrte ich etwas von der Farbe, der Hoffnung und dem Spa\u00df, die das Vertrauen in Gott in ein Leben bringen. Meine erste Einladung war das Leben meiner Eltern, dann meiner Mitarbeiter in der Kinder- und Jugendarbeit. In allen spiegelte sich Gottes Wirklichkeit in dieser Welt, so wie die Fenster der Kirche das Blau des Himmels aufnehmen und damit in aller Farbigkeit dazu einladen, dem Sch\u00f6pfer des Universums zu begegnen.&nbsp;&nbsp;<\/p>\n\n\n\n<p>Der Weg f\u00fchrt nun aber um die Kirche herum, nicht in sie hinein. Nicht die Kirche ist das Ziel, sondern Gott, der sich in ihr spiegelt. Man kann rechts oder links herum gehen. Hier braucht es Geduld, um den Eingang zu finden. F\u00fcr manche kann er in der Kirche liegen, f\u00fcr andere auf der bunten Wiese davor oder schlicht im Blick auf den Himmel. Gottesdienst, Natur oder Wissenschaft \u2013 unsere Wege zu Gott sind so vielf\u00e4ltig wie die Menschen, die sich auf sie begeben. Das Ergebnis aber ist dasselbe, eine Begegnung mit der Liebe Gottes in Jesus Christus.<\/p>\n\n\n\n<p>Ich denke an eine Frau. Ihr Weg zu Gott f\u00fchrte sie nicht zu einer Kirche, sondern an einen Brunnen, den Jakobsbrunnen. Sie war mit sich allein, sprachlos, auf der Suche nach mehr. Ein Leben lang hatte sie nach Liebe und Geborgenheit gesucht. F\u00fcnf M\u00e4nner konnten ihr nicht geben, was sie brauchte. Offensichtlich ging ihre Sehnsucht \u00fcber das Menschliche hinaus. Nun schlich sie in der Mittagshitze zum Wasserholen. Auch wenn sie nicht h\u00e4tte sagen k\u00f6nnen, was sie denn tats\u00e4chlich suchte, sah Gott sie. Jesus erwartete sie am Brunnen. Sie kam zu ihm, doch eigentlich kam er zu ihr.<\/p>\n<\/div>\n<\/div>\n\n\n\n<p>Das ist das Geheimnis der Kirche in unserem Bild. Sie spiegelt die Gegenwart des Gottes wider, der sich nicht versteckt, sondern zu uns auf den Weg macht. In Jesus begegnen wir dem freundlichen Angesicht Gottes. Er ist der, der nicht nur die Frau in ihrer Hoffnungslosigkeit, in der Spannung ihres Lebens anspricht, sondern ganz offensichtlich ihre Sehnsucht stillt. Sie erlebt, was er in der Jahreslosung verspricht: \u201eWer zu mir kommt, den werde ich nicht abweisen.\u201c&nbsp;<\/p>\n\n\n\n<p>Das bedeutet es, nach Hause zu kommen. Daf\u00fcr steht Jesus mit seinen ausgebreiteten Armen bis zum Kreuz. Es gibt einen Neuanfang f\u00fcr Menschen, die sich von Gott und sich selbst entfremdet haben, die im Begriff sind, sich zu verlieren und zu scheitern. Nichts h\u00e4lt Gott davon ab, uns zu sich nach Hause einzuladen. Er liebt uns. Diese Botschaft l\u00e4sst bis heute in der Kirche das Licht der Gnade Gottes angehen, gibt ihr Leben, Bewegung und Freude.&nbsp;&nbsp;<\/p>\n\n\n\n<p>Vincent van Gogh, der gro\u00dfe niederl\u00e4ndische Maler, hat in den letzten zwei Wochen seines Lebens dieses Bild gemalt. Es ist die Kirche seines damaligen Wohnortes Auvers. Bunt wie ein Regenbogen l\u00e4dt sie ein: Wer zu Jesus Christus kommt, der wird nicht abgewiesen!&nbsp;<\/p>\n<\/div>\n<\/div>\n\n\n\n<p><strong>Jetzt die Auslegung kostenlos als PDF herunterladen!<\/strong><\/p>\n\n\n\n<div class=\"tb-button\" data-toolset-blocks-button=\"9f70fc946bd18f077a119d63950d4759\"><a class=\"tb-button__link\" href=\"https:\/\/www.rauhes.de\/media\/Jahreslosung_PC-Kartenformat_fuer_rauhes_de.pdf\"><i class=\"tb-button__icon\"><\/i><span class=\"tb-button__content\">Jahreslosung 2022 Download<\/span><\/a><\/div>\n\n\n\n<div style=\"height:20px\" aria-hidden=\"true\" class=\"wp-block-spacer\"><\/div>\n\n\n\n<h2 class=\"wp-block-heading\">Neuere Jahreslosungen<\/h2>\n\n\n\n<div class=\"wp-block-columns is-layout-flex wp-container-core-columns-is-layout-9d6595d7 wp-block-columns-is-layout-flex\">\n<div class=\"wp-block-column is-layout-flow wp-block-column-is-layout-flow\">\n<figure class=\"wp-block-image size-full\"><img decoding=\"async\" width=\"300\" height=\"420\" src=\"https:\/\/www.rauhes.de\/cms\/wp-content\/uploads\/2023\/04\/JL-2023-Weltkugel.jpg\" alt=\"\" class=\"wp-image-57235\" srcset=\"https:\/\/www.rauhes.de\/cms\/wp-content\/uploads\/2023\/04\/JL-2023-Weltkugel.jpg 300w, https:\/\/www.rauhes.de\/cms\/wp-content\/uploads\/2023\/04\/JL-2023-Weltkugel-214x300.jpg 214w\" sizes=\"(max-width: 300px) 100vw, 300px\" \/><\/figure>\n\n\n\n<div class=\"tb-button\" data-toolset-blocks-button=\"5a9f6004253c74d336146f9043ab53bf\"><a class=\"tb-button__link\" href=\"https:\/\/www.rauhes.de\/cms\/jahreskreis\/jahreslosung\/2023\/\"><i class=\"tb-button__icon\"><\/i><span class=\"tb-button__content\">Jahreslosung 2023<\/span><\/a><\/div>\n<\/div>\n<\/div>\n","protected":false},"excerpt":{"rendered":"<p>Jahreslosung 2022: Auslegung &amp; Bild Jesus Christus spricht: Wer zu mir kommt,&nbsp;den werde ich nicht abweisen.&nbsp; Johannes 6,37&nbsp; Motiv der Agentur des Rauhen Hauses Gedanken zur Jahreslosung 2022&nbsp;von Hartmuth Wahnung&nbsp; Bunt, abwechslungsreich, mit geschwungener Linie \u2013 geradezu in Bewegung. Diese Kirche zieht mich an. Nicht die Architektur macht sie interessant, sondern die Farbe. Vielleicht auch [&hellip;]<\/p>\n","protected":false},"author":1,"featured_media":0,"parent":56768,"menu_order":0,"comment_status":"closed","ping_status":"closed","template":"","meta":{"ngg_post_thumbnail":0,"footnotes":""},"class_list":["post-56771","page","type-page","status-publish","hentry"],"yoast_head":"<!-- This site is optimized with the Yoast SEO plugin v27.3 - https:\/\/yoast.com\/product\/yoast-seo-wordpress\/ -->\n<title>Auslegung zur Jahreslosung 2022 \u2013 rauhes.de<\/title>\n<meta name=\"description\" content=\"&quot;Jesus Christus spricht: Wer zu mir kommt,\u00a0den werde ich nicht abweisen.&quot; Gedanken zur Jahreslosung 2022 &amp; Motiv zum Download!\" \/>\n<meta name=\"robots\" content=\"index, follow, max-snippet:-1, max-image-preview:large, max-video-preview:-1\" \/>\n<link rel=\"canonical\" href=\"https:\/\/www.rauhes.de\/cms\/jahreskreis\/jahreslosung\/2022\/\" \/>\n<meta property=\"og:locale\" content=\"de_DE\" \/>\n<meta property=\"og:type\" content=\"article\" \/>\n<meta property=\"og:title\" content=\"Auslegung zur Jahreslosung 2022 \u2013 rauhes.de\" \/>\n<meta property=\"og:description\" content=\"&quot;Jesus Christus spricht: Wer zu mir kommt,\u00a0den werde ich nicht abweisen.&quot; Gedanken zur Jahreslosung 2022 &amp; Motiv zum Download!\" \/>\n<meta property=\"og:url\" content=\"https:\/\/www.rauhes.de\/cms\/jahreskreis\/jahreslosung\/2022\/\" \/>\n<meta property=\"og:site_name\" content=\"Infos zu feierlichen Anl\u00e4ssen wie Taufe, Konfirmation, Hochzeit &amp; Trauer\" \/>\n<meta property=\"article:modified_time\" content=\"2023-04-26T13:42:18+00:00\" \/>\n<meta property=\"og:image\" content=\"https:\/\/www.rauhes.de\/cms\/wp-content\/uploads\/2023\/02\/jahreslosung-kunstmotiv-2022.jpg\" \/>\n<meta name=\"twitter:card\" content=\"summary_large_image\" \/>\n<meta name=\"twitter:label1\" content=\"Gesch\u00e4tzte Lesezeit\" \/>\n\t<meta name=\"twitter:data1\" content=\"3\u00a0Minuten\" \/>\n<script type=\"application\/ld+json\" class=\"yoast-schema-graph\">{\"@context\":\"https:\\\/\\\/schema.org\",\"@graph\":[{\"@type\":\"WebPage\",\"@id\":\"https:\\\/\\\/www.rauhes.de\\\/cms\\\/jahreskreis\\\/jahreslosung\\\/2022\\\/\",\"url\":\"https:\\\/\\\/www.rauhes.de\\\/cms\\\/jahreskreis\\\/jahreslosung\\\/2022\\\/\",\"name\":\"Auslegung zur Jahreslosung 2022 \u2013 rauhes.de\",\"isPartOf\":{\"@id\":\"https:\\\/\\\/www.rauhes.de\\\/cms\\\/#website\"},\"primaryImageOfPage\":{\"@id\":\"https:\\\/\\\/www.rauhes.de\\\/cms\\\/jahreskreis\\\/jahreslosung\\\/2022\\\/#primaryimage\"},\"image\":{\"@id\":\"https:\\\/\\\/www.rauhes.de\\\/cms\\\/jahreskreis\\\/jahreslosung\\\/2022\\\/#primaryimage\"},\"thumbnailUrl\":\"https:\\\/\\\/www.rauhes.de\\\/cms\\\/wp-content\\\/uploads\\\/2023\\\/02\\\/jahreslosung-kunstmotiv-2022.jpg\",\"datePublished\":\"2023-03-07T09:39:49+00:00\",\"dateModified\":\"2023-04-26T13:42:18+00:00\",\"description\":\"\\\"Jesus Christus spricht: Wer zu mir kommt,\u00a0den werde ich nicht abweisen.\\\" Gedanken zur Jahreslosung 2022 & Motiv zum Download!\",\"breadcrumb\":{\"@id\":\"https:\\\/\\\/www.rauhes.de\\\/cms\\\/jahreskreis\\\/jahreslosung\\\/2022\\\/#breadcrumb\"},\"inLanguage\":\"de\",\"potentialAction\":[{\"@type\":\"ReadAction\",\"target\":[\"https:\\\/\\\/www.rauhes.de\\\/cms\\\/jahreskreis\\\/jahreslosung\\\/2022\\\/\"]}]},{\"@type\":\"ImageObject\",\"inLanguage\":\"de\",\"@id\":\"https:\\\/\\\/www.rauhes.de\\\/cms\\\/jahreskreis\\\/jahreslosung\\\/2022\\\/#primaryimage\",\"url\":\"https:\\\/\\\/www.rauhes.de\\\/cms\\\/wp-content\\\/uploads\\\/2023\\\/02\\\/jahreslosung-kunstmotiv-2022.jpg\",\"contentUrl\":\"https:\\\/\\\/www.rauhes.de\\\/cms\\\/wp-content\\\/uploads\\\/2023\\\/02\\\/jahreslosung-kunstmotiv-2022.jpg\",\"width\":600,\"height\":868,\"caption\":\"Motiv zur Jahreslosung 2022\"},{\"@type\":\"BreadcrumbList\",\"@id\":\"https:\\\/\\\/www.rauhes.de\\\/cms\\\/jahreskreis\\\/jahreslosung\\\/2022\\\/#breadcrumb\",\"itemListElement\":[{\"@type\":\"ListItem\",\"position\":1,\"name\":\"Startseite\",\"item\":\"https:\\\/\\\/www.rauhes.de\\\/cms\\\/\"},{\"@type\":\"ListItem\",\"position\":2,\"name\":\"Jahreskreis\",\"item\":\"https:\\\/\\\/www.rauhes.de\\\/cms\\\/jahreskreis\\\/\"},{\"@type\":\"ListItem\",\"position\":3,\"name\":\"Jahreslosung\",\"item\":\"https:\\\/\\\/www.rauhes.de\\\/cms\\\/jahreskreis\\\/jahreslosung\\\/\"},{\"@type\":\"ListItem\",\"position\":4,\"name\":\"Jahreslosung 2022\"}]},{\"@type\":\"WebSite\",\"@id\":\"https:\\\/\\\/www.rauhes.de\\\/cms\\\/#website\",\"url\":\"https:\\\/\\\/www.rauhes.de\\\/cms\\\/\",\"name\":\"Infos zu feierlichen Anl\u00e4ssen wie Taufe, Konfirmation, Hochzeit &amp; Trauer\",\"description\":\"\",\"publisher\":{\"@id\":\"https:\\\/\\\/www.rauhes.de\\\/cms\\\/#organization\"},\"potentialAction\":[{\"@type\":\"SearchAction\",\"target\":{\"@type\":\"EntryPoint\",\"urlTemplate\":\"https:\\\/\\\/www.rauhes.de\\\/cms\\\/?s={search_term_string}\"},\"query-input\":{\"@type\":\"PropertyValueSpecification\",\"valueRequired\":true,\"valueName\":\"search_term_string\"}}],\"inLanguage\":\"de\"},{\"@type\":\"Organization\",\"@id\":\"https:\\\/\\\/www.rauhes.de\\\/cms\\\/#organization\",\"name\":\"rauhes.de\",\"url\":\"https:\\\/\\\/www.rauhes.de\\\/cms\\\/\",\"logo\":{\"@type\":\"ImageObject\",\"inLanguage\":\"de\",\"@id\":\"https:\\\/\\\/www.rauhes.de\\\/cms\\\/#\\\/schema\\\/logo\\\/image\\\/\",\"url\":\"https:\\\/\\\/www.rauhes.de\\\/cms\\\/wp-content\\\/uploads\\\/2021\\\/10\\\/2x_neu-2.png\",\"contentUrl\":\"https:\\\/\\\/www.rauhes.de\\\/cms\\\/wp-content\\\/uploads\\\/2021\\\/10\\\/2x_neu-2.png\",\"width\":300,\"height\":85,\"caption\":\"rauhes.de\"},\"image\":{\"@id\":\"https:\\\/\\\/www.rauhes.de\\\/cms\\\/#\\\/schema\\\/logo\\\/image\\\/\"}}]}<\/script>\n<!-- \/ Yoast SEO plugin. -->","yoast_head_json":{"title":"Auslegung zur Jahreslosung 2022 \u2013 rauhes.de","description":"\"Jesus Christus spricht: Wer zu mir kommt,\u00a0den werde ich nicht abweisen.\" Gedanken zur Jahreslosung 2022 & Motiv zum Download!","robots":{"index":"index","follow":"follow","max-snippet":"max-snippet:-1","max-image-preview":"max-image-preview:large","max-video-preview":"max-video-preview:-1"},"canonical":"https:\/\/www.rauhes.de\/cms\/jahreskreis\/jahreslosung\/2022\/","og_locale":"de_DE","og_type":"article","og_title":"Auslegung zur Jahreslosung 2022 \u2013 rauhes.de","og_description":"\"Jesus Christus spricht: Wer zu mir kommt,\u00a0den werde ich nicht abweisen.\" Gedanken zur Jahreslosung 2022 & Motiv zum Download!","og_url":"https:\/\/www.rauhes.de\/cms\/jahreskreis\/jahreslosung\/2022\/","og_site_name":"Infos zu feierlichen Anl\u00e4ssen wie Taufe, Konfirmation, Hochzeit &amp; Trauer","article_modified_time":"2023-04-26T13:42:18+00:00","og_image":[{"url":"https:\/\/www.rauhes.de\/cms\/wp-content\/uploads\/2023\/02\/jahreslosung-kunstmotiv-2022.jpg","type":"","width":"","height":""}],"twitter_card":"summary_large_image","twitter_misc":{"Gesch\u00e4tzte Lesezeit":"3\u00a0Minuten"},"schema":{"@context":"https:\/\/schema.org","@graph":[{"@type":"WebPage","@id":"https:\/\/www.rauhes.de\/cms\/jahreskreis\/jahreslosung\/2022\/","url":"https:\/\/www.rauhes.de\/cms\/jahreskreis\/jahreslosung\/2022\/","name":"Auslegung zur Jahreslosung 2022 \u2013 rauhes.de","isPartOf":{"@id":"https:\/\/www.rauhes.de\/cms\/#website"},"primaryImageOfPage":{"@id":"https:\/\/www.rauhes.de\/cms\/jahreskreis\/jahreslosung\/2022\/#primaryimage"},"image":{"@id":"https:\/\/www.rauhes.de\/cms\/jahreskreis\/jahreslosung\/2022\/#primaryimage"},"thumbnailUrl":"https:\/\/www.rauhes.de\/cms\/wp-content\/uploads\/2023\/02\/jahreslosung-kunstmotiv-2022.jpg","datePublished":"2023-03-07T09:39:49+00:00","dateModified":"2023-04-26T13:42:18+00:00","description":"\"Jesus Christus spricht: Wer zu mir kommt,\u00a0den werde ich nicht abweisen.\" Gedanken zur Jahreslosung 2022 & Motiv zum Download!","breadcrumb":{"@id":"https:\/\/www.rauhes.de\/cms\/jahreskreis\/jahreslosung\/2022\/#breadcrumb"},"inLanguage":"de","potentialAction":[{"@type":"ReadAction","target":["https:\/\/www.rauhes.de\/cms\/jahreskreis\/jahreslosung\/2022\/"]}]},{"@type":"ImageObject","inLanguage":"de","@id":"https:\/\/www.rauhes.de\/cms\/jahreskreis\/jahreslosung\/2022\/#primaryimage","url":"https:\/\/www.rauhes.de\/cms\/wp-content\/uploads\/2023\/02\/jahreslosung-kunstmotiv-2022.jpg","contentUrl":"https:\/\/www.rauhes.de\/cms\/wp-content\/uploads\/2023\/02\/jahreslosung-kunstmotiv-2022.jpg","width":600,"height":868,"caption":"Motiv zur Jahreslosung 2022"},{"@type":"BreadcrumbList","@id":"https:\/\/www.rauhes.de\/cms\/jahreskreis\/jahreslosung\/2022\/#breadcrumb","itemListElement":[{"@type":"ListItem","position":1,"name":"Startseite","item":"https:\/\/www.rauhes.de\/cms\/"},{"@type":"ListItem","position":2,"name":"Jahreskreis","item":"https:\/\/www.rauhes.de\/cms\/jahreskreis\/"},{"@type":"ListItem","position":3,"name":"Jahreslosung","item":"https:\/\/www.rauhes.de\/cms\/jahreskreis\/jahreslosung\/"},{"@type":"ListItem","position":4,"name":"Jahreslosung 2022"}]},{"@type":"WebSite","@id":"https:\/\/www.rauhes.de\/cms\/#website","url":"https:\/\/www.rauhes.de\/cms\/","name":"Infos zu feierlichen Anl\u00e4ssen wie Taufe, Konfirmation, Hochzeit &amp; Trauer","description":"","publisher":{"@id":"https:\/\/www.rauhes.de\/cms\/#organization"},"potentialAction":[{"@type":"SearchAction","target":{"@type":"EntryPoint","urlTemplate":"https:\/\/www.rauhes.de\/cms\/?s={search_term_string}"},"query-input":{"@type":"PropertyValueSpecification","valueRequired":true,"valueName":"search_term_string"}}],"inLanguage":"de"},{"@type":"Organization","@id":"https:\/\/www.rauhes.de\/cms\/#organization","name":"rauhes.de","url":"https:\/\/www.rauhes.de\/cms\/","logo":{"@type":"ImageObject","inLanguage":"de","@id":"https:\/\/www.rauhes.de\/cms\/#\/schema\/logo\/image\/","url":"https:\/\/www.rauhes.de\/cms\/wp-content\/uploads\/2021\/10\/2x_neu-2.png","contentUrl":"https:\/\/www.rauhes.de\/cms\/wp-content\/uploads\/2021\/10\/2x_neu-2.png","width":300,"height":85,"caption":"rauhes.de"},"image":{"@id":"https:\/\/www.rauhes.de\/cms\/#\/schema\/logo\/image\/"}}]}},"_links":{"self":[{"href":"https:\/\/www.rauhes.de\/cms\/wp-json\/wp\/v2\/pages\/56771","targetHints":{"allow":["GET"]}}],"collection":[{"href":"https:\/\/www.rauhes.de\/cms\/wp-json\/wp\/v2\/pages"}],"about":[{"href":"https:\/\/www.rauhes.de\/cms\/wp-json\/wp\/v2\/types\/page"}],"author":[{"embeddable":true,"href":"https:\/\/www.rauhes.de\/cms\/wp-json\/wp\/v2\/users\/1"}],"replies":[{"embeddable":true,"href":"https:\/\/www.rauhes.de\/cms\/wp-json\/wp\/v2\/comments?post=56771"}],"version-history":[{"count":52,"href":"https:\/\/www.rauhes.de\/cms\/wp-json\/wp\/v2\/pages\/56771\/revisions"}],"predecessor-version":[{"id":57259,"href":"https:\/\/www.rauhes.de\/cms\/wp-json\/wp\/v2\/pages\/56771\/revisions\/57259"}],"up":[{"embeddable":true,"href":"https:\/\/www.rauhes.de\/cms\/wp-json\/wp\/v2\/pages\/56768"}],"wp:attachment":[{"href":"https:\/\/www.rauhes.de\/cms\/wp-json\/wp\/v2\/media?parent=56771"}],"curies":[{"name":"wp","href":"https:\/\/api.w.org\/{rel}","templated":true}]}}