{"id":519,"date":"2021-10-08T10:23:25","date_gmt":"2021-10-08T08:23:25","guid":{"rendered":"https:\/\/www.rauhes.de\/cms\/?page_id=519"},"modified":"2022-09-20T07:16:13","modified_gmt":"2022-09-20T05:16:13","slug":"agentur-des-rauhen-hauses","status":"publish","type":"page","link":"https:\/\/www.rauhes.de\/cms\/agentur-des-rauhen-hauses\/","title":{"rendered":"Agentur des Rauhes Hauses"},"content":{"rendered":"<h1>Die Agentur des Rauhen Hauses<\/h1>\n<h2>Entstehung und Geschichte der Agentur des Rauhen Hauses<img decoding=\"async\" class=\"alignright size-medium wp-image-6144 lazy error\" src=\"https:\/\/www.rauhes.de\/cms\/wp-content\/uploads\/2021\/10\/Agentur-Rauhes-Haus-300x199.webp\" alt=\"Sitz der Agentur des Rauhen Hauses und der Reise- und Versandbuchhandlung des Rauhen Hauses in Norderstedt\" width=\"300\" height=\"199\" data-src=\"https:\/\/www.rauhes.de\/cms\/wp-content\/uploads\/2021\/10\/Agentur-Rauhes-Haus-300x199.webp\" data-was-processed=\"true\" \/><\/h2>\n<p>1841, im Gr\u00fcndungsjahr der Agentur des Rauhen Hauses, war der Standort des Rauhen Hauses, Hamburg-Horn, noch ein Dorf vor den Toren Hamburgs.<strong>\u00a0Johann Hinrich Wichern errichtete die Agentur des Rauhen Hauses in der Hamburger Altstadt, um Bestellungen und Waren zwischen Horn und Hamburg vermitteln zu k\u00f6nnen.<\/strong><\/p>\n<p>Ein Jahr sp\u00e4ter, 1842, entstand in der Agentur des Rauhen Hauses eine Druckerei. Weitere zwei Jahre sp\u00e4ter,\u00a0<strong>im Jahr 1844, gr\u00fcndete Wichern eine Verlagshandlung und eine Buchhandlung.<\/strong><\/p>\n<p>Der Theologe Johann Hinrich Wichern verfolgte das Ziel, mit dem Verlag \u00fcber christliche Werte zu informieren. Er selbst sorgte auch daf\u00fcr, dass\u00a0<strong>alle erwirtschaften Ertr\u00e4ge in die Arbeit des Rauhen Hauses flie\u00dfen<\/strong>. Die f\u00fcr den Verlag arbeitenden Menschen sind daher auch heute noch in doppelter Hinsicht unterwegs: als Wegbegleiter christlicher Werte und als Unterst\u00fctzer der Stiftung.<\/p>\n<h3>Erster Druck der Agentur des Rauhen Hauses: Psalm 23<\/h3>\n<p>Das erste Druckst\u00fcck der Agentur des Rauhen Hauses am Gr\u00fcndungstag war der Psalm 23. Dieser wird bis heute als Mediation von der Agentur des Rauhen Hauses herausgegeben.<\/p>\n<p style=\"text-align: center;\"><em>Ein Psalm Davids.<\/em><em>\u00a0Der Herr ist mein Hirte, mir wird nichts mangeln.<br \/>\n<\/em><em>Er weidet mich auf einer gr\u00fcnen Aue und f\u00fchret mich zum frischen Wasser.<br \/>\n<\/em><em>Er erquicket meine Seele und f\u00fchret mich auf rechter Stra\u00dfe um seines Namens willen.<br \/>\n<\/em><em>Und ob ich schon wanderte im finstern Tal, f\u00fcrchte ich kein Ungl\u00fcck; denn du bist bei mir, dein Stecken und Stab tr\u00f6sten mich.<br \/>\n<\/em><em>Du bereitest vor mir einen Tisch im Angesicht meiner Feinde. Du salbest mein Haupt mit \u00d6l und schenkest mir voll ein.<br \/>\n<\/em><em>Gutes und Barmherzigkeit werden mir folgen mein Leben lang, und ich werde bleiben im Hause des Herrn immerdar.<\/em><\/p>\n<p>&nbsp;<\/p>\n<h2>Die Agentur des Rauhen Hauses heute<\/h2>\n<p>Die Agentur des Rauhen Hauses ver\u00f6ffentlicht auch heute noch christliche B\u00fccher, Bildb\u00e4nde, Karten, Poster und Arbeitshilfen f\u00fcr Kirchengemeinden. Der Sitz des Verlages ist mittlerweile in Norderstedt, nur unweit der Grenze zu Henstedt-Ulzburg.<\/p>\n<p>1971 wurde das Tochterunternehmen, die Reise- und Versandbuchhandlung des Rauhen Hauses Hamburg GmbH, gegr\u00fcndet. Die Reise- und Versandbuchhandlung, die auch\u00a0<a href=\"https:\/\/www.rauhes.de\">den christlichen Online-Shop rauhes.de<\/a>\u00a0betreibt, vertreibt neben dem Verlagsprogramm auch weitere christliche B\u00fccher und Geschenke an Privatpersonen, Kirchengemeinden und christliche Einrichtungen.<\/p>\n<p>Auch heute sind sowohl die Agentur als auch die Reise- und Versandbuchhandlung eng mit der Stiftung Das Rauhe Haus verbunden. So flie\u00dfen nach wie vor alle erwirtschafteten Ertr\u00e4ge in die Stiftungsarbeit.<\/p>\n","protected":false},"excerpt":{"rendered":"<p>Die Agentur des Rauhen Hauses Entstehung und Geschichte der Agentur des Rauhen Hauses 1841, im Gr\u00fcndungsjahr der Agentur des Rauhen Hauses, war der Standort des Rauhen Hauses, Hamburg-Horn, noch ein Dorf vor den Toren Hamburgs.\u00a0Johann Hinrich Wichern errichtete die Agentur des Rauhen Hauses in der Hamburger Altstadt, um Bestellungen und Waren zwischen Horn und Hamburg [&hellip;]<\/p>\n","protected":false},"author":1,"featured_media":0,"parent":510,"menu_order":0,"comment_status":"closed","ping_status":"closed","template":"","meta":{"ngg_post_thumbnail":0,"footnotes":""},"class_list":["post-519","page","type-page","status-publish","hentry"],"yoast_head":"<!-- This site is optimized with the Yoast SEO plugin v27.5 - https:\/\/yoast.com\/product\/yoast-seo-wordpress\/ -->\n<title>Die Agentur des Rauhen Hauses \u2013 rauhes.de<\/title>\n<meta name=\"description\" content=\"Die Agentur des Rauhen Hauses blickt auf eine lange Tradition zur\u00fcck. Erfahren Sie hier alles \u00fcber die Entwicklung bis heute!\" \/>\n<meta name=\"robots\" content=\"index, follow, max-snippet:-1, max-image-preview:large, max-video-preview:-1\" \/>\n<link rel=\"canonical\" href=\"https:\/\/www.rauhes.de\/cms\/agentur-des-rauhen-hauses\/\" \/>\n<meta property=\"og:locale\" content=\"de_DE\" \/>\n<meta property=\"og:type\" content=\"article\" \/>\n<meta property=\"og:title\" content=\"Die Agentur des Rauhen Hauses \u2013 rauhes.de\" \/>\n<meta property=\"og:description\" content=\"Die Agentur des Rauhen Hauses blickt auf eine lange Tradition zur\u00fcck. Erfahren Sie hier alles \u00fcber die Entwicklung bis heute!\" \/>\n<meta property=\"og:url\" content=\"https:\/\/www.rauhes.de\/cms\/agentur-des-rauhen-hauses\/\" \/>\n<meta property=\"og:site_name\" content=\"Infos zu feierlichen Anl\u00e4ssen wie Taufe, Konfirmation, Hochzeit &amp; Trauer\" \/>\n<meta property=\"article:modified_time\" content=\"2022-09-20T05:16:13+00:00\" \/>\n<meta property=\"og:image\" content=\"https:\/\/www.rauhes.de\/cms\/wp-content\/uploads\/2021\/10\/Agentur-Rauhes-Haus-300x199.webp\" \/>\n<meta name=\"twitter:card\" content=\"summary_large_image\" \/>\n<meta name=\"twitter:label1\" content=\"Gesch\u00e4tzte Lesezeit\" \/>\n\t<meta name=\"twitter:data1\" content=\"2\u00a0Minuten\" \/>\n<script type=\"application\/ld+json\" class=\"yoast-schema-graph\">{\"@context\":\"https:\\\/\\\/schema.org\",\"@graph\":[{\"@type\":\"WebPage\",\"@id\":\"https:\\\/\\\/www.rauhes.de\\\/cms\\\/agentur-des-rauhen-hauses\\\/\",\"url\":\"https:\\\/\\\/www.rauhes.de\\\/cms\\\/agentur-des-rauhen-hauses\\\/\",\"name\":\"Die Agentur des Rauhen Hauses \u2013 rauhes.de\",\"isPartOf\":{\"@id\":\"https:\\\/\\\/www.rauhes.de\\\/cms\\\/#website\"},\"primaryImageOfPage\":{\"@id\":\"https:\\\/\\\/www.rauhes.de\\\/cms\\\/agentur-des-rauhen-hauses\\\/#primaryimage\"},\"image\":{\"@id\":\"https:\\\/\\\/www.rauhes.de\\\/cms\\\/agentur-des-rauhen-hauses\\\/#primaryimage\"},\"thumbnailUrl\":\"https:\\\/\\\/www.rauhes.de\\\/cms\\\/wp-content\\\/uploads\\\/2021\\\/10\\\/Agentur-Rauhes-Haus-300x199.webp\",\"datePublished\":\"2021-10-08T08:23:25+00:00\",\"dateModified\":\"2022-09-20T05:16:13+00:00\",\"description\":\"Die Agentur des Rauhen Hauses blickt auf eine lange Tradition zur\u00fcck. Erfahren Sie hier alles \u00fcber die Entwicklung bis heute!\",\"breadcrumb\":{\"@id\":\"https:\\\/\\\/www.rauhes.de\\\/cms\\\/agentur-des-rauhen-hauses\\\/#breadcrumb\"},\"inLanguage\":\"de\",\"potentialAction\":[{\"@type\":\"ReadAction\",\"target\":[\"https:\\\/\\\/www.rauhes.de\\\/cms\\\/agentur-des-rauhen-hauses\\\/\"]}]},{\"@type\":\"ImageObject\",\"inLanguage\":\"de\",\"@id\":\"https:\\\/\\\/www.rauhes.de\\\/cms\\\/agentur-des-rauhen-hauses\\\/#primaryimage\",\"url\":\"https:\\\/\\\/www.rauhes.de\\\/cms\\\/wp-content\\\/uploads\\\/2021\\\/10\\\/Agentur-Rauhes-Haus-300x199.webp\",\"contentUrl\":\"https:\\\/\\\/www.rauhes.de\\\/cms\\\/wp-content\\\/uploads\\\/2021\\\/10\\\/Agentur-Rauhes-Haus-300x199.webp\"},{\"@type\":\"BreadcrumbList\",\"@id\":\"https:\\\/\\\/www.rauhes.de\\\/cms\\\/agentur-des-rauhen-hauses\\\/#breadcrumb\",\"itemListElement\":[{\"@type\":\"ListItem\",\"position\":1,\"name\":\"Startseite\",\"item\":\"https:\\\/\\\/www.rauhes.de\\\/cms\\\/\"},{\"@type\":\"ListItem\",\"position\":2,\"name\":\"\u00dcber uns\",\"item\":\"https:\\\/\\\/www.rauhes.de\\\/cms\\\/ueber-uns\\\/\"},{\"@type\":\"ListItem\",\"position\":3,\"name\":\"Agentur des Rauhes Hauses\"}]},{\"@type\":\"WebSite\",\"@id\":\"https:\\\/\\\/www.rauhes.de\\\/cms\\\/#website\",\"url\":\"https:\\\/\\\/www.rauhes.de\\\/cms\\\/\",\"name\":\"Infos zu feierlichen Anl\u00e4ssen wie Taufe, Konfirmation, Hochzeit &amp; Trauer\",\"description\":\"\",\"publisher\":{\"@id\":\"https:\\\/\\\/www.rauhes.de\\\/cms\\\/#organization\"},\"potentialAction\":[{\"@type\":\"SearchAction\",\"target\":{\"@type\":\"EntryPoint\",\"urlTemplate\":\"https:\\\/\\\/www.rauhes.de\\\/cms\\\/?s={search_term_string}\"},\"query-input\":{\"@type\":\"PropertyValueSpecification\",\"valueRequired\":true,\"valueName\":\"search_term_string\"}}],\"inLanguage\":\"de\"},{\"@type\":\"Organization\",\"@id\":\"https:\\\/\\\/www.rauhes.de\\\/cms\\\/#organization\",\"name\":\"rauhes.de\",\"url\":\"https:\\\/\\\/www.rauhes.de\\\/cms\\\/\",\"logo\":{\"@type\":\"ImageObject\",\"inLanguage\":\"de\",\"@id\":\"https:\\\/\\\/www.rauhes.de\\\/cms\\\/#\\\/schema\\\/logo\\\/image\\\/\",\"url\":\"https:\\\/\\\/www.rauhes.de\\\/cms\\\/wp-content\\\/uploads\\\/2021\\\/10\\\/2x_neu-2.png\",\"contentUrl\":\"https:\\\/\\\/www.rauhes.de\\\/cms\\\/wp-content\\\/uploads\\\/2021\\\/10\\\/2x_neu-2.png\",\"width\":300,\"height\":85,\"caption\":\"rauhes.de\"},\"image\":{\"@id\":\"https:\\\/\\\/www.rauhes.de\\\/cms\\\/#\\\/schema\\\/logo\\\/image\\\/\"}}]}<\/script>\n<!-- \/ Yoast SEO plugin. -->","yoast_head_json":{"title":"Die Agentur des Rauhen Hauses \u2013 rauhes.de","description":"Die Agentur des Rauhen Hauses blickt auf eine lange Tradition zur\u00fcck. Erfahren Sie hier alles \u00fcber die Entwicklung bis heute!","robots":{"index":"index","follow":"follow","max-snippet":"max-snippet:-1","max-image-preview":"max-image-preview:large","max-video-preview":"max-video-preview:-1"},"canonical":"https:\/\/www.rauhes.de\/cms\/agentur-des-rauhen-hauses\/","og_locale":"de_DE","og_type":"article","og_title":"Die Agentur des Rauhen Hauses \u2013 rauhes.de","og_description":"Die Agentur des Rauhen Hauses blickt auf eine lange Tradition zur\u00fcck. Erfahren Sie hier alles \u00fcber die Entwicklung bis heute!","og_url":"https:\/\/www.rauhes.de\/cms\/agentur-des-rauhen-hauses\/","og_site_name":"Infos zu feierlichen Anl\u00e4ssen wie Taufe, Konfirmation, Hochzeit &amp; Trauer","article_modified_time":"2022-09-20T05:16:13+00:00","og_image":[{"url":"https:\/\/www.rauhes.de\/cms\/wp-content\/uploads\/2021\/10\/Agentur-Rauhes-Haus-300x199.webp","type":"","width":"","height":""}],"twitter_card":"summary_large_image","twitter_misc":{"Gesch\u00e4tzte Lesezeit":"2\u00a0Minuten"},"schema":{"@context":"https:\/\/schema.org","@graph":[{"@type":"WebPage","@id":"https:\/\/www.rauhes.de\/cms\/agentur-des-rauhen-hauses\/","url":"https:\/\/www.rauhes.de\/cms\/agentur-des-rauhen-hauses\/","name":"Die Agentur des Rauhen Hauses \u2013 rauhes.de","isPartOf":{"@id":"https:\/\/www.rauhes.de\/cms\/#website"},"primaryImageOfPage":{"@id":"https:\/\/www.rauhes.de\/cms\/agentur-des-rauhen-hauses\/#primaryimage"},"image":{"@id":"https:\/\/www.rauhes.de\/cms\/agentur-des-rauhen-hauses\/#primaryimage"},"thumbnailUrl":"https:\/\/www.rauhes.de\/cms\/wp-content\/uploads\/2021\/10\/Agentur-Rauhes-Haus-300x199.webp","datePublished":"2021-10-08T08:23:25+00:00","dateModified":"2022-09-20T05:16:13+00:00","description":"Die Agentur des Rauhen Hauses blickt auf eine lange Tradition zur\u00fcck. Erfahren Sie hier alles \u00fcber die Entwicklung bis heute!","breadcrumb":{"@id":"https:\/\/www.rauhes.de\/cms\/agentur-des-rauhen-hauses\/#breadcrumb"},"inLanguage":"de","potentialAction":[{"@type":"ReadAction","target":["https:\/\/www.rauhes.de\/cms\/agentur-des-rauhen-hauses\/"]}]},{"@type":"ImageObject","inLanguage":"de","@id":"https:\/\/www.rauhes.de\/cms\/agentur-des-rauhen-hauses\/#primaryimage","url":"https:\/\/www.rauhes.de\/cms\/wp-content\/uploads\/2021\/10\/Agentur-Rauhes-Haus-300x199.webp","contentUrl":"https:\/\/www.rauhes.de\/cms\/wp-content\/uploads\/2021\/10\/Agentur-Rauhes-Haus-300x199.webp"},{"@type":"BreadcrumbList","@id":"https:\/\/www.rauhes.de\/cms\/agentur-des-rauhen-hauses\/#breadcrumb","itemListElement":[{"@type":"ListItem","position":1,"name":"Startseite","item":"https:\/\/www.rauhes.de\/cms\/"},{"@type":"ListItem","position":2,"name":"\u00dcber uns","item":"https:\/\/www.rauhes.de\/cms\/ueber-uns\/"},{"@type":"ListItem","position":3,"name":"Agentur des Rauhes Hauses"}]},{"@type":"WebSite","@id":"https:\/\/www.rauhes.de\/cms\/#website","url":"https:\/\/www.rauhes.de\/cms\/","name":"Infos zu feierlichen Anl\u00e4ssen wie Taufe, Konfirmation, Hochzeit &amp; Trauer","description":"","publisher":{"@id":"https:\/\/www.rauhes.de\/cms\/#organization"},"potentialAction":[{"@type":"SearchAction","target":{"@type":"EntryPoint","urlTemplate":"https:\/\/www.rauhes.de\/cms\/?s={search_term_string}"},"query-input":{"@type":"PropertyValueSpecification","valueRequired":true,"valueName":"search_term_string"}}],"inLanguage":"de"},{"@type":"Organization","@id":"https:\/\/www.rauhes.de\/cms\/#organization","name":"rauhes.de","url":"https:\/\/www.rauhes.de\/cms\/","logo":{"@type":"ImageObject","inLanguage":"de","@id":"https:\/\/www.rauhes.de\/cms\/#\/schema\/logo\/image\/","url":"https:\/\/www.rauhes.de\/cms\/wp-content\/uploads\/2021\/10\/2x_neu-2.png","contentUrl":"https:\/\/www.rauhes.de\/cms\/wp-content\/uploads\/2021\/10\/2x_neu-2.png","width":300,"height":85,"caption":"rauhes.de"},"image":{"@id":"https:\/\/www.rauhes.de\/cms\/#\/schema\/logo\/image\/"}}]}},"_links":{"self":[{"href":"https:\/\/www.rauhes.de\/cms\/wp-json\/wp\/v2\/pages\/519","targetHints":{"allow":["GET"]}}],"collection":[{"href":"https:\/\/www.rauhes.de\/cms\/wp-json\/wp\/v2\/pages"}],"about":[{"href":"https:\/\/www.rauhes.de\/cms\/wp-json\/wp\/v2\/types\/page"}],"author":[{"embeddable":true,"href":"https:\/\/www.rauhes.de\/cms\/wp-json\/wp\/v2\/users\/1"}],"replies":[{"embeddable":true,"href":"https:\/\/www.rauhes.de\/cms\/wp-json\/wp\/v2\/comments?post=519"}],"version-history":[{"count":3,"href":"https:\/\/www.rauhes.de\/cms\/wp-json\/wp\/v2\/pages\/519\/revisions"}],"predecessor-version":[{"id":523,"href":"https:\/\/www.rauhes.de\/cms\/wp-json\/wp\/v2\/pages\/519\/revisions\/523"}],"up":[{"embeddable":true,"href":"https:\/\/www.rauhes.de\/cms\/wp-json\/wp\/v2\/pages\/510"}],"wp:attachment":[{"href":"https:\/\/www.rauhes.de\/cms\/wp-json\/wp\/v2\/media?parent=519"}],"curies":[{"name":"wp","href":"https:\/\/api.w.org\/{rel}","templated":true}]}}