{"id":516,"date":"2021-10-08T10:21:22","date_gmt":"2021-10-08T08:21:22","guid":{"rendered":"https:\/\/www.rauhes.de\/cms\/?page_id=516"},"modified":"2026-02-02T08:52:32","modified_gmt":"2026-02-02T07:52:32","slug":"rauhe-haus","status":"publish","type":"page","link":"https:\/\/www.rauhes.de\/cms\/rauhe-haus\/","title":{"rendered":"Rauhe Haus"},"content":{"rendered":"<h1><strong>Das Rauhe Haus<\/strong><\/h1>\n<p>Das Rauhe Haus wurde 1833 von Johann Hinrich Wichern gegr\u00fcndet. Somit ist die Stiftung eine der \u00e4ltesten Einrichtungen der Diakonie in Deutschland. Heute arbeiten im Rauhen Haus 1.330 Mitarbeiter an \u00fcber 100 Standorten in Hamburg und Schleswig-Holstein. Zusammen schaffen Sie verschiedene Betreuungsangebote f\u00fcr mehr als 3.000 Menschen.<\/p>\n<h3>Die Stiftung Das Rauhe Haus gliedert sich dabei in die Betreuungsbereiche:<\/h3>\n<ul>\n<li>Kinder- und Jugendhilfe<\/li>\n<\/ul>\n<ul>\n<li>Sozialpsychiatrie<\/li>\n<li>Pflege<\/li>\n<li>Teilhabe mit Assistenz<\/li>\n<\/ul>\n<h3>Ebenfalls zum Rauhen Haus in Hamburg geh\u00f6ren unter anderem:<\/h3>\n<ul>\n<li>Allgemeinbildende Wichern-Schule<\/li>\n<li>Berufsschule f\u00fcr Pflege<\/li>\n<li>Hochschule f\u00fcr Soziale Arbeit<\/li>\n<\/ul>\n<p><strong>\u00a0<\/strong><\/p>\n<h2>Entstehung und Geschichte des Rauhen Hauses<\/h2>\n<p><img decoding=\"async\" class=\"wp-image-6155 alignright lazy error\" src=\"https:\/\/www.rauhes.de\/cms\/wp-content\/uploads\/2021\/10\/Altes-Haus-1836-300x277.webp\" alt=\"Das Rauhe Haus 1836\" width=\"298\" height=\"276\" data-src=\"https:\/\/www.rauhes.de\/cms\/wp-content\/uploads\/2021\/10\/Altes-Haus-1836-300x277.webp\" data-was-processed=\"true\" \/><\/p>\n<p>Der damals erst 25 Jahre alte Johann Hinrich Wichern wollte ein Rettungsdorf f\u00fcr die verwahrlosten und verwaisten Kindern aus den Elendsvierteln gr\u00fcnden. Er \u00fcberzeugte f\u00fchrende Hamburger Politiker und Kaufleute von seinem Plan, und bekam vom Hamburger Syndikus Karl Sievekind eine Kate, \u201eRuges Haus\u201c, mitsamt Grundst\u00fcck \u00fcberlassen. 1833 fand die offizielle Gr\u00fcndungsversammlung im Saal der Hamburger B\u00f6rsenhalle statt. Schon am 31. Oktober 1833 zog Wichern mit seiner Schwester in das \u201eRuge Haus\u201c, das der Volksmund zum \u201eRauhen Haus\u201c machte. Bis Jahresende hatte Wichern dort zw\u00f6lf Jungen aufgenommen. Die Kinder wurden damals im Alter von elf bis zw\u00f6lf Jahren aufgenommen und mit sechzehn Jahren entlassen. Ab 1835 wurden auch M\u00e4dchen aufgenommen.<\/p>\n<p>In den ersten Monaten und Jahren wuchs die Anzahl der Kinder, so dass neue Geb\u00e4ude errichtet werden mussten. So entstand auf der Basis eines Familienprinzips eine christliche Kolonie kleiner H\u00e4user. Jeweils zw\u00f6lf Kinder bewohnten mit einer Bezugsperson ein eigenes Haus. So konnten die Kinder in diesen Kleingruppen ihr soziales Verhalten \u00fcben.<\/p>\n<p>Wichern ritualisierte das Leben der Kinder in strukturierendem Wechsel kindgerecht. So wurden Sonn- und Feiertage abgesetzt durch den von Schule und Arbeit gepr\u00e4gten Alltag. Ziel der Erziehung war vor allem die F\u00f6rderung der individuellen F\u00e4higkeiten, der Verantwortung und der Gemeinschaftsf\u00e4higkeit der Kinder.<\/p>\n<p>Das Rauhe Haus hatte Erfolg: Bereits Anfang der 1870er Jahre wurde die 1000. Neuaufnahme eines Kindes vollzogen.<\/p>\n<p>1843 gliederte Wichern dem Rauhen Haus eine Ausbildungsst\u00e4tte an. Dort bildete er seine \u201eBr\u00fcder\u201c aus, die man sp\u00e4ter als \u201eDiakone\u201c bezeichnete.<\/p>\n","protected":false},"excerpt":{"rendered":"<p>Das Rauhe Haus Das Rauhe Haus wurde 1833 von Johann Hinrich Wichern gegr\u00fcndet. Somit ist die Stiftung eine der \u00e4ltesten Einrichtungen der Diakonie in Deutschland. Heute arbeiten im Rauhen Haus 1.330 Mitarbeiter an \u00fcber 100 Standorten in Hamburg und Schleswig-Holstein. Zusammen schaffen Sie verschiedene Betreuungsangebote f\u00fcr mehr als 3.000 Menschen. Die Stiftung Das Rauhe Haus [&hellip;]<\/p>\n","protected":false},"author":1,"featured_media":0,"parent":510,"menu_order":0,"comment_status":"closed","ping_status":"closed","template":"","meta":{"ngg_post_thumbnail":0,"footnotes":""},"class_list":["post-516","page","type-page","status-publish","hentry"],"yoast_head":"<!-- This site is optimized with the Yoast SEO plugin v27.4 - https:\/\/yoast.com\/product\/yoast-seo-wordpress\/ -->\n<title>Die Geschichte des Rauhen Hauses \u2013 rauhes.de<\/title>\n<meta name=\"description\" content=\"Die Stiftung &quot;Das Rauhe Haus&quot; blickt auf eine lange Tradition zur\u00fcck. Lesen Sie hier alles \u00fcber die Entstehung und unsere Organisation!\" \/>\n<meta name=\"robots\" content=\"index, follow, max-snippet:-1, max-image-preview:large, max-video-preview:-1\" \/>\n<link rel=\"canonical\" href=\"https:\/\/www.rauhes.de\/cms\/rauhe-haus\/\" \/>\n<meta property=\"og:locale\" content=\"de_DE\" \/>\n<meta property=\"og:type\" content=\"article\" \/>\n<meta property=\"og:title\" content=\"Die Geschichte des Rauhen Hauses \u2013 rauhes.de\" \/>\n<meta property=\"og:description\" content=\"Die Stiftung &quot;Das Rauhe Haus&quot; blickt auf eine lange Tradition zur\u00fcck. Lesen Sie hier alles \u00fcber die Entstehung und unsere Organisation!\" \/>\n<meta property=\"og:url\" content=\"https:\/\/www.rauhes.de\/cms\/rauhe-haus\/\" \/>\n<meta property=\"og:site_name\" content=\"Infos zu feierlichen Anl\u00e4ssen wie Taufe, Konfirmation, Hochzeit &amp; Trauer\" \/>\n<meta property=\"article:modified_time\" content=\"2026-02-02T07:52:32+00:00\" \/>\n<meta name=\"twitter:card\" content=\"summary_large_image\" \/>\n<meta name=\"twitter:label1\" content=\"Gesch\u00e4tzte Lesezeit\" \/>\n\t<meta name=\"twitter:data1\" content=\"2\u00a0Minuten\" \/>\n<script type=\"application\/ld+json\" class=\"yoast-schema-graph\">{\"@context\":\"https:\\\/\\\/schema.org\",\"@graph\":[{\"@type\":\"WebPage\",\"@id\":\"https:\\\/\\\/www.rauhes.de\\\/cms\\\/rauhe-haus\\\/\",\"url\":\"https:\\\/\\\/www.rauhes.de\\\/cms\\\/rauhe-haus\\\/\",\"name\":\"Die Geschichte des Rauhen Hauses \u2013 rauhes.de\",\"isPartOf\":{\"@id\":\"https:\\\/\\\/www.rauhes.de\\\/cms\\\/#website\"},\"primaryImageOfPage\":{\"@id\":\"https:\\\/\\\/www.rauhes.de\\\/cms\\\/rauhe-haus\\\/#primaryimage\"},\"image\":{\"@id\":\"https:\\\/\\\/www.rauhes.de\\\/cms\\\/rauhe-haus\\\/#primaryimage\"},\"thumbnailUrl\":\"https:\\\/\\\/www.rauhes.de\\\/cms\\\/wp-content\\\/uploads\\\/2021\\\/10\\\/Altes-Haus-1836-300x277.webp\",\"datePublished\":\"2021-10-08T08:21:22+00:00\",\"dateModified\":\"2026-02-02T07:52:32+00:00\",\"description\":\"Die Stiftung \\\"Das Rauhe Haus\\\" blickt auf eine lange Tradition zur\u00fcck. Lesen Sie hier alles \u00fcber die Entstehung und unsere Organisation!\",\"breadcrumb\":{\"@id\":\"https:\\\/\\\/www.rauhes.de\\\/cms\\\/rauhe-haus\\\/#breadcrumb\"},\"inLanguage\":\"de\",\"potentialAction\":[{\"@type\":\"ReadAction\",\"target\":[\"https:\\\/\\\/www.rauhes.de\\\/cms\\\/rauhe-haus\\\/\"]}]},{\"@type\":\"ImageObject\",\"inLanguage\":\"de\",\"@id\":\"https:\\\/\\\/www.rauhes.de\\\/cms\\\/rauhe-haus\\\/#primaryimage\",\"url\":\"https:\\\/\\\/www.rauhes.de\\\/cms\\\/wp-content\\\/uploads\\\/2021\\\/10\\\/Altes-Haus-1836-300x277.webp\",\"contentUrl\":\"https:\\\/\\\/www.rauhes.de\\\/cms\\\/wp-content\\\/uploads\\\/2021\\\/10\\\/Altes-Haus-1836-300x277.webp\"},{\"@type\":\"BreadcrumbList\",\"@id\":\"https:\\\/\\\/www.rauhes.de\\\/cms\\\/rauhe-haus\\\/#breadcrumb\",\"itemListElement\":[{\"@type\":\"ListItem\",\"position\":1,\"name\":\"Startseite\",\"item\":\"https:\\\/\\\/www.rauhes.de\\\/cms\\\/\"},{\"@type\":\"ListItem\",\"position\":2,\"name\":\"\u00dcber uns\",\"item\":\"https:\\\/\\\/www.rauhes.de\\\/cms\\\/ueber-uns\\\/\"},{\"@type\":\"ListItem\",\"position\":3,\"name\":\"Rauhe Haus\"}]},{\"@type\":\"WebSite\",\"@id\":\"https:\\\/\\\/www.rauhes.de\\\/cms\\\/#website\",\"url\":\"https:\\\/\\\/www.rauhes.de\\\/cms\\\/\",\"name\":\"Infos zu feierlichen Anl\u00e4ssen wie Taufe, Konfirmation, Hochzeit &amp; Trauer\",\"description\":\"\",\"publisher\":{\"@id\":\"https:\\\/\\\/www.rauhes.de\\\/cms\\\/#organization\"},\"potentialAction\":[{\"@type\":\"SearchAction\",\"target\":{\"@type\":\"EntryPoint\",\"urlTemplate\":\"https:\\\/\\\/www.rauhes.de\\\/cms\\\/?s={search_term_string}\"},\"query-input\":{\"@type\":\"PropertyValueSpecification\",\"valueRequired\":true,\"valueName\":\"search_term_string\"}}],\"inLanguage\":\"de\"},{\"@type\":\"Organization\",\"@id\":\"https:\\\/\\\/www.rauhes.de\\\/cms\\\/#organization\",\"name\":\"rauhes.de\",\"url\":\"https:\\\/\\\/www.rauhes.de\\\/cms\\\/\",\"logo\":{\"@type\":\"ImageObject\",\"inLanguage\":\"de\",\"@id\":\"https:\\\/\\\/www.rauhes.de\\\/cms\\\/#\\\/schema\\\/logo\\\/image\\\/\",\"url\":\"https:\\\/\\\/www.rauhes.de\\\/cms\\\/wp-content\\\/uploads\\\/2021\\\/10\\\/2x_neu-2.png\",\"contentUrl\":\"https:\\\/\\\/www.rauhes.de\\\/cms\\\/wp-content\\\/uploads\\\/2021\\\/10\\\/2x_neu-2.png\",\"width\":300,\"height\":85,\"caption\":\"rauhes.de\"},\"image\":{\"@id\":\"https:\\\/\\\/www.rauhes.de\\\/cms\\\/#\\\/schema\\\/logo\\\/image\\\/\"}}]}<\/script>\n<!-- \/ Yoast SEO plugin. -->","yoast_head_json":{"title":"Die Geschichte des Rauhen Hauses \u2013 rauhes.de","description":"Die Stiftung \"Das Rauhe Haus\" blickt auf eine lange Tradition zur\u00fcck. Lesen Sie hier alles \u00fcber die Entstehung und unsere Organisation!","robots":{"index":"index","follow":"follow","max-snippet":"max-snippet:-1","max-image-preview":"max-image-preview:large","max-video-preview":"max-video-preview:-1"},"canonical":"https:\/\/www.rauhes.de\/cms\/rauhe-haus\/","og_locale":"de_DE","og_type":"article","og_title":"Die Geschichte des Rauhen Hauses \u2013 rauhes.de","og_description":"Die Stiftung \"Das Rauhe Haus\" blickt auf eine lange Tradition zur\u00fcck. Lesen Sie hier alles \u00fcber die Entstehung und unsere Organisation!","og_url":"https:\/\/www.rauhes.de\/cms\/rauhe-haus\/","og_site_name":"Infos zu feierlichen Anl\u00e4ssen wie Taufe, Konfirmation, Hochzeit &amp; Trauer","article_modified_time":"2026-02-02T07:52:32+00:00","twitter_card":"summary_large_image","twitter_misc":{"Gesch\u00e4tzte Lesezeit":"2\u00a0Minuten"},"schema":{"@context":"https:\/\/schema.org","@graph":[{"@type":"WebPage","@id":"https:\/\/www.rauhes.de\/cms\/rauhe-haus\/","url":"https:\/\/www.rauhes.de\/cms\/rauhe-haus\/","name":"Die Geschichte des Rauhen Hauses \u2013 rauhes.de","isPartOf":{"@id":"https:\/\/www.rauhes.de\/cms\/#website"},"primaryImageOfPage":{"@id":"https:\/\/www.rauhes.de\/cms\/rauhe-haus\/#primaryimage"},"image":{"@id":"https:\/\/www.rauhes.de\/cms\/rauhe-haus\/#primaryimage"},"thumbnailUrl":"https:\/\/www.rauhes.de\/cms\/wp-content\/uploads\/2021\/10\/Altes-Haus-1836-300x277.webp","datePublished":"2021-10-08T08:21:22+00:00","dateModified":"2026-02-02T07:52:32+00:00","description":"Die Stiftung \"Das Rauhe Haus\" blickt auf eine lange Tradition zur\u00fcck. Lesen Sie hier alles \u00fcber die Entstehung und unsere Organisation!","breadcrumb":{"@id":"https:\/\/www.rauhes.de\/cms\/rauhe-haus\/#breadcrumb"},"inLanguage":"de","potentialAction":[{"@type":"ReadAction","target":["https:\/\/www.rauhes.de\/cms\/rauhe-haus\/"]}]},{"@type":"ImageObject","inLanguage":"de","@id":"https:\/\/www.rauhes.de\/cms\/rauhe-haus\/#primaryimage","url":"https:\/\/www.rauhes.de\/cms\/wp-content\/uploads\/2021\/10\/Altes-Haus-1836-300x277.webp","contentUrl":"https:\/\/www.rauhes.de\/cms\/wp-content\/uploads\/2021\/10\/Altes-Haus-1836-300x277.webp"},{"@type":"BreadcrumbList","@id":"https:\/\/www.rauhes.de\/cms\/rauhe-haus\/#breadcrumb","itemListElement":[{"@type":"ListItem","position":1,"name":"Startseite","item":"https:\/\/www.rauhes.de\/cms\/"},{"@type":"ListItem","position":2,"name":"\u00dcber uns","item":"https:\/\/www.rauhes.de\/cms\/ueber-uns\/"},{"@type":"ListItem","position":3,"name":"Rauhe Haus"}]},{"@type":"WebSite","@id":"https:\/\/www.rauhes.de\/cms\/#website","url":"https:\/\/www.rauhes.de\/cms\/","name":"Infos zu feierlichen Anl\u00e4ssen wie Taufe, Konfirmation, Hochzeit &amp; Trauer","description":"","publisher":{"@id":"https:\/\/www.rauhes.de\/cms\/#organization"},"potentialAction":[{"@type":"SearchAction","target":{"@type":"EntryPoint","urlTemplate":"https:\/\/www.rauhes.de\/cms\/?s={search_term_string}"},"query-input":{"@type":"PropertyValueSpecification","valueRequired":true,"valueName":"search_term_string"}}],"inLanguage":"de"},{"@type":"Organization","@id":"https:\/\/www.rauhes.de\/cms\/#organization","name":"rauhes.de","url":"https:\/\/www.rauhes.de\/cms\/","logo":{"@type":"ImageObject","inLanguage":"de","@id":"https:\/\/www.rauhes.de\/cms\/#\/schema\/logo\/image\/","url":"https:\/\/www.rauhes.de\/cms\/wp-content\/uploads\/2021\/10\/2x_neu-2.png","contentUrl":"https:\/\/www.rauhes.de\/cms\/wp-content\/uploads\/2021\/10\/2x_neu-2.png","width":300,"height":85,"caption":"rauhes.de"},"image":{"@id":"https:\/\/www.rauhes.de\/cms\/#\/schema\/logo\/image\/"}}]}},"_links":{"self":[{"href":"https:\/\/www.rauhes.de\/cms\/wp-json\/wp\/v2\/pages\/516","targetHints":{"allow":["GET"]}}],"collection":[{"href":"https:\/\/www.rauhes.de\/cms\/wp-json\/wp\/v2\/pages"}],"about":[{"href":"https:\/\/www.rauhes.de\/cms\/wp-json\/wp\/v2\/types\/page"}],"author":[{"embeddable":true,"href":"https:\/\/www.rauhes.de\/cms\/wp-json\/wp\/v2\/users\/1"}],"replies":[{"embeddable":true,"href":"https:\/\/www.rauhes.de\/cms\/wp-json\/wp\/v2\/comments?post=516"}],"version-history":[{"count":3,"href":"https:\/\/www.rauhes.de\/cms\/wp-json\/wp\/v2\/pages\/516\/revisions"}],"predecessor-version":[{"id":188860,"href":"https:\/\/www.rauhes.de\/cms\/wp-json\/wp\/v2\/pages\/516\/revisions\/188860"}],"up":[{"embeddable":true,"href":"https:\/\/www.rauhes.de\/cms\/wp-json\/wp\/v2\/pages\/510"}],"wp:attachment":[{"href":"https:\/\/www.rauhes.de\/cms\/wp-json\/wp\/v2\/media?parent=516"}],"curies":[{"name":"wp","href":"https:\/\/api.w.org\/{rel}","templated":true}]}}