{"id":504,"date":"2021-10-08T10:06:54","date_gmt":"2021-10-08T08:06:54","guid":{"rendered":"https:\/\/www.rauhes.de\/cms\/?page_id=504"},"modified":"2026-01-12T08:25:24","modified_gmt":"2026-01-12T07:25:24","slug":"totensonntag","status":"publish","type":"page","link":"https:\/\/www.rauhes.de\/cms\/totensonntag\/","title":{"rendered":"Totensonntag"},"content":{"rendered":"<h1>Totensonntag: Entstehung, Bedeutung und Brauchtum<\/h1>\n<p><img decoding=\"async\" class=\"alignright wp-image-6219 size-medium lazy error\" src=\"https:\/\/www.rauhes.de\/cms\/wp-content\/uploads\/2021\/10\/backlighting-1701549_1920-300x200.webp\" alt=\"Pusteblume vor einem Sonnenuntergang. Stimmungsvolles Bild, das den Totensonntag symbolisiert. \" width=\"300\" height=\"200\" data-src=\"https:\/\/www.rauhes.de\/cms\/wp-content\/uploads\/2021\/10\/backlighting-1701549_1920-300x200.webp\" data-was-processed=\"true\" \/><br \/>\n<strong>Der Totensonntag, auch Ewigkeitssonntag genannt, ist ein evangelischer Feiertag, an dem den Verstorbenen gedacht wird<\/strong>. Er findet immer am Sonntag vor dem ersten Advent statt und ist gleichzeitig der letzte Sonntag im Kirchenjahr. Auf dieser Seite erfahren Sie Wissenswertes zur Entstehung und lernen die Br\u00e4uche des Totensonntages kennen.<\/p>\n<h2>Entstehung des Totensonntages<\/h2>\n<p>Am 24. April 1816 wurde der Totensonntag offiziell durch K\u00f6nig Friedrich Wilhelm III. von Preu\u00dfen f\u00fcr die evangelische Kirche in den preu\u00dfischen Gebieten eingef\u00fchrt. Er legte das Datum auf den Sonntag vor dem 1. Advent fest.<\/p>\n<p>M\u00f6gliche Gr\u00fcnde f\u00fcr die Einf\u00fchrung des Totensonntages sind:<\/p>\n<ol>\n<li>es sollte ein Gedenktag f\u00fcr die vielen Gefallenen der Befreiungskriege von 1813 bis 1815 eingef\u00fchrt werden,<\/li>\n<li>die Trauer um die 1810 verstorbene K\u00f6nigin Luise,<\/li>\n<li>das Fehlen eines Gedenktages f\u00fcr Verstorbene im evangelischen Kirchenjahr.<\/li>\n<\/ol>\n<h2>Br\u00e4uche am Gedenktag: Wie wird der Totensonntag gefeiert?<\/h2>\n<p>Rund um das Gedenken an den Tod und den Verstorbenen sind eine Reihe an Br\u00e4uchen entstanden, die traditionell am Totensonntag gelebt werden. Hier stellen wir Ihnen einige der Br\u00e4uche am Totensonntag vor.<\/p>\n<p>Zum festen Bestandteil des Totensonntages geh\u00f6rt der\u00a0<strong>Besuch des Friedhofes<\/strong>. Hier werden die Gr\u00e4ber der Angeh\u00f6rigen besucht, gepflegt und geschm\u00fcckt. In den meisten evangelischen Gemeinden finden au\u00dferdem<strong>\u00a0Gottesdienste zum Ewigkeitssonntag<\/strong>\u00a0statt. W\u00e4hrend des Gottesdienstes wird den Gemeindemitgliedern, die im zu Ende gehenden Kirchenjahr verstorben sind, gedacht. Die Namen dieser Menschen werden verlesen, oft zum Klang der Kirchenglocken. \u00a0Zus\u00e4tzlich werden die Verstorbenen in die F\u00fcrbitte eingeschlossen.<\/p>\n<h2>Tanzverbot am Totensonntag<\/h2>\n<p>Der Totensonntag ist ein sogenannter stiller Tag und somit in Deutschland besonders gesch\u00fctzt. Dadurch entstehen am Totensonntag bestimmte Einschr\u00e4nkungen, die je nach Bundesland ganzt\u00e4gig gelten oder auf bestimmte Stunden begrenzt sind. Verboten k\u00f6nnen je nach Bundesland beispielsweise das Auff\u00fchren von Musik in Gastst\u00e4tten, der Betrieb von Spielhallen und alle anderen \u00f6ffentlichen und zur Unterhaltung dienenden Veranstaltungen sein.<\/p>\n<h2>Totensonntag und die Adventszeit: Warum sollte man erst nach Totensonntag schm\u00fccken?<\/h2>\n<p>Der Totensonntag f\u00e4llt auf dem Sonntag vor dem ersten Advent. Damit liegt der Tag, an dem wir unsere Toten gedenken, in unmittelbarer N\u00e4he zu Adventskr\u00e4nzen, Lebkuchenh\u00e4usern, Weihnachtskrippen und farbenfrohen Lichterketten.<\/p>\n<p>Mit dem Totensonntag endet das Kirchenjahr und mit dem neuen Kirchenjahr beginnt die Vorweihnachtszeit.<strong>\u00a0Endlich darf festlich dekoriert werden \u2013 oder darf man schon vor dem Totensonntag weihnachtlich schm\u00fccken?<\/strong><\/p>\n<p>Der Einzelhandel beginnt bereits vor dem Totensonntag mit dem Dekorieren ihrer L\u00e4den. Oft findet man Tannenb\u00e4ume, Christbaumkugeln und weihnachtliche Lichter in Einkaufszentren und Innenst\u00e4dten schon Ende Oktober. Der Einzelhandel versucht damit, das lukrative Weihnachtsgesch\u00e4ft k\u00fcnstlich zu verl\u00e4ngern und mithilfe der weihnachtlichen Stimmung f\u00fcr klingelnde Kassen zu sorgen. Manche Menschen freuen sich \u00fcber die weihnachtliche Dekoration, andere wiederum w\u00fcrden diese gerne auf den Advent beschr\u00e4nken.<\/p>\n<p>Ob Sie Ihr Haus, den Balkon oder Ihren Garten bereits vor dem Gedenktag schm\u00fccken, bleibt Ihnen \u00fcberlassen. M\u00f6chte man in christlichen Kulturkreisen die religi\u00f6sen Konventionen achten, ist das Schm\u00fccken nach dem Totensonntag angemessen. Als Kompromiss entschlie\u00dfen sich einige Dekorationsliebhaber, bereits fr\u00fcher mit dem Schm\u00fccken zu beginnen, die leuchtende Weihnachtsdekoration jedoch erst nach dem Totensonntag anzuschalten.<\/p>\n<h2>Kleine Aufmerksamkeiten: Geschenke und Einladungskarten f\u00fcr den Ewigkeitssonntag<\/h2>\n<p>Ewigkeitskarten sind\u00a0<a href=\"https:\/\/www.rauhes.de\/advanced_search_result.php?categories_id=0&amp;keywords=ewigkeitskarte&amp;inc_subcat=1\"><strong>Einladungskarten f\u00fcr den Ewigkeitsgottesdienst<\/strong><\/a>. Sie werden von den Kirchengemeinden meist an Gemeindemitglieder verschickt, die im vergangenen Kirchenjahr einen Angeh\u00f6rigen verloren haben. Ewigkeitskarten mit sch\u00f6nen Motiven finden Sie in unserem christlichen Online-Shop.<\/p>\n<p>Neben den Ewigkeitskarten gibt es weitere, kleine Geschenke, die Angeh\u00f6rige in ihrer Erinnerung unterst\u00fctzen und trauern lassen. Beliebt sind Kerzen und Windlichter mit stimmungsvollen oder christlichen Motiven. Auch B\u00fccher und Hefte bieten Texte zum Tr\u00f6sten und Erinnern. Auf rauhes.de finden Sie eine gro\u00dfe Auswahl an\u00a0<strong><a href=\"https:\/\/www.rauhes.de\/feierliche-anlaesse\/trauer\/\">Geschenken und B\u00fcchern zum Thema Trauer<\/a>\u00a0<\/strong>f\u00fcr Kinder und Erwachsene.<\/p>\n<h2>Totensonntag, Ewigkeitssonntag oder Allerseelen?<\/h2>\n<p>Nun haben Sie einiges \u00fcber den evangelischen Gedenktag\u00a0f\u00fcr die Verstorbenen erfahren, doch was ist<strong>\u00a0der Unterschied zwischen Totensonntag, Ewigkeitssonntag und Allerseelen<\/strong>?<\/p>\n<p>Der Ewigkeitssonntag ist ein Synonym zum Totensonntag. Beide Namen meinen den gleichen, evangelischen Feiertag, der Ihnen auf dieser Seite n\u00e4her gebracht wird. Allerseelen ist hingegen ein katholischer Feiertag. Er hat eine \u00e4hnliche Bedeutung und findet j\u00e4hrlich am 2. November statt.<\/p>\n<h2>Totensonntag: Die Feiertage der n\u00e4chsten Jahre<\/h2>\n<p>Der Totensonntag f\u00e4llt immer auf den letzten Sonntag im Kirchenjahr und damit auf den Sonntag vor dem ersten Advent. Somit kann er nur auf den Sonntag zwischen dem 20. und dem 26. November fallen. Die n\u00e4chsten Jahre wird der Totensonntag auf folgende Tage fallen:<\/p>\n<ul>\n<li>24. November 2024<\/li>\n<li>23. November 2025<\/li>\n<li>22. November 2026<\/li>\n<li>21. November 2027<\/li>\n<\/ul>\n","protected":false},"excerpt":{"rendered":"<p>Totensonntag: Entstehung, Bedeutung und Brauchtum Der Totensonntag, auch Ewigkeitssonntag genannt, ist ein evangelischer Feiertag, an dem den Verstorbenen gedacht wird. Er findet immer am Sonntag vor dem ersten Advent statt und ist gleichzeitig der letzte Sonntag im Kirchenjahr. Auf dieser Seite erfahren Sie Wissenswertes zur Entstehung und lernen die Br\u00e4uche des Totensonntages kennen. Entstehung des [&hellip;]<\/p>\n","protected":false},"author":1,"featured_media":0,"parent":23889,"menu_order":0,"comment_status":"closed","ping_status":"closed","template":"","meta":{"ngg_post_thumbnail":0,"footnotes":""},"class_list":["post-504","page","type-page","status-publish","hentry"],"yoast_head":"<!-- This site is optimized with the Yoast SEO plugin v27.4 - https:\/\/yoast.com\/product\/yoast-seo-wordpress\/ -->\n<title>Totensonntag: Ursprung, Br\u00e4uche und Bedeutung \u2013 rauhes.de<\/title>\n<meta name=\"description\" content=\"Warum feiern wir den Ewigkeitssonntag? Erfahren Sie hier mehr \u00fcber die Hintergr\u00fcnde des Feiertags zur Ehren der Verstorbenen!\" \/>\n<meta name=\"robots\" content=\"index, follow, max-snippet:-1, max-image-preview:large, max-video-preview:-1\" \/>\n<link rel=\"canonical\" href=\"https:\/\/www.rauhes.de\/cms\/totensonntag\/\" \/>\n<meta property=\"og:locale\" content=\"de_DE\" \/>\n<meta property=\"og:type\" content=\"article\" \/>\n<meta property=\"og:title\" content=\"Totensonntag: Ursprung, Br\u00e4uche und Bedeutung \u2013 rauhes.de\" \/>\n<meta property=\"og:description\" content=\"Warum feiern wir den Ewigkeitssonntag? Erfahren Sie hier mehr \u00fcber die Hintergr\u00fcnde des Feiertags zur Ehren der Verstorbenen!\" \/>\n<meta property=\"og:url\" content=\"https:\/\/www.rauhes.de\/cms\/totensonntag\/\" \/>\n<meta property=\"og:site_name\" content=\"Infos zu feierlichen Anl\u00e4ssen wie Taufe, Konfirmation, Hochzeit &amp; Trauer\" \/>\n<meta property=\"article:modified_time\" content=\"2026-01-12T07:25:24+00:00\" \/>\n<meta name=\"twitter:card\" content=\"summary_large_image\" \/>\n<meta name=\"twitter:label1\" content=\"Gesch\u00e4tzte Lesezeit\" \/>\n\t<meta name=\"twitter:data1\" content=\"4\u00a0Minuten\" \/>\n<script type=\"application\/ld+json\" class=\"yoast-schema-graph\">{\"@context\":\"https:\\\/\\\/schema.org\",\"@graph\":[{\"@type\":\"WebPage\",\"@id\":\"https:\\\/\\\/www.rauhes.de\\\/cms\\\/totensonntag\\\/\",\"url\":\"https:\\\/\\\/www.rauhes.de\\\/cms\\\/totensonntag\\\/\",\"name\":\"Totensonntag: Ursprung, Br\u00e4uche und Bedeutung \u2013 rauhes.de\",\"isPartOf\":{\"@id\":\"https:\\\/\\\/www.rauhes.de\\\/cms\\\/#website\"},\"primaryImageOfPage\":{\"@id\":\"https:\\\/\\\/www.rauhes.de\\\/cms\\\/totensonntag\\\/#primaryimage\"},\"image\":{\"@id\":\"https:\\\/\\\/www.rauhes.de\\\/cms\\\/totensonntag\\\/#primaryimage\"},\"thumbnailUrl\":\"https:\\\/\\\/www.rauhes.de\\\/cms\\\/wp-content\\\/uploads\\\/2021\\\/10\\\/backlighting-1701549_1920-300x200.webp\",\"datePublished\":\"2021-10-08T08:06:54+00:00\",\"dateModified\":\"2026-01-12T07:25:24+00:00\",\"description\":\"Warum feiern wir den Ewigkeitssonntag? Erfahren Sie hier mehr \u00fcber die Hintergr\u00fcnde des Feiertags zur Ehren der Verstorbenen!\",\"breadcrumb\":{\"@id\":\"https:\\\/\\\/www.rauhes.de\\\/cms\\\/totensonntag\\\/#breadcrumb\"},\"inLanguage\":\"de\",\"potentialAction\":[{\"@type\":\"ReadAction\",\"target\":[\"https:\\\/\\\/www.rauhes.de\\\/cms\\\/totensonntag\\\/\"]}]},{\"@type\":\"ImageObject\",\"inLanguage\":\"de\",\"@id\":\"https:\\\/\\\/www.rauhes.de\\\/cms\\\/totensonntag\\\/#primaryimage\",\"url\":\"https:\\\/\\\/www.rauhes.de\\\/cms\\\/wp-content\\\/uploads\\\/2021\\\/10\\\/backlighting-1701549_1920-300x200.webp\",\"contentUrl\":\"https:\\\/\\\/www.rauhes.de\\\/cms\\\/wp-content\\\/uploads\\\/2021\\\/10\\\/backlighting-1701549_1920-300x200.webp\"},{\"@type\":\"BreadcrumbList\",\"@id\":\"https:\\\/\\\/www.rauhes.de\\\/cms\\\/totensonntag\\\/#breadcrumb\",\"itemListElement\":[{\"@type\":\"ListItem\",\"position\":1,\"name\":\"Startseite\",\"item\":\"https:\\\/\\\/www.rauhes.de\\\/cms\\\/\"},{\"@type\":\"ListItem\",\"position\":2,\"name\":\"Jahreskreis\",\"item\":\"https:\\\/\\\/www.rauhes.de\\\/cms\\\/jahreskreis\\\/\"},{\"@type\":\"ListItem\",\"position\":3,\"name\":\"Totensonntag\"}]},{\"@type\":\"WebSite\",\"@id\":\"https:\\\/\\\/www.rauhes.de\\\/cms\\\/#website\",\"url\":\"https:\\\/\\\/www.rauhes.de\\\/cms\\\/\",\"name\":\"Infos zu feierlichen Anl\u00e4ssen wie Taufe, Konfirmation, Hochzeit &amp; Trauer\",\"description\":\"\",\"publisher\":{\"@id\":\"https:\\\/\\\/www.rauhes.de\\\/cms\\\/#organization\"},\"potentialAction\":[{\"@type\":\"SearchAction\",\"target\":{\"@type\":\"EntryPoint\",\"urlTemplate\":\"https:\\\/\\\/www.rauhes.de\\\/cms\\\/?s={search_term_string}\"},\"query-input\":{\"@type\":\"PropertyValueSpecification\",\"valueRequired\":true,\"valueName\":\"search_term_string\"}}],\"inLanguage\":\"de\"},{\"@type\":\"Organization\",\"@id\":\"https:\\\/\\\/www.rauhes.de\\\/cms\\\/#organization\",\"name\":\"rauhes.de\",\"url\":\"https:\\\/\\\/www.rauhes.de\\\/cms\\\/\",\"logo\":{\"@type\":\"ImageObject\",\"inLanguage\":\"de\",\"@id\":\"https:\\\/\\\/www.rauhes.de\\\/cms\\\/#\\\/schema\\\/logo\\\/image\\\/\",\"url\":\"https:\\\/\\\/www.rauhes.de\\\/cms\\\/wp-content\\\/uploads\\\/2021\\\/10\\\/2x_neu-2.png\",\"contentUrl\":\"https:\\\/\\\/www.rauhes.de\\\/cms\\\/wp-content\\\/uploads\\\/2021\\\/10\\\/2x_neu-2.png\",\"width\":300,\"height\":85,\"caption\":\"rauhes.de\"},\"image\":{\"@id\":\"https:\\\/\\\/www.rauhes.de\\\/cms\\\/#\\\/schema\\\/logo\\\/image\\\/\"}}]}<\/script>\n<!-- \/ Yoast SEO plugin. -->","yoast_head_json":{"title":"Totensonntag: Ursprung, Br\u00e4uche und Bedeutung \u2013 rauhes.de","description":"Warum feiern wir den Ewigkeitssonntag? Erfahren Sie hier mehr \u00fcber die Hintergr\u00fcnde des Feiertags zur Ehren der Verstorbenen!","robots":{"index":"index","follow":"follow","max-snippet":"max-snippet:-1","max-image-preview":"max-image-preview:large","max-video-preview":"max-video-preview:-1"},"canonical":"https:\/\/www.rauhes.de\/cms\/totensonntag\/","og_locale":"de_DE","og_type":"article","og_title":"Totensonntag: Ursprung, Br\u00e4uche und Bedeutung \u2013 rauhes.de","og_description":"Warum feiern wir den Ewigkeitssonntag? Erfahren Sie hier mehr \u00fcber die Hintergr\u00fcnde des Feiertags zur Ehren der Verstorbenen!","og_url":"https:\/\/www.rauhes.de\/cms\/totensonntag\/","og_site_name":"Infos zu feierlichen Anl\u00e4ssen wie Taufe, Konfirmation, Hochzeit &amp; Trauer","article_modified_time":"2026-01-12T07:25:24+00:00","twitter_card":"summary_large_image","twitter_misc":{"Gesch\u00e4tzte Lesezeit":"4\u00a0Minuten"},"schema":{"@context":"https:\/\/schema.org","@graph":[{"@type":"WebPage","@id":"https:\/\/www.rauhes.de\/cms\/totensonntag\/","url":"https:\/\/www.rauhes.de\/cms\/totensonntag\/","name":"Totensonntag: Ursprung, Br\u00e4uche und Bedeutung \u2013 rauhes.de","isPartOf":{"@id":"https:\/\/www.rauhes.de\/cms\/#website"},"primaryImageOfPage":{"@id":"https:\/\/www.rauhes.de\/cms\/totensonntag\/#primaryimage"},"image":{"@id":"https:\/\/www.rauhes.de\/cms\/totensonntag\/#primaryimage"},"thumbnailUrl":"https:\/\/www.rauhes.de\/cms\/wp-content\/uploads\/2021\/10\/backlighting-1701549_1920-300x200.webp","datePublished":"2021-10-08T08:06:54+00:00","dateModified":"2026-01-12T07:25:24+00:00","description":"Warum feiern wir den Ewigkeitssonntag? Erfahren Sie hier mehr \u00fcber die Hintergr\u00fcnde des Feiertags zur Ehren der Verstorbenen!","breadcrumb":{"@id":"https:\/\/www.rauhes.de\/cms\/totensonntag\/#breadcrumb"},"inLanguage":"de","potentialAction":[{"@type":"ReadAction","target":["https:\/\/www.rauhes.de\/cms\/totensonntag\/"]}]},{"@type":"ImageObject","inLanguage":"de","@id":"https:\/\/www.rauhes.de\/cms\/totensonntag\/#primaryimage","url":"https:\/\/www.rauhes.de\/cms\/wp-content\/uploads\/2021\/10\/backlighting-1701549_1920-300x200.webp","contentUrl":"https:\/\/www.rauhes.de\/cms\/wp-content\/uploads\/2021\/10\/backlighting-1701549_1920-300x200.webp"},{"@type":"BreadcrumbList","@id":"https:\/\/www.rauhes.de\/cms\/totensonntag\/#breadcrumb","itemListElement":[{"@type":"ListItem","position":1,"name":"Startseite","item":"https:\/\/www.rauhes.de\/cms\/"},{"@type":"ListItem","position":2,"name":"Jahreskreis","item":"https:\/\/www.rauhes.de\/cms\/jahreskreis\/"},{"@type":"ListItem","position":3,"name":"Totensonntag"}]},{"@type":"WebSite","@id":"https:\/\/www.rauhes.de\/cms\/#website","url":"https:\/\/www.rauhes.de\/cms\/","name":"Infos zu feierlichen Anl\u00e4ssen wie Taufe, Konfirmation, Hochzeit &amp; Trauer","description":"","publisher":{"@id":"https:\/\/www.rauhes.de\/cms\/#organization"},"potentialAction":[{"@type":"SearchAction","target":{"@type":"EntryPoint","urlTemplate":"https:\/\/www.rauhes.de\/cms\/?s={search_term_string}"},"query-input":{"@type":"PropertyValueSpecification","valueRequired":true,"valueName":"search_term_string"}}],"inLanguage":"de"},{"@type":"Organization","@id":"https:\/\/www.rauhes.de\/cms\/#organization","name":"rauhes.de","url":"https:\/\/www.rauhes.de\/cms\/","logo":{"@type":"ImageObject","inLanguage":"de","@id":"https:\/\/www.rauhes.de\/cms\/#\/schema\/logo\/image\/","url":"https:\/\/www.rauhes.de\/cms\/wp-content\/uploads\/2021\/10\/2x_neu-2.png","contentUrl":"https:\/\/www.rauhes.de\/cms\/wp-content\/uploads\/2021\/10\/2x_neu-2.png","width":300,"height":85,"caption":"rauhes.de"},"image":{"@id":"https:\/\/www.rauhes.de\/cms\/#\/schema\/logo\/image\/"}}]}},"_links":{"self":[{"href":"https:\/\/www.rauhes.de\/cms\/wp-json\/wp\/v2\/pages\/504","targetHints":{"allow":["GET"]}}],"collection":[{"href":"https:\/\/www.rauhes.de\/cms\/wp-json\/wp\/v2\/pages"}],"about":[{"href":"https:\/\/www.rauhes.de\/cms\/wp-json\/wp\/v2\/types\/page"}],"author":[{"embeddable":true,"href":"https:\/\/www.rauhes.de\/cms\/wp-json\/wp\/v2\/users\/1"}],"replies":[{"embeddable":true,"href":"https:\/\/www.rauhes.de\/cms\/wp-json\/wp\/v2\/comments?post=504"}],"version-history":[{"count":7,"href":"https:\/\/www.rauhes.de\/cms\/wp-json\/wp\/v2\/pages\/504\/revisions"}],"predecessor-version":[{"id":188851,"href":"https:\/\/www.rauhes.de\/cms\/wp-json\/wp\/v2\/pages\/504\/revisions\/188851"}],"up":[{"embeddable":true,"href":"https:\/\/www.rauhes.de\/cms\/wp-json\/wp\/v2\/pages\/23889"}],"wp:attachment":[{"href":"https:\/\/www.rauhes.de\/cms\/wp-json\/wp\/v2\/media?parent=504"}],"curies":[{"name":"wp","href":"https:\/\/api.w.org\/{rel}","templated":true}]}}