{"id":490,"date":"2021-10-08T09:49:58","date_gmt":"2021-10-08T07:49:58","guid":{"rendered":"https:\/\/www.rauhes.de\/cms\/?page_id=490"},"modified":"2023-11-27T11:42:33","modified_gmt":"2023-11-27T10:42:33","slug":"hochzeit","status":"publish","type":"page","link":"https:\/\/www.rauhes.de\/cms\/hochzeit\/","title":{"rendered":"Kirchliche Trauung"},"content":{"rendered":"\r\n<h1 class=\"wp-block-heading\">Kirchliche Trauung &amp; Hochzeit<\/h1>\r\n\r\n\r\n\r\n<p><em>Wenn sich zwei Menschen entschlossen haben, das Leben miteinander zu verbringen, ist es nicht mehr weit zum offiziellen Ja. Zun\u00e4chst auf dem Standesamt und dann oft in einer festlich geschm\u00fcckten Kirche. W\u00e4hrend die standesamtliche Trauung die Ehe rechtsg\u00fcltig macht, wird bei der kirchlichen Trauung die Zusage von Gottes Segen und Liebe f\u00fcr die Ehe und das Brautpaar hinzu erbeten.<\/em><\/p>\r\n\r\n\r\n\r\n<div style=\"height:10px\" aria-hidden=\"true\" class=\"wp-block-spacer\"><\/div>\r\n\r\n\r\n\r\n<h2 class=\"wp-block-heading\">Wissenswertes rund um die kirchliche Trauung<a name=\"wo-koennen-wir-heiraten\"><\/a><\/h2>\r\n\r\n\r\n\r\n<div class=\"wp-block-columns is-layout-flex wp-container-core-columns-is-layout-9d6595d7 wp-block-columns-is-layout-flex\">\r\n<div class=\"wp-block-column is-layout-flow wp-block-column-is-layout-flow\">\r\n<figure class=\"wp-block-image size-full\"><img decoding=\"async\" width=\"300\" height=\"200\" src=\"https:\/\/www.rauhes.de\/cms\/wp-content\/uploads\/2022\/05\/brautstrauss.jpg\" alt=\"\" class=\"wp-image-24287\"\/><\/figure>\r\n\r\n\r\n\r\n<div class=\"tb-button\" data-toolset-blocks-button=\"b630b1dc535bc511c7505e6fb745516d\"><a class=\"tb-button__link\" href=\"https:\/\/www.rauhes.de\/cms\/checkliste-hochzeit\/\"><i class=\"tb-button__icon\"><\/i><span class=\"tb-button__content\">Checkliste kirchliche Hochzeit<\/span><\/a><\/div>\r\n<\/div>\r\n\r\n\r\n\r\n<div class=\"wp-block-column is-layout-flow wp-block-column-is-layout-flow\">\r\n<figure class=\"wp-block-image size-full\"><img decoding=\"async\" width=\"300\" height=\"200\" src=\"https:\/\/www.rauhes.de\/cms\/wp-content\/uploads\/2022\/05\/herzen-geschenk.jpg\" alt=\"\" class=\"wp-image-24286\"\/><\/figure>\r\n\r\n\r\n\r\n<div class=\"tb-button\" data-toolset-blocks-button=\"afa74ff0298a7c5ee7de7e588d1fa4fd\"><a class=\"tb-button__link\" href=\"https:\/\/www.rauhes.de\/cms\/hochzeit\/was-schenkt-man-zur-trauung\/\"><i class=\"tb-button__icon\"><\/i><span class=\"tb-button__content\">Was schenkt man zur Trauung<\/span><\/a><\/div>\r\n<\/div>\r\n\r\n\r\n\r\n<div class=\"wp-block-column is-layout-flow wp-block-column-is-layout-flow\">\r\n<figure class=\"wp-block-image size-full\"><img decoding=\"async\" width=\"300\" height=\"200\" src=\"https:\/\/www.rauhes.de\/cms\/wp-content\/uploads\/2022\/05\/bibel-eheringe.jpg\" alt=\"\" class=\"wp-image-24285\"\/><\/figure>\r\n\r\n\r\n\r\n<div class=\"tb-button\" data-toolset-blocks-button=\"2af791178472f10b69d548ff5e2bb083\"><a class=\"tb-button__link\" href=\"https:\/\/www.rauhes.de\/cms\/hochzeit\/traugottesdienst\/\"><i class=\"tb-button__icon\"><\/i><span class=\"tb-button__content\">Evangelischer Traugottesdienst<\/span><\/a><\/div>\r\n<\/div>\r\n<\/div>\r\n\r\n\r\n\r\n<div style=\"height:10px\" aria-hidden=\"true\" class=\"wp-block-spacer\"><\/div>\r\n\r\n\r\n\r\n<h2 class=\"wp-block-heading\">Kirchliche Hochzeit: Fragen und Antworten<a name=\"wie-plant-man-eine-hochzeit\"><\/a><\/h2>\r\n\r\n\r\n\r\n<h3 class=\"wp-block-heading\">Kann man nur kirchlich heiraten \u2013 auch ohne Standesamt?<\/h3>\r\n\r\n\r\n\r\n<p>Nein, eine kirchliche Trauung ist aufgrund der Trennung von Kirche und Staat in Deutschland nur zus\u00e4tzlich zur standesamtlichen Eheschlie\u00dfung m\u00f6glich. F\u00fcr eine Eheschlie\u00dfung ist eine Willenserkl\u00e4rung notwendig, die vor einem Standesbeamten abgegeben werden muss. Die kirchliche Trauung ist somit nur kirchenrechtlich von Bedeutung. <\/p>\r\n\r\n\r\n\r\n<h3 class=\"wp-block-heading\">Warum heiratet man kirchlich?<\/h3>\r\n\r\n\r\n\r\n<p>Die kirchliche Trauung ist f\u00fcr viele Paare ein besonderes und wichtiges Ereignis, denn sie geben sich so vor Gott das Versprechen, ein Leben lang f\u00fcreinander da zu sein. Au\u00dferdem wollen sie auch in den kommenden Jahre bei ihren Freuden, W\u00fcnschen und m\u00f6glichen Krisen jemanden an ihrer Seite wissen. Dieser Jemand ist Gott. Bei einer kirchlichen Trauung ist er beim \u00f6ffentlich gesprochenen Ja-Wort dabei, aber auch sp\u00e4ter sagt Gott immer wieder Ja. Gott verspricht seine Hilfe und seinen Segen in allen Phasen der Ehe. In der Liebe des Paares zueinander wird die Liebe Gottes zu den Menschen sichtbar und sp\u00fcrbar \u2013 f\u00fcr die Kirche ist die Ehe deshalb eines der wirksamen Zeichen seiner Liebe zu uns.<\/p>\r\n\r\n\r\n\r\n<h3 class=\"wp-block-heading\">Welche Bedeutung hat die christliche Ehe?<\/h3>\r\n\r\n\r\n\r\n<div class=\"wp-block-columns is-layout-flex wp-container-core-columns-is-layout-9d6595d7 wp-block-columns-is-layout-flex\">\r\n<div class=\"wp-block-column is-layout-flow wp-block-column-is-layout-flow\">\r\n<p>Die christliche Ehe ist eine der guten Gaben Gottes an uns. Sie ist vor allem eine Gemeinschaft in Liebe und gegenseitiger Anerkennung<strong>. \u201eNun aber bleiben Glaube, Hoffnung, Liebe, diese drei; aber die Liebe ist die gr\u00f6\u00dfte unter ihnen\u201c<\/strong>, schreibt Paulus im Brief an die Korinther (13,13). Dieser Satz ist inzwischen einer der beliebtesten Trauspr\u00fcche und betont, welche Bedeutung die Liebe in der christlichen Ehe hat. Der Glaube und die Hoffnung sind wichtige Eigenschaften, aber die Liebe ist der Bestandteil, der eine Ehe bis ans Lebensende \u00fcberhaupt erst erm\u00f6glicht. <\/p>\r\n\r\n\r\n\r\n<p>Die Wurzeln der christlichen Ehe und Trauung reichen bis zum Urchristentum zur\u00fcck und zahlreiche Bibelstellen wie: \u201eund die zwei werden ein Fleisch sein.\u201c (Eph 5,31), sowie: \u201edie Frau soll sich vom Mann nicht trennen.\u201c (1 Kor 7,10) bezeugen die Bedeutung des Eheversprechens in der christlichen Tradition.<\/p>\r\n<\/div>\r\n\r\n\r\n\r\n<div class=\"wp-block-column is-layout-flow wp-block-column-is-layout-flow\">\r\n<figure class=\"wp-block-image size-full\"><img decoding=\"async\" width=\"550\" height=\"365\" src=\"https:\/\/www.rauhes.de\/cms\/wp-content\/uploads\/2022\/05\/brautpaar-reis.jpg\" alt=\"G\u00e4ste werfen Reis aufs Brautpaar\" class=\"wp-image-24293\" srcset=\"https:\/\/www.rauhes.de\/cms\/wp-content\/uploads\/2022\/05\/brautpaar-reis.jpg 550w, https:\/\/www.rauhes.de\/cms\/wp-content\/uploads\/2022\/05\/brautpaar-reis-300x199.jpg 300w\" sizes=\"(max-width: 550px) 100vw, 550px\" \/><\/figure>\r\n<\/div>\r\n<\/div>\r\n\r\n\r\n\r\n<h3 class=\"wp-block-heading\">Worin besteht der Unterschied zwischen kirchlicher Trauung und kirchlichem Segen?<\/h3>\r\n\r\n\r\n\r\n<p>Der Unterschied zwischen einer kirchlichen Trauung und einer Segnung besteht darin, dass bei einer Trauung beide Partner <a href=\"https:\/\/www.rauhes.de\/cms\/taufe\/\">getauft<\/a> und Mitglied einer christlichen Kirche sind. Bei einer Segnung bzw. einem \u201eGottesdienst zur Eheschlie\u00dfung\u201c ist einer der beiden entweder konfessionslos oder Mitglied einer anderen Glaubensgemeinschaft. Bei Geschiedenen, die wieder kirchlich heiraten m\u00f6chten, oder gleichgeschlechtlichen Paaren wird in den einzelnen Landeskirchen unterschiedlich gehandhabt, ob der Gottesdienst als eine Segnung oder eine Trauung gefeiert wird.<\/p>\r\n\r\n\r\n\r\n<p>F\u00fcr Paare unterschiedlicher Konfessionen ist ebenfalls kein Problem mehr, sich kirchlich trauen zu lassen. Diese wird dann &#8222;\u00f6kumenische Trauung&#8220; genannt und kann entweder durch katholische, evangelische oder beide Geistliche durchgef\u00fchrt werden.<\/p>\r\n\r\n\r\n\r\n<h3 class=\"wp-block-heading\">Welche Voraussetzungen gibt es f\u00fcr die evangelische Trauung?<\/h3>\r\n\r\n\r\n\r\n<p>Zun\u00e4chst einmal gilt, dass jede evangelische Landeskirche ihr eigenes Kirchenrecht hat, entsprechend sollte man sich, wenn man kirchlich heiraten m\u00f6chte, vorab dar\u00fcber informieren, welche Voraussetzungen es in der jeweiligen Kirche f\u00fcr die Trauung gibt. Es wird aber in allen Landeskirchen als Konsens angesehen, dass zumindest ein Partner Mitglied der evangelischen Kirche und getauft sein muss. <\/p>\r\n\r\n\r\n\r\n<p>In der evangelischen Kirche stellt die kirchliche Trauung kein Sakrament dar. Sie besteht aus einer Feier der vorher stattgefundenen standesamtlichen Eheschlie\u00dfung. Strenggenommen handelt es sich bei der evangelischen Trauung also nicht um den formalen Akt einer Eheschlie\u00dfung, sondern eigentlich um einen \u201eGottesdienst anl\u00e4sslich einer Eheschlie\u00dfung\u201c, da aus der Sicht Martin Luthers die Ehe \u201eein weltlich Ding\u201c sei und der weltlichen Gerichtsbarkeit unterworfen bleiben sollte.<a name=\"wo-melden-wir-unsere-hochzeit-an\"><\/a><a name=\"was-schenkt-man-zur-hochzeit\"><\/a><\/p>\r\n","protected":false},"excerpt":{"rendered":"<p>Kirchliche Trauung &amp; Hochzeit Wenn sich zwei Menschen entschlossen haben, das Leben miteinander zu verbringen, ist es nicht mehr weit zum offiziellen Ja. Zun\u00e4chst auf dem Standesamt und dann oft in einer festlich geschm\u00fcckten Kirche. W\u00e4hrend die standesamtliche Trauung die Ehe rechtsg\u00fcltig macht, wird bei der kirchlichen Trauung die Zusage von Gottes Segen und Liebe [&hellip;]<\/p>\n","protected":false},"author":1,"featured_media":0,"parent":23892,"menu_order":0,"comment_status":"closed","ping_status":"closed","template":"","meta":{"ngg_post_thumbnail":0,"footnotes":""},"class_list":["post-490","page","type-page","status-publish","hentry"],"yoast_head":"<!-- This site is optimized with the Yoast SEO plugin v27.6 - https:\/\/yoast.com\/product\/yoast-seo-wordpress\/ -->\n<title>Kirchliche Trauung: Ursprung, Br\u00e4uche und Bedeutung<\/title>\n<meta name=\"description\" content=\"Warum heiratet man kirchlich? Welche Bedeutung hat die christliche Ehe? Erfahren Sie hier alles rund um diesen wichtigen Anlass!\" \/>\n<meta name=\"robots\" content=\"index, follow, max-snippet:-1, max-image-preview:large, max-video-preview:-1\" \/>\n<link rel=\"canonical\" href=\"https:\/\/www.rauhes.de\/cms\/hochzeit\/\" \/>\n<meta property=\"og:locale\" content=\"de_DE\" \/>\n<meta property=\"og:type\" content=\"article\" \/>\n<meta property=\"og:title\" content=\"Kirchliche Trauung: Ursprung, Br\u00e4uche und Bedeutung\" \/>\n<meta property=\"og:description\" content=\"Warum heiratet man kirchlich? Welche Bedeutung hat die christliche Ehe? Erfahren Sie hier alles rund um diesen wichtigen Anlass!\" \/>\n<meta property=\"og:url\" content=\"https:\/\/www.rauhes.de\/cms\/hochzeit\/\" \/>\n<meta property=\"og:site_name\" content=\"Infos zu feierlichen Anl\u00e4ssen wie Taufe, Konfirmation, Hochzeit &amp; Trauer\" \/>\n<meta property=\"article:modified_time\" content=\"2023-11-27T10:42:33+00:00\" \/>\n<meta property=\"og:image\" content=\"https:\/\/www.rauhes.de\/cms\/wp-content\/uploads\/2022\/05\/brautstrauss.jpg\" \/>\n<meta name=\"twitter:card\" content=\"summary_large_image\" \/>\n<meta name=\"twitter:label1\" content=\"Gesch\u00e4tzte Lesezeit\" \/>\n\t<meta name=\"twitter:data1\" content=\"5\u00a0Minuten\" \/>\n<script type=\"application\/ld+json\" class=\"yoast-schema-graph\">{\"@context\":\"https:\\\/\\\/schema.org\",\"@graph\":[{\"@type\":\"WebPage\",\"@id\":\"https:\\\/\\\/www.rauhes.de\\\/cms\\\/hochzeit\\\/\",\"url\":\"https:\\\/\\\/www.rauhes.de\\\/cms\\\/hochzeit\\\/\",\"name\":\"Kirchliche Trauung: Ursprung, Br\u00e4uche und Bedeutung\",\"isPartOf\":{\"@id\":\"https:\\\/\\\/www.rauhes.de\\\/cms\\\/#website\"},\"primaryImageOfPage\":{\"@id\":\"https:\\\/\\\/www.rauhes.de\\\/cms\\\/hochzeit\\\/#primaryimage\"},\"image\":{\"@id\":\"https:\\\/\\\/www.rauhes.de\\\/cms\\\/hochzeit\\\/#primaryimage\"},\"thumbnailUrl\":\"https:\\\/\\\/www.rauhes.de\\\/cms\\\/wp-content\\\/uploads\\\/2022\\\/05\\\/brautstrauss.jpg\",\"datePublished\":\"2021-10-08T07:49:58+00:00\",\"dateModified\":\"2023-11-27T10:42:33+00:00\",\"description\":\"Warum heiratet man kirchlich? Welche Bedeutung hat die christliche Ehe? Erfahren Sie hier alles rund um diesen wichtigen Anlass!\",\"breadcrumb\":{\"@id\":\"https:\\\/\\\/www.rauhes.de\\\/cms\\\/hochzeit\\\/#breadcrumb\"},\"inLanguage\":\"de\",\"potentialAction\":[{\"@type\":\"ReadAction\",\"target\":[\"https:\\\/\\\/www.rauhes.de\\\/cms\\\/hochzeit\\\/\"]}]},{\"@type\":\"ImageObject\",\"inLanguage\":\"de\",\"@id\":\"https:\\\/\\\/www.rauhes.de\\\/cms\\\/hochzeit\\\/#primaryimage\",\"url\":\"https:\\\/\\\/www.rauhes.de\\\/cms\\\/wp-content\\\/uploads\\\/2022\\\/05\\\/brautstrauss.jpg\",\"contentUrl\":\"https:\\\/\\\/www.rauhes.de\\\/cms\\\/wp-content\\\/uploads\\\/2022\\\/05\\\/brautstrauss.jpg\",\"width\":300,\"height\":200},{\"@type\":\"BreadcrumbList\",\"@id\":\"https:\\\/\\\/www.rauhes.de\\\/cms\\\/hochzeit\\\/#breadcrumb\",\"itemListElement\":[{\"@type\":\"ListItem\",\"position\":1,\"name\":\"Startseite\",\"item\":\"https:\\\/\\\/www.rauhes.de\\\/cms\\\/\"},{\"@type\":\"ListItem\",\"position\":2,\"name\":\"Lebenskreis\",\"item\":\"https:\\\/\\\/www.rauhes.de\\\/cms\\\/lebenskreis\\\/\"},{\"@type\":\"ListItem\",\"position\":3,\"name\":\"Kirchliche Trauung\"}]},{\"@type\":\"WebSite\",\"@id\":\"https:\\\/\\\/www.rauhes.de\\\/cms\\\/#website\",\"url\":\"https:\\\/\\\/www.rauhes.de\\\/cms\\\/\",\"name\":\"Infos zu feierlichen Anl\u00e4ssen wie Taufe, Konfirmation, Hochzeit &amp; Trauer\",\"description\":\"\",\"publisher\":{\"@id\":\"https:\\\/\\\/www.rauhes.de\\\/cms\\\/#organization\"},\"potentialAction\":[{\"@type\":\"SearchAction\",\"target\":{\"@type\":\"EntryPoint\",\"urlTemplate\":\"https:\\\/\\\/www.rauhes.de\\\/cms\\\/?s={search_term_string}\"},\"query-input\":{\"@type\":\"PropertyValueSpecification\",\"valueRequired\":true,\"valueName\":\"search_term_string\"}}],\"inLanguage\":\"de\"},{\"@type\":\"Organization\",\"@id\":\"https:\\\/\\\/www.rauhes.de\\\/cms\\\/#organization\",\"name\":\"rauhes.de\",\"url\":\"https:\\\/\\\/www.rauhes.de\\\/cms\\\/\",\"logo\":{\"@type\":\"ImageObject\",\"inLanguage\":\"de\",\"@id\":\"https:\\\/\\\/www.rauhes.de\\\/cms\\\/#\\\/schema\\\/logo\\\/image\\\/\",\"url\":\"https:\\\/\\\/www.rauhes.de\\\/cms\\\/wp-content\\\/uploads\\\/2021\\\/10\\\/2x_neu-2.png\",\"contentUrl\":\"https:\\\/\\\/www.rauhes.de\\\/cms\\\/wp-content\\\/uploads\\\/2021\\\/10\\\/2x_neu-2.png\",\"width\":300,\"height\":85,\"caption\":\"rauhes.de\"},\"image\":{\"@id\":\"https:\\\/\\\/www.rauhes.de\\\/cms\\\/#\\\/schema\\\/logo\\\/image\\\/\"}}]}<\/script>\n<!-- \/ Yoast SEO plugin. -->","yoast_head_json":{"title":"Kirchliche Trauung: Ursprung, Br\u00e4uche und Bedeutung","description":"Warum heiratet man kirchlich? Welche Bedeutung hat die christliche Ehe? Erfahren Sie hier alles rund um diesen wichtigen Anlass!","robots":{"index":"index","follow":"follow","max-snippet":"max-snippet:-1","max-image-preview":"max-image-preview:large","max-video-preview":"max-video-preview:-1"},"canonical":"https:\/\/www.rauhes.de\/cms\/hochzeit\/","og_locale":"de_DE","og_type":"article","og_title":"Kirchliche Trauung: Ursprung, Br\u00e4uche und Bedeutung","og_description":"Warum heiratet man kirchlich? Welche Bedeutung hat die christliche Ehe? Erfahren Sie hier alles rund um diesen wichtigen Anlass!","og_url":"https:\/\/www.rauhes.de\/cms\/hochzeit\/","og_site_name":"Infos zu feierlichen Anl\u00e4ssen wie Taufe, Konfirmation, Hochzeit &amp; Trauer","article_modified_time":"2023-11-27T10:42:33+00:00","og_image":[{"url":"https:\/\/www.rauhes.de\/cms\/wp-content\/uploads\/2022\/05\/brautstrauss.jpg","type":"","width":"","height":""}],"twitter_card":"summary_large_image","twitter_misc":{"Gesch\u00e4tzte Lesezeit":"5\u00a0Minuten"},"schema":{"@context":"https:\/\/schema.org","@graph":[{"@type":"WebPage","@id":"https:\/\/www.rauhes.de\/cms\/hochzeit\/","url":"https:\/\/www.rauhes.de\/cms\/hochzeit\/","name":"Kirchliche Trauung: Ursprung, Br\u00e4uche und Bedeutung","isPartOf":{"@id":"https:\/\/www.rauhes.de\/cms\/#website"},"primaryImageOfPage":{"@id":"https:\/\/www.rauhes.de\/cms\/hochzeit\/#primaryimage"},"image":{"@id":"https:\/\/www.rauhes.de\/cms\/hochzeit\/#primaryimage"},"thumbnailUrl":"https:\/\/www.rauhes.de\/cms\/wp-content\/uploads\/2022\/05\/brautstrauss.jpg","datePublished":"2021-10-08T07:49:58+00:00","dateModified":"2023-11-27T10:42:33+00:00","description":"Warum heiratet man kirchlich? Welche Bedeutung hat die christliche Ehe? Erfahren Sie hier alles rund um diesen wichtigen Anlass!","breadcrumb":{"@id":"https:\/\/www.rauhes.de\/cms\/hochzeit\/#breadcrumb"},"inLanguage":"de","potentialAction":[{"@type":"ReadAction","target":["https:\/\/www.rauhes.de\/cms\/hochzeit\/"]}]},{"@type":"ImageObject","inLanguage":"de","@id":"https:\/\/www.rauhes.de\/cms\/hochzeit\/#primaryimage","url":"https:\/\/www.rauhes.de\/cms\/wp-content\/uploads\/2022\/05\/brautstrauss.jpg","contentUrl":"https:\/\/www.rauhes.de\/cms\/wp-content\/uploads\/2022\/05\/brautstrauss.jpg","width":300,"height":200},{"@type":"BreadcrumbList","@id":"https:\/\/www.rauhes.de\/cms\/hochzeit\/#breadcrumb","itemListElement":[{"@type":"ListItem","position":1,"name":"Startseite","item":"https:\/\/www.rauhes.de\/cms\/"},{"@type":"ListItem","position":2,"name":"Lebenskreis","item":"https:\/\/www.rauhes.de\/cms\/lebenskreis\/"},{"@type":"ListItem","position":3,"name":"Kirchliche Trauung"}]},{"@type":"WebSite","@id":"https:\/\/www.rauhes.de\/cms\/#website","url":"https:\/\/www.rauhes.de\/cms\/","name":"Infos zu feierlichen Anl\u00e4ssen wie Taufe, Konfirmation, Hochzeit &amp; Trauer","description":"","publisher":{"@id":"https:\/\/www.rauhes.de\/cms\/#organization"},"potentialAction":[{"@type":"SearchAction","target":{"@type":"EntryPoint","urlTemplate":"https:\/\/www.rauhes.de\/cms\/?s={search_term_string}"},"query-input":{"@type":"PropertyValueSpecification","valueRequired":true,"valueName":"search_term_string"}}],"inLanguage":"de"},{"@type":"Organization","@id":"https:\/\/www.rauhes.de\/cms\/#organization","name":"rauhes.de","url":"https:\/\/www.rauhes.de\/cms\/","logo":{"@type":"ImageObject","inLanguage":"de","@id":"https:\/\/www.rauhes.de\/cms\/#\/schema\/logo\/image\/","url":"https:\/\/www.rauhes.de\/cms\/wp-content\/uploads\/2021\/10\/2x_neu-2.png","contentUrl":"https:\/\/www.rauhes.de\/cms\/wp-content\/uploads\/2021\/10\/2x_neu-2.png","width":300,"height":85,"caption":"rauhes.de"},"image":{"@id":"https:\/\/www.rauhes.de\/cms\/#\/schema\/logo\/image\/"}}]}},"_links":{"self":[{"href":"https:\/\/www.rauhes.de\/cms\/wp-json\/wp\/v2\/pages\/490","targetHints":{"allow":["GET"]}}],"collection":[{"href":"https:\/\/www.rauhes.de\/cms\/wp-json\/wp\/v2\/pages"}],"about":[{"href":"https:\/\/www.rauhes.de\/cms\/wp-json\/wp\/v2\/types\/page"}],"author":[{"embeddable":true,"href":"https:\/\/www.rauhes.de\/cms\/wp-json\/wp\/v2\/users\/1"}],"replies":[{"embeddable":true,"href":"https:\/\/www.rauhes.de\/cms\/wp-json\/wp\/v2\/comments?post=490"}],"version-history":[{"count":14,"href":"https:\/\/www.rauhes.de\/cms\/wp-json\/wp\/v2\/pages\/490\/revisions"}],"predecessor-version":[{"id":24489,"href":"https:\/\/www.rauhes.de\/cms\/wp-json\/wp\/v2\/pages\/490\/revisions\/24489"}],"up":[{"embeddable":true,"href":"https:\/\/www.rauhes.de\/cms\/wp-json\/wp\/v2\/pages\/23892"}],"wp:attachment":[{"href":"https:\/\/www.rauhes.de\/cms\/wp-json\/wp\/v2\/media?parent=490"}],"curies":[{"name":"wp","href":"https:\/\/api.w.org\/{rel}","templated":true}]}}