{"id":477,"date":"2021-10-08T09:38:04","date_gmt":"2021-10-08T07:38:04","guid":{"rendered":"https:\/\/www.rauhes.de\/cms\/?page_id=477"},"modified":"2022-09-20T07:42:21","modified_gmt":"2022-09-20T05:42:21","slug":"konfirmation","status":"publish","type":"page","link":"https:\/\/www.rauhes.de\/cms\/konfirmation\/","title":{"rendered":"Konfirmation"},"content":{"rendered":"\n<h1 class=\"wp-block-heading\">Konfirmation<\/h1>\n\n\n\n<p><em>Die Konfirmation ist eine feierliche Segenshandlung der evangelischen Kirche und ein ganz besonderes Ereignis: Die Jugendlichen bekr\u00e4ftigen mit der Konfirmation ihren christlichen Glauben und best\u00e4tigen ihre Aufnahme in die christliche Gemeinde. Die Konfirmation findet in der Regel im Alter von 14 Jahren statt, denn dann gelten die Jugendlichen in Deutschland als religionsm\u00fcndig.<\/em><\/p>\n\n\n\n<h2 class=\"wp-block-heading\">Wissenswertes rund um die Konfirmation<\/h2>\n\n\n\n<div class=\"wp-block-columns is-layout-flex wp-container-core-columns-is-layout-9d6595d7 wp-block-columns-is-layout-flex\">\n<div class=\"wp-block-column is-layout-flow wp-block-column-is-layout-flow\">\n<figure class=\"wp-block-image size-full\"><img decoding=\"async\" width=\"300\" height=\"200\" src=\"https:\/\/www.rauhes.de\/cms\/wp-content\/uploads\/2022\/04\/aufgeschlagene-bibel.jpg\" alt=\"\" class=\"wp-image-24158\"\/><\/figure>\n\n\n\n<div class=\"tb-button\" data-toolset-blocks-button=\"8693453d486fb8056c045e963bf14bf1\"><a class=\"tb-button__link\" href=\"https:\/\/www.rauhes.de\/cms\/lebenskreis\/konfirmation\/konfirmandenunterricht\/\"><i class=\"tb-button__icon\"><\/i><span class=\"tb-button__content\">Konfirmandenunterricht<\/span><\/a><\/div>\n<\/div>\n\n\n\n<div class=\"wp-block-column is-layout-flow wp-block-column-is-layout-flow\">\n<figure class=\"wp-block-image size-full\"><img decoding=\"async\" width=\"300\" height=\"200\" src=\"https:\/\/www.rauhes.de\/cms\/wp-content\/uploads\/2022\/04\/kirchendach-kreuz.jpg\" alt=\"\" class=\"wp-image-24169\"\/><\/figure>\n\n\n\n<div class=\"wp-block-group\"><div class=\"wp-block-group__inner-container is-layout-flow wp-block-group-is-layout-flow\">\n<div class=\"wp-block-group\"><div class=\"wp-block-group__inner-container is-layout-flow wp-block-group-is-layout-flow\">\n<div class=\"tb-button\" data-toolset-blocks-button=\"735c9d65e7fd31de16b9cfffecabd9df\"><a class=\"tb-button__link\" href=\"https:\/\/www.rauhes.de\/cms\/lebenskreis\/konfirmation\/konfirmationsgottesdienst\/\"><i class=\"tb-button__icon\"><\/i><span class=\"tb-button__content\">Konfirmationsgottesdienst<\/span><\/a><\/div>\n<\/div><\/div>\n<\/div><\/div>\n<\/div>\n\n\n\n<div class=\"wp-block-column is-layout-flow wp-block-column-is-layout-flow\">\n<figure class=\"wp-block-image size-full\"><img decoding=\"async\" width=\"300\" height=\"200\" src=\"https:\/\/www.rauhes.de\/cms\/wp-content\/uploads\/2022\/04\/geschenke-zur-konfirmation.jpg\" alt=\"\" class=\"wp-image-24159\"\/><\/figure>\n\n\n\n<div class=\"tb-button\" data-toolset-blocks-button=\"60b47b3735edcfa76e8813f90145ae1e\"><a class=\"tb-button__link\" href=\"https:\/\/www.rauhes.de\/cms\/geschenke-zur-konfirmation\/\"><i class=\"tb-button__icon\"><\/i><span class=\"tb-button__content\">Geschenke zur Konfirmation<\/span><\/a><\/div>\n<\/div>\n\n\n\n<div class=\"wp-block-column is-layout-flow wp-block-column-is-layout-flow\">\n<figure class=\"wp-block-image size-full\"><img decoding=\"async\" width=\"300\" height=\"200\" src=\"https:\/\/www.rauhes.de\/cms\/wp-content\/uploads\/2022\/04\/ichthys-konfirmation.jpg\" alt=\"\" class=\"wp-image-24160\"\/><\/figure>\n\n\n\n<div class=\"tb-button\" data-toolset-blocks-button=\"64315dc88f130c78527646be613b5e22\"><a class=\"tb-button__link\" href=\"https:\/\/www.rauhes.de\/cms\/lebenskreis\/konfirmation\/jubelkonfirmation\/\"><i class=\"tb-button__icon\"><\/i><span class=\"tb-button__content\">Konfirmationsjubil\u00e4en<\/span><\/a><\/div>\n<\/div>\n<\/div>\n\n\n\n<div style=\"height:20px\" aria-hidden=\"true\" class=\"wp-block-spacer\"><\/div>\n\n\n\n<h2 class=\"wp-block-heading\">Konfirmation: Fragen und Antworten<\/h2>\n\n\n\n<h3 class=\"wp-block-heading\">Was bedeutet das Wort \u201eKonfirmation\u201c?<\/h3>\n\n\n\n<p>Konfirmation leitet sich vom lateinischen \u201econfirmatio\u201c ab. Es l\u00e4sst sich \u00fcbersetzen mit \u201eBefestigung\u201c, \u201eBekr\u00e4ftigung\u201c bzw. \u201eBest\u00e4tigung\u201c. Die Konfirmation ist somit die pers\u00f6nliche Best\u00e4tigung der Taufe. Der Konfirmand bzw. die Konfirmandin gibt in dem feierlichen Konfirmationsgottesdienst bewusst das Ja zum christlichen Glauben und zur Kirchenzugeh\u00f6rigkeit.<\/p>\n\n\n\n<div class=\"wp-block-columns is-layout-flex wp-container-core-columns-is-layout-9d6595d7 wp-block-columns-is-layout-flex\">\n<div class=\"wp-block-column is-layout-flow wp-block-column-is-layout-flow\">\n<h3 class=\"wp-block-heading\">Weshalb l\u00e4sst man sich konfirmieren?<\/h3>\n\n\n\n<p>Die Konfirmation ist ein nachtr\u00e4gliches \u201eJa\u201c zur <a href=\"https:\/\/www.rauhes.de\/cms\/taufe\/\">Taufe<\/a>. In evangelischen Kirchengemeinden ist es \u00fcblich, dass Kinder bereits im S\u00e4uglingsalter getauft werden. Da die Kinder sich in diesem Alter nat\u00fcrlich noch nicht selbst zum Glauben bekennen k\u00f6nnen, \u00fcbernehmen das die Eltern und Taufpaten. Mit der Taufe wird das Kind Teil der christlichen Gemeinde, doch um auch ein voll verantwortliches Mitglied der Kirchengemeinde zu werden, muss das Kind selbst mit Eintritt der Religionsm\u00fcndigkeit seinen Glauben best\u00e4tigen \u2013 und somit konfirmiert werden.<\/p>\n\n\n\n<p>Nach der Konfirmation darf man den Kirchenvorstand der Gemeinde mitw\u00e4hlen, selbst Taufpate oder -patin werden, am Abendmahl teilnehmen und eine Nottaufe vornehmen. Als Erwachsene kann man in kirchliche Ehren\u00e4mter gew\u00e4hlt werden und an Wahlen teilnehmen.<\/p>\n<\/div>\n\n\n\n<div class=\"wp-block-column is-layout-flow wp-block-column-is-layout-flow\">\n<figure class=\"wp-block-image size-full\"><img decoding=\"async\" width=\"550\" height=\"365\" src=\"https:\/\/www.rauhes.de\/cms\/wp-content\/uploads\/2022\/04\/jugendliche-konfirmanden.jpg\" alt=\"\" class=\"wp-image-24185\" srcset=\"https:\/\/www.rauhes.de\/cms\/wp-content\/uploads\/2022\/04\/jugendliche-konfirmanden.jpg 550w, https:\/\/www.rauhes.de\/cms\/wp-content\/uploads\/2022\/04\/jugendliche-konfirmanden-300x199.jpg 300w\" sizes=\"(max-width: 550px) 100vw, 550px\" \/><\/figure>\n<\/div>\n<\/div>\n\n\n\n<h3 class=\"wp-block-heading\">Wer hat die Konfirmation erfunden?<\/h3>\n\n\n\n<div class=\"wp-block-columns is-layout-flex wp-container-core-columns-is-layout-9d6595d7 wp-block-columns-is-layout-flex\">\n<div class=\"wp-block-column is-layout-flow wp-block-column-is-layout-flow\">\n<p>Der Ursprung der Konfirmation geht auf die Reformationszeit zur\u00fcck. 1539 beschlossen Theologen und Reformatoren auf Schloss Ziegenhain (Nordhessen) die \u201eZiegenhainer Kirchenzuchtordnung\u201c. In dieser Ordnung war unter anderem geregelt, dass Heranwachsende zu einem Katechismusunterricht geschickt werden sollten. Der Unterricht gipfelte in einer symbolischen Handlung von der Gemeinde: der Konfirmation.<a name=\"Weshalb-laesst-man-sich-konfirmieren?\"><\/a><\/p>\n<\/div>\n\n\n\n<div class=\"wp-block-column is-layout-flow wp-block-column-is-layout-flow\">\n<p>Hintergrund dieser Ordnung war ein Streit zwischen Anh\u00e4ngern der Gl\u00e4ubigen- und der S\u00e4uglingstaufen. W\u00e4hrend die reformatorische T\u00e4uferbewegung die Taufe als pers\u00f6nliches Bekenntnis zum Glauben verstand (Gl\u00e4ubigentaufe, Erwachsenentaufe) und die Kindertaufe als unbiblisch ablehnte,&nbsp;glaubten die Reformatoren u.a., dass Kinder ebenso wie die \u00c4lteren in den Bund Gottes geh\u00f6ren und die Taufe nicht den Glauben, sondern der Glaube die Taufe empf\u00e4ngt.<\/p>\n<\/div>\n<\/div>\n\n\n\n<h3 class=\"wp-block-heading\">Was ist der Unterschied zwischen Konfirmation, Kommunion und Firmung?<\/h3>\n\n\n\n<p>Im Gegensatz zu den evangelischen Kirchen feiert die katholische Kirche nach der Taufe zun\u00e4chst das Fest der heiligen Kommunion. \u00dcblicherweise empfangen Kinder diese bereits mit ca. neun Jahren. In diesem Alter k\u00f6nnen sie den Unterschied zwischen Brot und Wein und den gewandelten Gaben verstehen.<\/p>\n\n\n\n<p>Die katholische Firmung ist \u2013 zumindest was das Alter der Jugendlichen angelangt \u2013 am ehesten mit der evangelischen Konfirmation zu vergleichen, denn sie findet in der Regel im Alter von 14 bis 16 Jahren statt. In ihr \u00fcbernimmt der Firmling das Taufversprechen, welches seine Eltern bei der S\u00e4uglingstaufe f\u00fcr ihn abgegeben haben und bekr\u00e4ftigt es aus freiem Willen. Der Begriff \u00bbFirmung\u00ab hat seinen Ursprung im lateinischen \u201efirmare\u201c und bedeutet \u201efestigen oder \u201ebest\u00e4tigen\u201c.<\/p>\n\n\n\n<p>\u00c4hnlich wie bei der Konfirmation ist dies f\u00fcr die \u00d6ffentlichkeit der sichtbare \u00dcbergang von der Kindheit zum Erwachsensein. Mit dem Empfang des heiligen Sakraments wird gleichsam die Taufe vollendet und der Jugendliche wird mit allen Rechten und Pflichten in die Gemeinschaft der Katholiken aufgenommen.<\/p>\n","protected":false},"excerpt":{"rendered":"<p>Konfirmation Die Konfirmation ist eine feierliche Segenshandlung der evangelischen Kirche und ein ganz besonderes Ereignis: Die Jugendlichen bekr\u00e4ftigen mit der Konfirmation ihren christlichen Glauben und best\u00e4tigen ihre Aufnahme in die christliche Gemeinde. Die Konfirmation findet in der Regel im Alter von 14 Jahren statt, denn dann gelten die Jugendlichen in Deutschland als religionsm\u00fcndig. Wissenswertes rund [&hellip;]<\/p>\n","protected":false},"author":1,"featured_media":0,"parent":23892,"menu_order":0,"comment_status":"closed","ping_status":"closed","template":"","meta":{"ngg_post_thumbnail":0,"footnotes":""},"class_list":["post-477","page","type-page","status-publish","hentry"],"yoast_head":"<!-- This site is optimized with the Yoast SEO plugin v27.5 - https:\/\/yoast.com\/product\/yoast-seo-wordpress\/ -->\n<title>Konfirmation: Ursprung, Br\u00e4uche und Bedeutung \u2013 rauhes.de<\/title>\n<meta name=\"description\" content=\"Warum lassen Christen sich konfirmieren? Und welche Bedeutung hat die Konfirmation? Erfahren Sie hier alles rund um diesen wichtigen Anlass!\" \/>\n<meta name=\"robots\" content=\"index, follow, max-snippet:-1, max-image-preview:large, max-video-preview:-1\" \/>\n<link rel=\"canonical\" href=\"https:\/\/www.rauhes.de\/cms\/konfirmation\/\" \/>\n<meta property=\"og:locale\" content=\"de_DE\" \/>\n<meta property=\"og:type\" content=\"article\" \/>\n<meta property=\"og:title\" content=\"Konfirmation: Ursprung, Br\u00e4uche und Bedeutung \u2013 rauhes.de\" \/>\n<meta property=\"og:description\" content=\"Warum lassen Christen sich konfirmieren? Und welche Bedeutung hat die Konfirmation? Erfahren Sie hier alles rund um diesen wichtigen Anlass!\" \/>\n<meta property=\"og:url\" content=\"https:\/\/www.rauhes.de\/cms\/konfirmation\/\" \/>\n<meta property=\"og:site_name\" content=\"Infos zu feierlichen Anl\u00e4ssen wie Taufe, Konfirmation, Hochzeit &amp; Trauer\" \/>\n<meta property=\"article:modified_time\" content=\"2022-09-20T05:42:21+00:00\" \/>\n<meta property=\"og:image\" content=\"https:\/\/www.rauhes.de\/cms\/wp-content\/uploads\/2022\/04\/aufgeschlagene-bibel.jpg\" \/>\n<meta name=\"twitter:card\" content=\"summary_large_image\" \/>\n<meta name=\"twitter:label1\" content=\"Gesch\u00e4tzte Lesezeit\" \/>\n\t<meta name=\"twitter:data1\" content=\"5\u00a0Minuten\" \/>\n<script type=\"application\/ld+json\" class=\"yoast-schema-graph\">{\"@context\":\"https:\\\/\\\/schema.org\",\"@graph\":[{\"@type\":\"WebPage\",\"@id\":\"https:\\\/\\\/www.rauhes.de\\\/cms\\\/konfirmation\\\/\",\"url\":\"https:\\\/\\\/www.rauhes.de\\\/cms\\\/konfirmation\\\/\",\"name\":\"Konfirmation: Ursprung, Br\u00e4uche und Bedeutung \u2013 rauhes.de\",\"isPartOf\":{\"@id\":\"https:\\\/\\\/www.rauhes.de\\\/cms\\\/#website\"},\"primaryImageOfPage\":{\"@id\":\"https:\\\/\\\/www.rauhes.de\\\/cms\\\/konfirmation\\\/#primaryimage\"},\"image\":{\"@id\":\"https:\\\/\\\/www.rauhes.de\\\/cms\\\/konfirmation\\\/#primaryimage\"},\"thumbnailUrl\":\"https:\\\/\\\/www.rauhes.de\\\/cms\\\/wp-content\\\/uploads\\\/2022\\\/04\\\/aufgeschlagene-bibel.jpg\",\"datePublished\":\"2021-10-08T07:38:04+00:00\",\"dateModified\":\"2022-09-20T05:42:21+00:00\",\"description\":\"Warum lassen Christen sich konfirmieren? Und welche Bedeutung hat die Konfirmation? Erfahren Sie hier alles rund um diesen wichtigen Anlass!\",\"breadcrumb\":{\"@id\":\"https:\\\/\\\/www.rauhes.de\\\/cms\\\/konfirmation\\\/#breadcrumb\"},\"inLanguage\":\"de\",\"potentialAction\":[{\"@type\":\"ReadAction\",\"target\":[\"https:\\\/\\\/www.rauhes.de\\\/cms\\\/konfirmation\\\/\"]}]},{\"@type\":\"ImageObject\",\"inLanguage\":\"de\",\"@id\":\"https:\\\/\\\/www.rauhes.de\\\/cms\\\/konfirmation\\\/#primaryimage\",\"url\":\"https:\\\/\\\/www.rauhes.de\\\/cms\\\/wp-content\\\/uploads\\\/2022\\\/04\\\/aufgeschlagene-bibel.jpg\",\"contentUrl\":\"https:\\\/\\\/www.rauhes.de\\\/cms\\\/wp-content\\\/uploads\\\/2022\\\/04\\\/aufgeschlagene-bibel.jpg\",\"width\":300,\"height\":200},{\"@type\":\"BreadcrumbList\",\"@id\":\"https:\\\/\\\/www.rauhes.de\\\/cms\\\/konfirmation\\\/#breadcrumb\",\"itemListElement\":[{\"@type\":\"ListItem\",\"position\":1,\"name\":\"Startseite\",\"item\":\"https:\\\/\\\/www.rauhes.de\\\/cms\\\/\"},{\"@type\":\"ListItem\",\"position\":2,\"name\":\"Lebenskreis\",\"item\":\"https:\\\/\\\/www.rauhes.de\\\/cms\\\/lebenskreis\\\/\"},{\"@type\":\"ListItem\",\"position\":3,\"name\":\"Konfirmation\"}]},{\"@type\":\"WebSite\",\"@id\":\"https:\\\/\\\/www.rauhes.de\\\/cms\\\/#website\",\"url\":\"https:\\\/\\\/www.rauhes.de\\\/cms\\\/\",\"name\":\"Infos zu feierlichen Anl\u00e4ssen wie Taufe, Konfirmation, Hochzeit &amp; Trauer\",\"description\":\"\",\"publisher\":{\"@id\":\"https:\\\/\\\/www.rauhes.de\\\/cms\\\/#organization\"},\"potentialAction\":[{\"@type\":\"SearchAction\",\"target\":{\"@type\":\"EntryPoint\",\"urlTemplate\":\"https:\\\/\\\/www.rauhes.de\\\/cms\\\/?s={search_term_string}\"},\"query-input\":{\"@type\":\"PropertyValueSpecification\",\"valueRequired\":true,\"valueName\":\"search_term_string\"}}],\"inLanguage\":\"de\"},{\"@type\":\"Organization\",\"@id\":\"https:\\\/\\\/www.rauhes.de\\\/cms\\\/#organization\",\"name\":\"rauhes.de\",\"url\":\"https:\\\/\\\/www.rauhes.de\\\/cms\\\/\",\"logo\":{\"@type\":\"ImageObject\",\"inLanguage\":\"de\",\"@id\":\"https:\\\/\\\/www.rauhes.de\\\/cms\\\/#\\\/schema\\\/logo\\\/image\\\/\",\"url\":\"https:\\\/\\\/www.rauhes.de\\\/cms\\\/wp-content\\\/uploads\\\/2021\\\/10\\\/2x_neu-2.png\",\"contentUrl\":\"https:\\\/\\\/www.rauhes.de\\\/cms\\\/wp-content\\\/uploads\\\/2021\\\/10\\\/2x_neu-2.png\",\"width\":300,\"height\":85,\"caption\":\"rauhes.de\"},\"image\":{\"@id\":\"https:\\\/\\\/www.rauhes.de\\\/cms\\\/#\\\/schema\\\/logo\\\/image\\\/\"}}]}<\/script>\n<!-- \/ Yoast SEO plugin. -->","yoast_head_json":{"title":"Konfirmation: Ursprung, Br\u00e4uche und Bedeutung \u2013 rauhes.de","description":"Warum lassen Christen sich konfirmieren? Und welche Bedeutung hat die Konfirmation? Erfahren Sie hier alles rund um diesen wichtigen Anlass!","robots":{"index":"index","follow":"follow","max-snippet":"max-snippet:-1","max-image-preview":"max-image-preview:large","max-video-preview":"max-video-preview:-1"},"canonical":"https:\/\/www.rauhes.de\/cms\/konfirmation\/","og_locale":"de_DE","og_type":"article","og_title":"Konfirmation: Ursprung, Br\u00e4uche und Bedeutung \u2013 rauhes.de","og_description":"Warum lassen Christen sich konfirmieren? Und welche Bedeutung hat die Konfirmation? Erfahren Sie hier alles rund um diesen wichtigen Anlass!","og_url":"https:\/\/www.rauhes.de\/cms\/konfirmation\/","og_site_name":"Infos zu feierlichen Anl\u00e4ssen wie Taufe, Konfirmation, Hochzeit &amp; Trauer","article_modified_time":"2022-09-20T05:42:21+00:00","og_image":[{"url":"https:\/\/www.rauhes.de\/cms\/wp-content\/uploads\/2022\/04\/aufgeschlagene-bibel.jpg","type":"","width":"","height":""}],"twitter_card":"summary_large_image","twitter_misc":{"Gesch\u00e4tzte Lesezeit":"5\u00a0Minuten"},"schema":{"@context":"https:\/\/schema.org","@graph":[{"@type":"WebPage","@id":"https:\/\/www.rauhes.de\/cms\/konfirmation\/","url":"https:\/\/www.rauhes.de\/cms\/konfirmation\/","name":"Konfirmation: Ursprung, Br\u00e4uche und Bedeutung \u2013 rauhes.de","isPartOf":{"@id":"https:\/\/www.rauhes.de\/cms\/#website"},"primaryImageOfPage":{"@id":"https:\/\/www.rauhes.de\/cms\/konfirmation\/#primaryimage"},"image":{"@id":"https:\/\/www.rauhes.de\/cms\/konfirmation\/#primaryimage"},"thumbnailUrl":"https:\/\/www.rauhes.de\/cms\/wp-content\/uploads\/2022\/04\/aufgeschlagene-bibel.jpg","datePublished":"2021-10-08T07:38:04+00:00","dateModified":"2022-09-20T05:42:21+00:00","description":"Warum lassen Christen sich konfirmieren? Und welche Bedeutung hat die Konfirmation? Erfahren Sie hier alles rund um diesen wichtigen Anlass!","breadcrumb":{"@id":"https:\/\/www.rauhes.de\/cms\/konfirmation\/#breadcrumb"},"inLanguage":"de","potentialAction":[{"@type":"ReadAction","target":["https:\/\/www.rauhes.de\/cms\/konfirmation\/"]}]},{"@type":"ImageObject","inLanguage":"de","@id":"https:\/\/www.rauhes.de\/cms\/konfirmation\/#primaryimage","url":"https:\/\/www.rauhes.de\/cms\/wp-content\/uploads\/2022\/04\/aufgeschlagene-bibel.jpg","contentUrl":"https:\/\/www.rauhes.de\/cms\/wp-content\/uploads\/2022\/04\/aufgeschlagene-bibel.jpg","width":300,"height":200},{"@type":"BreadcrumbList","@id":"https:\/\/www.rauhes.de\/cms\/konfirmation\/#breadcrumb","itemListElement":[{"@type":"ListItem","position":1,"name":"Startseite","item":"https:\/\/www.rauhes.de\/cms\/"},{"@type":"ListItem","position":2,"name":"Lebenskreis","item":"https:\/\/www.rauhes.de\/cms\/lebenskreis\/"},{"@type":"ListItem","position":3,"name":"Konfirmation"}]},{"@type":"WebSite","@id":"https:\/\/www.rauhes.de\/cms\/#website","url":"https:\/\/www.rauhes.de\/cms\/","name":"Infos zu feierlichen Anl\u00e4ssen wie Taufe, Konfirmation, Hochzeit &amp; Trauer","description":"","publisher":{"@id":"https:\/\/www.rauhes.de\/cms\/#organization"},"potentialAction":[{"@type":"SearchAction","target":{"@type":"EntryPoint","urlTemplate":"https:\/\/www.rauhes.de\/cms\/?s={search_term_string}"},"query-input":{"@type":"PropertyValueSpecification","valueRequired":true,"valueName":"search_term_string"}}],"inLanguage":"de"},{"@type":"Organization","@id":"https:\/\/www.rauhes.de\/cms\/#organization","name":"rauhes.de","url":"https:\/\/www.rauhes.de\/cms\/","logo":{"@type":"ImageObject","inLanguage":"de","@id":"https:\/\/www.rauhes.de\/cms\/#\/schema\/logo\/image\/","url":"https:\/\/www.rauhes.de\/cms\/wp-content\/uploads\/2021\/10\/2x_neu-2.png","contentUrl":"https:\/\/www.rauhes.de\/cms\/wp-content\/uploads\/2021\/10\/2x_neu-2.png","width":300,"height":85,"caption":"rauhes.de"},"image":{"@id":"https:\/\/www.rauhes.de\/cms\/#\/schema\/logo\/image\/"}}]}},"_links":{"self":[{"href":"https:\/\/www.rauhes.de\/cms\/wp-json\/wp\/v2\/pages\/477","targetHints":{"allow":["GET"]}}],"collection":[{"href":"https:\/\/www.rauhes.de\/cms\/wp-json\/wp\/v2\/pages"}],"about":[{"href":"https:\/\/www.rauhes.de\/cms\/wp-json\/wp\/v2\/types\/page"}],"author":[{"embeddable":true,"href":"https:\/\/www.rauhes.de\/cms\/wp-json\/wp\/v2\/users\/1"}],"replies":[{"embeddable":true,"href":"https:\/\/www.rauhes.de\/cms\/wp-json\/wp\/v2\/comments?post=477"}],"version-history":[{"count":5,"href":"https:\/\/www.rauhes.de\/cms\/wp-json\/wp\/v2\/pages\/477\/revisions"}],"predecessor-version":[{"id":24426,"href":"https:\/\/www.rauhes.de\/cms\/wp-json\/wp\/v2\/pages\/477\/revisions\/24426"}],"up":[{"embeddable":true,"href":"https:\/\/www.rauhes.de\/cms\/wp-json\/wp\/v2\/pages\/23892"}],"wp:attachment":[{"href":"https:\/\/www.rauhes.de\/cms\/wp-json\/wp\/v2\/media?parent=477"}],"curies":[{"name":"wp","href":"https:\/\/api.w.org\/{rel}","templated":true}]}}