{"id":467,"date":"2021-10-08T09:24:08","date_gmt":"2021-10-08T07:24:08","guid":{"rendered":"https:\/\/www.rauhes.de\/cms\/?page_id=467"},"modified":"2022-09-20T07:55:19","modified_gmt":"2022-09-20T05:55:19","slug":"taufe","status":"publish","type":"page","link":"https:\/\/www.rauhes.de\/cms\/taufe\/","title":{"rendered":"Taufe"},"content":{"rendered":"\n<h1 class=\"wp-block-heading\">Taufe<\/h1>\n\n\n\n<p><em>Die Taufe ist ein festlicher Ritus, durch den man in die christliche Gemeinde aufgenommen wird. Die Pfarrerin bzw. der Pfarrer begie\u00dft oder besprengt dabei den Kopf des T\u00e4uflings mit geweihtem Wasser. Wer getauft ist, gilt \u00fcbrigens als Christ. Selbst durch einen Kirchenaustritt ist die Taufe nicht r\u00fcckg\u00e4ngig zu machen.<\/em><\/p>\n\n\n\n<div style=\"height:10px\" aria-hidden=\"true\" class=\"wp-block-spacer\"><\/div>\n\n\n\n<h2 class=\"wp-block-heading\">Wissenswertes rund um die Taufe<\/h2>\n\n\n\n<div class=\"wp-block-columns is-layout-flex wp-container-core-columns-is-layout-9d6595d7 wp-block-columns-is-layout-flex\">\n<div class=\"wp-block-column is-layout-flow wp-block-column-is-layout-flow\">\n<figure class=\"wp-block-image size-full\"><img decoding=\"async\" width=\"300\" height=\"200\" src=\"https:\/\/www.rauhes.de\/cms\/wp-content\/uploads\/2022\/07\/taufe-haende.jpg\" alt=\"\" class=\"wp-image-24382\"\/><\/figure>\n\n\n\n<div class=\"wp-block-group\"><div class=\"wp-block-group__inner-container is-layout-flow wp-block-group-is-layout-flow\">\n<div class=\"wp-block-group\"><div class=\"wp-block-group__inner-container is-layout-flow wp-block-group-is-layout-flow\">\n<div class=\"tb-button\" data-toolset-blocks-button=\"1735faf7fbb33ff7fc55b89baaf80a54\"><a class=\"tb-button__link\" href=\"https:\/\/www.rauhes.de\/cms\/checkliste-taufe\/\"><i class=\"tb-button__icon\"><\/i><span class=\"tb-button__content\">Checkliste Taufe &amp; Tauffeier<\/span><\/a><\/div>\n<\/div><\/div>\n<\/div><\/div>\n<\/div>\n\n\n\n<div class=\"wp-block-column is-layout-flow wp-block-column-is-layout-flow\">\n<figure class=\"wp-block-image size-full\"><img decoding=\"async\" width=\"300\" height=\"200\" src=\"https:\/\/www.rauhes.de\/cms\/wp-content\/uploads\/2022\/08\/kreuz-wasser.jpg\" alt=\"\" class=\"wp-image-24408\"\/><\/figure>\n\n\n\n<div class=\"tb-button\" data-toolset-blocks-button=\"8e05e6c20ba90a0f8ea629a45f3f117d\"><a class=\"tb-button__link\" href=\"https:\/\/www.rauhes.de\/cms\/lebenskreis\/taufe\/taufgottesdienst\/\"><i class=\"tb-button__icon\"><\/i><span class=\"tb-button__content\">Taufgottesdienst<\/span><\/a><\/div>\n<\/div>\n\n\n\n<div class=\"wp-block-column is-layout-flow wp-block-column-is-layout-flow\">\n<figure class=\"wp-block-image size-full\"><img decoding=\"async\" width=\"300\" height=\"198\" src=\"https:\/\/www.rauhes.de\/cms\/wp-content\/uploads\/2022\/08\/taufe-schuhe.jpg\" alt=\"wei\u00dfe Babyschuhe f\u00fcr die Taufe\" class=\"wp-image-24398\"\/><\/figure>\n\n\n\n<div class=\"tb-button\" data-toolset-blocks-button=\"95f13ebfb32cb2b5042d5c9eec4386b5\"><a class=\"tb-button__link\" href=\"https:\/\/www.rauhes.de\/cms\/lebenskreis\/taufe\/geschenke-zur-taufe\/\"><i class=\"tb-button__icon\"><\/i><span class=\"tb-button__content\">Was schenkt man zur Taufe<\/span><\/a><\/div>\n<\/div>\n\n\n\n<div class=\"wp-block-column is-layout-flow wp-block-column-is-layout-flow\">\n<figure class=\"wp-block-image size-full\"><img decoding=\"async\" width=\"300\" height=\"200\" src=\"https:\/\/www.rauhes.de\/cms\/wp-content\/uploads\/2022\/08\/taufalbum-seite.jpg\" alt=\"\" class=\"wp-image-24463\"\/><\/figure>\n\n\n\n<div class=\"tb-button\" data-toolset-blocks-button=\"ec019e1ce54a69f19e42a95994d23db2\"><a class=\"tb-button__link\" href=\"https:\/\/www.rauhes.de\/cms\/lebenskreis\/taufe\/taufalbum\/\"><i class=\"tb-button__icon\"><\/i><span class=\"tb-button__content\">Taufalbum<\/span><\/a><\/div>\n<\/div>\n<\/div>\n\n\n\n<div style=\"height:10px\" aria-hidden=\"true\" class=\"wp-block-spacer\"><\/div>\n\n\n\n<h2 class=\"wp-block-heading\">Taufe: Fragen und Antworten<a name=\"Warum-taufen-Christen?\"><\/a><\/h2>\n\n\n\n<h3 class=\"wp-block-heading\">Warum wird die Taufe gefeiert?<\/h3>\n\n\n\n<p>Die Gr\u00fcnde, warum Eltern ihre Kinder taufen lassen, schwanken zwischen Glaube und Tradition. Zum einen ist die Taufe eine wunderbare M\u00f6glichkeit, das Kind im gro\u00dfen Kreise der Familie und mit Freunden begr\u00fc\u00dfen und feiern zu k\u00f6nnen und kann damit auch ein Teil der Familientradition sein. Zum anderen dient die Taufe als Akt, um einen Menschen in die christliche Gemeinschaft aufnehmen zu lassen. Wird das Kind in jungen Jahren getauft, haben die Eltern und TaufpatInnen die Aufgabe, stellvertretend f\u00fcr den T\u00e4ufling den Glauben zu bezeugen. Das Kind best\u00e4tigt seinen Glauben dann bei der <a href=\"https:\/\/www.rauhes.de\/cms\/konfirmation\/\">Konfirmation<\/a> noch einmal selbst.<\/p>\n\n\n\n<h3 class=\"wp-block-heading\">Wann ist der richtige Zeitpunkt f\u00fcr die Taufe?<\/h3>\n\n\n\n<p>Den einen, richtigen Zeitpunkt f\u00fcr die Taufe gibt es nicht: Es gibt keine Vorgaben, wie alt ein Mensch sein muss, um getauft zu werden. Viele Kinder werden bereits im ersten Lebensjahr getauft. Aber auch Jugendliche und Erwachsene jedes Alters k\u00f6nnen sich f\u00fcr eine Taufe entscheiden, wenn Sie Ihren Glauben bezeugen m\u00f6chten. Erwachsene lassen sich taufen, weil sie bereits glauben und endlich auch offiziell Teil der christlichen Gemeinschaft werden wollen.<\/p>\n\n\n\n<h3 class=\"wp-block-heading\">Welche Bedeutung hat die Taufe in der Bibel?<\/h3>\n\n\n\n<div class=\"wp-block-columns is-layout-flex wp-container-core-columns-is-layout-9d6595d7 wp-block-columns-is-layout-flex\">\n<div class=\"wp-block-column is-layout-flow wp-block-column-is-layout-flow\">\n<p>Auch Jesus lie\u00df sich taufen. Mit seiner Taufe im Jordan durch Johannes den T\u00e4ufer begann sein \u00f6ffentliches Wirken. Zwar taufte Jesus selbst nie, befahl aber, seine J\u00fcnger zu taufen: <\/p>\n\n\n\n<blockquote class=\"wp-block-quote is-layout-flow wp-block-quote-is-layout-flow\"><p>\u201eDarum gehet hin und machet zu J\u00fcngern alle V\u00f6lker: Taufet sie auf den Namen des Vaters und des Sohnes und des Heiligen Geistes und lehret sie halten alles, was ich euch befohlen habe.\u201c<\/p><cite>(Matth\u00e4us 28,19)<\/cite><\/blockquote>\n\n\n\n<p>Diese Bibelstelle nennt man daher auch den Taufbefehl. Mit unserer Taufe stehen wir seither in einer Tradition, die mit Johannes dem T\u00e4ufer und Jesus Christus begann.<\/p>\n<\/div>\n\n\n\n<div class=\"wp-block-column is-layout-flow wp-block-column-is-layout-flow\">\n<figure class=\"wp-block-image size-full\"><img decoding=\"async\" width=\"550\" height=\"365\" src=\"https:\/\/www.rauhes.de\/cms\/wp-content\/uploads\/2022\/08\/christus-statue.jpg\" alt=\"Christusstatue in Rio de Janeiro\" class=\"wp-image-24407\" srcset=\"https:\/\/www.rauhes.de\/cms\/wp-content\/uploads\/2022\/08\/christus-statue.jpg 550w, https:\/\/www.rauhes.de\/cms\/wp-content\/uploads\/2022\/08\/christus-statue-300x199.jpg 300w\" sizes=\"(max-width: 550px) 100vw, 550px\" \/><\/figure>\n<\/div>\n<\/div>\n\n\n\n<h3 class=\"wp-block-heading\">Was macht ein Taufpate?<\/h3>\n\n\n\n<p>W\u00e4hrend der Taufe geben die Taufpaten das Versprechen, das Kind durch das Leben zu begleiten und die Eltern bei der Erziehung des Kindes zum christlichen Glauben zu unterst\u00fctzen.&nbsp;Zudem geben sie heutzutage auch oft das Versprechen, das Kind im Todesfall der Eltern bei sich aufzunehmen. Taufpatenschaften enden in der evangelischen Kirche mit der Konfirmation des Kindes, w\u00e4hrend in der katholischen Kirche die Patenschaft das ganze Leben lang besteht.<\/p>\n\n\n\n<h3 class=\"wp-block-heading\">Welche Taufsymbole gibt es im evangelischen Glauben?<\/h3>\n\n\n\n<p>Die drei typischen <a href=\"https:\/\/www.rauhes.de\/info\/christliche-symbole-bedeutung.html\">christlichen Symbole<\/a> zur Taufe sind die Taube, der Regenbogen und der Fisch.<\/p>\n\n\n\n<p>Die Taube ist ein Symbol f\u00fcr die Taufe, weil sie bei der Taufe Jesu erw\u00e4hnt wird. Die Bibel berichtet davon, dass sich nach der Taufe Jesu der Himmel \u00f6ffnete und der Heilige Geist in Gestalt einer Taube auf ihn herabkam. <\/p>\n\n\n\n<p>Oftmals ist auch ein Regenbogen auf als Symbol auf der <a href=\"https:\/\/www.rauhes.de\/feierliche-anlaesse\/taufe\/taufkerzen-11400\/\">Taufkerze<\/a> zu sehen. Er gilt als Zeichen des Bundes zwischen Gott und den Menschen, als ein Band, das Himmel und Erde verbindet. Der T\u00e4ufling geh\u00f6rt von der Taufe an zu Gott und seiner Familie, der Gemeinde und darf sich Gottes Gnade und Treue sein Leben lang sicher sein. Daran soll der Regenbogen uns erinnern.<\/p>\n\n\n\n<p>Der Fisch war eines der fr\u00fchesten und wichtigsten christlichen Symbole. Er steht insbesondere bei der Taufe als verk\u00fcrztes Glaubensbekenntnis.<\/p>\n","protected":false},"excerpt":{"rendered":"<p>Taufe Die Taufe ist ein festlicher Ritus, durch den man in die christliche Gemeinde aufgenommen wird. Die Pfarrerin bzw. der Pfarrer begie\u00dft oder besprengt dabei den Kopf des T\u00e4uflings mit geweihtem Wasser. Wer getauft ist, gilt \u00fcbrigens als Christ. Selbst durch einen Kirchenaustritt ist die Taufe nicht r\u00fcckg\u00e4ngig zu machen. Wissenswertes rund um die Taufe [&hellip;]<\/p>\n","protected":false},"author":1,"featured_media":0,"parent":23892,"menu_order":0,"comment_status":"closed","ping_status":"closed","template":"","meta":{"ngg_post_thumbnail":0,"footnotes":""},"class_list":["post-467","page","type-page","status-publish","hentry"],"yoast_head":"<!-- This site is optimized with the Yoast SEO plugin v27.5 - https:\/\/yoast.com\/product\/yoast-seo-wordpress\/ -->\n<title>Taufe: Ursprung, Br\u00e4uche und Bedeutung \u2013 rauhes.de<\/title>\n<meta name=\"description\" content=\"Warum lassen Christen sich taufen? Und welche Bedeutung hat die Taufe? Erfahren Sie hier alles rund um diesen wichtigen Anlass!\" \/>\n<meta name=\"robots\" content=\"index, follow, max-snippet:-1, max-image-preview:large, max-video-preview:-1\" \/>\n<link rel=\"canonical\" href=\"https:\/\/www.rauhes.de\/cms\/taufe\/\" \/>\n<meta property=\"og:locale\" content=\"de_DE\" \/>\n<meta property=\"og:type\" content=\"article\" \/>\n<meta property=\"og:title\" content=\"Taufe: Ursprung, Br\u00e4uche und Bedeutung \u2013 rauhes.de\" \/>\n<meta property=\"og:description\" content=\"Warum lassen Christen sich taufen? Und welche Bedeutung hat die Taufe? Erfahren Sie hier alles rund um diesen wichtigen Anlass!\" \/>\n<meta property=\"og:url\" content=\"https:\/\/www.rauhes.de\/cms\/taufe\/\" \/>\n<meta property=\"og:site_name\" content=\"Infos zu feierlichen Anl\u00e4ssen wie Taufe, Konfirmation, Hochzeit &amp; Trauer\" \/>\n<meta property=\"article:modified_time\" content=\"2022-09-20T05:55:19+00:00\" \/>\n<meta property=\"og:image\" content=\"https:\/\/www.rauhes.de\/cms\/wp-content\/uploads\/2022\/07\/taufe-haende.jpg\" \/>\n<meta name=\"twitter:card\" content=\"summary_large_image\" \/>\n<meta name=\"twitter:label1\" content=\"Gesch\u00e4tzte Lesezeit\" \/>\n\t<meta name=\"twitter:data1\" content=\"9\u00a0Minuten\" \/>\n<script type=\"application\/ld+json\" class=\"yoast-schema-graph\">{\"@context\":\"https:\\\/\\\/schema.org\",\"@graph\":[{\"@type\":\"WebPage\",\"@id\":\"https:\\\/\\\/www.rauhes.de\\\/cms\\\/taufe\\\/\",\"url\":\"https:\\\/\\\/www.rauhes.de\\\/cms\\\/taufe\\\/\",\"name\":\"Taufe: Ursprung, Br\u00e4uche und Bedeutung \u2013 rauhes.de\",\"isPartOf\":{\"@id\":\"https:\\\/\\\/www.rauhes.de\\\/cms\\\/#website\"},\"primaryImageOfPage\":{\"@id\":\"https:\\\/\\\/www.rauhes.de\\\/cms\\\/taufe\\\/#primaryimage\"},\"image\":{\"@id\":\"https:\\\/\\\/www.rauhes.de\\\/cms\\\/taufe\\\/#primaryimage\"},\"thumbnailUrl\":\"https:\\\/\\\/www.rauhes.de\\\/cms\\\/wp-content\\\/uploads\\\/2022\\\/07\\\/taufe-haende.jpg\",\"datePublished\":\"2021-10-08T07:24:08+00:00\",\"dateModified\":\"2022-09-20T05:55:19+00:00\",\"description\":\"Warum lassen Christen sich taufen? Und welche Bedeutung hat die Taufe? Erfahren Sie hier alles rund um diesen wichtigen Anlass!\",\"breadcrumb\":{\"@id\":\"https:\\\/\\\/www.rauhes.de\\\/cms\\\/taufe\\\/#breadcrumb\"},\"inLanguage\":\"de\",\"potentialAction\":[{\"@type\":\"ReadAction\",\"target\":[\"https:\\\/\\\/www.rauhes.de\\\/cms\\\/taufe\\\/\"]}]},{\"@type\":\"ImageObject\",\"inLanguage\":\"de\",\"@id\":\"https:\\\/\\\/www.rauhes.de\\\/cms\\\/taufe\\\/#primaryimage\",\"url\":\"https:\\\/\\\/www.rauhes.de\\\/cms\\\/wp-content\\\/uploads\\\/2022\\\/07\\\/taufe-haende.jpg\",\"contentUrl\":\"https:\\\/\\\/www.rauhes.de\\\/cms\\\/wp-content\\\/uploads\\\/2022\\\/07\\\/taufe-haende.jpg\",\"width\":300,\"height\":200},{\"@type\":\"BreadcrumbList\",\"@id\":\"https:\\\/\\\/www.rauhes.de\\\/cms\\\/taufe\\\/#breadcrumb\",\"itemListElement\":[{\"@type\":\"ListItem\",\"position\":1,\"name\":\"Startseite\",\"item\":\"https:\\\/\\\/www.rauhes.de\\\/cms\\\/\"},{\"@type\":\"ListItem\",\"position\":2,\"name\":\"Lebenskreis\",\"item\":\"https:\\\/\\\/www.rauhes.de\\\/cms\\\/lebenskreis\\\/\"},{\"@type\":\"ListItem\",\"position\":3,\"name\":\"Taufe\"}]},{\"@type\":\"WebSite\",\"@id\":\"https:\\\/\\\/www.rauhes.de\\\/cms\\\/#website\",\"url\":\"https:\\\/\\\/www.rauhes.de\\\/cms\\\/\",\"name\":\"Infos zu feierlichen Anl\u00e4ssen wie Taufe, Konfirmation, Hochzeit &amp; Trauer\",\"description\":\"\",\"publisher\":{\"@id\":\"https:\\\/\\\/www.rauhes.de\\\/cms\\\/#organization\"},\"potentialAction\":[{\"@type\":\"SearchAction\",\"target\":{\"@type\":\"EntryPoint\",\"urlTemplate\":\"https:\\\/\\\/www.rauhes.de\\\/cms\\\/?s={search_term_string}\"},\"query-input\":{\"@type\":\"PropertyValueSpecification\",\"valueRequired\":true,\"valueName\":\"search_term_string\"}}],\"inLanguage\":\"de\"},{\"@type\":\"Organization\",\"@id\":\"https:\\\/\\\/www.rauhes.de\\\/cms\\\/#organization\",\"name\":\"rauhes.de\",\"url\":\"https:\\\/\\\/www.rauhes.de\\\/cms\\\/\",\"logo\":{\"@type\":\"ImageObject\",\"inLanguage\":\"de\",\"@id\":\"https:\\\/\\\/www.rauhes.de\\\/cms\\\/#\\\/schema\\\/logo\\\/image\\\/\",\"url\":\"https:\\\/\\\/www.rauhes.de\\\/cms\\\/wp-content\\\/uploads\\\/2021\\\/10\\\/2x_neu-2.png\",\"contentUrl\":\"https:\\\/\\\/www.rauhes.de\\\/cms\\\/wp-content\\\/uploads\\\/2021\\\/10\\\/2x_neu-2.png\",\"width\":300,\"height\":85,\"caption\":\"rauhes.de\"},\"image\":{\"@id\":\"https:\\\/\\\/www.rauhes.de\\\/cms\\\/#\\\/schema\\\/logo\\\/image\\\/\"}}]}<\/script>\n<!-- \/ Yoast SEO plugin. -->","yoast_head_json":{"title":"Taufe: Ursprung, Br\u00e4uche und Bedeutung \u2013 rauhes.de","description":"Warum lassen Christen sich taufen? Und welche Bedeutung hat die Taufe? Erfahren Sie hier alles rund um diesen wichtigen Anlass!","robots":{"index":"index","follow":"follow","max-snippet":"max-snippet:-1","max-image-preview":"max-image-preview:large","max-video-preview":"max-video-preview:-1"},"canonical":"https:\/\/www.rauhes.de\/cms\/taufe\/","og_locale":"de_DE","og_type":"article","og_title":"Taufe: Ursprung, Br\u00e4uche und Bedeutung \u2013 rauhes.de","og_description":"Warum lassen Christen sich taufen? Und welche Bedeutung hat die Taufe? Erfahren Sie hier alles rund um diesen wichtigen Anlass!","og_url":"https:\/\/www.rauhes.de\/cms\/taufe\/","og_site_name":"Infos zu feierlichen Anl\u00e4ssen wie Taufe, Konfirmation, Hochzeit &amp; Trauer","article_modified_time":"2022-09-20T05:55:19+00:00","og_image":[{"url":"https:\/\/www.rauhes.de\/cms\/wp-content\/uploads\/2022\/07\/taufe-haende.jpg","type":"","width":"","height":""}],"twitter_card":"summary_large_image","twitter_misc":{"Gesch\u00e4tzte Lesezeit":"9\u00a0Minuten"},"schema":{"@context":"https:\/\/schema.org","@graph":[{"@type":"WebPage","@id":"https:\/\/www.rauhes.de\/cms\/taufe\/","url":"https:\/\/www.rauhes.de\/cms\/taufe\/","name":"Taufe: Ursprung, Br\u00e4uche und Bedeutung \u2013 rauhes.de","isPartOf":{"@id":"https:\/\/www.rauhes.de\/cms\/#website"},"primaryImageOfPage":{"@id":"https:\/\/www.rauhes.de\/cms\/taufe\/#primaryimage"},"image":{"@id":"https:\/\/www.rauhes.de\/cms\/taufe\/#primaryimage"},"thumbnailUrl":"https:\/\/www.rauhes.de\/cms\/wp-content\/uploads\/2022\/07\/taufe-haende.jpg","datePublished":"2021-10-08T07:24:08+00:00","dateModified":"2022-09-20T05:55:19+00:00","description":"Warum lassen Christen sich taufen? Und welche Bedeutung hat die Taufe? Erfahren Sie hier alles rund um diesen wichtigen Anlass!","breadcrumb":{"@id":"https:\/\/www.rauhes.de\/cms\/taufe\/#breadcrumb"},"inLanguage":"de","potentialAction":[{"@type":"ReadAction","target":["https:\/\/www.rauhes.de\/cms\/taufe\/"]}]},{"@type":"ImageObject","inLanguage":"de","@id":"https:\/\/www.rauhes.de\/cms\/taufe\/#primaryimage","url":"https:\/\/www.rauhes.de\/cms\/wp-content\/uploads\/2022\/07\/taufe-haende.jpg","contentUrl":"https:\/\/www.rauhes.de\/cms\/wp-content\/uploads\/2022\/07\/taufe-haende.jpg","width":300,"height":200},{"@type":"BreadcrumbList","@id":"https:\/\/www.rauhes.de\/cms\/taufe\/#breadcrumb","itemListElement":[{"@type":"ListItem","position":1,"name":"Startseite","item":"https:\/\/www.rauhes.de\/cms\/"},{"@type":"ListItem","position":2,"name":"Lebenskreis","item":"https:\/\/www.rauhes.de\/cms\/lebenskreis\/"},{"@type":"ListItem","position":3,"name":"Taufe"}]},{"@type":"WebSite","@id":"https:\/\/www.rauhes.de\/cms\/#website","url":"https:\/\/www.rauhes.de\/cms\/","name":"Infos zu feierlichen Anl\u00e4ssen wie Taufe, Konfirmation, Hochzeit &amp; Trauer","description":"","publisher":{"@id":"https:\/\/www.rauhes.de\/cms\/#organization"},"potentialAction":[{"@type":"SearchAction","target":{"@type":"EntryPoint","urlTemplate":"https:\/\/www.rauhes.de\/cms\/?s={search_term_string}"},"query-input":{"@type":"PropertyValueSpecification","valueRequired":true,"valueName":"search_term_string"}}],"inLanguage":"de"},{"@type":"Organization","@id":"https:\/\/www.rauhes.de\/cms\/#organization","name":"rauhes.de","url":"https:\/\/www.rauhes.de\/cms\/","logo":{"@type":"ImageObject","inLanguage":"de","@id":"https:\/\/www.rauhes.de\/cms\/#\/schema\/logo\/image\/","url":"https:\/\/www.rauhes.de\/cms\/wp-content\/uploads\/2021\/10\/2x_neu-2.png","contentUrl":"https:\/\/www.rauhes.de\/cms\/wp-content\/uploads\/2021\/10\/2x_neu-2.png","width":300,"height":85,"caption":"rauhes.de"},"image":{"@id":"https:\/\/www.rauhes.de\/cms\/#\/schema\/logo\/image\/"}}]}},"_links":{"self":[{"href":"https:\/\/www.rauhes.de\/cms\/wp-json\/wp\/v2\/pages\/467","targetHints":{"allow":["GET"]}}],"collection":[{"href":"https:\/\/www.rauhes.de\/cms\/wp-json\/wp\/v2\/pages"}],"about":[{"href":"https:\/\/www.rauhes.de\/cms\/wp-json\/wp\/v2\/types\/page"}],"author":[{"embeddable":true,"href":"https:\/\/www.rauhes.de\/cms\/wp-json\/wp\/v2\/users\/1"}],"replies":[{"embeddable":true,"href":"https:\/\/www.rauhes.de\/cms\/wp-json\/wp\/v2\/comments?post=467"}],"version-history":[{"count":16,"href":"https:\/\/www.rauhes.de\/cms\/wp-json\/wp\/v2\/pages\/467\/revisions"}],"predecessor-version":[{"id":24495,"href":"https:\/\/www.rauhes.de\/cms\/wp-json\/wp\/v2\/pages\/467\/revisions\/24495"}],"up":[{"embeddable":true,"href":"https:\/\/www.rauhes.de\/cms\/wp-json\/wp\/v2\/pages\/23892"}],"wp:attachment":[{"href":"https:\/\/www.rauhes.de\/cms\/wp-json\/wp\/v2\/media?parent=467"}],"curies":[{"name":"wp","href":"https:\/\/api.w.org\/{rel}","templated":true}]}}