{"id":452,"date":"2021-10-08T09:09:47","date_gmt":"2021-10-08T07:09:47","guid":{"rendered":"https:\/\/www.rauhes.de\/cms\/?page_id=452"},"modified":"2022-03-16T09:44:52","modified_gmt":"2022-03-16T08:44:52","slug":"die-krippe","status":"publish","type":"page","link":"https:\/\/www.rauhes.de\/cms\/die-krippe\/","title":{"rendered":"Die Krippe"},"content":{"rendered":"<h1>DIE KRIPPE<\/h1>\n<p>Als ich f\u00fcnf Jahre alt war, diktierte ich meiner Mutter einen langen Wunschzettel. Ich w\u00fcnschte mir ein richtiges Rennauto der Formel 1, nat\u00fcrlich mit Sturzhelm, dazu ein Gokart sowie eine vollelektrische Ritterburg, die so gro\u00df sein sollte wie unser Haus, dann noch einen echten, lebendigen Zirkusdirektor und schlie\u00dflich ein Paar rote Gummistiefel f\u00fcr meinen Teddy.<\/p>\n<p>Eines Tages hatte ich selbst kleine Kinder. Ihre W\u00fcnsche kannten noch keine Grenze. Ihre Sehnsucht war \u00fcberschw\u00e4nglich. Weihnachten war die Zeit, in der sie ihrer Wunschphantasie freien Lauf lie\u00dfen. Was immer ihnen in den unverbrauchten Sinn kam, wurde gleich herausposaunt oder den Eltern in die Feder diktiert. P\u00e4dagogisch verantwortungsvolle Menschen legen da schnell ihre Stirn in Sorgenfalten, mahnen zur Zur\u00fcckhaltung oder beklagen die Werbung der Spielzeugindustrie, die diese wilde W\u00fcnscherei weiter anheizt. Dabei ist es doch nur ein Spiel. Und wie jedes Kinderspiel hat es sein tieferes Recht.<\/p>\n<p>Nun wird aber jedes Kind schnell die Erfahrung machen, dass nur ein Bruchteil seiner W\u00fcnsche in Erf\u00fcllung geht. Manchmal wird sogar kein einziger erf\u00fcllt. Dann liegt etwas anderes auf dem Gabentisch: kleiner, unscheinbarer, erschwinglicher und vern\u00fcnftiger. Aber es hat den Vorteil, real zu sein. Man kann es anfassen, und es geh\u00f6rt wirklich einem selbst. Zudem zeigt es, dass sich die Eltern eigene Gedanken dar\u00fcber gemacht haben, was einem fehlt oder eine Freude macht. Schon fr\u00fch erlebt man also, dass W\u00fcnsche unerf\u00fcllt bleiben. Das muss aber nicht notwendig eine Entt\u00e4uschung sein. Denn manchmal stellt sich stattdessen etwas anderes ein: eine \u00dcberraschung, die eine Freude schenkt, die man sich nicht h\u00e4tte tr\u00e4umen lassen.<\/p>\n<p>So ist es auch mit Weihnachten. Man erwartet sich so viel davon \u2013 nicht nur als kleines Kind, sondern auch als Erwachsener. Weihnachten soll das Fest sein, an dem alle Tr\u00e4ume wahr werden. Aber Weihnachten ist keine Wunscherf\u00fcllungsmaschine. Es erf\u00fcllt W\u00fcnsche, indem es sie durchkreuzt und \u00fcbersteigt.<\/p>\n<p>Die Bibel hat nicht \u00fcberliefert, mit welchen W\u00fcnschen die Hirten aufgebrochen sind. Was genau hatten sie im Sinn, als sie sich auf den Weg zum Stall von Bethlehem machten? Eine gro\u00dfe Erwartung muss sie angetrieben haben. Von Engelsstimmen war ihnen die Erf\u00fcllung all ihrer Bed\u00fcrfnisse verhei\u00dfen worden: Friede auf Erden, Freundschaft zwischen allen Menschen, Vers\u00f6hnung mit Gott. So folgen sie dem hohen hellen Sehnsuchtsstern.<\/p>\n<p>Doch das Kind, das sie finden, entspricht ihren Wunschtr\u00e4umen keineswegs. Der hei\u00df und lang ersehnte Heilsbringer ist gar nicht so, wie sie ihn sich vorgestellt hatten: kein strahlender Held, kein m\u00e4chtiger Krieger, kein herrlicher K\u00f6nig. Es ist ein Kind armer Leute, ein obdachloser S\u00e4ugling \u2013 in Windeln gewickelt in einer Krippe liegend. Und dennoch geht von ihm ein Strahlen aus, das alle Finsternis durchbricht. In ihm ist Gott Mensch geworden. In ihm kommt Gottes Reich auf die Erde und macht die Menschen reich. Was mehr k\u00f6nnte man sich w\u00fcnschen? Die Hirten jedenfalls sind mit vollem Herzen von der Krippe aufgebrochen und haben die frohe Botschaft in die weite Welt getragen.<\/p>\n<p>Am Heiligabend kommen viele Kinder in unsere Kirchen, um diese Geschichte nachzuspielen. Sie laufen als Hirten nach Bethlehem und kommen in den Stall. Dort erwarten sie schon Maria und Joseph, gl\u00fccklich und m\u00fcde wie alle Eltern nach einer gesunden Geburt. Zwischen ihnen steht die Krippe, der Gabentisch Gottes. Die Hirten-Kinder knien ehrf\u00fcrchtig davor nieder, zugleich aber schauen sie neugierig hinein. Ebenso machen die zuschauenden Kinder ihre H\u00e4lse lang und l\u00e4nger oder kommen gleich nach vorn, um nachzusehen, was in der Krippe liegt. Sie scheinen etwas davon zu sp\u00fcren, dass hier der Schl\u00fcssel zu all ihren Weihnachtsw\u00fcnschen liegt: ein Abbild des Christuskindes, welches das Geheimnis der Welt und die \u00fcberraschende Erf\u00fcllung all unserer W\u00fcnsche ist.<\/p>\n<p>\u00dcbrigens, ein Wunsch ist mir damals erf\u00fcllt worden. Meine Eltern konnten mir zwar weder ein Rennauto, eine elektrische Ritterburg, noch einen Zirkusdirektor beschaffen. Aber auf meinem Gabentisch lagen rote Gummistiefel f\u00fcr meinen Teddy. Die konnte ich gut gebrauchen. Denn jetzt konnte ich auch bei schlechtem Wetter mit ihm rausgehen. Ich habe sie heute noch.<\/p>\n<p>Johann Hinrich Claussen, unter dem Titel \u201eWeihnachten\u201c erstmals erschienen im Hamburger Abendblatt, Ausgabe vom 23.11.2004<\/p>\n","protected":false},"excerpt":{"rendered":"<p>DIE KRIPPE Als ich f\u00fcnf Jahre alt war, diktierte ich meiner Mutter einen langen Wunschzettel. Ich w\u00fcnschte mir ein richtiges Rennauto der Formel 1, nat\u00fcrlich mit Sturzhelm, dazu ein Gokart sowie eine vollelektrische Ritterburg, die so gro\u00df sein sollte wie unser Haus, dann noch einen echten, lebendigen Zirkusdirektor und schlie\u00dflich ein Paar rote Gummistiefel f\u00fcr [&hellip;]<\/p>\n","protected":false},"author":1,"featured_media":0,"parent":440,"menu_order":0,"comment_status":"closed","ping_status":"closed","template":"","meta":{"ngg_post_thumbnail":0,"footnotes":""},"class_list":["post-452","page","type-page","status-publish","hentry"],"yoast_head":"<!-- This site is optimized with the Yoast SEO plugin v27.5 - https:\/\/yoast.com\/product\/yoast-seo-wordpress\/ -->\n<title>Die Krippe: Weihnachten soll das Fest sein, an dem alle Tr\u00e4ume wahr werden.<\/title>\n<meta name=\"description\" content=\"Kein strahlender Held, kein m\u00e4chtiger Krieger, kein herrlicher K\u00f6nig. Es ist ein Kind armer Leute, ein obdachloser S\u00e4ugling \u2013 in Windeln gewickelt in einer Krippe liegend.\" \/>\n<meta name=\"robots\" content=\"index, follow, max-snippet:-1, max-image-preview:large, max-video-preview:-1\" \/>\n<link rel=\"canonical\" href=\"https:\/\/www.rauhes.de\/cms\/die-krippe\/\" \/>\n<meta property=\"og:locale\" content=\"de_DE\" \/>\n<meta property=\"og:type\" content=\"article\" \/>\n<meta property=\"og:title\" content=\"Die Krippe: Weihnachten soll das Fest sein, an dem alle Tr\u00e4ume wahr werden.\" \/>\n<meta property=\"og:description\" content=\"Kein strahlender Held, kein m\u00e4chtiger Krieger, kein herrlicher K\u00f6nig. Es ist ein Kind armer Leute, ein obdachloser S\u00e4ugling \u2013 in Windeln gewickelt in einer Krippe liegend.\" \/>\n<meta property=\"og:url\" content=\"https:\/\/www.rauhes.de\/cms\/die-krippe\/\" \/>\n<meta property=\"og:site_name\" content=\"Infos zu feierlichen Anl\u00e4ssen wie Taufe, Konfirmation, Hochzeit &amp; Trauer\" \/>\n<meta property=\"article:modified_time\" content=\"2022-03-16T08:44:52+00:00\" \/>\n<meta name=\"twitter:card\" content=\"summary_large_image\" \/>\n<meta name=\"twitter:label1\" content=\"Gesch\u00e4tzte Lesezeit\" \/>\n\t<meta name=\"twitter:data1\" content=\"4\u00a0Minuten\" \/>\n<script type=\"application\/ld+json\" class=\"yoast-schema-graph\">{\"@context\":\"https:\\\/\\\/schema.org\",\"@graph\":[{\"@type\":\"WebPage\",\"@id\":\"https:\\\/\\\/www.rauhes.de\\\/cms\\\/die-krippe\\\/\",\"url\":\"https:\\\/\\\/www.rauhes.de\\\/cms\\\/die-krippe\\\/\",\"name\":\"Die Krippe: Weihnachten soll das Fest sein, an dem alle Tr\u00e4ume wahr werden.\",\"isPartOf\":{\"@id\":\"https:\\\/\\\/www.rauhes.de\\\/cms\\\/#website\"},\"datePublished\":\"2021-10-08T07:09:47+00:00\",\"dateModified\":\"2022-03-16T08:44:52+00:00\",\"description\":\"Kein strahlender Held, kein m\u00e4chtiger Krieger, kein herrlicher K\u00f6nig. Es ist ein Kind armer Leute, ein obdachloser S\u00e4ugling \u2013 in Windeln gewickelt in einer Krippe liegend.\",\"breadcrumb\":{\"@id\":\"https:\\\/\\\/www.rauhes.de\\\/cms\\\/die-krippe\\\/#breadcrumb\"},\"inLanguage\":\"de\",\"potentialAction\":[{\"@type\":\"ReadAction\",\"target\":[\"https:\\\/\\\/www.rauhes.de\\\/cms\\\/die-krippe\\\/\"]}]},{\"@type\":\"BreadcrumbList\",\"@id\":\"https:\\\/\\\/www.rauhes.de\\\/cms\\\/die-krippe\\\/#breadcrumb\",\"itemListElement\":[{\"@type\":\"ListItem\",\"position\":1,\"name\":\"Startseite\",\"item\":\"https:\\\/\\\/www.rauhes.de\\\/cms\\\/\"},{\"@type\":\"ListItem\",\"position\":2,\"name\":\"Jahreskreis\",\"item\":\"https:\\\/\\\/www.rauhes.de\\\/cms\\\/jahreskreis\\\/\"},{\"@type\":\"ListItem\",\"position\":3,\"name\":\"Weihnachten\",\"item\":\"https:\\\/\\\/www.rauhes.de\\\/cms\\\/weihnachten\\\/\"},{\"@type\":\"ListItem\",\"position\":4,\"name\":\"Die Krippe\"}]},{\"@type\":\"WebSite\",\"@id\":\"https:\\\/\\\/www.rauhes.de\\\/cms\\\/#website\",\"url\":\"https:\\\/\\\/www.rauhes.de\\\/cms\\\/\",\"name\":\"Infos zu feierlichen Anl\u00e4ssen wie Taufe, Konfirmation, Hochzeit &amp; Trauer\",\"description\":\"\",\"publisher\":{\"@id\":\"https:\\\/\\\/www.rauhes.de\\\/cms\\\/#organization\"},\"potentialAction\":[{\"@type\":\"SearchAction\",\"target\":{\"@type\":\"EntryPoint\",\"urlTemplate\":\"https:\\\/\\\/www.rauhes.de\\\/cms\\\/?s={search_term_string}\"},\"query-input\":{\"@type\":\"PropertyValueSpecification\",\"valueRequired\":true,\"valueName\":\"search_term_string\"}}],\"inLanguage\":\"de\"},{\"@type\":\"Organization\",\"@id\":\"https:\\\/\\\/www.rauhes.de\\\/cms\\\/#organization\",\"name\":\"rauhes.de\",\"url\":\"https:\\\/\\\/www.rauhes.de\\\/cms\\\/\",\"logo\":{\"@type\":\"ImageObject\",\"inLanguage\":\"de\",\"@id\":\"https:\\\/\\\/www.rauhes.de\\\/cms\\\/#\\\/schema\\\/logo\\\/image\\\/\",\"url\":\"https:\\\/\\\/www.rauhes.de\\\/cms\\\/wp-content\\\/uploads\\\/2021\\\/10\\\/2x_neu-2.png\",\"contentUrl\":\"https:\\\/\\\/www.rauhes.de\\\/cms\\\/wp-content\\\/uploads\\\/2021\\\/10\\\/2x_neu-2.png\",\"width\":300,\"height\":85,\"caption\":\"rauhes.de\"},\"image\":{\"@id\":\"https:\\\/\\\/www.rauhes.de\\\/cms\\\/#\\\/schema\\\/logo\\\/image\\\/\"}}]}<\/script>\n<!-- \/ Yoast SEO plugin. -->","yoast_head_json":{"title":"Die Krippe: Weihnachten soll das Fest sein, an dem alle Tr\u00e4ume wahr werden.","description":"Kein strahlender Held, kein m\u00e4chtiger Krieger, kein herrlicher K\u00f6nig. Es ist ein Kind armer Leute, ein obdachloser S\u00e4ugling \u2013 in Windeln gewickelt in einer Krippe liegend.","robots":{"index":"index","follow":"follow","max-snippet":"max-snippet:-1","max-image-preview":"max-image-preview:large","max-video-preview":"max-video-preview:-1"},"canonical":"https:\/\/www.rauhes.de\/cms\/die-krippe\/","og_locale":"de_DE","og_type":"article","og_title":"Die Krippe: Weihnachten soll das Fest sein, an dem alle Tr\u00e4ume wahr werden.","og_description":"Kein strahlender Held, kein m\u00e4chtiger Krieger, kein herrlicher K\u00f6nig. Es ist ein Kind armer Leute, ein obdachloser S\u00e4ugling \u2013 in Windeln gewickelt in einer Krippe liegend.","og_url":"https:\/\/www.rauhes.de\/cms\/die-krippe\/","og_site_name":"Infos zu feierlichen Anl\u00e4ssen wie Taufe, Konfirmation, Hochzeit &amp; Trauer","article_modified_time":"2022-03-16T08:44:52+00:00","twitter_card":"summary_large_image","twitter_misc":{"Gesch\u00e4tzte Lesezeit":"4\u00a0Minuten"},"schema":{"@context":"https:\/\/schema.org","@graph":[{"@type":"WebPage","@id":"https:\/\/www.rauhes.de\/cms\/die-krippe\/","url":"https:\/\/www.rauhes.de\/cms\/die-krippe\/","name":"Die Krippe: Weihnachten soll das Fest sein, an dem alle Tr\u00e4ume wahr werden.","isPartOf":{"@id":"https:\/\/www.rauhes.de\/cms\/#website"},"datePublished":"2021-10-08T07:09:47+00:00","dateModified":"2022-03-16T08:44:52+00:00","description":"Kein strahlender Held, kein m\u00e4chtiger Krieger, kein herrlicher K\u00f6nig. Es ist ein Kind armer Leute, ein obdachloser S\u00e4ugling \u2013 in Windeln gewickelt in einer Krippe liegend.","breadcrumb":{"@id":"https:\/\/www.rauhes.de\/cms\/die-krippe\/#breadcrumb"},"inLanguage":"de","potentialAction":[{"@type":"ReadAction","target":["https:\/\/www.rauhes.de\/cms\/die-krippe\/"]}]},{"@type":"BreadcrumbList","@id":"https:\/\/www.rauhes.de\/cms\/die-krippe\/#breadcrumb","itemListElement":[{"@type":"ListItem","position":1,"name":"Startseite","item":"https:\/\/www.rauhes.de\/cms\/"},{"@type":"ListItem","position":2,"name":"Jahreskreis","item":"https:\/\/www.rauhes.de\/cms\/jahreskreis\/"},{"@type":"ListItem","position":3,"name":"Weihnachten","item":"https:\/\/www.rauhes.de\/cms\/weihnachten\/"},{"@type":"ListItem","position":4,"name":"Die Krippe"}]},{"@type":"WebSite","@id":"https:\/\/www.rauhes.de\/cms\/#website","url":"https:\/\/www.rauhes.de\/cms\/","name":"Infos zu feierlichen Anl\u00e4ssen wie Taufe, Konfirmation, Hochzeit &amp; Trauer","description":"","publisher":{"@id":"https:\/\/www.rauhes.de\/cms\/#organization"},"potentialAction":[{"@type":"SearchAction","target":{"@type":"EntryPoint","urlTemplate":"https:\/\/www.rauhes.de\/cms\/?s={search_term_string}"},"query-input":{"@type":"PropertyValueSpecification","valueRequired":true,"valueName":"search_term_string"}}],"inLanguage":"de"},{"@type":"Organization","@id":"https:\/\/www.rauhes.de\/cms\/#organization","name":"rauhes.de","url":"https:\/\/www.rauhes.de\/cms\/","logo":{"@type":"ImageObject","inLanguage":"de","@id":"https:\/\/www.rauhes.de\/cms\/#\/schema\/logo\/image\/","url":"https:\/\/www.rauhes.de\/cms\/wp-content\/uploads\/2021\/10\/2x_neu-2.png","contentUrl":"https:\/\/www.rauhes.de\/cms\/wp-content\/uploads\/2021\/10\/2x_neu-2.png","width":300,"height":85,"caption":"rauhes.de"},"image":{"@id":"https:\/\/www.rauhes.de\/cms\/#\/schema\/logo\/image\/"}}]}},"_links":{"self":[{"href":"https:\/\/www.rauhes.de\/cms\/wp-json\/wp\/v2\/pages\/452","targetHints":{"allow":["GET"]}}],"collection":[{"href":"https:\/\/www.rauhes.de\/cms\/wp-json\/wp\/v2\/pages"}],"about":[{"href":"https:\/\/www.rauhes.de\/cms\/wp-json\/wp\/v2\/types\/page"}],"author":[{"embeddable":true,"href":"https:\/\/www.rauhes.de\/cms\/wp-json\/wp\/v2\/users\/1"}],"replies":[{"embeddable":true,"href":"https:\/\/www.rauhes.de\/cms\/wp-json\/wp\/v2\/comments?post=452"}],"version-history":[{"count":1,"href":"https:\/\/www.rauhes.de\/cms\/wp-json\/wp\/v2\/pages\/452\/revisions"}],"predecessor-version":[{"id":454,"href":"https:\/\/www.rauhes.de\/cms\/wp-json\/wp\/v2\/pages\/452\/revisions\/454"}],"up":[{"embeddable":true,"href":"https:\/\/www.rauhes.de\/cms\/wp-json\/wp\/v2\/pages\/440"}],"wp:attachment":[{"href":"https:\/\/www.rauhes.de\/cms\/wp-json\/wp\/v2\/media?parent=452"}],"curies":[{"name":"wp","href":"https:\/\/api.w.org\/{rel}","templated":true}]}}