{"id":448,"date":"2021-10-08T09:07:41","date_gmt":"2021-10-08T07:07:41","guid":{"rendered":"https:\/\/www.rauhes.de\/cms\/?page_id=448"},"modified":"2022-03-16T09:44:10","modified_gmt":"2022-03-16T08:44:10","slug":"bescherung","status":"publish","type":"page","link":"https:\/\/www.rauhes.de\/cms\/bescherung\/","title":{"rendered":"Bescherung"},"content":{"rendered":"<h1 class=\"blogpost_title\">BESCHERUNG<\/h1>\n<p><img decoding=\"async\" class=\"alignleft wp-image-322 size-medium lazy error\" src=\"https:\/\/www.rauhes.de\/cms\/wp-content\/uploads\/2021\/10\/Startseite_Stern_471x479-295x300.webp\" alt=\"\" width=\"295\" height=\"300\" data-src=\"https:\/\/www.rauhes.de\/cms\/wp-content\/uploads\/2021\/10\/Startseite_Stern_471x479-295x300.webp\" data-was-processed=\"true\" \/>Niemals w\u00fcrde ich mich unterstehen, unsere transatlantische Schutzmacht zu schm\u00e4hen. Zu tief sind mir die Grundprinzipien der deutsch-amerikanischen Freundschaft ins Herz geschrieben. Der amerikanische Freund will nur unser Bestes. Deshalb bin ich dankbar daf\u00fcr, dass er meine E-Mails liest und mein Handy abh\u00f6rt. Obwohl, so besonders interessant d\u00fcrfte das gar nicht sein. Jetzt ist aber bald Weihnachten. Da wollen wir lieber \u00fcber anderes sprechen. Etwa dar\u00fcber, wie erstaunlich es ist, dass viele amerikanische Weihnachtssitten bei uns heimisch geworden sind \u2013 nur die sinnvollste von ihnen leider nicht. Der Deutsche gehorcht ja gern der Obrigkeit. Also ist f\u00fcr ihn der Weihnachtsmann rot und transportiert auf seinem Rentierschlitten klebrige Weichgetr\u00e4nke. Also umwickelt er Haus und Hof \u2013 entgegen neuesten europ\u00e4ischen Leuchtmittelverordnungen \u2013 mit knallbunten Lichterketten. Also verschicken weltl\u00e4ufigere Mitb\u00fcrger \u201eJahreszeitengr\u00fc\u00dfe\u201c, um posts\u00e4kular-pluralit\u00e4tssenible Seelen nicht mit dem Wort \u201eWeihnachten\u201c zu verschrecken. Warum aber weigert sich der Deutsche so obstinat der einen US-Sitte die T\u00fcr zu \u00f6ffnen, die das Feiern des Festes wirklich erleichtern und dem Familienfrieden aufhelfen w\u00fcrde? Ich rede von der Bescherung. Wie angestrengt ist der 24. Dezember in Deutschland: Baum schm\u00fccken, Kinder herausputzen, in die Kirche hetzen, Pl\u00e4tze zu besetzen, schnell wieder raus, Baum anz\u00fcnden, Geschenke verteilen und empfangen, sich freuen, kochen, Tisch decken, essen und trinken, Verwandte anrufen, danach Gem\u00fctlich-Sein-M\u00fcssen. Das ist kein Heiliger, das ist ein eiliger Abend. Wie gut hat es da der Amerikaner, der die Distribution der Konsumg\u00fcter auf den Morgen des ersten Feiertages verlegt. Er kann in Ruhe eine Mahlzeit vorbereiten und verspeisen, entspannt in einen der sp\u00e4teren und weniger drangvollen Gottesdienst schlendern, ihn genie\u00dfen, ohne auf die Uhr zu schauen und bei alldem sich noch auf den n\u00e4chsten Morgen freuen. Er h\u00e4tte eine stille Nacht. Doch wie es scheint, sind nur Pastoren und Kirchenmusiker \u2013 sonst die Speerspitze des antikulturhegemonialen Widerstands \u2013 schlau genug, dem amerikanischen Vorbild zu folgen. Die allermeisten Deutschen werden diese weihnachtliche Mu\u00dfe nie erleben. Aber ich wollte es doch einmal gesagt haben.<\/p>\n<p>Johann Hinrich Claussen, Bescherung, erstmals erschienen im Hamburger Abendblatt, Ausgabe vom 03.12.2013<\/p>\n","protected":false},"excerpt":{"rendered":"<p>BESCHERUNG Niemals w\u00fcrde ich mich unterstehen, unsere transatlantische Schutzmacht zu schm\u00e4hen. Zu tief sind mir die Grundprinzipien der deutsch-amerikanischen Freundschaft ins Herz geschrieben. Der amerikanische Freund will nur unser Bestes. Deshalb bin ich dankbar daf\u00fcr, dass er meine E-Mails liest und mein Handy abh\u00f6rt. Obwohl, so besonders interessant d\u00fcrfte das gar nicht sein. Jetzt ist [&hellip;]<\/p>\n","protected":false},"author":1,"featured_media":0,"parent":440,"menu_order":0,"comment_status":"closed","ping_status":"closed","template":"","meta":{"ngg_post_thumbnail":0,"footnotes":""},"class_list":["post-448","page","type-page","status-publish","hentry"],"yoast_head":"<!-- This site is optimized with the Yoast SEO plugin v27.6 - https:\/\/yoast.com\/product\/yoast-seo-wordpress\/ -->\n<title>Bescherung - Baum schm\u00fccken, Kinder herausputzen, in die Kirche hetzen<\/title>\n<meta name=\"description\" content=\"Niemals w\u00fcrde ich mich unterstehen, unsere transatlantische Schutzmacht zu schm\u00e4hen. Zu tief sind mir die Grundprinzipien der deutsch-amerikanischen Freundschaft ins Herz geschrieben.\" \/>\n<meta name=\"robots\" content=\"index, follow, max-snippet:-1, max-image-preview:large, max-video-preview:-1\" \/>\n<link rel=\"canonical\" href=\"https:\/\/www.rauhes.de\/cms\/bescherung\/\" \/>\n<meta property=\"og:locale\" content=\"de_DE\" \/>\n<meta property=\"og:type\" content=\"article\" \/>\n<meta property=\"og:title\" content=\"Bescherung - Baum schm\u00fccken, Kinder herausputzen, in die Kirche hetzen\" \/>\n<meta property=\"og:description\" content=\"Niemals w\u00fcrde ich mich unterstehen, unsere transatlantische Schutzmacht zu schm\u00e4hen. Zu tief sind mir die Grundprinzipien der deutsch-amerikanischen Freundschaft ins Herz geschrieben.\" \/>\n<meta property=\"og:url\" content=\"https:\/\/www.rauhes.de\/cms\/bescherung\/\" \/>\n<meta property=\"og:site_name\" content=\"Infos zu feierlichen Anl\u00e4ssen wie Taufe, Konfirmation, Hochzeit &amp; Trauer\" \/>\n<meta property=\"article:modified_time\" content=\"2022-03-16T08:44:10+00:00\" \/>\n<meta property=\"og:image\" content=\"https:\/\/www.rauhes.de\/cms\/wp-content\/uploads\/2021\/10\/Startseite_Stern_471x479-295x300.webp\" \/>\n<meta name=\"twitter:card\" content=\"summary_large_image\" \/>\n<meta name=\"twitter:label1\" content=\"Gesch\u00e4tzte Lesezeit\" \/>\n\t<meta name=\"twitter:data1\" content=\"2\u00a0Minuten\" \/>\n<script type=\"application\/ld+json\" class=\"yoast-schema-graph\">{\"@context\":\"https:\\\/\\\/schema.org\",\"@graph\":[{\"@type\":\"WebPage\",\"@id\":\"https:\\\/\\\/www.rauhes.de\\\/cms\\\/bescherung\\\/\",\"url\":\"https:\\\/\\\/www.rauhes.de\\\/cms\\\/bescherung\\\/\",\"name\":\"Bescherung - Baum schm\u00fccken, Kinder herausputzen, in die Kirche hetzen\",\"isPartOf\":{\"@id\":\"https:\\\/\\\/www.rauhes.de\\\/cms\\\/#website\"},\"primaryImageOfPage\":{\"@id\":\"https:\\\/\\\/www.rauhes.de\\\/cms\\\/bescherung\\\/#primaryimage\"},\"image\":{\"@id\":\"https:\\\/\\\/www.rauhes.de\\\/cms\\\/bescherung\\\/#primaryimage\"},\"thumbnailUrl\":\"https:\\\/\\\/www.rauhes.de\\\/cms\\\/wp-content\\\/uploads\\\/2021\\\/10\\\/Startseite_Stern_471x479-295x300.webp\",\"datePublished\":\"2021-10-08T07:07:41+00:00\",\"dateModified\":\"2022-03-16T08:44:10+00:00\",\"description\":\"Niemals w\u00fcrde ich mich unterstehen, unsere transatlantische Schutzmacht zu schm\u00e4hen. Zu tief sind mir die Grundprinzipien der deutsch-amerikanischen Freundschaft ins Herz geschrieben.\",\"breadcrumb\":{\"@id\":\"https:\\\/\\\/www.rauhes.de\\\/cms\\\/bescherung\\\/#breadcrumb\"},\"inLanguage\":\"de\",\"potentialAction\":[{\"@type\":\"ReadAction\",\"target\":[\"https:\\\/\\\/www.rauhes.de\\\/cms\\\/bescherung\\\/\"]}]},{\"@type\":\"ImageObject\",\"inLanguage\":\"de\",\"@id\":\"https:\\\/\\\/www.rauhes.de\\\/cms\\\/bescherung\\\/#primaryimage\",\"url\":\"https:\\\/\\\/www.rauhes.de\\\/cms\\\/wp-content\\\/uploads\\\/2021\\\/10\\\/Startseite_Stern_471x479-295x300.webp\",\"contentUrl\":\"https:\\\/\\\/www.rauhes.de\\\/cms\\\/wp-content\\\/uploads\\\/2021\\\/10\\\/Startseite_Stern_471x479-295x300.webp\"},{\"@type\":\"BreadcrumbList\",\"@id\":\"https:\\\/\\\/www.rauhes.de\\\/cms\\\/bescherung\\\/#breadcrumb\",\"itemListElement\":[{\"@type\":\"ListItem\",\"position\":1,\"name\":\"Startseite\",\"item\":\"https:\\\/\\\/www.rauhes.de\\\/cms\\\/\"},{\"@type\":\"ListItem\",\"position\":2,\"name\":\"Jahreskreis\",\"item\":\"https:\\\/\\\/www.rauhes.de\\\/cms\\\/jahreskreis\\\/\"},{\"@type\":\"ListItem\",\"position\":3,\"name\":\"Weihnachten\",\"item\":\"https:\\\/\\\/www.rauhes.de\\\/cms\\\/weihnachten\\\/\"},{\"@type\":\"ListItem\",\"position\":4,\"name\":\"Bescherung\"}]},{\"@type\":\"WebSite\",\"@id\":\"https:\\\/\\\/www.rauhes.de\\\/cms\\\/#website\",\"url\":\"https:\\\/\\\/www.rauhes.de\\\/cms\\\/\",\"name\":\"Infos zu feierlichen Anl\u00e4ssen wie Taufe, Konfirmation, Hochzeit &amp; Trauer\",\"description\":\"\",\"publisher\":{\"@id\":\"https:\\\/\\\/www.rauhes.de\\\/cms\\\/#organization\"},\"potentialAction\":[{\"@type\":\"SearchAction\",\"target\":{\"@type\":\"EntryPoint\",\"urlTemplate\":\"https:\\\/\\\/www.rauhes.de\\\/cms\\\/?s={search_term_string}\"},\"query-input\":{\"@type\":\"PropertyValueSpecification\",\"valueRequired\":true,\"valueName\":\"search_term_string\"}}],\"inLanguage\":\"de\"},{\"@type\":\"Organization\",\"@id\":\"https:\\\/\\\/www.rauhes.de\\\/cms\\\/#organization\",\"name\":\"rauhes.de\",\"url\":\"https:\\\/\\\/www.rauhes.de\\\/cms\\\/\",\"logo\":{\"@type\":\"ImageObject\",\"inLanguage\":\"de\",\"@id\":\"https:\\\/\\\/www.rauhes.de\\\/cms\\\/#\\\/schema\\\/logo\\\/image\\\/\",\"url\":\"https:\\\/\\\/www.rauhes.de\\\/cms\\\/wp-content\\\/uploads\\\/2021\\\/10\\\/2x_neu-2.png\",\"contentUrl\":\"https:\\\/\\\/www.rauhes.de\\\/cms\\\/wp-content\\\/uploads\\\/2021\\\/10\\\/2x_neu-2.png\",\"width\":300,\"height\":85,\"caption\":\"rauhes.de\"},\"image\":{\"@id\":\"https:\\\/\\\/www.rauhes.de\\\/cms\\\/#\\\/schema\\\/logo\\\/image\\\/\"}}]}<\/script>\n<!-- \/ Yoast SEO plugin. -->","yoast_head_json":{"title":"Bescherung - Baum schm\u00fccken, Kinder herausputzen, in die Kirche hetzen","description":"Niemals w\u00fcrde ich mich unterstehen, unsere transatlantische Schutzmacht zu schm\u00e4hen. Zu tief sind mir die Grundprinzipien der deutsch-amerikanischen Freundschaft ins Herz geschrieben.","robots":{"index":"index","follow":"follow","max-snippet":"max-snippet:-1","max-image-preview":"max-image-preview:large","max-video-preview":"max-video-preview:-1"},"canonical":"https:\/\/www.rauhes.de\/cms\/bescherung\/","og_locale":"de_DE","og_type":"article","og_title":"Bescherung - Baum schm\u00fccken, Kinder herausputzen, in die Kirche hetzen","og_description":"Niemals w\u00fcrde ich mich unterstehen, unsere transatlantische Schutzmacht zu schm\u00e4hen. Zu tief sind mir die Grundprinzipien der deutsch-amerikanischen Freundschaft ins Herz geschrieben.","og_url":"https:\/\/www.rauhes.de\/cms\/bescherung\/","og_site_name":"Infos zu feierlichen Anl\u00e4ssen wie Taufe, Konfirmation, Hochzeit &amp; Trauer","article_modified_time":"2022-03-16T08:44:10+00:00","og_image":[{"url":"https:\/\/www.rauhes.de\/cms\/wp-content\/uploads\/2021\/10\/Startseite_Stern_471x479-295x300.webp","type":"","width":"","height":""}],"twitter_card":"summary_large_image","twitter_misc":{"Gesch\u00e4tzte Lesezeit":"2\u00a0Minuten"},"schema":{"@context":"https:\/\/schema.org","@graph":[{"@type":"WebPage","@id":"https:\/\/www.rauhes.de\/cms\/bescherung\/","url":"https:\/\/www.rauhes.de\/cms\/bescherung\/","name":"Bescherung - Baum schm\u00fccken, Kinder herausputzen, in die Kirche hetzen","isPartOf":{"@id":"https:\/\/www.rauhes.de\/cms\/#website"},"primaryImageOfPage":{"@id":"https:\/\/www.rauhes.de\/cms\/bescherung\/#primaryimage"},"image":{"@id":"https:\/\/www.rauhes.de\/cms\/bescherung\/#primaryimage"},"thumbnailUrl":"https:\/\/www.rauhes.de\/cms\/wp-content\/uploads\/2021\/10\/Startseite_Stern_471x479-295x300.webp","datePublished":"2021-10-08T07:07:41+00:00","dateModified":"2022-03-16T08:44:10+00:00","description":"Niemals w\u00fcrde ich mich unterstehen, unsere transatlantische Schutzmacht zu schm\u00e4hen. Zu tief sind mir die Grundprinzipien der deutsch-amerikanischen Freundschaft ins Herz geschrieben.","breadcrumb":{"@id":"https:\/\/www.rauhes.de\/cms\/bescherung\/#breadcrumb"},"inLanguage":"de","potentialAction":[{"@type":"ReadAction","target":["https:\/\/www.rauhes.de\/cms\/bescherung\/"]}]},{"@type":"ImageObject","inLanguage":"de","@id":"https:\/\/www.rauhes.de\/cms\/bescherung\/#primaryimage","url":"https:\/\/www.rauhes.de\/cms\/wp-content\/uploads\/2021\/10\/Startseite_Stern_471x479-295x300.webp","contentUrl":"https:\/\/www.rauhes.de\/cms\/wp-content\/uploads\/2021\/10\/Startseite_Stern_471x479-295x300.webp"},{"@type":"BreadcrumbList","@id":"https:\/\/www.rauhes.de\/cms\/bescherung\/#breadcrumb","itemListElement":[{"@type":"ListItem","position":1,"name":"Startseite","item":"https:\/\/www.rauhes.de\/cms\/"},{"@type":"ListItem","position":2,"name":"Jahreskreis","item":"https:\/\/www.rauhes.de\/cms\/jahreskreis\/"},{"@type":"ListItem","position":3,"name":"Weihnachten","item":"https:\/\/www.rauhes.de\/cms\/weihnachten\/"},{"@type":"ListItem","position":4,"name":"Bescherung"}]},{"@type":"WebSite","@id":"https:\/\/www.rauhes.de\/cms\/#website","url":"https:\/\/www.rauhes.de\/cms\/","name":"Infos zu feierlichen Anl\u00e4ssen wie Taufe, Konfirmation, Hochzeit &amp; Trauer","description":"","publisher":{"@id":"https:\/\/www.rauhes.de\/cms\/#organization"},"potentialAction":[{"@type":"SearchAction","target":{"@type":"EntryPoint","urlTemplate":"https:\/\/www.rauhes.de\/cms\/?s={search_term_string}"},"query-input":{"@type":"PropertyValueSpecification","valueRequired":true,"valueName":"search_term_string"}}],"inLanguage":"de"},{"@type":"Organization","@id":"https:\/\/www.rauhes.de\/cms\/#organization","name":"rauhes.de","url":"https:\/\/www.rauhes.de\/cms\/","logo":{"@type":"ImageObject","inLanguage":"de","@id":"https:\/\/www.rauhes.de\/cms\/#\/schema\/logo\/image\/","url":"https:\/\/www.rauhes.de\/cms\/wp-content\/uploads\/2021\/10\/2x_neu-2.png","contentUrl":"https:\/\/www.rauhes.de\/cms\/wp-content\/uploads\/2021\/10\/2x_neu-2.png","width":300,"height":85,"caption":"rauhes.de"},"image":{"@id":"https:\/\/www.rauhes.de\/cms\/#\/schema\/logo\/image\/"}}]}},"_links":{"self":[{"href":"https:\/\/www.rauhes.de\/cms\/wp-json\/wp\/v2\/pages\/448","targetHints":{"allow":["GET"]}}],"collection":[{"href":"https:\/\/www.rauhes.de\/cms\/wp-json\/wp\/v2\/pages"}],"about":[{"href":"https:\/\/www.rauhes.de\/cms\/wp-json\/wp\/v2\/types\/page"}],"author":[{"embeddable":true,"href":"https:\/\/www.rauhes.de\/cms\/wp-json\/wp\/v2\/users\/1"}],"replies":[{"embeddable":true,"href":"https:\/\/www.rauhes.de\/cms\/wp-json\/wp\/v2\/comments?post=448"}],"version-history":[{"count":2,"href":"https:\/\/www.rauhes.de\/cms\/wp-json\/wp\/v2\/pages\/448\/revisions"}],"predecessor-version":[{"id":451,"href":"https:\/\/www.rauhes.de\/cms\/wp-json\/wp\/v2\/pages\/448\/revisions\/451"}],"up":[{"embeddable":true,"href":"https:\/\/www.rauhes.de\/cms\/wp-json\/wp\/v2\/pages\/440"}],"wp:attachment":[{"href":"https:\/\/www.rauhes.de\/cms\/wp-json\/wp\/v2\/media?parent=448"}],"curies":[{"name":"wp","href":"https:\/\/api.w.org\/{rel}","templated":true}]}}