{"id":440,"date":"2021-10-08T08:51:51","date_gmt":"2021-10-08T06:51:51","guid":{"rendered":"https:\/\/www.rauhes.de\/cms\/?page_id=440"},"modified":"2025-09-02T08:09:03","modified_gmt":"2025-09-02T06:09:03","slug":"weihnachten","status":"publish","type":"page","link":"https:\/\/www.rauhes.de\/cms\/weihnachten\/","title":{"rendered":"Weihnachten"},"content":{"rendered":"\n<h1 class=\"wp-block-heading\">Weihnachten<\/h1>\n\n\n\n<p><em>Weihnachten ist das Fest der Geburt Jesu Christi und geh\u00f6rt somit zu den wichtigsten Feiertagen der christlichen Gesellschaft. Auf dieser Seite erfahren Sie mehr \u00fcber den Ursprung sowie die weihnachtlichen Traditionen.<\/em><\/p>\n\n\n\n<div style=\"height:10px\" aria-hidden=\"true\" class=\"wp-block-spacer\"><\/div>\n\n\n\n<h2 class=\"wp-block-heading\">Wissenswertes rund um die Weihnachtszeit<\/h2>\n\n\n\n<div class=\"wp-block-columns is-layout-flex wp-container-core-columns-is-layout-9d6595d7 wp-block-columns-is-layout-flex\">\n<div class=\"wp-block-column is-layout-flow wp-block-column-is-layout-flow\">\n<figure class=\"wp-block-image size-full\"><img decoding=\"async\" width=\"300\" height=\"200\" src=\"https:\/\/www.rauhes.de\/cms\/wp-content\/uploads\/2025\/09\/weihnachtsbaum.jpg\" alt=\"\" class=\"wp-image-150912\"\/><\/figure>\n\n\n\n<div class=\"tb-button\" data-toolset-blocks-button=\"fcd7f23c0a2609380898df4fd51069aa\"><a class=\"tb-button__link\" href=\"https:\/\/www.rauhes.de\/cms\/jahreskreis\/weihnachten\/christbaum\/\"><i class=\"tb-button__icon\"><\/i><span class=\"tb-button__content\">Weihnachtsbaum<\/span><\/a><\/div>\n<\/div>\n\n\n\n<div class=\"wp-block-column is-layout-flow wp-block-column-is-layout-flow\">\n<figure class=\"wp-block-image size-full\"><img decoding=\"async\" width=\"300\" height=\"200\" src=\"https:\/\/www.rauhes.de\/cms\/wp-content\/uploads\/2025\/09\/weihnachtskrippe.jpg\" alt=\"\" class=\"wp-image-150914\"\/><\/figure>\n\n\n\n<div class=\"tb-button\" data-toolset-blocks-button=\"42a841c6d1e4f13cff350ac23edfc905\"><a class=\"tb-button__link\" href=\"https:\/\/www.rauhes.de\/cms\/jahreskreis\/weihnachten\/krippe\/\"><i class=\"tb-button__icon\"><\/i><span class=\"tb-button__content\">Weihnachtskrippe<\/span><\/a><\/div>\n<\/div>\n\n\n\n<div class=\"wp-block-column is-layout-flow wp-block-column-is-layout-flow\">\n<figure class=\"wp-block-image size-full\"><img decoding=\"async\" width=\"300\" height=\"200\" src=\"https:\/\/www.rauhes.de\/cms\/wp-content\/uploads\/2025\/09\/weihnachtsgruesse.jpg\" alt=\"\" class=\"wp-image-150913\"\/><\/figure>\n\n\n\n<div class=\"tb-button\" data-toolset-blocks-button=\"76f397a0d9483bda642bacc6b7112573\"><a class=\"tb-button__link\" href=\"https:\/\/www.rauhes.de\/cms\/jahreskreis\/weihnachten\/weihnachtsgruesse\/\"><i class=\"tb-button__icon\"><\/i><span class=\"tb-button__content\">Weihnachtsgr\u00fc\u00dfe<\/span><\/a><\/div>\n<\/div>\n<\/div>\n\n\n\n<h2 class=\"wp-block-heading\">Weihnachten: Fragen und Antworten<\/h2>\n\n\n\n<h3 class=\"wp-block-heading\">Woher kommt Weihnachten?<\/h3>\n\n\n\n<p>Der Ursprung von Weihnachten liegt sozusagen in einer kleinen Krippe in Bethlehem: Jesus Christus. Von der Wortherkunft bedeutet Weihnachten so viel wie \u201egeweihte, heilige N\u00e4chte\u201c. Die Geschichte der Feier des Weihnachtsfestes beginnt also vor \u00fcber 2000 Jahren zur Geburt Jesu Christi. Das erste Weihnachtsfest ist historisch das erste Mal am 25. Dezember 336 nach Christus in Rom belegt. Im deutschen Sprachraum wird seit einer Erkl\u00e4rung der Mainzer Synode im Jahr 813 das Christfest \u2013 wie Weihnachten noch genannt wird \u2013 gefeiert. Damals fanden die Feierlichkeiten jedoch ausschlie\u00dflich in der Kirche statt, w\u00e4hrend wir heute einen Gro\u00dfteil der Weihnachtsfeiertage mit unseren Familien im eigenen Heim verbringen.<\/p>\n\n\n\n<h3 class=\"wp-block-heading\">Warum feiern wir Weihnachten am 24. Dezember?<\/h3>\n\n\n\n<div class=\"wp-block-columns is-layout-flex wp-container-core-columns-is-layout-9d6595d7 wp-block-columns-is-layout-flex\">\n<div class=\"wp-block-column is-layout-flow wp-block-column-is-layout-flow\">\n<figure class=\"wp-block-image size-full\"><img decoding=\"async\" width=\"550\" height=\"700\" src=\"https:\/\/www.rauhes.de\/cms\/wp-content\/uploads\/2022\/10\/geburtskirche-bethlehem.jpg\" alt=\"Geburtskirche Jesu in Bethlehem\" class=\"wp-image-25096\" srcset=\"https:\/\/www.rauhes.de\/cms\/wp-content\/uploads\/2022\/10\/geburtskirche-bethlehem.jpg 550w, https:\/\/www.rauhes.de\/cms\/wp-content\/uploads\/2022\/10\/geburtskirche-bethlehem-236x300.jpg 236w\" sizes=\"(max-width: 550px) 100vw, 550px\" \/><figcaption class=\"wp-element-caption\">\u00a9 thauwald-pictures\/Fotolia.com<\/figcaption><\/figure>\n<\/div>\n\n\n\n<div class=\"wp-block-column is-layout-flow wp-block-column-is-layout-flow\">\n<p>Der eigentliche Festtag zur Geburt von Jesus Christus ist der 25. Dezember, jedoch beginnen die Feierlichkeiten bereits am Vorabend, dem Heiligabend. Der Grund hierf\u00fcr ist, dass nach dem antiken Kalender der Tag bereits mit dem Sonnenuntergang endete. Der Abend des 24. Dezember geh\u00f6rte also damals bereits zum ersten Weihnachtstag.<\/p>\n\n\n\n<p>Ob Jesus tats\u00e4chlich am 25. Dezember geboren wurde, wei\u00df man nicht, denn in der Bibel gibt es dazu keine Angaben. Die Kirche legte den Tag erst nachtr\u00e4glich fest. Es gibt jedoch verschiedene Anhaltspunkte daf\u00fcr, dass die Geburt Jesu tats\u00e4chlich am 25. Dezember stattgefunden haben k\u00f6nnte.<\/p>\n\n\n\n<p>Geht man zum Beispiel nach der Weihnachtsgeschichte des Matth\u00e4us, so war nie ein Stern so lange am Himmel zu sehen, wie in der l\u00e4ngsten Nacht des Jahres. Auch die Weihnachtsgeschichte von Lukas deutet darauf hin, dass Jesus am Tag der Wintersonnenwende geboren sein kann. Diese l\u00e4ngste Nacht des Jahres fiel vor der Kalenderreform von Papst Gregor XIII gegen Ende des 16. Jahrhunderts auf den Tag, an dem wir heute die Geburt Jesu Christi feiern: den 25. Dezember. <\/p>\n\n\n\n<p>Ein anderer Ansatz ist, dass das Geburtsdatum mit Hilfe der Verk\u00fcndung des Herrn im Lukasevangelium ermittelt wurde. Die Ank\u00fcndigung des Engels Gabriel wird als Moment der Empf\u00e4ngnis verstanden.<\/p>\n\n\n\n<p>Auch der 26. Dezember ist ein gesetzlicher Feiertag und wird als zweiter Weihnachtsfeiertag bezeichnet. An diesem Tag steht nicht mehr die Geburt Jesu im Vordergrund, sondern die Menschwerdung Gottes.<\/p>\n<\/div>\n<\/div>\n\n\n\n<h3 class=\"wp-block-heading\">Wie lange geht die Weihnachtszeit?<\/h3>\n\n\n\n<p>Die Weihnachtszeit beginnt am Heiligabend mit der ersten Vesper, nachdem die <a href=\"https:\/\/www.rauhes.de\/cms\/advent\/\">Adventszeit<\/a> beendet ist und endet am am 6.1. zum Dreik\u00f6nigstag (Epiphanias). Die zw\u00f6lf N\u00e4chte nach Heiligabend werden dabei \u201eRauhn\u00e4chte\u201c genannt. Einem Aberglauben zufolge sollen im \u00dcbergang vom alten zum neuen Jahr D\u00e4monen aktiv sein, deshalb sollten die Menschen wenn es dunkel war, zu Hause bleiben. Woher das Wort \u201eRauhn\u00e4chte\u201c genau stammt, ist nicht abschlie\u00dfend gekl\u00e4rt. Es kommt entweder von den \u201erauhen\u201c Gestalten, die nachts angeblich ihr Unwesen trieben, oder es h\u00e4ngt mit dem Brauch des R\u00e4ucherns zusammen. Denn in dieser Zeit wurde mit Weihrauch und Gebeten das jeweilige Haus gesegnet. Dann w\u00e4re das urspr\u00fcngliche Wort \u201eRauchn\u00e4chte\u201c gewesen.<\/p>\n\n\n\n<h3 class=\"wp-block-heading\">Welche Bedeutung hat das Weihnachtsfest?<a name=\"Wie-feiert-man-Weihnachten?\"><\/a><\/h3>\n\n\n\n<p>Die Bedeutung von Heiligabend liegt darin, dass sich Christen am Vorabend von Weihnachten versammeln, um die Geburt von Jesus Christus zu feiern. Jesus Christus bezeichnet sich selbst als das \u201eLicht der Welt\u201c (Johannes 8,12), deshalb hat auch <a href=\"https:\/\/www.rauhes.de\/cms\/licht-in-der-adventszeit\/\">Licht in der Adventszeit<\/a> und an Weihnachten eine gro\u00dfe Bedeutung. \u00c4hnlich wie das j\u00fcdische Chanukkafest, das Lichterfest, das Ende November und Anfang Dezember gefeiert wird, hat auch das Weihnachtsfest die Bedeutung der Feier des Lichts. <\/p>\n\n\n\n<p>Gleichzeitig hat Weihnachten im Christentum auch die Bedeutung des Festes der Liebe, denn Gott wurde aus Liebe zu uns Mensch, um sich uns mitzuteilen, sich \u00fcber uns zu erbarmen und um uns retten, sodass uns die T\u00fcr zum ewigen Leben wieder offen steht. F\u00fcr viele Menschen sind neben der christlichen Bedeutung auch die gemeinsame Zeit mit der Familie sowie die Durchf\u00fchrung von traditionellen, weihnachtlichen Br\u00e4uchen wichtig.<\/p>\n\n\n\n<div style=\"height:15px\" aria-hidden=\"true\" class=\"wp-block-spacer\"><\/div>\n\n\n\n<p><em>Wir w\u00fcnschen Ihnen und Ihrer Familie eine besinnliche Adventszeit und gesegnete Weihnachten. Sollten Sie noch Fragen zu unseren Weihnachtsprodukten haben, kontaktieren Sie uns!<\/em><\/p>\n","protected":false},"excerpt":{"rendered":"<p>Weihnachten Weihnachten ist das Fest der Geburt Jesu Christi und geh\u00f6rt somit zu den wichtigsten Feiertagen der christlichen Gesellschaft. Auf dieser Seite erfahren Sie mehr \u00fcber den Ursprung sowie die weihnachtlichen Traditionen. Wissenswertes rund um die Weihnachtszeit Weihnachten: Fragen und Antworten Woher kommt Weihnachten? Der Ursprung von Weihnachten liegt sozusagen in einer kleinen Krippe in [&hellip;]<\/p>\n","protected":false},"author":1,"featured_media":0,"parent":23889,"menu_order":0,"comment_status":"closed","ping_status":"closed","template":"","meta":{"ngg_post_thumbnail":0,"footnotes":""},"class_list":["post-440","page","type-page","status-publish","hentry"],"yoast_head":"<!-- This site is optimized with the Yoast SEO plugin v27.5 - https:\/\/yoast.com\/product\/yoast-seo-wordpress\/ -->\n<title>Weihnachten: Ursprung, Br\u00e4uche und Bedeutung \u2013 rauhes.de<\/title>\n<meta name=\"description\" content=\"Warum feiern wir Weihnachten? Welche Bedeutung hat der Weihnachtsfestkreis? Erfahren Sie hier Wissenswertes rund um die Weihnachtszeit!\" \/>\n<meta name=\"robots\" content=\"index, follow, max-snippet:-1, max-image-preview:large, max-video-preview:-1\" \/>\n<link rel=\"canonical\" href=\"https:\/\/www.rauhes.de\/cms\/weihnachten\/\" \/>\n<meta property=\"og:locale\" content=\"de_DE\" \/>\n<meta property=\"og:type\" content=\"article\" \/>\n<meta property=\"og:title\" content=\"Weihnachten: Ursprung, Br\u00e4uche und Bedeutung \u2013 rauhes.de\" \/>\n<meta property=\"og:description\" content=\"Warum feiern wir Weihnachten? Welche Bedeutung hat der Weihnachtsfestkreis? Erfahren Sie hier Wissenswertes rund um die Weihnachtszeit!\" \/>\n<meta property=\"og:url\" content=\"https:\/\/www.rauhes.de\/cms\/weihnachten\/\" \/>\n<meta property=\"og:site_name\" content=\"Infos zu feierlichen Anl\u00e4ssen wie Taufe, Konfirmation, Hochzeit &amp; Trauer\" \/>\n<meta property=\"article:modified_time\" content=\"2025-09-02T06:09:03+00:00\" \/>\n<meta property=\"og:image\" content=\"https:\/\/www.rauhes.de\/cms\/wp-content\/uploads\/2025\/09\/weihnachtsbaum.jpg\" \/>\n\t<meta property=\"og:image:width\" content=\"300\" \/>\n\t<meta property=\"og:image:height\" content=\"200\" \/>\n\t<meta property=\"og:image:type\" content=\"image\/jpeg\" \/>\n<meta name=\"twitter:card\" content=\"summary_large_image\" \/>\n<meta name=\"twitter:label1\" content=\"Gesch\u00e4tzte Lesezeit\" \/>\n\t<meta name=\"twitter:data1\" content=\"3\u00a0Minuten\" \/>\n<script type=\"application\/ld+json\" class=\"yoast-schema-graph\">{\"@context\":\"https:\\\/\\\/schema.org\",\"@graph\":[{\"@type\":\"WebPage\",\"@id\":\"https:\\\/\\\/www.rauhes.de\\\/cms\\\/weihnachten\\\/\",\"url\":\"https:\\\/\\\/www.rauhes.de\\\/cms\\\/weihnachten\\\/\",\"name\":\"Weihnachten: Ursprung, Br\u00e4uche und Bedeutung \u2013 rauhes.de\",\"isPartOf\":{\"@id\":\"https:\\\/\\\/www.rauhes.de\\\/cms\\\/#website\"},\"primaryImageOfPage\":{\"@id\":\"https:\\\/\\\/www.rauhes.de\\\/cms\\\/weihnachten\\\/#primaryimage\"},\"image\":{\"@id\":\"https:\\\/\\\/www.rauhes.de\\\/cms\\\/weihnachten\\\/#primaryimage\"},\"thumbnailUrl\":\"https:\\\/\\\/www.rauhes.de\\\/cms\\\/wp-content\\\/uploads\\\/2025\\\/09\\\/weihnachtsbaum.jpg\",\"datePublished\":\"2021-10-08T06:51:51+00:00\",\"dateModified\":\"2025-09-02T06:09:03+00:00\",\"description\":\"Warum feiern wir Weihnachten? Welche Bedeutung hat der Weihnachtsfestkreis? Erfahren Sie hier Wissenswertes rund um die Weihnachtszeit!\",\"breadcrumb\":{\"@id\":\"https:\\\/\\\/www.rauhes.de\\\/cms\\\/weihnachten\\\/#breadcrumb\"},\"inLanguage\":\"de\",\"potentialAction\":[{\"@type\":\"ReadAction\",\"target\":[\"https:\\\/\\\/www.rauhes.de\\\/cms\\\/weihnachten\\\/\"]}]},{\"@type\":\"ImageObject\",\"inLanguage\":\"de\",\"@id\":\"https:\\\/\\\/www.rauhes.de\\\/cms\\\/weihnachten\\\/#primaryimage\",\"url\":\"https:\\\/\\\/www.rauhes.de\\\/cms\\\/wp-content\\\/uploads\\\/2025\\\/09\\\/weihnachtsbaum.jpg\",\"contentUrl\":\"https:\\\/\\\/www.rauhes.de\\\/cms\\\/wp-content\\\/uploads\\\/2025\\\/09\\\/weihnachtsbaum.jpg\",\"width\":300,\"height\":200},{\"@type\":\"BreadcrumbList\",\"@id\":\"https:\\\/\\\/www.rauhes.de\\\/cms\\\/weihnachten\\\/#breadcrumb\",\"itemListElement\":[{\"@type\":\"ListItem\",\"position\":1,\"name\":\"Startseite\",\"item\":\"https:\\\/\\\/www.rauhes.de\\\/cms\\\/\"},{\"@type\":\"ListItem\",\"position\":2,\"name\":\"Jahreskreis\",\"item\":\"https:\\\/\\\/www.rauhes.de\\\/cms\\\/jahreskreis\\\/\"},{\"@type\":\"ListItem\",\"position\":3,\"name\":\"Weihnachten\"}]},{\"@type\":\"WebSite\",\"@id\":\"https:\\\/\\\/www.rauhes.de\\\/cms\\\/#website\",\"url\":\"https:\\\/\\\/www.rauhes.de\\\/cms\\\/\",\"name\":\"Infos zu feierlichen Anl\u00e4ssen wie Taufe, Konfirmation, Hochzeit &amp; Trauer\",\"description\":\"\",\"publisher\":{\"@id\":\"https:\\\/\\\/www.rauhes.de\\\/cms\\\/#organization\"},\"potentialAction\":[{\"@type\":\"SearchAction\",\"target\":{\"@type\":\"EntryPoint\",\"urlTemplate\":\"https:\\\/\\\/www.rauhes.de\\\/cms\\\/?s={search_term_string}\"},\"query-input\":{\"@type\":\"PropertyValueSpecification\",\"valueRequired\":true,\"valueName\":\"search_term_string\"}}],\"inLanguage\":\"de\"},{\"@type\":\"Organization\",\"@id\":\"https:\\\/\\\/www.rauhes.de\\\/cms\\\/#organization\",\"name\":\"rauhes.de\",\"url\":\"https:\\\/\\\/www.rauhes.de\\\/cms\\\/\",\"logo\":{\"@type\":\"ImageObject\",\"inLanguage\":\"de\",\"@id\":\"https:\\\/\\\/www.rauhes.de\\\/cms\\\/#\\\/schema\\\/logo\\\/image\\\/\",\"url\":\"https:\\\/\\\/www.rauhes.de\\\/cms\\\/wp-content\\\/uploads\\\/2021\\\/10\\\/2x_neu-2.png\",\"contentUrl\":\"https:\\\/\\\/www.rauhes.de\\\/cms\\\/wp-content\\\/uploads\\\/2021\\\/10\\\/2x_neu-2.png\",\"width\":300,\"height\":85,\"caption\":\"rauhes.de\"},\"image\":{\"@id\":\"https:\\\/\\\/www.rauhes.de\\\/cms\\\/#\\\/schema\\\/logo\\\/image\\\/\"}}]}<\/script>\n<!-- \/ Yoast SEO plugin. -->","yoast_head_json":{"title":"Weihnachten: Ursprung, Br\u00e4uche und Bedeutung \u2013 rauhes.de","description":"Warum feiern wir Weihnachten? Welche Bedeutung hat der Weihnachtsfestkreis? Erfahren Sie hier Wissenswertes rund um die Weihnachtszeit!","robots":{"index":"index","follow":"follow","max-snippet":"max-snippet:-1","max-image-preview":"max-image-preview:large","max-video-preview":"max-video-preview:-1"},"canonical":"https:\/\/www.rauhes.de\/cms\/weihnachten\/","og_locale":"de_DE","og_type":"article","og_title":"Weihnachten: Ursprung, Br\u00e4uche und Bedeutung \u2013 rauhes.de","og_description":"Warum feiern wir Weihnachten? Welche Bedeutung hat der Weihnachtsfestkreis? Erfahren Sie hier Wissenswertes rund um die Weihnachtszeit!","og_url":"https:\/\/www.rauhes.de\/cms\/weihnachten\/","og_site_name":"Infos zu feierlichen Anl\u00e4ssen wie Taufe, Konfirmation, Hochzeit &amp; Trauer","article_modified_time":"2025-09-02T06:09:03+00:00","og_image":[{"width":300,"height":200,"url":"https:\/\/www.rauhes.de\/cms\/wp-content\/uploads\/2025\/09\/weihnachtsbaum.jpg","type":"image\/jpeg"}],"twitter_card":"summary_large_image","twitter_misc":{"Gesch\u00e4tzte Lesezeit":"3\u00a0Minuten"},"schema":{"@context":"https:\/\/schema.org","@graph":[{"@type":"WebPage","@id":"https:\/\/www.rauhes.de\/cms\/weihnachten\/","url":"https:\/\/www.rauhes.de\/cms\/weihnachten\/","name":"Weihnachten: Ursprung, Br\u00e4uche und Bedeutung \u2013 rauhes.de","isPartOf":{"@id":"https:\/\/www.rauhes.de\/cms\/#website"},"primaryImageOfPage":{"@id":"https:\/\/www.rauhes.de\/cms\/weihnachten\/#primaryimage"},"image":{"@id":"https:\/\/www.rauhes.de\/cms\/weihnachten\/#primaryimage"},"thumbnailUrl":"https:\/\/www.rauhes.de\/cms\/wp-content\/uploads\/2025\/09\/weihnachtsbaum.jpg","datePublished":"2021-10-08T06:51:51+00:00","dateModified":"2025-09-02T06:09:03+00:00","description":"Warum feiern wir Weihnachten? Welche Bedeutung hat der Weihnachtsfestkreis? Erfahren Sie hier Wissenswertes rund um die Weihnachtszeit!","breadcrumb":{"@id":"https:\/\/www.rauhes.de\/cms\/weihnachten\/#breadcrumb"},"inLanguage":"de","potentialAction":[{"@type":"ReadAction","target":["https:\/\/www.rauhes.de\/cms\/weihnachten\/"]}]},{"@type":"ImageObject","inLanguage":"de","@id":"https:\/\/www.rauhes.de\/cms\/weihnachten\/#primaryimage","url":"https:\/\/www.rauhes.de\/cms\/wp-content\/uploads\/2025\/09\/weihnachtsbaum.jpg","contentUrl":"https:\/\/www.rauhes.de\/cms\/wp-content\/uploads\/2025\/09\/weihnachtsbaum.jpg","width":300,"height":200},{"@type":"BreadcrumbList","@id":"https:\/\/www.rauhes.de\/cms\/weihnachten\/#breadcrumb","itemListElement":[{"@type":"ListItem","position":1,"name":"Startseite","item":"https:\/\/www.rauhes.de\/cms\/"},{"@type":"ListItem","position":2,"name":"Jahreskreis","item":"https:\/\/www.rauhes.de\/cms\/jahreskreis\/"},{"@type":"ListItem","position":3,"name":"Weihnachten"}]},{"@type":"WebSite","@id":"https:\/\/www.rauhes.de\/cms\/#website","url":"https:\/\/www.rauhes.de\/cms\/","name":"Infos zu feierlichen Anl\u00e4ssen wie Taufe, Konfirmation, Hochzeit &amp; Trauer","description":"","publisher":{"@id":"https:\/\/www.rauhes.de\/cms\/#organization"},"potentialAction":[{"@type":"SearchAction","target":{"@type":"EntryPoint","urlTemplate":"https:\/\/www.rauhes.de\/cms\/?s={search_term_string}"},"query-input":{"@type":"PropertyValueSpecification","valueRequired":true,"valueName":"search_term_string"}}],"inLanguage":"de"},{"@type":"Organization","@id":"https:\/\/www.rauhes.de\/cms\/#organization","name":"rauhes.de","url":"https:\/\/www.rauhes.de\/cms\/","logo":{"@type":"ImageObject","inLanguage":"de","@id":"https:\/\/www.rauhes.de\/cms\/#\/schema\/logo\/image\/","url":"https:\/\/www.rauhes.de\/cms\/wp-content\/uploads\/2021\/10\/2x_neu-2.png","contentUrl":"https:\/\/www.rauhes.de\/cms\/wp-content\/uploads\/2021\/10\/2x_neu-2.png","width":300,"height":85,"caption":"rauhes.de"},"image":{"@id":"https:\/\/www.rauhes.de\/cms\/#\/schema\/logo\/image\/"}}]}},"_links":{"self":[{"href":"https:\/\/www.rauhes.de\/cms\/wp-json\/wp\/v2\/pages\/440","targetHints":{"allow":["GET"]}}],"collection":[{"href":"https:\/\/www.rauhes.de\/cms\/wp-json\/wp\/v2\/pages"}],"about":[{"href":"https:\/\/www.rauhes.de\/cms\/wp-json\/wp\/v2\/types\/page"}],"author":[{"embeddable":true,"href":"https:\/\/www.rauhes.de\/cms\/wp-json\/wp\/v2\/users\/1"}],"replies":[{"embeddable":true,"href":"https:\/\/www.rauhes.de\/cms\/wp-json\/wp\/v2\/comments?post=440"}],"version-history":[{"count":5,"href":"https:\/\/www.rauhes.de\/cms\/wp-json\/wp\/v2\/pages\/440\/revisions"}],"predecessor-version":[{"id":150915,"href":"https:\/\/www.rauhes.de\/cms\/wp-json\/wp\/v2\/pages\/440\/revisions\/150915"}],"up":[{"embeddable":true,"href":"https:\/\/www.rauhes.de\/cms\/wp-json\/wp\/v2\/pages\/23889"}],"wp:attachment":[{"href":"https:\/\/www.rauhes.de\/cms\/wp-json\/wp\/v2\/media?parent=440"}],"curies":[{"name":"wp","href":"https:\/\/api.w.org\/{rel}","templated":true}]}}