{"id":381,"date":"2021-10-07T15:30:51","date_gmt":"2021-10-07T13:30:51","guid":{"rendered":"https:\/\/www.rauhes.de\/cms\/?page_id=381"},"modified":"2023-11-27T11:47:03","modified_gmt":"2023-11-27T10:47:03","slug":"impressum","status":"publish","type":"page","link":"https:\/\/www.rauhes.de\/cms\/impressum\/","title":{"rendered":"Impressum"},"content":{"rendered":"<h1>Impressum<\/h1>\n<p><strong>www.rauhes.de ist ein Angebot der Reise- und Versandbuchhandlung des Rauhen Hauses Hamburg GmbH<\/strong><\/p>\n<p>Beim Br\u00fcderhof 8<br \/>\n22844 Norderstedt<br \/>\nDeutschland<\/p>\n<p>Telefon: +49 (0)40 53 53 37 0<br \/>\nFax: +49 (0)40 53 53 37 21<br \/>\nMail: <img decoding=\"async\" class=\"ohne_rahmen\" style=\"max-width: 100%; padding-top: 0px; display: inline-block; vertical-align: text-top;\" src=\"https:\/\/www.rauhes.de\/media\/wysiwyg\/liam_kundenservice.gif\" alt=\"\" \/><\/p>\n<p>Unternehmensgegenstand: Verkauf von christlichen B\u00fcchern &amp; Geschenken<br \/>\nGesch\u00e4ftsf\u00fchrer: Dr. Martin Sterr<br \/>\nHandelsregister: Amtsgericht Kiel, HRB 2126 NO<br \/>\nUmsatzsteuer-Identifikationsnummer(n): DE 8 11 53 10 08<\/p>\n<p>Evangelische Bank eG<br \/>\nKonto Nr. 6407730 BLZ 520 604 10<br \/>\nBIC-Code: GENODEF1EK1 IBAN: DE43520604100006407730<\/p>\n<p>Verantwortlich gem\u00e4\u00df \u00a7 18 MStV:<br \/>\nDr. Martin Sterr<br \/>\nBeim Br\u00fcderhof 8<br \/>\n22844 Norderstedt<\/p>\n<p>Die Europ\u00e4ische Kommission stellt eine Plattform zur Online-Streitbeilegung (OS) bereit, die Sie hier finden <a href=\"https:\/\/ec.europa.eu\/consumers\/odr\/\" target=\"_blank\" rel=\"noopener\">https:\/\/ec.europa.eu\/consumers\/odr\/<\/a>. Wir sind bereit, an einem au\u00dfergerichtlichen Schlichtungsverfahren vor einer Verbraucherschlichtungsstelle teilzunehmen.<\/p>\n<p><strong>Urheber und Bildquellen:\u00a0<\/strong><br \/>\nHinweise zu Urheberrechten bzgl. der von uns verwendeten Bilder auf dieser Webseite:<br \/>\nAdobeStock_299980473 \u00a9 Andrei Korzhyts &#8211; stock.adobe.com<br \/>\nAdobeStock_285401217 \u00a9 snorkulencija &#8211; stock.adobe.com<br \/>\niStock.com \/ iStock-518738670 \u00a9 LeoPatrizi<br \/>\niStock.com \/ iStock-1198744881 \u00a9 patty_c<br \/>\nDepositphotos.com \/ Depositphotos_62950515_xl-2015 \u00a9 \u00a0belchonock<br \/>\nDepositphotos.com \/ Depositphotos_230372434_xl-2015 \u00a9 \u00a0photographee.eu<br \/>\n1_Osterrad L\u00fcgde, \u00a9 Ekaterina Benthin\/Pixelio.de<br \/>\n2_Adobe Steine, \u00a9 ChristArt\/stock.adobe.com<br \/>\n3_iStock_Glasfenster Lamm, \u00a9 iStockphoto.com\/ JTGrafix<br \/>\n4_Shutterstock Taube, \u00a9 Arthimedes\/Shutterstock.com<br \/>\n5_Osterbrunnen, 1_Osterbrunnen, \u00a9 fotografci\/stock.adobe.com<br \/>\n2_Steine, \u00a9 ChristArt\/stock.adobe.com<br \/>\n3_Osterlamm, \u00a9 tunedin\/stock.adobe.com<br \/>\n4_Osterkerze, \u00a9 Godong Photo\/stock.adobe.com<br \/>\n5_Frohe Ostern, \u00a9 printemps\/stock.adobe.com<br \/>\n6_Osternest, \u00a9 doris oberfrank-list\/stock.adobe.com<br \/>\n7_Spaziergang_Mandelbl\u00fcte, \u00a9 Conny Pokorny\/stock.adobe.com<\/p>\n","protected":false},"excerpt":{"rendered":"<p>Impressum www.rauhes.de ist ein Angebot der Reise- und Versandbuchhandlung des Rauhen Hauses Hamburg GmbH Beim Br\u00fcderhof 8 22844 Norderstedt Deutschland Telefon: +49 (0)40 53 53 37 0 Fax: +49 (0)40 53 53 37 21 Mail: Unternehmensgegenstand: Verkauf von christlichen B\u00fcchern &amp; Geschenken Gesch\u00e4ftsf\u00fchrer: Dr. Martin Sterr Handelsregister: Amtsgericht Kiel, HRB 2126 NO Umsatzsteuer-Identifikationsnummer(n): DE 8 [&hellip;]<\/p>\n","protected":false},"author":1,"featured_media":0,"parent":0,"menu_order":0,"comment_status":"closed","ping_status":"closed","template":"","meta":{"ngg_post_thumbnail":0,"footnotes":""},"class_list":["post-381","page","type-page","status-publish","hentry"],"yoast_head":"<!-- This site is optimized with the Yoast SEO plugin v27.5 - https:\/\/yoast.com\/product\/yoast-seo-wordpress\/ -->\n<title>Hier finden Sie unser Impressum<\/title>\n<meta name=\"robots\" content=\"index, follow, max-snippet:-1, max-image-preview:large, max-video-preview:-1\" \/>\n<link rel=\"canonical\" href=\"https:\/\/www.rauhes.de\/cms\/impressum\/\" \/>\n<meta property=\"og:locale\" content=\"de_DE\" \/>\n<meta property=\"og:type\" content=\"article\" \/>\n<meta property=\"og:title\" content=\"Hier finden Sie unser Impressum\" \/>\n<meta property=\"og:description\" content=\"Impressum www.rauhes.de ist ein Angebot der Reise- und Versandbuchhandlung des Rauhen Hauses Hamburg GmbH Beim Br\u00fcderhof 8 22844 Norderstedt Deutschland Telefon: +49 (0)40 53 53 37 0 Fax: +49 (0)40 53 53 37 21 Mail: Unternehmensgegenstand: Verkauf von christlichen B\u00fcchern &amp; Geschenken Gesch\u00e4ftsf\u00fchrer: Dr. Martin Sterr Handelsregister: Amtsgericht Kiel, HRB 2126 NO Umsatzsteuer-Identifikationsnummer(n): DE 8 [&hellip;]\" \/>\n<meta property=\"og:url\" content=\"https:\/\/www.rauhes.de\/cms\/impressum\/\" \/>\n<meta property=\"og:site_name\" content=\"Infos zu feierlichen Anl\u00e4ssen wie Taufe, Konfirmation, Hochzeit &amp; Trauer\" \/>\n<meta property=\"article:modified_time\" content=\"2023-11-27T10:47:03+00:00\" \/>\n<meta property=\"og:image\" content=\"https:\/\/www.rauhes.de\/media\/wysiwyg\/liam_kundenservice.gif\" \/>\n<meta name=\"twitter:card\" content=\"summary_large_image\" \/>\n<meta name=\"twitter:label1\" content=\"Gesch\u00e4tzte Lesezeit\" \/>\n\t<meta name=\"twitter:data1\" content=\"2\u00a0Minuten\" \/>\n<script type=\"application\/ld+json\" class=\"yoast-schema-graph\">{\"@context\":\"https:\\\/\\\/schema.org\",\"@graph\":[{\"@type\":\"WebPage\",\"@id\":\"https:\\\/\\\/www.rauhes.de\\\/cms\\\/impressum\\\/\",\"url\":\"https:\\\/\\\/www.rauhes.de\\\/cms\\\/impressum\\\/\",\"name\":\"Hier finden Sie unser Impressum\",\"isPartOf\":{\"@id\":\"https:\\\/\\\/www.rauhes.de\\\/cms\\\/#website\"},\"primaryImageOfPage\":{\"@id\":\"https:\\\/\\\/www.rauhes.de\\\/cms\\\/impressum\\\/#primaryimage\"},\"image\":{\"@id\":\"https:\\\/\\\/www.rauhes.de\\\/cms\\\/impressum\\\/#primaryimage\"},\"thumbnailUrl\":\"https:\\\/\\\/www.rauhes.de\\\/media\\\/wysiwyg\\\/liam_kundenservice.gif\",\"datePublished\":\"2021-10-07T13:30:51+00:00\",\"dateModified\":\"2023-11-27T10:47:03+00:00\",\"breadcrumb\":{\"@id\":\"https:\\\/\\\/www.rauhes.de\\\/cms\\\/impressum\\\/#breadcrumb\"},\"inLanguage\":\"de\",\"potentialAction\":[{\"@type\":\"ReadAction\",\"target\":[\"https:\\\/\\\/www.rauhes.de\\\/cms\\\/impressum\\\/\"]}]},{\"@type\":\"ImageObject\",\"inLanguage\":\"de\",\"@id\":\"https:\\\/\\\/www.rauhes.de\\\/cms\\\/impressum\\\/#primaryimage\",\"url\":\"https:\\\/\\\/www.rauhes.de\\\/media\\\/wysiwyg\\\/liam_kundenservice.gif\",\"contentUrl\":\"https:\\\/\\\/www.rauhes.de\\\/media\\\/wysiwyg\\\/liam_kundenservice.gif\"},{\"@type\":\"BreadcrumbList\",\"@id\":\"https:\\\/\\\/www.rauhes.de\\\/cms\\\/impressum\\\/#breadcrumb\",\"itemListElement\":[{\"@type\":\"ListItem\",\"position\":1,\"name\":\"Startseite\",\"item\":\"https:\\\/\\\/www.rauhes.de\\\/cms\\\/\"},{\"@type\":\"ListItem\",\"position\":2,\"name\":\"Impressum\"}]},{\"@type\":\"WebSite\",\"@id\":\"https:\\\/\\\/www.rauhes.de\\\/cms\\\/#website\",\"url\":\"https:\\\/\\\/www.rauhes.de\\\/cms\\\/\",\"name\":\"Infos zu feierlichen Anl\u00e4ssen wie Taufe, Konfirmation, Hochzeit &amp; Trauer\",\"description\":\"\",\"publisher\":{\"@id\":\"https:\\\/\\\/www.rauhes.de\\\/cms\\\/#organization\"},\"potentialAction\":[{\"@type\":\"SearchAction\",\"target\":{\"@type\":\"EntryPoint\",\"urlTemplate\":\"https:\\\/\\\/www.rauhes.de\\\/cms\\\/?s={search_term_string}\"},\"query-input\":{\"@type\":\"PropertyValueSpecification\",\"valueRequired\":true,\"valueName\":\"search_term_string\"}}],\"inLanguage\":\"de\"},{\"@type\":\"Organization\",\"@id\":\"https:\\\/\\\/www.rauhes.de\\\/cms\\\/#organization\",\"name\":\"rauhes.de\",\"url\":\"https:\\\/\\\/www.rauhes.de\\\/cms\\\/\",\"logo\":{\"@type\":\"ImageObject\",\"inLanguage\":\"de\",\"@id\":\"https:\\\/\\\/www.rauhes.de\\\/cms\\\/#\\\/schema\\\/logo\\\/image\\\/\",\"url\":\"https:\\\/\\\/www.rauhes.de\\\/cms\\\/wp-content\\\/uploads\\\/2021\\\/10\\\/2x_neu-2.png\",\"contentUrl\":\"https:\\\/\\\/www.rauhes.de\\\/cms\\\/wp-content\\\/uploads\\\/2021\\\/10\\\/2x_neu-2.png\",\"width\":300,\"height\":85,\"caption\":\"rauhes.de\"},\"image\":{\"@id\":\"https:\\\/\\\/www.rauhes.de\\\/cms\\\/#\\\/schema\\\/logo\\\/image\\\/\"}}]}<\/script>\n<!-- \/ Yoast SEO plugin. -->","yoast_head_json":{"title":"Hier finden Sie unser Impressum","robots":{"index":"index","follow":"follow","max-snippet":"max-snippet:-1","max-image-preview":"max-image-preview:large","max-video-preview":"max-video-preview:-1"},"canonical":"https:\/\/www.rauhes.de\/cms\/impressum\/","og_locale":"de_DE","og_type":"article","og_title":"Hier finden Sie unser Impressum","og_description":"Impressum www.rauhes.de ist ein Angebot der Reise- und Versandbuchhandlung des Rauhen Hauses Hamburg GmbH Beim Br\u00fcderhof 8 22844 Norderstedt Deutschland Telefon: +49 (0)40 53 53 37 0 Fax: +49 (0)40 53 53 37 21 Mail: Unternehmensgegenstand: Verkauf von christlichen B\u00fcchern &amp; Geschenken Gesch\u00e4ftsf\u00fchrer: Dr. Martin Sterr Handelsregister: Amtsgericht Kiel, HRB 2126 NO Umsatzsteuer-Identifikationsnummer(n): DE 8 [&hellip;]","og_url":"https:\/\/www.rauhes.de\/cms\/impressum\/","og_site_name":"Infos zu feierlichen Anl\u00e4ssen wie Taufe, Konfirmation, Hochzeit &amp; Trauer","article_modified_time":"2023-11-27T10:47:03+00:00","og_image":[{"url":"https:\/\/www.rauhes.de\/media\/wysiwyg\/liam_kundenservice.gif","type":"","width":"","height":""}],"twitter_card":"summary_large_image","twitter_misc":{"Gesch\u00e4tzte Lesezeit":"2\u00a0Minuten"},"schema":{"@context":"https:\/\/schema.org","@graph":[{"@type":"WebPage","@id":"https:\/\/www.rauhes.de\/cms\/impressum\/","url":"https:\/\/www.rauhes.de\/cms\/impressum\/","name":"Hier finden Sie unser Impressum","isPartOf":{"@id":"https:\/\/www.rauhes.de\/cms\/#website"},"primaryImageOfPage":{"@id":"https:\/\/www.rauhes.de\/cms\/impressum\/#primaryimage"},"image":{"@id":"https:\/\/www.rauhes.de\/cms\/impressum\/#primaryimage"},"thumbnailUrl":"https:\/\/www.rauhes.de\/media\/wysiwyg\/liam_kundenservice.gif","datePublished":"2021-10-07T13:30:51+00:00","dateModified":"2023-11-27T10:47:03+00:00","breadcrumb":{"@id":"https:\/\/www.rauhes.de\/cms\/impressum\/#breadcrumb"},"inLanguage":"de","potentialAction":[{"@type":"ReadAction","target":["https:\/\/www.rauhes.de\/cms\/impressum\/"]}]},{"@type":"ImageObject","inLanguage":"de","@id":"https:\/\/www.rauhes.de\/cms\/impressum\/#primaryimage","url":"https:\/\/www.rauhes.de\/media\/wysiwyg\/liam_kundenservice.gif","contentUrl":"https:\/\/www.rauhes.de\/media\/wysiwyg\/liam_kundenservice.gif"},{"@type":"BreadcrumbList","@id":"https:\/\/www.rauhes.de\/cms\/impressum\/#breadcrumb","itemListElement":[{"@type":"ListItem","position":1,"name":"Startseite","item":"https:\/\/www.rauhes.de\/cms\/"},{"@type":"ListItem","position":2,"name":"Impressum"}]},{"@type":"WebSite","@id":"https:\/\/www.rauhes.de\/cms\/#website","url":"https:\/\/www.rauhes.de\/cms\/","name":"Infos zu feierlichen Anl\u00e4ssen wie Taufe, Konfirmation, Hochzeit &amp; Trauer","description":"","publisher":{"@id":"https:\/\/www.rauhes.de\/cms\/#organization"},"potentialAction":[{"@type":"SearchAction","target":{"@type":"EntryPoint","urlTemplate":"https:\/\/www.rauhes.de\/cms\/?s={search_term_string}"},"query-input":{"@type":"PropertyValueSpecification","valueRequired":true,"valueName":"search_term_string"}}],"inLanguage":"de"},{"@type":"Organization","@id":"https:\/\/www.rauhes.de\/cms\/#organization","name":"rauhes.de","url":"https:\/\/www.rauhes.de\/cms\/","logo":{"@type":"ImageObject","inLanguage":"de","@id":"https:\/\/www.rauhes.de\/cms\/#\/schema\/logo\/image\/","url":"https:\/\/www.rauhes.de\/cms\/wp-content\/uploads\/2021\/10\/2x_neu-2.png","contentUrl":"https:\/\/www.rauhes.de\/cms\/wp-content\/uploads\/2021\/10\/2x_neu-2.png","width":300,"height":85,"caption":"rauhes.de"},"image":{"@id":"https:\/\/www.rauhes.de\/cms\/#\/schema\/logo\/image\/"}}]}},"_links":{"self":[{"href":"https:\/\/www.rauhes.de\/cms\/wp-json\/wp\/v2\/pages\/381","targetHints":{"allow":["GET"]}}],"collection":[{"href":"https:\/\/www.rauhes.de\/cms\/wp-json\/wp\/v2\/pages"}],"about":[{"href":"https:\/\/www.rauhes.de\/cms\/wp-json\/wp\/v2\/types\/page"}],"author":[{"embeddable":true,"href":"https:\/\/www.rauhes.de\/cms\/wp-json\/wp\/v2\/users\/1"}],"replies":[{"embeddable":true,"href":"https:\/\/www.rauhes.de\/cms\/wp-json\/wp\/v2\/comments?post=381"}],"version-history":[{"count":12,"href":"https:\/\/www.rauhes.de\/cms\/wp-json\/wp\/v2\/pages\/381\/revisions"}],"predecessor-version":[{"id":56841,"href":"https:\/\/www.rauhes.de\/cms\/wp-json\/wp\/v2\/pages\/381\/revisions\/56841"}],"wp:attachment":[{"href":"https:\/\/www.rauhes.de\/cms\/wp-json\/wp\/v2\/media?parent=381"}],"curies":[{"name":"wp","href":"https:\/\/api.w.org\/{rel}","templated":true}]}}