{"id":24523,"date":"2022-09-29T16:34:24","date_gmt":"2022-09-29T14:34:24","guid":{"rendered":"https:\/\/www.rauhes.de\/cms\/?page_id=24523"},"modified":"2022-10-13T16:29:58","modified_gmt":"2022-10-13T14:29:58","slug":"johann-hinrich-wichern","status":"publish","type":"page","link":"https:\/\/www.rauhes.de\/cms\/ueber-uns\/johann-hinrich-wichern\/","title":{"rendered":"Johann Hinrich Wichern"},"content":{"rendered":"\n<h1 class=\"wp-block-heading\">Johann Hinrich Wichern<\/h1>\n\n\n\n<p><em><em>Johann Hinrich Wichern (1808-1881) gilt als Erfinder des Adventskranzes und war der Gr\u00fcnder der diakonischen Stiftung &#8222;Das Rauhe Haus&#8220;. 1842 gr\u00fcndete er auch unser Unternehmen, die Agentur des Rauhen Hauses.<\/em><\/em><\/p>\n\n\n\n<div style=\"height:10px\" aria-hidden=\"true\" class=\"wp-block-spacer\"><\/div>\n\n\n\n<div class=\"wp-block-columns is-layout-flex wp-container-core-columns-is-layout-9d6595d7 wp-block-columns-is-layout-flex\">\n<div class=\"wp-block-column is-layout-flow wp-block-column-is-layout-flow\" style=\"flex-basis:33.33%\">\n<figure class=\"wp-block-image size-full\"><img decoding=\"async\" width=\"550\" height=\"671\" src=\"https:\/\/www.rauhes.de\/cms\/wp-content\/uploads\/2022\/09\/johann-hinrich-wichern.jpg\" alt=\"Johann Hinrich Wichern\" class=\"wp-image-24555\" srcset=\"https:\/\/www.rauhes.de\/cms\/wp-content\/uploads\/2022\/09\/johann-hinrich-wichern.jpg 550w, https:\/\/www.rauhes.de\/cms\/wp-content\/uploads\/2022\/09\/johann-hinrich-wichern-246x300.jpg 246w\" sizes=\"(max-width: 550px) 100vw, 550px\" \/><\/figure>\n<\/div>\n\n\n\n<div class=\"wp-block-column is-layout-flow wp-block-column-is-layout-flow\" style=\"flex-basis:66.66%\">\n<h2 class=\"wp-block-heading\">Einige Stationen im Leben von Johann Hinrich Wichern<\/h2>\n\n\n\n<h3 class=\"wp-block-heading\">Kindheit &amp; Studium<\/h3>\n\n\n\n<p><strong>21. April 1808<\/strong> \u2013 Johann Hinrich Wichern wird als erstes von sieben Kindern geboren. Er wird von seinem Vater im Lesen unterrichtet, besucht sp\u00e4ter eine Privatschule und das Johanneum in Hamburg.<\/p>\n\n\n\n<p><strong>1823<\/strong> \u2013 Nach dem Tod des Vaters erteilt Wichern Privatstunden in B\u00fcrgerh\u00e4usern, um zum Lebensunterhalt der Familie beizutragen.<\/p>\n\n\n\n<p><strong>1826-1828<\/strong> \u2013 Er arbeitet als Erziehungsgehilfe in einer privaten Hamburger Internatsschule.<\/p>\n\n\n\n<p><strong>1828-1831<\/strong> \u2013 Wichern studiert mit Hilfe von Stipendien in G\u00f6ttingen und Berlin Theologie.<\/p>\n\n\n\n<div style=\"height:5px\" aria-hidden=\"true\" class=\"wp-block-spacer\"><\/div>\n\n\n\n<h3 class=\"wp-block-heading\">Gr\u00fcndung &amp; Aufbau des Rauhen Hauses<\/h3>\n\n\n\n<p><strong>1832<\/strong> \u2013 An der Sonntagsschule des engagierten Pastors Johann Wilhelm Rautenberg in St. Georg wird Wichern sowohl Oberlehrer als auch Mitglied des \u201eBesuchsvereins\u201c, der die Familien der Sch\u00fcler zu Hause aufsucht. Dabei lernt er die Not in den Armenvierteln Hamburgs kennen.<\/p>\n\n\n\n<p><strong>12.09.1833<\/strong> \u2013 In der Hamburger B\u00f6rsenhalle findet die Gr\u00fcndungsveranstaltung des Rauhen Hauses statt.<\/p>\n\n\n\n<p><strong>31.10.1833<\/strong> \u2013 Wichern, seine Mutter und seine Schwestern ziehen in <a href=\"https:\/\/www.rauhes.de\/cms\/rauhe-haus\/\">das Rauhe Haus<\/a> ein, wenige Tage sp\u00e4ter kommen die ersten drei Jungen hinzu, bis Jahresende sind es bereits zw\u00f6lf. In den folgenden Jahrzehnten wird das Rauhe Haus umf\u00e4nglich erweitert.<\/p>\n\n\n\n<p><strong>1835<\/strong> \u2013 Johann Hinrich Wichern und Amanda, geb. B\u00f6hme, heiraten im Rauhen Haus. Das Ehepaar wird neun eigene Kinder haben.<\/p>\n\n\n\n<p><strong>1839<\/strong> \u2013 Erfindung des ersten Adventskranzes<\/p>\n\n\n\n<p><strong>11.02.1842<\/strong> \u2013 Wichern gr\u00fcndet seine eigene Druckerei und seinen Verlag, <a href=\"https:\/\/www.rauhes.de\/cms\/agentur-des-rauhen-hauses\/\">die Agentur des Rauhen Hauses<\/a><\/p>\n\n\n\n<div style=\"height:5px\" aria-hidden=\"true\" class=\"wp-block-spacer\"><\/div>\n\n\n\n<h3 class=\"wp-block-heading\">Wirken in sp\u00e4teren Jahren<\/h3>\n\n\n\n<p><strong>22.09.1848<\/strong> \u2013 In seiner Rede zum ersten Kirchentag in der Schlosskirche zu Wittenberg ermahnt Wichern die Evangelische Kirche zur t\u00e4tigen N\u00e4chstenliebe. Seine \u201eStegreifrede\u201c ist der Ansto\u00df f\u00fcr die Gr\u00fcndung des Centralausschusses f\u00fcr die Innere Mission, aus dem sp\u00e4ter das Diakonische Werk hervorgehen wird.<\/p>\n\n\n\n<p><strong>Januar 1857<\/strong> \u2013 Johann Hinrich Wichern \u00fcbernimmt das Amt eines \u201evortragenden Rates f\u00fcr die Strafanstalten und das Armenwesen\u201c im preu\u00dfischen Ministerium des Inneren und widmet sich der Reform des Strafvollzugs.<\/p>\n\n\n\n<p><strong>25.04.1858<\/strong> \u2013 In Berlin gr\u00fcndet er das Evangelische Johannisstift.<\/p>\n\n\n\n<div style=\"height:5px\" aria-hidden=\"true\" class=\"wp-block-spacer\"><\/div>\n\n\n\n<h3 class=\"wp-block-heading\">Lebensabend<\/h3>\n\n\n\n<p><strong>Mai 1872<\/strong> \u2013 Wichern kehrt nach mehreren Schlaganf\u00e4llen endg\u00fcltig nach Hamburg zur\u00fcck.<\/p>\n\n\n\n<p><strong>Ende 1873<\/strong> \u2013 Nach einem weiteren schweren Schlaganfall \u00fcbertr\u00e4gt er das Amt des Vorstehers seinem Sohn Johannes.<\/p>\n\n\n\n<p><strong>07.04.1881<\/strong> \u2013 Johann Hinrich Wichern stirbt nach Jahren schwerer Krankheit. Er wird auf dem Friedhof der Dreifaltigkeitskirche in Hamm beigesetzt.<\/p>\n\n\n\n<p><em>Aus: Mit Wort und Tat \u2013 Agentur des Rauhen Hauses Hamburg, 2011, S. 19. <\/em><br><em>\u00a9 Agentur des Rauhen Hauses Hamburg, 2017<\/em><\/p>\n<\/div>\n<\/div>\n","protected":false},"excerpt":{"rendered":"<p>Johann Hinrich Wichern Johann Hinrich Wichern (1808-1881) gilt als Erfinder des Adventskranzes und war der Gr\u00fcnder der diakonischen Stiftung &#8222;Das Rauhe Haus&#8220;. 1842 gr\u00fcndete er auch unser Unternehmen, die Agentur des Rauhen Hauses. Einige Stationen im Leben von Johann Hinrich Wichern Kindheit &amp; Studium 21. April 1808 \u2013 Johann Hinrich Wichern wird als erstes von [&hellip;]<\/p>\n","protected":false},"author":1,"featured_media":0,"parent":510,"menu_order":0,"comment_status":"closed","ping_status":"closed","template":"","meta":{"ngg_post_thumbnail":0,"footnotes":""},"class_list":["post-24523","page","type-page","status-publish","hentry"],"yoast_head":"<!-- This site is optimized with the Yoast SEO plugin v27.3 - https:\/\/yoast.com\/product\/yoast-seo-wordpress\/ -->\n<title>Johann Hinrich Wichern &amp; das Rauhe Haus \u2013 rauhes.de<\/title>\n<meta name=\"description\" content=\"Wer war Johann Wichern und was hat er mit der Agentur des Rauhen Hauses zu tun? Wir stellen Ihnen seinen Werdegang vor.\" \/>\n<meta name=\"robots\" content=\"index, follow, max-snippet:-1, max-image-preview:large, max-video-preview:-1\" \/>\n<link rel=\"canonical\" href=\"https:\/\/www.rauhes.de\/cms\/ueber-uns\/johann-hinrich-wichern\/\" \/>\n<meta property=\"og:locale\" content=\"de_DE\" \/>\n<meta property=\"og:type\" content=\"article\" \/>\n<meta property=\"og:title\" content=\"Johann Hinrich Wichern &amp; das Rauhe Haus \u2013 rauhes.de\" \/>\n<meta property=\"og:description\" content=\"Wer war Johann Wichern und was hat er mit der Agentur des Rauhen Hauses zu tun? Wir stellen Ihnen seinen Werdegang vor.\" \/>\n<meta property=\"og:url\" content=\"https:\/\/www.rauhes.de\/cms\/ueber-uns\/johann-hinrich-wichern\/\" \/>\n<meta property=\"og:site_name\" content=\"Infos zu feierlichen Anl\u00e4ssen wie Taufe, Konfirmation, Hochzeit &amp; Trauer\" \/>\n<meta property=\"article:modified_time\" content=\"2022-10-13T14:29:58+00:00\" \/>\n<meta property=\"og:image\" content=\"https:\/\/www.rauhes.de\/cms\/wp-content\/uploads\/2022\/09\/johann-hinrich-wichern.jpg\" \/>\n<meta name=\"twitter:card\" content=\"summary_large_image\" \/>\n<meta name=\"twitter:label1\" content=\"Gesch\u00e4tzte Lesezeit\" \/>\n\t<meta name=\"twitter:data1\" content=\"2\u00a0Minuten\" \/>\n<script type=\"application\/ld+json\" class=\"yoast-schema-graph\">{\"@context\":\"https:\\\/\\\/schema.org\",\"@graph\":[{\"@type\":\"WebPage\",\"@id\":\"https:\\\/\\\/www.rauhes.de\\\/cms\\\/ueber-uns\\\/johann-hinrich-wichern\\\/\",\"url\":\"https:\\\/\\\/www.rauhes.de\\\/cms\\\/ueber-uns\\\/johann-hinrich-wichern\\\/\",\"name\":\"Johann Hinrich Wichern & das Rauhe Haus \u2013 rauhes.de\",\"isPartOf\":{\"@id\":\"https:\\\/\\\/www.rauhes.de\\\/cms\\\/#website\"},\"primaryImageOfPage\":{\"@id\":\"https:\\\/\\\/www.rauhes.de\\\/cms\\\/ueber-uns\\\/johann-hinrich-wichern\\\/#primaryimage\"},\"image\":{\"@id\":\"https:\\\/\\\/www.rauhes.de\\\/cms\\\/ueber-uns\\\/johann-hinrich-wichern\\\/#primaryimage\"},\"thumbnailUrl\":\"https:\\\/\\\/www.rauhes.de\\\/cms\\\/wp-content\\\/uploads\\\/2022\\\/09\\\/johann-hinrich-wichern.jpg\",\"datePublished\":\"2022-09-29T14:34:24+00:00\",\"dateModified\":\"2022-10-13T14:29:58+00:00\",\"description\":\"Wer war Johann Wichern und was hat er mit der Agentur des Rauhen Hauses zu tun? Wir stellen Ihnen seinen Werdegang vor.\",\"breadcrumb\":{\"@id\":\"https:\\\/\\\/www.rauhes.de\\\/cms\\\/ueber-uns\\\/johann-hinrich-wichern\\\/#breadcrumb\"},\"inLanguage\":\"de\",\"potentialAction\":[{\"@type\":\"ReadAction\",\"target\":[\"https:\\\/\\\/www.rauhes.de\\\/cms\\\/ueber-uns\\\/johann-hinrich-wichern\\\/\"]}]},{\"@type\":\"ImageObject\",\"inLanguage\":\"de\",\"@id\":\"https:\\\/\\\/www.rauhes.de\\\/cms\\\/ueber-uns\\\/johann-hinrich-wichern\\\/#primaryimage\",\"url\":\"https:\\\/\\\/www.rauhes.de\\\/cms\\\/wp-content\\\/uploads\\\/2022\\\/09\\\/johann-hinrich-wichern.jpg\",\"contentUrl\":\"https:\\\/\\\/www.rauhes.de\\\/cms\\\/wp-content\\\/uploads\\\/2022\\\/09\\\/johann-hinrich-wichern.jpg\",\"width\":550,\"height\":671,\"caption\":\"Johann Hinrich Wichern\"},{\"@type\":\"BreadcrumbList\",\"@id\":\"https:\\\/\\\/www.rauhes.de\\\/cms\\\/ueber-uns\\\/johann-hinrich-wichern\\\/#breadcrumb\",\"itemListElement\":[{\"@type\":\"ListItem\",\"position\":1,\"name\":\"Startseite\",\"item\":\"https:\\\/\\\/www.rauhes.de\\\/cms\\\/\"},{\"@type\":\"ListItem\",\"position\":2,\"name\":\"\u00dcber uns\",\"item\":\"https:\\\/\\\/www.rauhes.de\\\/cms\\\/ueber-uns\\\/\"},{\"@type\":\"ListItem\",\"position\":3,\"name\":\"Johann Hinrich Wichern\"}]},{\"@type\":\"WebSite\",\"@id\":\"https:\\\/\\\/www.rauhes.de\\\/cms\\\/#website\",\"url\":\"https:\\\/\\\/www.rauhes.de\\\/cms\\\/\",\"name\":\"Infos zu feierlichen Anl\u00e4ssen wie Taufe, Konfirmation, Hochzeit &amp; Trauer\",\"description\":\"\",\"publisher\":{\"@id\":\"https:\\\/\\\/www.rauhes.de\\\/cms\\\/#organization\"},\"potentialAction\":[{\"@type\":\"SearchAction\",\"target\":{\"@type\":\"EntryPoint\",\"urlTemplate\":\"https:\\\/\\\/www.rauhes.de\\\/cms\\\/?s={search_term_string}\"},\"query-input\":{\"@type\":\"PropertyValueSpecification\",\"valueRequired\":true,\"valueName\":\"search_term_string\"}}],\"inLanguage\":\"de\"},{\"@type\":\"Organization\",\"@id\":\"https:\\\/\\\/www.rauhes.de\\\/cms\\\/#organization\",\"name\":\"rauhes.de\",\"url\":\"https:\\\/\\\/www.rauhes.de\\\/cms\\\/\",\"logo\":{\"@type\":\"ImageObject\",\"inLanguage\":\"de\",\"@id\":\"https:\\\/\\\/www.rauhes.de\\\/cms\\\/#\\\/schema\\\/logo\\\/image\\\/\",\"url\":\"https:\\\/\\\/www.rauhes.de\\\/cms\\\/wp-content\\\/uploads\\\/2021\\\/10\\\/2x_neu-2.png\",\"contentUrl\":\"https:\\\/\\\/www.rauhes.de\\\/cms\\\/wp-content\\\/uploads\\\/2021\\\/10\\\/2x_neu-2.png\",\"width\":300,\"height\":85,\"caption\":\"rauhes.de\"},\"image\":{\"@id\":\"https:\\\/\\\/www.rauhes.de\\\/cms\\\/#\\\/schema\\\/logo\\\/image\\\/\"}}]}<\/script>\n<!-- \/ Yoast SEO plugin. -->","yoast_head_json":{"title":"Johann Hinrich Wichern & das Rauhe Haus \u2013 rauhes.de","description":"Wer war Johann Wichern und was hat er mit der Agentur des Rauhen Hauses zu tun? Wir stellen Ihnen seinen Werdegang vor.","robots":{"index":"index","follow":"follow","max-snippet":"max-snippet:-1","max-image-preview":"max-image-preview:large","max-video-preview":"max-video-preview:-1"},"canonical":"https:\/\/www.rauhes.de\/cms\/ueber-uns\/johann-hinrich-wichern\/","og_locale":"de_DE","og_type":"article","og_title":"Johann Hinrich Wichern & das Rauhe Haus \u2013 rauhes.de","og_description":"Wer war Johann Wichern und was hat er mit der Agentur des Rauhen Hauses zu tun? Wir stellen Ihnen seinen Werdegang vor.","og_url":"https:\/\/www.rauhes.de\/cms\/ueber-uns\/johann-hinrich-wichern\/","og_site_name":"Infos zu feierlichen Anl\u00e4ssen wie Taufe, Konfirmation, Hochzeit &amp; Trauer","article_modified_time":"2022-10-13T14:29:58+00:00","og_image":[{"url":"https:\/\/www.rauhes.de\/cms\/wp-content\/uploads\/2022\/09\/johann-hinrich-wichern.jpg","type":"","width":"","height":""}],"twitter_card":"summary_large_image","twitter_misc":{"Gesch\u00e4tzte Lesezeit":"2\u00a0Minuten"},"schema":{"@context":"https:\/\/schema.org","@graph":[{"@type":"WebPage","@id":"https:\/\/www.rauhes.de\/cms\/ueber-uns\/johann-hinrich-wichern\/","url":"https:\/\/www.rauhes.de\/cms\/ueber-uns\/johann-hinrich-wichern\/","name":"Johann Hinrich Wichern & das Rauhe Haus \u2013 rauhes.de","isPartOf":{"@id":"https:\/\/www.rauhes.de\/cms\/#website"},"primaryImageOfPage":{"@id":"https:\/\/www.rauhes.de\/cms\/ueber-uns\/johann-hinrich-wichern\/#primaryimage"},"image":{"@id":"https:\/\/www.rauhes.de\/cms\/ueber-uns\/johann-hinrich-wichern\/#primaryimage"},"thumbnailUrl":"https:\/\/www.rauhes.de\/cms\/wp-content\/uploads\/2022\/09\/johann-hinrich-wichern.jpg","datePublished":"2022-09-29T14:34:24+00:00","dateModified":"2022-10-13T14:29:58+00:00","description":"Wer war Johann Wichern und was hat er mit der Agentur des Rauhen Hauses zu tun? Wir stellen Ihnen seinen Werdegang vor.","breadcrumb":{"@id":"https:\/\/www.rauhes.de\/cms\/ueber-uns\/johann-hinrich-wichern\/#breadcrumb"},"inLanguage":"de","potentialAction":[{"@type":"ReadAction","target":["https:\/\/www.rauhes.de\/cms\/ueber-uns\/johann-hinrich-wichern\/"]}]},{"@type":"ImageObject","inLanguage":"de","@id":"https:\/\/www.rauhes.de\/cms\/ueber-uns\/johann-hinrich-wichern\/#primaryimage","url":"https:\/\/www.rauhes.de\/cms\/wp-content\/uploads\/2022\/09\/johann-hinrich-wichern.jpg","contentUrl":"https:\/\/www.rauhes.de\/cms\/wp-content\/uploads\/2022\/09\/johann-hinrich-wichern.jpg","width":550,"height":671,"caption":"Johann Hinrich Wichern"},{"@type":"BreadcrumbList","@id":"https:\/\/www.rauhes.de\/cms\/ueber-uns\/johann-hinrich-wichern\/#breadcrumb","itemListElement":[{"@type":"ListItem","position":1,"name":"Startseite","item":"https:\/\/www.rauhes.de\/cms\/"},{"@type":"ListItem","position":2,"name":"\u00dcber uns","item":"https:\/\/www.rauhes.de\/cms\/ueber-uns\/"},{"@type":"ListItem","position":3,"name":"Johann Hinrich Wichern"}]},{"@type":"WebSite","@id":"https:\/\/www.rauhes.de\/cms\/#website","url":"https:\/\/www.rauhes.de\/cms\/","name":"Infos zu feierlichen Anl\u00e4ssen wie Taufe, Konfirmation, Hochzeit &amp; Trauer","description":"","publisher":{"@id":"https:\/\/www.rauhes.de\/cms\/#organization"},"potentialAction":[{"@type":"SearchAction","target":{"@type":"EntryPoint","urlTemplate":"https:\/\/www.rauhes.de\/cms\/?s={search_term_string}"},"query-input":{"@type":"PropertyValueSpecification","valueRequired":true,"valueName":"search_term_string"}}],"inLanguage":"de"},{"@type":"Organization","@id":"https:\/\/www.rauhes.de\/cms\/#organization","name":"rauhes.de","url":"https:\/\/www.rauhes.de\/cms\/","logo":{"@type":"ImageObject","inLanguage":"de","@id":"https:\/\/www.rauhes.de\/cms\/#\/schema\/logo\/image\/","url":"https:\/\/www.rauhes.de\/cms\/wp-content\/uploads\/2021\/10\/2x_neu-2.png","contentUrl":"https:\/\/www.rauhes.de\/cms\/wp-content\/uploads\/2021\/10\/2x_neu-2.png","width":300,"height":85,"caption":"rauhes.de"},"image":{"@id":"https:\/\/www.rauhes.de\/cms\/#\/schema\/logo\/image\/"}}]}},"_links":{"self":[{"href":"https:\/\/www.rauhes.de\/cms\/wp-json\/wp\/v2\/pages\/24523","targetHints":{"allow":["GET"]}}],"collection":[{"href":"https:\/\/www.rauhes.de\/cms\/wp-json\/wp\/v2\/pages"}],"about":[{"href":"https:\/\/www.rauhes.de\/cms\/wp-json\/wp\/v2\/types\/page"}],"author":[{"embeddable":true,"href":"https:\/\/www.rauhes.de\/cms\/wp-json\/wp\/v2\/users\/1"}],"replies":[{"embeddable":true,"href":"https:\/\/www.rauhes.de\/cms\/wp-json\/wp\/v2\/comments?post=24523"}],"version-history":[{"count":9,"href":"https:\/\/www.rauhes.de\/cms\/wp-json\/wp\/v2\/pages\/24523\/revisions"}],"predecessor-version":[{"id":24562,"href":"https:\/\/www.rauhes.de\/cms\/wp-json\/wp\/v2\/pages\/24523\/revisions\/24562"}],"up":[{"embeddable":true,"href":"https:\/\/www.rauhes.de\/cms\/wp-json\/wp\/v2\/pages\/510"}],"wp:attachment":[{"href":"https:\/\/www.rauhes.de\/cms\/wp-json\/wp\/v2\/media?parent=24523"}],"curies":[{"name":"wp","href":"https:\/\/api.w.org\/{rel}","templated":true}]}}