{"id":23892,"date":"2022-03-16T09:20:42","date_gmt":"2022-03-16T08:20:42","guid":{"rendered":"https:\/\/www.rauhes.de\/cms\/?page_id=23892"},"modified":"2025-07-08T12:06:48","modified_gmt":"2025-07-08T10:06:48","slug":"lebenskreis","status":"publish","type":"page","link":"https:\/\/www.rauhes.de\/cms\/lebenskreis\/","title":{"rendered":"Lebenskreis"},"content":{"rendered":"<div class=\"wpb_wrapper\">\n<h1 style=\"display:inline-block!important;\">Christliche Anl\u00e4sse im Lebenskreis<\/h1>\n<\/div>\n<div class=\"my_row_container\">\n<div class=\"my_left_colum\">\n<p><a class=\"vc_single_image-wrapper vc_box_border_grey\" href=\"https:\/\/www.rauhes.de\/cms\/taufe\/\" target=\"_self\" rel=\"noopener\"><img decoding=\"async\" class=\"vc_single_image-img attachment-thumbnail lazy error\" src=\"https:\/\/www.rauhes.de\/cms\/wp-content\/uploads\/2025\/06\/feierliche_anlaesse_taufe.jpg\" alt=\"\" width=\"150\" height=\"150\" align=\"left\" data-src=\"https:\/\/www.rauhes.de\/cms\/wp-content\/uploads\/2025\/06\/feierliche_anlaesse_taufe.jpg\" data-was-processed=\"true\" \/><\/a><\/p>\n<h2 class=\"start_liste\"><a href=\"https:\/\/www.rauhes.de\/cms\/taufe\/\">Taufe<\/a><\/h2>\n<p>Durch den festlichen Ritus wird der T\u00e4ufling in die christliche Gemeinde aufgenommen. Oft wird anschlie\u00dfend gefeiert, aber wie gestalten Sie die Feier und was k\u00f6nnen Sie als Gast zur <a href=\"https:\/\/www.rauhes.de\/feierliche-anlaesse\/taufe\/\" target=\"_blank\" rel=\"noopener\"><strong>Taufe schenken<\/strong><\/a>?<\/p>\n<\/div>\n<div class=\"my_left_colum\">\n<p><a class=\"vc_single_image-wrapper vc_box_border_grey\" href=\"https:\/\/www.rauhes.de\/cms\/konfirmation\/\" target=\"_self\" rel=\"noopener\"><img decoding=\"async\" class=\"vc_single_image-img attachment-thumbnail lazy error\" src=\"https:\/\/www.rauhes.de\/cms\/wp-content\/uploads\/2025\/06\/feierliche_anlaesse_konfirmation.jpg\" alt=\"\" width=\"150\" height=\"150\" align=\"left\" data-src=\"https:\/\/www.rauhes.de\/cms\/wp-content\/uploads\/2025\/06\/feierliche_anlaesse_konfirmation.jpg\" data-was-processed=\"true\" \/><\/a><\/p>\n<h2 class=\"start_liste\"><a href=\"https:\/\/www.rauhes.de\/cms\/konfirmation\/\">Konfirmation<\/a><\/h2>\n<p>Die Konfirmation ist eine feierliche Segenshandlung, die den \u00dcbertritt jugendlicher Christen in die Gemeinde der Erwachsenen markiert. Und <a href=\"https:\/\/www.rauhes.de\/feierliche-anlaesse\/konfirmation-12000\/jubilaeums-und-konfirmationsgeschenke\/\" target=\"_blank\" rel=\"noopener\"><strong>was schenke ich zur Konfirmation<\/strong><\/a>?<\/p>\n<\/div>\n<div class=\"my_left_colum\">\n<p><a class=\"vc_single_image-wrapper vc_box_border_grey\" href=\"https:\/\/www.rauhes.de\/cms\/hochzeit\/\" target=\"_self\" rel=\"noopener\"><img decoding=\"async\" class=\"vc_single_image-img attachment-thumbnail lazy error\" src=\"https:\/\/www.rauhes.de\/cms\/wp-content\/uploads\/2025\/06\/feierliche_anlaesse_hochzeit.jpg\" alt=\"\" width=\"150\" height=\"150\" align=\"left\" data-src=\"https:\/\/www.rauhes.de\/cms\/wp-content\/uploads\/2025\/06\/feierliche_anlaesse_hochzeit.jpg\" data-was-processed=\"true\" \/><\/a><\/p>\n<h2 class=\"start_liste\"><a href=\"https:\/\/www.rauhes.de\/cms\/hochzeit\/\">Hochzeit<\/a><\/h2>\n<p>Ein gro\u00dfer Moment im Leben eines Paares. Wo Sie heiraten k\u00f6nnen, welche Br\u00e4uche Sie bei Ihrer <a href=\"https:\/\/www.rauhes.de\/feierliche-anlaesse\/hochzeit\/\" target=\"_blank\" rel=\"noopener\"><strong>Hochzeit<\/strong><\/a> mit einplanen sollten und was Sie als Hochzeitsgast schenken k\u00f6nnen, erfahren Sie auf dieser Seite.<\/p>\n<\/div>\n<div class=\"my_left_colum\">\n<p><a class=\"vc_single_image-wrapper vc_box_border_grey\" href=\"https:\/\/www.rauhes.de\/cms\/trauer\/\" target=\"_self\" rel=\"noopener\"><img decoding=\"async\" class=\"vc_single_image-img attachment-thumbnail lazy error\" src=\"https:\/\/www.rauhes.de\/cms\/wp-content\/uploads\/2025\/06\/feierliche_anlaesse_trauer.jpg\" alt=\"\" width=\"150\" height=\"150\" align=\"left\" data-src=\"https:\/\/www.rauhes.de\/cms\/wp-content\/uploads\/2025\/06\/feierliche_anlaesse_trauer.jpg\" data-was-processed=\"true\" \/><\/a><\/p>\n<h2 class=\"start_liste\"><a href=\"https:\/\/www.rauhes.de\/cms\/trauer\/\">Trauer<\/a><\/h2>\n<p>Der Tod ist Teil des Lebens. Trotzdem f\u00e4llt der Abschied schwer. Warum trauern wir und wie verl\u00e4uft die <a href=\"https:\/\/www.rauhes.de\/feierliche-anlaesse\/trauer\/\" target=\"_blank\" rel=\"noopener\"><strong>Trauer<\/strong><\/a>? Wer kann den Trauernden unterst\u00fctzen und was kann ich als Au\u00dfenstehender tun?<\/p>\n<\/div>\n<\/div>\n","protected":false},"excerpt":{"rendered":"<p>Christliche Anl\u00e4sse im Lebenskreis Taufe Durch den festlichen Ritus wird der T\u00e4ufling in die christliche Gemeinde aufgenommen. Oft wird anschlie\u00dfend gefeiert, aber wie gestalten Sie die Feier und was k\u00f6nnen Sie als Gast zur Taufe schenken? Konfirmation Die Konfirmation ist eine feierliche Segenshandlung, die den \u00dcbertritt jugendlicher Christen in die Gemeinde der Erwachsenen markiert. Und [&hellip;]<\/p>\n","protected":false},"author":1,"featured_media":0,"parent":0,"menu_order":0,"comment_status":"closed","ping_status":"closed","template":"","meta":{"ngg_post_thumbnail":0,"footnotes":""},"class_list":["post-23892","page","type-page","status-publish","hentry"],"yoast_head":"<!-- This site is optimized with the Yoast SEO plugin v27.4 - https:\/\/yoast.com\/product\/yoast-seo-wordpress\/ -->\n<title>Die evangelische Kirche im Lebenskreis \u2013 rauhes.de<\/title>\n<meta name=\"description\" content=\"Taufe, Konfirmation, Hochzeit &amp; mehr: Wir stellen Ihnen die wichtigsten feierlichen Anl\u00e4sse im Leben eines Christen vor.\" \/>\n<meta name=\"robots\" content=\"index, follow, max-snippet:-1, max-image-preview:large, max-video-preview:-1\" \/>\n<link rel=\"canonical\" href=\"https:\/\/www.rauhes.de\/cms\/lebenskreis\/\" \/>\n<meta property=\"og:locale\" content=\"de_DE\" \/>\n<meta property=\"og:type\" content=\"article\" \/>\n<meta property=\"og:title\" content=\"Die evangelische Kirche im Lebenskreis \u2013 rauhes.de\" \/>\n<meta property=\"og:description\" content=\"Taufe, Konfirmation, Hochzeit &amp; mehr: Wir stellen Ihnen die wichtigsten feierlichen Anl\u00e4sse im Leben eines Christen vor.\" \/>\n<meta property=\"og:url\" content=\"https:\/\/www.rauhes.de\/cms\/lebenskreis\/\" \/>\n<meta property=\"og:site_name\" content=\"Infos zu feierlichen Anl\u00e4ssen wie Taufe, Konfirmation, Hochzeit &amp; Trauer\" \/>\n<meta property=\"article:modified_time\" content=\"2025-07-08T10:06:48+00:00\" \/>\n<meta property=\"og:image\" content=\"https:\/\/www.rauhes.de\/cms\/wp-content\/uploads\/2025\/06\/feierliche_anlaesse_taufe.jpg\" \/>\n<meta name=\"twitter:card\" content=\"summary_large_image\" \/>\n<meta name=\"twitter:label1\" content=\"Gesch\u00e4tzte Lesezeit\" \/>\n\t<meta name=\"twitter:data1\" content=\"1\u00a0Minute\" \/>\n<script type=\"application\/ld+json\" class=\"yoast-schema-graph\">{\"@context\":\"https:\\\/\\\/schema.org\",\"@graph\":[{\"@type\":\"WebPage\",\"@id\":\"https:\\\/\\\/www.rauhes.de\\\/cms\\\/lebenskreis\\\/\",\"url\":\"https:\\\/\\\/www.rauhes.de\\\/cms\\\/lebenskreis\\\/\",\"name\":\"Die evangelische Kirche im Lebenskreis \u2013 rauhes.de\",\"isPartOf\":{\"@id\":\"https:\\\/\\\/www.rauhes.de\\\/cms\\\/#website\"},\"primaryImageOfPage\":{\"@id\":\"https:\\\/\\\/www.rauhes.de\\\/cms\\\/lebenskreis\\\/#primaryimage\"},\"image\":{\"@id\":\"https:\\\/\\\/www.rauhes.de\\\/cms\\\/lebenskreis\\\/#primaryimage\"},\"thumbnailUrl\":\"https:\\\/\\\/www.rauhes.de\\\/cms\\\/wp-content\\\/uploads\\\/2025\\\/06\\\/feierliche_anlaesse_taufe.jpg\",\"datePublished\":\"2022-03-16T08:20:42+00:00\",\"dateModified\":\"2025-07-08T10:06:48+00:00\",\"description\":\"Taufe, Konfirmation, Hochzeit & mehr: Wir stellen Ihnen die wichtigsten feierlichen Anl\u00e4sse im Leben eines Christen vor.\",\"breadcrumb\":{\"@id\":\"https:\\\/\\\/www.rauhes.de\\\/cms\\\/lebenskreis\\\/#breadcrumb\"},\"inLanguage\":\"de\",\"potentialAction\":[{\"@type\":\"ReadAction\",\"target\":[\"https:\\\/\\\/www.rauhes.de\\\/cms\\\/lebenskreis\\\/\"]}]},{\"@type\":\"ImageObject\",\"inLanguage\":\"de\",\"@id\":\"https:\\\/\\\/www.rauhes.de\\\/cms\\\/lebenskreis\\\/#primaryimage\",\"url\":\"https:\\\/\\\/www.rauhes.de\\\/cms\\\/wp-content\\\/uploads\\\/2025\\\/06\\\/feierliche_anlaesse_taufe.jpg\",\"contentUrl\":\"https:\\\/\\\/www.rauhes.de\\\/cms\\\/wp-content\\\/uploads\\\/2025\\\/06\\\/feierliche_anlaesse_taufe.jpg\",\"width\":150,\"height\":150},{\"@type\":\"BreadcrumbList\",\"@id\":\"https:\\\/\\\/www.rauhes.de\\\/cms\\\/lebenskreis\\\/#breadcrumb\",\"itemListElement\":[{\"@type\":\"ListItem\",\"position\":1,\"name\":\"Startseite\",\"item\":\"https:\\\/\\\/www.rauhes.de\\\/cms\\\/\"},{\"@type\":\"ListItem\",\"position\":2,\"name\":\"Lebenskreis\"}]},{\"@type\":\"WebSite\",\"@id\":\"https:\\\/\\\/www.rauhes.de\\\/cms\\\/#website\",\"url\":\"https:\\\/\\\/www.rauhes.de\\\/cms\\\/\",\"name\":\"Infos zu feierlichen Anl\u00e4ssen wie Taufe, Konfirmation, Hochzeit &amp; Trauer\",\"description\":\"\",\"publisher\":{\"@id\":\"https:\\\/\\\/www.rauhes.de\\\/cms\\\/#organization\"},\"potentialAction\":[{\"@type\":\"SearchAction\",\"target\":{\"@type\":\"EntryPoint\",\"urlTemplate\":\"https:\\\/\\\/www.rauhes.de\\\/cms\\\/?s={search_term_string}\"},\"query-input\":{\"@type\":\"PropertyValueSpecification\",\"valueRequired\":true,\"valueName\":\"search_term_string\"}}],\"inLanguage\":\"de\"},{\"@type\":\"Organization\",\"@id\":\"https:\\\/\\\/www.rauhes.de\\\/cms\\\/#organization\",\"name\":\"rauhes.de\",\"url\":\"https:\\\/\\\/www.rauhes.de\\\/cms\\\/\",\"logo\":{\"@type\":\"ImageObject\",\"inLanguage\":\"de\",\"@id\":\"https:\\\/\\\/www.rauhes.de\\\/cms\\\/#\\\/schema\\\/logo\\\/image\\\/\",\"url\":\"https:\\\/\\\/www.rauhes.de\\\/cms\\\/wp-content\\\/uploads\\\/2021\\\/10\\\/2x_neu-2.png\",\"contentUrl\":\"https:\\\/\\\/www.rauhes.de\\\/cms\\\/wp-content\\\/uploads\\\/2021\\\/10\\\/2x_neu-2.png\",\"width\":300,\"height\":85,\"caption\":\"rauhes.de\"},\"image\":{\"@id\":\"https:\\\/\\\/www.rauhes.de\\\/cms\\\/#\\\/schema\\\/logo\\\/image\\\/\"}}]}<\/script>\n<!-- \/ Yoast SEO plugin. -->","yoast_head_json":{"title":"Die evangelische Kirche im Lebenskreis \u2013 rauhes.de","description":"Taufe, Konfirmation, Hochzeit & mehr: Wir stellen Ihnen die wichtigsten feierlichen Anl\u00e4sse im Leben eines Christen vor.","robots":{"index":"index","follow":"follow","max-snippet":"max-snippet:-1","max-image-preview":"max-image-preview:large","max-video-preview":"max-video-preview:-1"},"canonical":"https:\/\/www.rauhes.de\/cms\/lebenskreis\/","og_locale":"de_DE","og_type":"article","og_title":"Die evangelische Kirche im Lebenskreis \u2013 rauhes.de","og_description":"Taufe, Konfirmation, Hochzeit & mehr: Wir stellen Ihnen die wichtigsten feierlichen Anl\u00e4sse im Leben eines Christen vor.","og_url":"https:\/\/www.rauhes.de\/cms\/lebenskreis\/","og_site_name":"Infos zu feierlichen Anl\u00e4ssen wie Taufe, Konfirmation, Hochzeit &amp; Trauer","article_modified_time":"2025-07-08T10:06:48+00:00","og_image":[{"url":"https:\/\/www.rauhes.de\/cms\/wp-content\/uploads\/2025\/06\/feierliche_anlaesse_taufe.jpg","type":"","width":"","height":""}],"twitter_card":"summary_large_image","twitter_misc":{"Gesch\u00e4tzte Lesezeit":"1\u00a0Minute"},"schema":{"@context":"https:\/\/schema.org","@graph":[{"@type":"WebPage","@id":"https:\/\/www.rauhes.de\/cms\/lebenskreis\/","url":"https:\/\/www.rauhes.de\/cms\/lebenskreis\/","name":"Die evangelische Kirche im Lebenskreis \u2013 rauhes.de","isPartOf":{"@id":"https:\/\/www.rauhes.de\/cms\/#website"},"primaryImageOfPage":{"@id":"https:\/\/www.rauhes.de\/cms\/lebenskreis\/#primaryimage"},"image":{"@id":"https:\/\/www.rauhes.de\/cms\/lebenskreis\/#primaryimage"},"thumbnailUrl":"https:\/\/www.rauhes.de\/cms\/wp-content\/uploads\/2025\/06\/feierliche_anlaesse_taufe.jpg","datePublished":"2022-03-16T08:20:42+00:00","dateModified":"2025-07-08T10:06:48+00:00","description":"Taufe, Konfirmation, Hochzeit & mehr: Wir stellen Ihnen die wichtigsten feierlichen Anl\u00e4sse im Leben eines Christen vor.","breadcrumb":{"@id":"https:\/\/www.rauhes.de\/cms\/lebenskreis\/#breadcrumb"},"inLanguage":"de","potentialAction":[{"@type":"ReadAction","target":["https:\/\/www.rauhes.de\/cms\/lebenskreis\/"]}]},{"@type":"ImageObject","inLanguage":"de","@id":"https:\/\/www.rauhes.de\/cms\/lebenskreis\/#primaryimage","url":"https:\/\/www.rauhes.de\/cms\/wp-content\/uploads\/2025\/06\/feierliche_anlaesse_taufe.jpg","contentUrl":"https:\/\/www.rauhes.de\/cms\/wp-content\/uploads\/2025\/06\/feierliche_anlaesse_taufe.jpg","width":150,"height":150},{"@type":"BreadcrumbList","@id":"https:\/\/www.rauhes.de\/cms\/lebenskreis\/#breadcrumb","itemListElement":[{"@type":"ListItem","position":1,"name":"Startseite","item":"https:\/\/www.rauhes.de\/cms\/"},{"@type":"ListItem","position":2,"name":"Lebenskreis"}]},{"@type":"WebSite","@id":"https:\/\/www.rauhes.de\/cms\/#website","url":"https:\/\/www.rauhes.de\/cms\/","name":"Infos zu feierlichen Anl\u00e4ssen wie Taufe, Konfirmation, Hochzeit &amp; Trauer","description":"","publisher":{"@id":"https:\/\/www.rauhes.de\/cms\/#organization"},"potentialAction":[{"@type":"SearchAction","target":{"@type":"EntryPoint","urlTemplate":"https:\/\/www.rauhes.de\/cms\/?s={search_term_string}"},"query-input":{"@type":"PropertyValueSpecification","valueRequired":true,"valueName":"search_term_string"}}],"inLanguage":"de"},{"@type":"Organization","@id":"https:\/\/www.rauhes.de\/cms\/#organization","name":"rauhes.de","url":"https:\/\/www.rauhes.de\/cms\/","logo":{"@type":"ImageObject","inLanguage":"de","@id":"https:\/\/www.rauhes.de\/cms\/#\/schema\/logo\/image\/","url":"https:\/\/www.rauhes.de\/cms\/wp-content\/uploads\/2021\/10\/2x_neu-2.png","contentUrl":"https:\/\/www.rauhes.de\/cms\/wp-content\/uploads\/2021\/10\/2x_neu-2.png","width":300,"height":85,"caption":"rauhes.de"},"image":{"@id":"https:\/\/www.rauhes.de\/cms\/#\/schema\/logo\/image\/"}}]}},"_links":{"self":[{"href":"https:\/\/www.rauhes.de\/cms\/wp-json\/wp\/v2\/pages\/23892","targetHints":{"allow":["GET"]}}],"collection":[{"href":"https:\/\/www.rauhes.de\/cms\/wp-json\/wp\/v2\/pages"}],"about":[{"href":"https:\/\/www.rauhes.de\/cms\/wp-json\/wp\/v2\/types\/page"}],"author":[{"embeddable":true,"href":"https:\/\/www.rauhes.de\/cms\/wp-json\/wp\/v2\/users\/1"}],"replies":[{"embeddable":true,"href":"https:\/\/www.rauhes.de\/cms\/wp-json\/wp\/v2\/comments?post=23892"}],"version-history":[{"count":8,"href":"https:\/\/www.rauhes.de\/cms\/wp-json\/wp\/v2\/pages\/23892\/revisions"}],"predecessor-version":[{"id":150890,"href":"https:\/\/www.rauhes.de\/cms\/wp-json\/wp\/v2\/pages\/23892\/revisions\/150890"}],"wp:attachment":[{"href":"https:\/\/www.rauhes.de\/cms\/wp-json\/wp\/v2\/media?parent=23892"}],"curies":[{"name":"wp","href":"https:\/\/api.w.org\/{rel}","templated":true}]}}