{"id":188871,"date":"2026-02-10T09:14:56","date_gmt":"2026-02-10T08:14:56","guid":{"rendered":"https:\/\/www.rauhes.de\/cms\/?page_id=188871"},"modified":"2026-02-10T10:23:47","modified_gmt":"2026-02-10T09:23:47","slug":"2026-2","status":"publish","type":"page","link":"https:\/\/www.rauhes.de\/cms\/jahreskreis\/jahreslosung\/2026-2\/","title":{"rendered":"Jahreslosung 2026"},"content":{"rendered":"\n<h1 class=\"wp-block-heading\">Jahreslosung 2026: Auslegung &amp; Bild<\/h1>\n\n\n\n<div style=\"height:20px\" aria-hidden=\"true\" class=\"wp-block-spacer\"><\/div>\n\n\n\n<p class=\"has-medium-font-size\" style=\"font-style:italic;font-weight:500\">Gott spricht: Siehe, ich mache alles neu!\u00a0<\/p>\n\n\n\n<p style=\"font-size:14px\">Offenbarung 21,5\u00a0<\/p>\n\n\n\n<div style=\"height:10px\" aria-hidden=\"true\" class=\"wp-block-spacer\"><\/div>\n\n\n\n<div class=\"wp-block-columns is-layout-flex wp-container-core-columns-is-layout-9d6595d7 wp-block-columns-is-layout-flex\">\n<div class=\"wp-block-column is-layout-flow wp-block-column-is-layout-flow\" style=\"flex-basis:100%\">\n<div class=\"wp-block-columns is-layout-flex wp-container-core-columns-is-layout-9d6595d7 wp-block-columns-is-layout-flex\">\n<div class=\"wp-block-column is-layout-flow wp-block-column-is-layout-flow\">\n<h2 class=\"wp-block-heading\">Motiv der Agentur des Rauhen Hauses<\/h2>\n\n\n\n<div style=\"height:5px\" aria-hidden=\"true\" class=\"wp-block-spacer\"><\/div>\n\n\n\n<figure class=\"wp-block-image size-full\"><img decoding=\"async\" width=\"600\" height=\"841\" src=\"https:\/\/www.rauhes.de\/cms\/wp-content\/uploads\/2026\/02\/Jahreslosungsmotiv-2026-gr.jpg\" alt=\"\" class=\"wp-image-188889\" srcset=\"https:\/\/www.rauhes.de\/cms\/wp-content\/uploads\/2026\/02\/Jahreslosungsmotiv-2026-gr.jpg 600w, https:\/\/www.rauhes.de\/cms\/wp-content\/uploads\/2026\/02\/Jahreslosungsmotiv-2026-gr-214x300.jpg 214w\" sizes=\"(max-width: 600px) 100vw, 600px\" \/><\/figure>\n<\/div>\n\n\n\n<div class=\"wp-block-column is-layout-flow wp-block-column-is-layout-flow\">\n<h2 class=\"wp-block-heading\">Gedanken zur Jahreslosung 2026\u00a0<br>von Hannes Schott\u00a0<\/h2>\n\n\n\n<div style=\"height:5px\" aria-hidden=\"true\" class=\"wp-block-spacer\"><\/div>\n\n\n\n<p>Alles neu? Licht durchbricht das Bild aus dem Kreis in<br>der Mitte. Eine friedliche Wirkung haben diese Wei\u00dft\u00f6ne,<br>die das Bild erstrahlen lassen. Die komplement\u00e4ren Farbpaare<br>Rot-Gr\u00fcn und Blau-Orange lassen die Farben an diesen Stellen<br>besonders leuchten. Durch die runden Formen kommt<br>Bewegung und Energie in das Bild.<\/p>\n\n\n\n<p>Im Bild des K\u00fcnstlers Michael Willfort zur Jahreslosung<br>2026 ist aber nicht alles neu. Er hat bekannte Symbole<br>gemalt und vertraute Farben verwendet: Am Kreuz ist Jesus<br>gestorben, die Regenbogenfarben erinnern an den Bund<br>Gottes mit den Menschen nach der Sintflut.<br><br>Also ist nicht alles neu? Das w\u00e4re auch gegen den Trend:<br>Viele entr\u00fcmpeln bewusst ihr Leben so wie ihren Keller. Aus<br>\u00f6kologischen und \u00e4sthetischen Gr\u00fcnden wird ,Upcycling\u2018 von<br>Bestehendem praktiziert. Beim ,Upcycling\u2018 \u2013 von englisch ,nach<br>oben\u2018 und griechisch ,kyklos\u2018: der Kreis \u2013 werden bestehende<br>Stoffe und M\u00f6bel aufgewertet zu neuwertigen Liebhaberst\u00fc-<br>cken. Aus alten Holzpaletten werden M\u00f6bel, aus LKW-Planen<br>Taschen und aus alten Flaschen sch\u00f6ne Lampen. Etwas Neues<br>\u2013 aus Altem, Bestehendem.<br><br>Und hat der Verfasser Johannes in unserer Jahreslosung<br>aus der Offenbarung wirklich etwas ganz Neues versprochen?<br>Er wollte wohl eher frischen Hoffnungswind f\u00fcr mutlose<br>Christinnen und Christen. <\/p>\n\n\n\n<p><\/p>\n<\/div>\n<\/div>\n\n\n\n<p>Generationen von Menschen hat die Offenbarung des Johannes mit ihren schweren Bildern Angst gemacht, dabei ist sie eigentlich als Trostb\u00fcchlein gedacht. Der Autor ist vermutlich nicht der Evangelist oder J\u00fcnger Johannes, sondern ein r\u00f6mischer Staatsb\u00fcrger \u2013 der irgendwann \u00c4rger mit dem Staat bekam. Er war n\u00e4mlich Christ und dazu Seher und Vision\u00e4r. Er hatte viel durchmachen m\u00fcssen. Im Rahmen einer Christenverfolgung im R\u00f6mischen Reich hatte er wohl hautnah erlebt, was es hei\u00dft, geliebte Menschen zu verlieren. Viele Menschen aus seiner Familie, seinem Freundeskreis und seiner Gemeinde wurden get\u00f6tet. Dazu war Johannes auf eine einsame Insel mit Namen Patmos verbannt worden. Dort fristete er sein trauriges, einsames Dasein, getrennt von seinen Lieben \u2026 bis er eine Vision hatte. Der Inhalt dieser Vision ist: Gott k\u00fcmmert sich um seine Kirche und die Gl\u00e4ubigen. Gott hat einen guten Plan und ein gutes Ende f\u00fcr uns alle. Johannes z\u00fcckt die Feder und schreibt diese Vision auf. Es wird neu gedeutet. Die Situation bekommt ihr ,Upcycling\u2018. Und er verpackt sie in eine literarische Form, die im ersten Jahrhundert weit verbreitet war: eine Offenbarung. Das ist eine mit vielen Anspielungen aufs Alte Testament gespickte Geheimsprache. <br><br>Was er verk\u00fcndigt, ist aber auch heute noch topaktuell. Gott hat mit uns etwas ganz Wundervolles vor: \u201eUnd Gott wird abwischen alle Tr\u00e4nen von ihren Augen, und der Tod wird nicht mehr sein, noch Leid noch Geschrei noch Schmerz wird mehr sein\u201c (Offenbarung 21,4). Das hat den verfolgten Christinnen und Christen sicher gro\u00dfe Hoffnung gemacht. <br><br>Wenn Gott in der Offenbarung verspricht: \u201eSiehe, ich mache alles neu\u201c, hei\u00dft es nicht, dass alles Vergangene vorbei und vergessen ist. Auch Jesus selbst trug nach seiner Auferstehung mit den Wundmalen Zeichen seines Leidens. Erfahrungen und Erinnerungen bleiben bestehen, aber sie bekommen neuen Sinn. Manche vermeintlichen Wertstoffe sind allerdings auch f\u00fcrs ,Upcycling\u2018 nicht mehr zu gebrauchen. Die k\u00f6nnen als \u00fcberfl\u00fcssig losgelassen werden \u2013 in der Kirche und im Leben. <br><br>Im Bild scheint dieser Kreis in der Mitte eine weitere Dimension zu er\u00f6ffnen \u2013 eine Tiefe, aus der die Strahlen herausbrechen. Gottes Wirklichkeit strahlt als Neues in unsere Wirklichkeit hinein und bringt neue Hoffnung, neue Gedanken, neues Leben. Eine Hoffnung f\u00fcr die Kirche und f\u00fcrs Leben: In allen Traditionen und aller Geschichte kommt immer etwas Neues dazu \u2013 von oben. Gott sorgt f\u00fcr ein st\u00e4ndiges ,Upcycling\u2018.<\/p>\n\n\n\n<p><strong>Jetzt die Auslegung kostenlos als PDF herunterladen!<\/strong><\/p>\n\n\n\n<div class=\"tb-button\" data-toolset-blocks-button=\"6b143f485239f9f9c910537198189988\"><a class=\"tb-button__link\" href=\"https:\/\/www.rauhes.de\/media\/Beileger_PC-Karte_Jahreslosung_2026_fuer_rauhes_de.pdf\" target=\"_blank\"><i class=\"tb-button__icon\"><\/i><span class=\"tb-button__content\">Jahreslosung 2026 Download<\/span><\/a><\/div>\n<\/div>\n<\/div>\n\n\n\n<div style=\"height:30px\" aria-hidden=\"true\" class=\"wp-block-spacer\"><\/div>\n\n\n\n<h2 class=\"wp-block-heading\">Aktuelle Jahreslosung bei rauhes.de&nbsp;<\/h2>\n\n\n\n<div class=\"wp-block-columns is-layout-flex wp-container-core-columns-is-layout-9d6595d7 wp-block-columns-is-layout-flex\">\n<div class=\"wp-block-column is-layout-flow wp-block-column-is-layout-flow\">\n<p>Wir bieten Ihnen j\u00e4hrlich ein neues, hauseigenes Motiv der Agentur des Rauhen Hauses sowie weitere Jahreslosungsmotive. In unserem Shop finden Sie Geschenke zur Jahreslosung, beispielsweise Poster, Lesezeichen, Weine mit entsprechendem Etikett und vieles mehr.&nbsp;<\/p>\n\n\n\n<div class=\"tb-button\" data-toolset-blocks-button=\"9e5302a1c0e9b9b463e6d8c77f7a763f\"><a class=\"tb-button__link\" href=\"https:\/\/www.rauhes.de\/kalender-und-jahreslosung\/jahreslosungen\/\"><i class=\"tb-button__icon\"><\/i><span class=\"tb-button__content\">Produkte zur Jahreslosung entdecken<\/span><\/a><\/div>\n<\/div>\n\n\n\n<div class=\"wp-block-column is-layout-flow wp-block-column-is-layout-flow\"><center><div class=\"row product-filter-target productlist productlist-viewmode productlist-viewmode-list\">\r\n        \r\n                    \r\n                    \r\n                    \r\n                    \r\n                    \r\n                    \r\n                    \r\n                    \r\n                    \r\n                    \r\n                    \r\n                    \r\n                    \r\n                    \r\n                    \r\n                    \r\n                    \r\n                    \r\n                    \r\n                    \r\n                    \r\n                    \r\n                    \r\n                    \r\n                    \r\n                    \r\n                    \r\n                    \r\n                    \r\n                    \r\n                    \r\n                    \r\n                    \r\n                    \r\n                    \r\n                    \r\n                    \r\n                    \r\n                                    <div class=\"product-container\">\r\n                    <form class=\"product-tile no-status-check\">\r\n                        <div class=\"inside\">\r\n                            <div class=\"content-container\">\r\n                                <div class=\"content-container-inner\">\r\n                                    <figure class=\"image\" id=\"\">\r\n\t\t\t\t\t\t\t\t\t\t\t<span title=\"JL 2027 Kunst Postkarte (10 ST.) Motiv: Glaube\" class=\"product-hover-main-image product-image\">\r\n                                                <a href=\"https:\/\/www.rauhes.de\/jl-2027-kunst-postkarte-10-st-motiv-glaube.html?refID=40\" title=\"JL 2027 Kunst Postkarte (10 ST.) Motiv: Glaube\" class=\"product-url\">\r\n                                                    <img decoding=\"async\" src=\"https:\/\/www.rauhes.de\/images\/product_images\/thumbnail_images\/jl-2027-kunst-postkarte-10-st-motiv-glaube-139589-1.jpg\" alt=\"JL 2027 Kunst Postkarte (10 ST.) Motiv: Glaube\"><\/a>\r\n                                            <\/span>\r\n                                                                                    <div class=\"ribbons\">\r\n                                                <div class=\"ribbon-new\">\r\n                                                    <span>NEU<\/span>\r\n                                                <\/div>\r\n                                                                                            <\/div>\r\n                                                                            <\/figure>\r\n                                    <div class=\"title-description\">\r\n                                        <div class=\"title\">\r\n                                            <a href=\"https:\/\/www.rauhes.de\/jl-2027-kunst-postkarte-10-st-motiv-glaube.html?refID=40\" title=\"JL 2027 Kunst Postkarte (10 ST.) Motiv: Glaube\" class=\"product-url\">\r\n                                                JL 2027 Kunst Postkarte (10 ST.) Motiv: Glaube                                            <\/a>\r\n                                        <\/div>\r\n                                        <div class=\"description hidden-grid\">\r\n                                            Lieferung in P\u00e4ckchen zu 10 St\u00fcck<br \/>Bei Bestellung bitte die Anzahl der P\u00e4ckchen angeben                                        <\/div>\r\n                                    <\/div><!-- \/\/ .title-description -->\r\n                                    <div class=\"price-tax\">\r\n\t\t\t\t\t\t\t\t\t\r\n                                        <div class=\"rating-container\">\r\n\t\t\t\t\t\t\t\t\t\t\t\r\n                                        <\/div>\r\n\t\t\t\t\t\t\t\t\t\r\n                                        <div class=\"price\">\r\n                                            <span class=\"current-price-container\" title=\"JL 2027 Kunst Postkarte (10 ST.) Motiv: Glaube\"><span class=\"rhs_lowest\">ab 4,50 EUR<\/span><b>Einzelpreis:<\/b> 6,00 EUR<\/span>\r\n                                        <\/div>\r\n                                        <div class=\"tax-shipping-hint\">\r\n                                            <div class=\"tax\">inkl. 19% MwSt.                                                <a class=\"gm_shipping_link lightbox_iframe\" href=\"https:\/\/www.rauhes.de\/popup\/Versand-und-Zahlungsbedingungen.html\" target=\"_blank\" data-modal-settings=\"{&quot;title&quot;:&quot;Versand&quot;, &quot;sectionSelector&quot;: &quot;.content_text&quot;, &quot;bootstrapClass&quot;: &quot;modal-lg&quot;}\">\r\n                                                    <span style=\"text-decoration:underline\">Versand<\/span>\r\n                                                <\/a>\r\n                                            <\/div>\r\n                                        <\/div>\r\n\r\n                                    <\/div><!-- \/\/ .price-tax -->\r\n                                <\/div><!-- \/\/ .content-container-inner -->\r\n                            <\/div><!-- \/\/ .content-container -->\r\n                        <\/div><!-- \/\/ .inside -->\r\n                    <\/form>\r\n                <\/div>\r\n                <\/div><\/center><div style=\"clear: both;\"><\/div>\n<\/div>\n<\/div>\n","protected":false},"excerpt":{"rendered":"<p>Jahreslosung 2026: Auslegung &amp; Bild Gott spricht: Siehe, ich mache alles neu!\u00a0 Offenbarung 21,5\u00a0 Motiv der Agentur des Rauhen Hauses Gedanken zur Jahreslosung 2026\u00a0von Hannes Schott\u00a0 Alles neu? Licht durchbricht das Bild aus dem Kreis inder Mitte. Eine friedliche Wirkung haben diese Wei\u00dft\u00f6ne,die das Bild erstrahlen lassen. Die komplement\u00e4ren FarbpaareRot-Gr\u00fcn und Blau-Orange lassen die Farben [&hellip;]<\/p>\n","protected":false},"author":1,"featured_media":0,"parent":56768,"menu_order":0,"comment_status":"closed","ping_status":"closed","template":"","meta":{"ngg_post_thumbnail":0,"footnotes":""},"class_list":["post-188871","page","type-page","status-publish","hentry"],"yoast_head":"<!-- This site is optimized with the Yoast SEO plugin v27.3 - https:\/\/yoast.com\/product\/yoast-seo-wordpress\/ -->\n<title>Jahreslosung 2026 - Infos zu feierlichen Anl\u00e4ssen wie Taufe, Konfirmation, Hochzeit &amp; Trauer<\/title>\n<meta name=\"robots\" content=\"index, follow, max-snippet:-1, max-image-preview:large, max-video-preview:-1\" \/>\n<link rel=\"canonical\" href=\"https:\/\/www.rauhes.de\/cms\/jahreskreis\/jahreslosung\/2026-2\/\" \/>\n<meta property=\"og:locale\" content=\"de_DE\" \/>\n<meta property=\"og:type\" content=\"article\" \/>\n<meta property=\"og:title\" content=\"Jahreslosung 2026 - Infos zu feierlichen Anl\u00e4ssen wie Taufe, Konfirmation, Hochzeit &amp; Trauer\" \/>\n<meta property=\"og:description\" content=\"Jahreslosung 2026: Auslegung &amp; Bild Gott spricht: Siehe, ich mache alles neu!\u00a0 Offenbarung 21,5\u00a0 Motiv der Agentur des Rauhen Hauses Gedanken zur Jahreslosung 2026\u00a0von Hannes Schott\u00a0 Alles neu? Licht durchbricht das Bild aus dem Kreis inder Mitte. Eine friedliche Wirkung haben diese Wei\u00dft\u00f6ne,die das Bild erstrahlen lassen. Die komplement\u00e4ren FarbpaareRot-Gr\u00fcn und Blau-Orange lassen die Farben [&hellip;]\" \/>\n<meta property=\"og:url\" content=\"https:\/\/www.rauhes.de\/cms\/jahreskreis\/jahreslosung\/2026-2\/\" \/>\n<meta property=\"og:site_name\" content=\"Infos zu feierlichen Anl\u00e4ssen wie Taufe, Konfirmation, Hochzeit &amp; Trauer\" \/>\n<meta property=\"article:modified_time\" content=\"2026-02-10T09:23:47+00:00\" \/>\n<meta property=\"og:image\" content=\"https:\/\/www.rauhes.de\/cms\/wp-content\/uploads\/2026\/02\/Jahreslosungsmotiv-2026-gr.jpg\" \/>\n\t<meta property=\"og:image:width\" content=\"600\" \/>\n\t<meta property=\"og:image:height\" content=\"841\" \/>\n\t<meta property=\"og:image:type\" content=\"image\/jpeg\" \/>\n<meta name=\"twitter:card\" content=\"summary_large_image\" \/>\n<meta name=\"twitter:label1\" content=\"Gesch\u00e4tzte Lesezeit\" \/>\n\t<meta name=\"twitter:data1\" content=\"3\u00a0Minuten\" \/>\n<script type=\"application\/ld+json\" class=\"yoast-schema-graph\">{\"@context\":\"https:\\\/\\\/schema.org\",\"@graph\":[{\"@type\":\"WebPage\",\"@id\":\"https:\\\/\\\/www.rauhes.de\\\/cms\\\/jahreskreis\\\/jahreslosung\\\/2026-2\\\/\",\"url\":\"https:\\\/\\\/www.rauhes.de\\\/cms\\\/jahreskreis\\\/jahreslosung\\\/2026-2\\\/\",\"name\":\"Jahreslosung 2026 - Infos zu feierlichen Anl\u00e4ssen wie Taufe, Konfirmation, Hochzeit &amp; Trauer\",\"isPartOf\":{\"@id\":\"https:\\\/\\\/www.rauhes.de\\\/cms\\\/#website\"},\"primaryImageOfPage\":{\"@id\":\"https:\\\/\\\/www.rauhes.de\\\/cms\\\/jahreskreis\\\/jahreslosung\\\/2026-2\\\/#primaryimage\"},\"image\":{\"@id\":\"https:\\\/\\\/www.rauhes.de\\\/cms\\\/jahreskreis\\\/jahreslosung\\\/2026-2\\\/#primaryimage\"},\"thumbnailUrl\":\"https:\\\/\\\/www.rauhes.de\\\/cms\\\/wp-content\\\/uploads\\\/2026\\\/02\\\/Jahreslosungsmotiv-2026-gr.jpg\",\"datePublished\":\"2026-02-10T08:14:56+00:00\",\"dateModified\":\"2026-02-10T09:23:47+00:00\",\"breadcrumb\":{\"@id\":\"https:\\\/\\\/www.rauhes.de\\\/cms\\\/jahreskreis\\\/jahreslosung\\\/2026-2\\\/#breadcrumb\"},\"inLanguage\":\"de\",\"potentialAction\":[{\"@type\":\"ReadAction\",\"target\":[\"https:\\\/\\\/www.rauhes.de\\\/cms\\\/jahreskreis\\\/jahreslosung\\\/2026-2\\\/\"]}]},{\"@type\":\"ImageObject\",\"inLanguage\":\"de\",\"@id\":\"https:\\\/\\\/www.rauhes.de\\\/cms\\\/jahreskreis\\\/jahreslosung\\\/2026-2\\\/#primaryimage\",\"url\":\"https:\\\/\\\/www.rauhes.de\\\/cms\\\/wp-content\\\/uploads\\\/2026\\\/02\\\/Jahreslosungsmotiv-2026-gr.jpg\",\"contentUrl\":\"https:\\\/\\\/www.rauhes.de\\\/cms\\\/wp-content\\\/uploads\\\/2026\\\/02\\\/Jahreslosungsmotiv-2026-gr.jpg\",\"width\":600,\"height\":841},{\"@type\":\"BreadcrumbList\",\"@id\":\"https:\\\/\\\/www.rauhes.de\\\/cms\\\/jahreskreis\\\/jahreslosung\\\/2026-2\\\/#breadcrumb\",\"itemListElement\":[{\"@type\":\"ListItem\",\"position\":1,\"name\":\"Startseite\",\"item\":\"https:\\\/\\\/www.rauhes.de\\\/cms\\\/\"},{\"@type\":\"ListItem\",\"position\":2,\"name\":\"Jahreskreis\",\"item\":\"https:\\\/\\\/www.rauhes.de\\\/cms\\\/jahreskreis\\\/\"},{\"@type\":\"ListItem\",\"position\":3,\"name\":\"Jahreslosung\",\"item\":\"https:\\\/\\\/www.rauhes.de\\\/cms\\\/jahreskreis\\\/jahreslosung\\\/\"},{\"@type\":\"ListItem\",\"position\":4,\"name\":\"Jahreslosung 2026\"}]},{\"@type\":\"WebSite\",\"@id\":\"https:\\\/\\\/www.rauhes.de\\\/cms\\\/#website\",\"url\":\"https:\\\/\\\/www.rauhes.de\\\/cms\\\/\",\"name\":\"Infos zu feierlichen Anl\u00e4ssen wie Taufe, Konfirmation, Hochzeit &amp; Trauer\",\"description\":\"\",\"publisher\":{\"@id\":\"https:\\\/\\\/www.rauhes.de\\\/cms\\\/#organization\"},\"potentialAction\":[{\"@type\":\"SearchAction\",\"target\":{\"@type\":\"EntryPoint\",\"urlTemplate\":\"https:\\\/\\\/www.rauhes.de\\\/cms\\\/?s={search_term_string}\"},\"query-input\":{\"@type\":\"PropertyValueSpecification\",\"valueRequired\":true,\"valueName\":\"search_term_string\"}}],\"inLanguage\":\"de\"},{\"@type\":\"Organization\",\"@id\":\"https:\\\/\\\/www.rauhes.de\\\/cms\\\/#organization\",\"name\":\"rauhes.de\",\"url\":\"https:\\\/\\\/www.rauhes.de\\\/cms\\\/\",\"logo\":{\"@type\":\"ImageObject\",\"inLanguage\":\"de\",\"@id\":\"https:\\\/\\\/www.rauhes.de\\\/cms\\\/#\\\/schema\\\/logo\\\/image\\\/\",\"url\":\"https:\\\/\\\/www.rauhes.de\\\/cms\\\/wp-content\\\/uploads\\\/2021\\\/10\\\/2x_neu-2.png\",\"contentUrl\":\"https:\\\/\\\/www.rauhes.de\\\/cms\\\/wp-content\\\/uploads\\\/2021\\\/10\\\/2x_neu-2.png\",\"width\":300,\"height\":85,\"caption\":\"rauhes.de\"},\"image\":{\"@id\":\"https:\\\/\\\/www.rauhes.de\\\/cms\\\/#\\\/schema\\\/logo\\\/image\\\/\"}}]}<\/script>\n<!-- \/ Yoast SEO plugin. -->","yoast_head_json":{"title":"Jahreslosung 2026 - Infos zu feierlichen Anl\u00e4ssen wie Taufe, Konfirmation, Hochzeit &amp; Trauer","robots":{"index":"index","follow":"follow","max-snippet":"max-snippet:-1","max-image-preview":"max-image-preview:large","max-video-preview":"max-video-preview:-1"},"canonical":"https:\/\/www.rauhes.de\/cms\/jahreskreis\/jahreslosung\/2026-2\/","og_locale":"de_DE","og_type":"article","og_title":"Jahreslosung 2026 - Infos zu feierlichen Anl\u00e4ssen wie Taufe, Konfirmation, Hochzeit &amp; Trauer","og_description":"Jahreslosung 2026: Auslegung &amp; Bild Gott spricht: Siehe, ich mache alles neu!\u00a0 Offenbarung 21,5\u00a0 Motiv der Agentur des Rauhen Hauses Gedanken zur Jahreslosung 2026\u00a0von Hannes Schott\u00a0 Alles neu? Licht durchbricht das Bild aus dem Kreis inder Mitte. Eine friedliche Wirkung haben diese Wei\u00dft\u00f6ne,die das Bild erstrahlen lassen. Die komplement\u00e4ren FarbpaareRot-Gr\u00fcn und Blau-Orange lassen die Farben [&hellip;]","og_url":"https:\/\/www.rauhes.de\/cms\/jahreskreis\/jahreslosung\/2026-2\/","og_site_name":"Infos zu feierlichen Anl\u00e4ssen wie Taufe, Konfirmation, Hochzeit &amp; Trauer","article_modified_time":"2026-02-10T09:23:47+00:00","og_image":[{"width":600,"height":841,"url":"https:\/\/www.rauhes.de\/cms\/wp-content\/uploads\/2026\/02\/Jahreslosungsmotiv-2026-gr.jpg","type":"image\/jpeg"}],"twitter_card":"summary_large_image","twitter_misc":{"Gesch\u00e4tzte Lesezeit":"3\u00a0Minuten"},"schema":{"@context":"https:\/\/schema.org","@graph":[{"@type":"WebPage","@id":"https:\/\/www.rauhes.de\/cms\/jahreskreis\/jahreslosung\/2026-2\/","url":"https:\/\/www.rauhes.de\/cms\/jahreskreis\/jahreslosung\/2026-2\/","name":"Jahreslosung 2026 - Infos zu feierlichen Anl\u00e4ssen wie Taufe, Konfirmation, Hochzeit &amp; Trauer","isPartOf":{"@id":"https:\/\/www.rauhes.de\/cms\/#website"},"primaryImageOfPage":{"@id":"https:\/\/www.rauhes.de\/cms\/jahreskreis\/jahreslosung\/2026-2\/#primaryimage"},"image":{"@id":"https:\/\/www.rauhes.de\/cms\/jahreskreis\/jahreslosung\/2026-2\/#primaryimage"},"thumbnailUrl":"https:\/\/www.rauhes.de\/cms\/wp-content\/uploads\/2026\/02\/Jahreslosungsmotiv-2026-gr.jpg","datePublished":"2026-02-10T08:14:56+00:00","dateModified":"2026-02-10T09:23:47+00:00","breadcrumb":{"@id":"https:\/\/www.rauhes.de\/cms\/jahreskreis\/jahreslosung\/2026-2\/#breadcrumb"},"inLanguage":"de","potentialAction":[{"@type":"ReadAction","target":["https:\/\/www.rauhes.de\/cms\/jahreskreis\/jahreslosung\/2026-2\/"]}]},{"@type":"ImageObject","inLanguage":"de","@id":"https:\/\/www.rauhes.de\/cms\/jahreskreis\/jahreslosung\/2026-2\/#primaryimage","url":"https:\/\/www.rauhes.de\/cms\/wp-content\/uploads\/2026\/02\/Jahreslosungsmotiv-2026-gr.jpg","contentUrl":"https:\/\/www.rauhes.de\/cms\/wp-content\/uploads\/2026\/02\/Jahreslosungsmotiv-2026-gr.jpg","width":600,"height":841},{"@type":"BreadcrumbList","@id":"https:\/\/www.rauhes.de\/cms\/jahreskreis\/jahreslosung\/2026-2\/#breadcrumb","itemListElement":[{"@type":"ListItem","position":1,"name":"Startseite","item":"https:\/\/www.rauhes.de\/cms\/"},{"@type":"ListItem","position":2,"name":"Jahreskreis","item":"https:\/\/www.rauhes.de\/cms\/jahreskreis\/"},{"@type":"ListItem","position":3,"name":"Jahreslosung","item":"https:\/\/www.rauhes.de\/cms\/jahreskreis\/jahreslosung\/"},{"@type":"ListItem","position":4,"name":"Jahreslosung 2026"}]},{"@type":"WebSite","@id":"https:\/\/www.rauhes.de\/cms\/#website","url":"https:\/\/www.rauhes.de\/cms\/","name":"Infos zu feierlichen Anl\u00e4ssen wie Taufe, Konfirmation, Hochzeit &amp; Trauer","description":"","publisher":{"@id":"https:\/\/www.rauhes.de\/cms\/#organization"},"potentialAction":[{"@type":"SearchAction","target":{"@type":"EntryPoint","urlTemplate":"https:\/\/www.rauhes.de\/cms\/?s={search_term_string}"},"query-input":{"@type":"PropertyValueSpecification","valueRequired":true,"valueName":"search_term_string"}}],"inLanguage":"de"},{"@type":"Organization","@id":"https:\/\/www.rauhes.de\/cms\/#organization","name":"rauhes.de","url":"https:\/\/www.rauhes.de\/cms\/","logo":{"@type":"ImageObject","inLanguage":"de","@id":"https:\/\/www.rauhes.de\/cms\/#\/schema\/logo\/image\/","url":"https:\/\/www.rauhes.de\/cms\/wp-content\/uploads\/2021\/10\/2x_neu-2.png","contentUrl":"https:\/\/www.rauhes.de\/cms\/wp-content\/uploads\/2021\/10\/2x_neu-2.png","width":300,"height":85,"caption":"rauhes.de"},"image":{"@id":"https:\/\/www.rauhes.de\/cms\/#\/schema\/logo\/image\/"}}]}},"_links":{"self":[{"href":"https:\/\/www.rauhes.de\/cms\/wp-json\/wp\/v2\/pages\/188871","targetHints":{"allow":["GET"]}}],"collection":[{"href":"https:\/\/www.rauhes.de\/cms\/wp-json\/wp\/v2\/pages"}],"about":[{"href":"https:\/\/www.rauhes.de\/cms\/wp-json\/wp\/v2\/types\/page"}],"author":[{"embeddable":true,"href":"https:\/\/www.rauhes.de\/cms\/wp-json\/wp\/v2\/users\/1"}],"replies":[{"embeddable":true,"href":"https:\/\/www.rauhes.de\/cms\/wp-json\/wp\/v2\/comments?post=188871"}],"version-history":[{"count":5,"href":"https:\/\/www.rauhes.de\/cms\/wp-json\/wp\/v2\/pages\/188871\/revisions"}],"predecessor-version":[{"id":188892,"href":"https:\/\/www.rauhes.de\/cms\/wp-json\/wp\/v2\/pages\/188871\/revisions\/188892"}],"up":[{"embeddable":true,"href":"https:\/\/www.rauhes.de\/cms\/wp-json\/wp\/v2\/pages\/56768"}],"wp:attachment":[{"href":"https:\/\/www.rauhes.de\/cms\/wp-json\/wp\/v2\/media?parent=188871"}],"curies":[{"name":"wp","href":"https:\/\/api.w.org\/{rel}","templated":true}]}}