{"id":150982,"date":"2025-11-28T07:45:58","date_gmt":"2025-11-28T06:45:58","guid":{"rendered":"https:\/\/www.rauhes.de\/cms\/?page_id=150982"},"modified":"2025-11-28T07:46:25","modified_gmt":"2025-11-28T06:46:25","slug":"startseite-ohne-adventskalender-gewinnspiel-2025","status":"publish","type":"page","link":"https:\/\/www.rauhes.de\/cms\/startseite-ohne-adventskalender-gewinnspiel-2025\/","title":{"rendered":"Startseite ohne Adventskalender-Gewinnspiel 2025"},"content":{"rendered":"<div class=\"wpb_wrapper\">\n<h1 style=\"display: inline-block!important;\">Informationen und Inspirationen rund um die christlichen Feiertage<\/h1>\n<p>Herzlich Willkommen auf rauhes.de \u2013 Ihrem Online-Shop f\u00fcr christlichen B\u00fccher und Geschenke<\/p>\n<p>Christliche Rituale und Anl\u00e4sse sind so vielseitig wie das Leben selbst. Auf dieser Seite finden Sie Informationen zu verschiedenen christlichen Themen sowie Inspiration f\u00fcr die Planung, Umsetzung und Dekoration Ihrer eigenen Feier.\n<\/p><\/div>\n<div class=\"my_row_container\">\n<div class=\"my_left_colum\">\n<p><a class=\"vc_single_image-wrapper vc_box_border_grey\" href=\"https:\/\/www.rauhes.de\/cms\/ostern\/\" target=\"_self\" rel=\"noopener\"><img decoding=\"async\" class=\"vc_single_image-img attachment-thumbnail lazy loaded\" src=\"https:\/\/www.rauhes.de\/cms\/wp-content\/uploads\/2025\/06\/feierliche_anlaesse_ostern.jpg\" alt=\"\" width=\"150\" height=\"150\" align=\"left\" data-src=\"https:\/\/www.rauhes.de\/cms\/wp-content\/uploads\/2025\/06\/feierliche_anlaesse_ostern.jpg\" data-was-processed=\"true\" \/><\/a><\/p>\n<h2 class=\"start_liste\"><a href=\"https:\/\/www.rauhes.de\/cms\/ostern\/\">Ostern <\/a><\/h2>\n<p>Das Auferstehungsfest Jesu Christi an Ostern ist die h\u00f6chste christliche Feierlichkeit im Jahr. Aber was hat die Kirche mit Osterhasen, Ostereiern und dem Osterfeuer zu tun?<\/p>\n<\/div>\n<div class=\"my_left_colum\">\n<p><a class=\"vc_single_image-wrapper vc_box_border_grey\" href=\"https:\/\/www.rauhes.de\/cms\/konfirmation\/\" target=\"_self\" rel=\"noopener\"><img decoding=\"async\" class=\"vc_single_image-img attachment-thumbnail lazy error\" src=\"https:\/\/www.rauhes.de\/cms\/wp-content\/uploads\/2025\/06\/feierliche_anlaesse_konfirmation.jpg\" alt=\"\" width=\"150\" height=\"150\" align=\"left\" data-src=\"https:\/\/www.rauhes.de\/cms\/wp-content\/uploads\/2025\/06\/feierliche_anlaesse_konfirmation.jpg\" data-was-processed=\"true\" \/><\/a><\/p>\n<h2 class=\"start_liste\"><a href=\"https:\/\/www.rauhes.de\/cms\/konfirmation\/\">Konfirmation<\/a><\/h2>\n<p>Die Konfirmation ist eine feierliche Segenshandlung, die den \u00dcbertritt jugendlicher Christen in die Gemeinde der Erwachsenen markiert. Und was schenke ich zur Konfirmation?<\/p>\n<\/div>\n<div class=\"my_left_colum\">\n<p><a class=\"vc_single_image-wrapper vc_box_border_grey\" href=\"https:\/\/www.rauhes.de\/cms\/taufe\/\" target=\"_self\" rel=\"noopener\"><img decoding=\"async\" class=\"vc_single_image-img attachment-thumbnail lazy error\" src=\"https:\/\/www.rauhes.de\/cms\/wp-content\/uploads\/2025\/06\/feierliche_anlaesse_taufe.jpg\" alt=\"\" width=\"150\" height=\"150\" align=\"left\" data-src=\"https:\/\/www.rauhes.de\/cms\/wp-content\/uploads\/2025\/06\/feierliche_anlaesse_taufe.jpg\" data-was-processed=\"true\" \/><\/a><\/p>\n<h2 class=\"start_liste\"><a href=\"https:\/\/www.rauhes.de\/cms\/taufe\/\">Taufe<\/a><\/h2>\n<p>Durch den festlichen Ritus wird der T\u00e4ufling in die christliche Gemeinde aufgenommen. Oft wird anschlie\u00dfend gefeiert, aber wie gestalten Sie die Feier und was k\u00f6nnen Sie als Gast zur Taufe schenken?<\/p>\n<\/div>\n<div class=\"my_left_colum\">\n<p><a class=\"vc_single_image-wrapper vc_box_border_grey\" href=\"https:\/\/www.rauhes.de\/cms\/hochzeit\/\" target=\"_self\" rel=\"noopener\"><img decoding=\"async\" class=\"vc_single_image-img attachment-thumbnail lazy error\" src=\"https:\/\/www.rauhes.de\/cms\/wp-content\/uploads\/2025\/06\/feierliche_anlaesse_hochzeit.jpg\" alt=\"\" width=\"150\" height=\"150\" align=\"left\" data-src=\"https:\/\/www.rauhes.de\/cms\/wp-content\/uploads\/2025\/06\/feierliche_anlaesse_hochzeit.jpg\" data-was-processed=\"true\" \/><\/a><\/p>\n<h2 class=\"start_liste\"><a href=\"https:\/\/www.rauhes.de\/cms\/hochzeit\/\">Hochzeit<\/a><\/h2>\n<p>Ein gro\u00dfer Moment im Leben eines Paares. Wo Sie heiraten k\u00f6nnen, welche Br\u00e4uche Sie bei Ihrer Hochzeit mit einplanen sollten und was Sie als Hochzeitsgast schenken k\u00f6nnen, erfahren Sie auf dieser Seite.<\/p>\n<\/div>\n<div class=\"my_left_colum\">\n<p><a class=\"vc_single_image-wrapper vc_box_border_grey\" href=\"https:\/\/www.rauhes.de\/cms\/erntedank\/\" target=\"_self\" rel=\"noopener\"><img decoding=\"async\" class=\"vc_single_image-img attachment-thumbnail lazy loaded\" src=\"https:\/\/www.rauhes.de\/cms\/wp-content\/uploads\/2022\/05\/erntedank.jpg\" alt=\"\" width=\"150\" height=\"150\" align=\"left\" data-src=\"https:\/\/www.rauhes.de\/cms\/wp-content\/uploads\/2022\/05\/erntedank.jpg\" data-was-processed=\"true\" \/><\/a><\/p>\n<h2 class=\"start_liste\"><a href=\"https:\/\/www.rauhes.de\/cms\/erntedank\/\">Erntedank<\/a><\/h2>\n<p>Nach der Ernte im Herbst bedanken sich die Christen bei Gott f\u00fcr die Garben der Ernte. Ein Fest, das durch Globalisierung und Industrialisierung verblasste, durch den Klimawandel aber wieder an Bedeutung gewinnt.<\/p>\n<\/div>\n<div class=\"my_left_colum\">\n<p><a class=\"vc_single_image-wrapper vc_box_border_grey\" href=\"https:\/\/www.rauhes.de\/cms\/trauer\/\" target=\"_self\" rel=\"noopener\"><img decoding=\"async\" class=\"vc_single_image-img attachment-thumbnail lazy error\" src=\"https:\/\/www.rauhes.de\/cms\/wp-content\/uploads\/2025\/06\/feierliche_anlaesse_trauer.jpg\" alt=\"\" width=\"150\" height=\"150\" align=\"left\" data-src=\"https:\/\/www.rauhes.de\/cms\/wp-content\/uploads\/2025\/06\/feierliche_anlaesse_trauer.jpg\" data-was-processed=\"true\" \/><\/a><\/p>\n<h2 class=\"start_liste\"><a href=\"https:\/\/www.rauhes.de\/cms\/trauer\/\">Trauer<\/a><\/h2>\n<p>Der Tod ist Teil des Lebens. Trotzdem f\u00e4llt der Abschied schwer. Warum trauern wir und wie verl\u00e4uft die Trauer? Wer kann den Trauernden unterst\u00fctzen und was kann ich als Au\u00dfenstehender tun?<\/p>\n<\/div>\n<div class=\"my_left_colum\">\n<p><a class=\"vc_single_image-wrapper vc_box_border_grey\" href=\"https:\/\/www.rauhes.de\/cms\/advent\/\" target=\"_self\" rel=\"noopener\"><img decoding=\"async\" class=\"vc_single_image-img attachment-thumbnail lazy loaded\" src=\"https:\/\/www.rauhes.de\/cms\/wp-content\/uploads\/2022\/05\/advent.jpg\" alt=\"\" width=\"150\" height=\"150\" align=\"left\" data-src=\"https:\/\/www.rauhes.de\/cms\/wp-content\/uploads\/2022\/05\/advent.jpg\" data-was-processed=\"true\" \/><\/a><\/p>\n<h2 class=\"start_liste\"><a href=\"https:\/\/www.rauhes.de\/cms\/advent\/\">Advent<\/a><\/h2>\n<p>Vorfreude ist die sch\u00f6nste Freude, und daher bereiten sich Christen im Advent auf das Weihnachtsfest vor. Der traditionelle Adventskranz wurde vom Gr\u00fcnder der Agentur des Rauhen Hauses erfunden.<\/p>\n<\/div>\n<div class=\"my_left_colum\">\n<p><a class=\"vc_single_image-wrapper vc_box_border_grey\" href=\"https:\/\/www.rauhes.de\/cms\/weihnachten\/\" target=\"_self\" rel=\"noopener\"><img decoding=\"async\" class=\"vc_single_image-img attachment-thumbnail lazy loaded\" src=\"https:\/\/www.rauhes.de\/cms\/wp-content\/uploads\/2025\/06\/feierliche_anlaesse_weihnachten.jpg\" alt=\"\" width=\"150\" height=\"150\" align=\"left\" data-src=\"https:\/\/www.rauhes.de\/cms\/wp-content\/uploads\/2025\/06\/feierliche_anlaesse_weihnachten.jpg\" data-was-processed=\"true\" \/><\/a><\/p>\n<h2 class=\"start_liste\"><a href=\"https:\/\/www.rauhes.de\/cms\/weihnachten\/\">Weihnachten<\/a><\/h2>\n<p>Das Fest der Geburt Jesu Christi wird traditionell gemeinsam mit der Familie verbracht. Aber wissen Sie auch, warum wir zu Weihnachten einen Tannenbaum schm\u00fccken und Geschenke verteilen?<\/p>\n<\/div>\n<\/div>\n","protected":false},"excerpt":{"rendered":"<p>Informationen und Inspirationen rund um die christlichen Feiertage Herzlich Willkommen auf rauhes.de \u2013 Ihrem Online-Shop f\u00fcr christlichen B\u00fccher und Geschenke Christliche Rituale und Anl\u00e4sse sind so vielseitig wie das Leben selbst. Auf dieser Seite finden Sie Informationen zu verschiedenen christlichen Themen sowie Inspiration f\u00fcr die Planung, Umsetzung und Dekoration Ihrer eigenen Feier. Ostern Das Auferstehungsfest [&hellip;]<\/p>\n","protected":false},"author":1,"featured_media":0,"parent":0,"menu_order":0,"comment_status":"closed","ping_status":"closed","template":"","meta":{"ngg_post_thumbnail":0,"footnotes":""},"class_list":["post-150982","page","type-page","status-publish","hentry"],"yoast_head":"<!-- This site is optimized with the Yoast SEO plugin v27.4 - https:\/\/yoast.com\/product\/yoast-seo-wordpress\/ -->\n<title>Startseite ohne Adventskalender-Gewinnspiel 2025 - Infos zu feierlichen Anl\u00e4ssen wie Taufe, Konfirmation, Hochzeit &amp; Trauer<\/title>\n<meta name=\"robots\" content=\"index, follow, max-snippet:-1, max-image-preview:large, max-video-preview:-1\" \/>\n<link rel=\"canonical\" href=\"https:\/\/www.rauhes.de\/cms\/startseite-ohne-adventskalender-gewinnspiel-2025\/\" \/>\n<meta property=\"og:locale\" content=\"de_DE\" \/>\n<meta property=\"og:type\" content=\"article\" \/>\n<meta property=\"og:title\" content=\"Startseite ohne Adventskalender-Gewinnspiel 2025 - Infos zu feierlichen Anl\u00e4ssen wie Taufe, Konfirmation, Hochzeit &amp; Trauer\" \/>\n<meta property=\"og:description\" content=\"Informationen und Inspirationen rund um die christlichen Feiertage Herzlich Willkommen auf rauhes.de \u2013 Ihrem Online-Shop f\u00fcr christlichen B\u00fccher und Geschenke Christliche Rituale und Anl\u00e4sse sind so vielseitig wie das Leben selbst. Auf dieser Seite finden Sie Informationen zu verschiedenen christlichen Themen sowie Inspiration f\u00fcr die Planung, Umsetzung und Dekoration Ihrer eigenen Feier. Ostern Das Auferstehungsfest [&hellip;]\" \/>\n<meta property=\"og:url\" content=\"https:\/\/www.rauhes.de\/cms\/startseite-ohne-adventskalender-gewinnspiel-2025\/\" \/>\n<meta property=\"og:site_name\" content=\"Infos zu feierlichen Anl\u00e4ssen wie Taufe, Konfirmation, Hochzeit &amp; Trauer\" \/>\n<meta property=\"article:modified_time\" content=\"2025-11-28T06:46:25+00:00\" \/>\n<meta property=\"og:image\" content=\"https:\/\/www.rauhes.de\/cms\/wp-content\/uploads\/2025\/06\/feierliche_anlaesse_ostern.jpg\" \/>\n<meta name=\"twitter:card\" content=\"summary_large_image\" \/>\n<meta name=\"twitter:label1\" content=\"Gesch\u00e4tzte Lesezeit\" \/>\n\t<meta name=\"twitter:data1\" content=\"2\u00a0Minuten\" \/>\n<script type=\"application\/ld+json\" class=\"yoast-schema-graph\">{\"@context\":\"https:\\\/\\\/schema.org\",\"@graph\":[{\"@type\":\"WebPage\",\"@id\":\"https:\\\/\\\/www.rauhes.de\\\/cms\\\/startseite-ohne-adventskalender-gewinnspiel-2025\\\/\",\"url\":\"https:\\\/\\\/www.rauhes.de\\\/cms\\\/startseite-ohne-adventskalender-gewinnspiel-2025\\\/\",\"name\":\"Startseite ohne Adventskalender-Gewinnspiel 2025 - Infos zu feierlichen Anl\u00e4ssen wie Taufe, Konfirmation, Hochzeit &amp; Trauer\",\"isPartOf\":{\"@id\":\"https:\\\/\\\/www.rauhes.de\\\/cms\\\/#website\"},\"primaryImageOfPage\":{\"@id\":\"https:\\\/\\\/www.rauhes.de\\\/cms\\\/startseite-ohne-adventskalender-gewinnspiel-2025\\\/#primaryimage\"},\"image\":{\"@id\":\"https:\\\/\\\/www.rauhes.de\\\/cms\\\/startseite-ohne-adventskalender-gewinnspiel-2025\\\/#primaryimage\"},\"thumbnailUrl\":\"https:\\\/\\\/www.rauhes.de\\\/cms\\\/wp-content\\\/uploads\\\/2025\\\/06\\\/feierliche_anlaesse_ostern.jpg\",\"datePublished\":\"2025-11-28T06:45:58+00:00\",\"dateModified\":\"2025-11-28T06:46:25+00:00\",\"breadcrumb\":{\"@id\":\"https:\\\/\\\/www.rauhes.de\\\/cms\\\/startseite-ohne-adventskalender-gewinnspiel-2025\\\/#breadcrumb\"},\"inLanguage\":\"de\",\"potentialAction\":[{\"@type\":\"ReadAction\",\"target\":[\"https:\\\/\\\/www.rauhes.de\\\/cms\\\/startseite-ohne-adventskalender-gewinnspiel-2025\\\/\"]}]},{\"@type\":\"ImageObject\",\"inLanguage\":\"de\",\"@id\":\"https:\\\/\\\/www.rauhes.de\\\/cms\\\/startseite-ohne-adventskalender-gewinnspiel-2025\\\/#primaryimage\",\"url\":\"https:\\\/\\\/www.rauhes.de\\\/cms\\\/wp-content\\\/uploads\\\/2025\\\/06\\\/feierliche_anlaesse_ostern.jpg\",\"contentUrl\":\"https:\\\/\\\/www.rauhes.de\\\/cms\\\/wp-content\\\/uploads\\\/2025\\\/06\\\/feierliche_anlaesse_ostern.jpg\",\"width\":150,\"height\":150},{\"@type\":\"BreadcrumbList\",\"@id\":\"https:\\\/\\\/www.rauhes.de\\\/cms\\\/startseite-ohne-adventskalender-gewinnspiel-2025\\\/#breadcrumb\",\"itemListElement\":[{\"@type\":\"ListItem\",\"position\":1,\"name\":\"Startseite\",\"item\":\"https:\\\/\\\/www.rauhes.de\\\/cms\\\/\"},{\"@type\":\"ListItem\",\"position\":2,\"name\":\"Startseite ohne Adventskalender-Gewinnspiel 2025\"}]},{\"@type\":\"WebSite\",\"@id\":\"https:\\\/\\\/www.rauhes.de\\\/cms\\\/#website\",\"url\":\"https:\\\/\\\/www.rauhes.de\\\/cms\\\/\",\"name\":\"Infos zu feierlichen Anl\u00e4ssen wie Taufe, Konfirmation, Hochzeit &amp; Trauer\",\"description\":\"\",\"publisher\":{\"@id\":\"https:\\\/\\\/www.rauhes.de\\\/cms\\\/#organization\"},\"potentialAction\":[{\"@type\":\"SearchAction\",\"target\":{\"@type\":\"EntryPoint\",\"urlTemplate\":\"https:\\\/\\\/www.rauhes.de\\\/cms\\\/?s={search_term_string}\"},\"query-input\":{\"@type\":\"PropertyValueSpecification\",\"valueRequired\":true,\"valueName\":\"search_term_string\"}}],\"inLanguage\":\"de\"},{\"@type\":\"Organization\",\"@id\":\"https:\\\/\\\/www.rauhes.de\\\/cms\\\/#organization\",\"name\":\"rauhes.de\",\"url\":\"https:\\\/\\\/www.rauhes.de\\\/cms\\\/\",\"logo\":{\"@type\":\"ImageObject\",\"inLanguage\":\"de\",\"@id\":\"https:\\\/\\\/www.rauhes.de\\\/cms\\\/#\\\/schema\\\/logo\\\/image\\\/\",\"url\":\"https:\\\/\\\/www.rauhes.de\\\/cms\\\/wp-content\\\/uploads\\\/2021\\\/10\\\/2x_neu-2.png\",\"contentUrl\":\"https:\\\/\\\/www.rauhes.de\\\/cms\\\/wp-content\\\/uploads\\\/2021\\\/10\\\/2x_neu-2.png\",\"width\":300,\"height\":85,\"caption\":\"rauhes.de\"},\"image\":{\"@id\":\"https:\\\/\\\/www.rauhes.de\\\/cms\\\/#\\\/schema\\\/logo\\\/image\\\/\"}}]}<\/script>\n<!-- \/ Yoast SEO plugin. -->","yoast_head_json":{"title":"Startseite ohne Adventskalender-Gewinnspiel 2025 - Infos zu feierlichen Anl\u00e4ssen wie Taufe, Konfirmation, Hochzeit &amp; Trauer","robots":{"index":"index","follow":"follow","max-snippet":"max-snippet:-1","max-image-preview":"max-image-preview:large","max-video-preview":"max-video-preview:-1"},"canonical":"https:\/\/www.rauhes.de\/cms\/startseite-ohne-adventskalender-gewinnspiel-2025\/","og_locale":"de_DE","og_type":"article","og_title":"Startseite ohne Adventskalender-Gewinnspiel 2025 - Infos zu feierlichen Anl\u00e4ssen wie Taufe, Konfirmation, Hochzeit &amp; Trauer","og_description":"Informationen und Inspirationen rund um die christlichen Feiertage Herzlich Willkommen auf rauhes.de \u2013 Ihrem Online-Shop f\u00fcr christlichen B\u00fccher und Geschenke Christliche Rituale und Anl\u00e4sse sind so vielseitig wie das Leben selbst. Auf dieser Seite finden Sie Informationen zu verschiedenen christlichen Themen sowie Inspiration f\u00fcr die Planung, Umsetzung und Dekoration Ihrer eigenen Feier. Ostern Das Auferstehungsfest [&hellip;]","og_url":"https:\/\/www.rauhes.de\/cms\/startseite-ohne-adventskalender-gewinnspiel-2025\/","og_site_name":"Infos zu feierlichen Anl\u00e4ssen wie Taufe, Konfirmation, Hochzeit &amp; Trauer","article_modified_time":"2025-11-28T06:46:25+00:00","og_image":[{"url":"https:\/\/www.rauhes.de\/cms\/wp-content\/uploads\/2025\/06\/feierliche_anlaesse_ostern.jpg","type":"","width":"","height":""}],"twitter_card":"summary_large_image","twitter_misc":{"Gesch\u00e4tzte Lesezeit":"2\u00a0Minuten"},"schema":{"@context":"https:\/\/schema.org","@graph":[{"@type":"WebPage","@id":"https:\/\/www.rauhes.de\/cms\/startseite-ohne-adventskalender-gewinnspiel-2025\/","url":"https:\/\/www.rauhes.de\/cms\/startseite-ohne-adventskalender-gewinnspiel-2025\/","name":"Startseite ohne Adventskalender-Gewinnspiel 2025 - Infos zu feierlichen Anl\u00e4ssen wie Taufe, Konfirmation, Hochzeit &amp; Trauer","isPartOf":{"@id":"https:\/\/www.rauhes.de\/cms\/#website"},"primaryImageOfPage":{"@id":"https:\/\/www.rauhes.de\/cms\/startseite-ohne-adventskalender-gewinnspiel-2025\/#primaryimage"},"image":{"@id":"https:\/\/www.rauhes.de\/cms\/startseite-ohne-adventskalender-gewinnspiel-2025\/#primaryimage"},"thumbnailUrl":"https:\/\/www.rauhes.de\/cms\/wp-content\/uploads\/2025\/06\/feierliche_anlaesse_ostern.jpg","datePublished":"2025-11-28T06:45:58+00:00","dateModified":"2025-11-28T06:46:25+00:00","breadcrumb":{"@id":"https:\/\/www.rauhes.de\/cms\/startseite-ohne-adventskalender-gewinnspiel-2025\/#breadcrumb"},"inLanguage":"de","potentialAction":[{"@type":"ReadAction","target":["https:\/\/www.rauhes.de\/cms\/startseite-ohne-adventskalender-gewinnspiel-2025\/"]}]},{"@type":"ImageObject","inLanguage":"de","@id":"https:\/\/www.rauhes.de\/cms\/startseite-ohne-adventskalender-gewinnspiel-2025\/#primaryimage","url":"https:\/\/www.rauhes.de\/cms\/wp-content\/uploads\/2025\/06\/feierliche_anlaesse_ostern.jpg","contentUrl":"https:\/\/www.rauhes.de\/cms\/wp-content\/uploads\/2025\/06\/feierliche_anlaesse_ostern.jpg","width":150,"height":150},{"@type":"BreadcrumbList","@id":"https:\/\/www.rauhes.de\/cms\/startseite-ohne-adventskalender-gewinnspiel-2025\/#breadcrumb","itemListElement":[{"@type":"ListItem","position":1,"name":"Startseite","item":"https:\/\/www.rauhes.de\/cms\/"},{"@type":"ListItem","position":2,"name":"Startseite ohne Adventskalender-Gewinnspiel 2025"}]},{"@type":"WebSite","@id":"https:\/\/www.rauhes.de\/cms\/#website","url":"https:\/\/www.rauhes.de\/cms\/","name":"Infos zu feierlichen Anl\u00e4ssen wie Taufe, Konfirmation, Hochzeit &amp; Trauer","description":"","publisher":{"@id":"https:\/\/www.rauhes.de\/cms\/#organization"},"potentialAction":[{"@type":"SearchAction","target":{"@type":"EntryPoint","urlTemplate":"https:\/\/www.rauhes.de\/cms\/?s={search_term_string}"},"query-input":{"@type":"PropertyValueSpecification","valueRequired":true,"valueName":"search_term_string"}}],"inLanguage":"de"},{"@type":"Organization","@id":"https:\/\/www.rauhes.de\/cms\/#organization","name":"rauhes.de","url":"https:\/\/www.rauhes.de\/cms\/","logo":{"@type":"ImageObject","inLanguage":"de","@id":"https:\/\/www.rauhes.de\/cms\/#\/schema\/logo\/image\/","url":"https:\/\/www.rauhes.de\/cms\/wp-content\/uploads\/2021\/10\/2x_neu-2.png","contentUrl":"https:\/\/www.rauhes.de\/cms\/wp-content\/uploads\/2021\/10\/2x_neu-2.png","width":300,"height":85,"caption":"rauhes.de"},"image":{"@id":"https:\/\/www.rauhes.de\/cms\/#\/schema\/logo\/image\/"}}]}},"_links":{"self":[{"href":"https:\/\/www.rauhes.de\/cms\/wp-json\/wp\/v2\/pages\/150982","targetHints":{"allow":["GET"]}}],"collection":[{"href":"https:\/\/www.rauhes.de\/cms\/wp-json\/wp\/v2\/pages"}],"about":[{"href":"https:\/\/www.rauhes.de\/cms\/wp-json\/wp\/v2\/types\/page"}],"author":[{"embeddable":true,"href":"https:\/\/www.rauhes.de\/cms\/wp-json\/wp\/v2\/users\/1"}],"replies":[{"embeddable":true,"href":"https:\/\/www.rauhes.de\/cms\/wp-json\/wp\/v2\/comments?post=150982"}],"version-history":[{"count":2,"href":"https:\/\/www.rauhes.de\/cms\/wp-json\/wp\/v2\/pages\/150982\/revisions"}],"predecessor-version":[{"id":150984,"href":"https:\/\/www.rauhes.de\/cms\/wp-json\/wp\/v2\/pages\/150982\/revisions\/150984"}],"wp:attachment":[{"href":"https:\/\/www.rauhes.de\/cms\/wp-json\/wp\/v2\/media?parent=150982"}],"curies":[{"name":"wp","href":"https:\/\/api.w.org\/{rel}","templated":true}]}}