{"id":150806,"date":"2025-02-13T12:08:12","date_gmt":"2025-02-13T11:08:12","guid":{"rendered":"https:\/\/www.rauhes.de\/cms\/?page_id=150806"},"modified":"2026-02-10T10:28:42","modified_gmt":"2026-02-10T09:28:42","slug":"jahreslosung-2025","status":"publish","type":"page","link":"https:\/\/www.rauhes.de\/cms\/jahreskreis\/jahreslosung\/2025\/","title":{"rendered":"Jahreslosung 2025"},"content":{"rendered":"\n<h1 class=\"wp-block-heading\">Jahreslosung 2025: Auslegung &amp; Bild<\/h1>\n\n\n\n<div style=\"height:20px\" aria-hidden=\"true\" class=\"wp-block-spacer\"><\/div>\n\n\n\n<p class=\"has-medium-font-size\" style=\"font-style:italic;font-weight:500\">Pr\u00fcft alles und behaltet das Gute!&nbsp;<\/p>\n\n\n\n<p style=\"font-size:14px\">1. Thessalonicher 5,21&nbsp;<\/p>\n\n\n\n<div style=\"height:10px\" aria-hidden=\"true\" class=\"wp-block-spacer\"><\/div>\n\n\n\n<div class=\"wp-block-columns is-layout-flex wp-container-core-columns-is-layout-9d6595d7 wp-block-columns-is-layout-flex\">\n<div class=\"wp-block-column is-layout-flow wp-block-column-is-layout-flow\" style=\"flex-basis:100%\">\n<div class=\"wp-block-columns is-layout-flex wp-container-core-columns-is-layout-9d6595d7 wp-block-columns-is-layout-flex\">\n<div class=\"wp-block-column is-layout-flow wp-block-column-is-layout-flow\">\n<h2 class=\"wp-block-heading\">Motiv der Agentur des Rauhen Hauses<\/h2>\n\n\n\n<div style=\"height:5px\" aria-hidden=\"true\" class=\"wp-block-spacer\"><\/div>\n\n\n\n<figure class=\"wp-block-image size-full\"><img decoding=\"async\" width=\"600\" height=\"841\" src=\"https:\/\/www.rauhes.de\/cms\/wp-content\/uploads\/2025\/02\/Jahreslosungsmotiv-Fisch-60.jpg\" alt=\"\" class=\"wp-image-150815\" srcset=\"https:\/\/www.rauhes.de\/cms\/wp-content\/uploads\/2025\/02\/Jahreslosungsmotiv-Fisch-60.jpg 600w, https:\/\/www.rauhes.de\/cms\/wp-content\/uploads\/2025\/02\/Jahreslosungsmotiv-Fisch-60-214x300.jpg 214w\" sizes=\"(max-width: 600px) 100vw, 600px\" \/><\/figure>\n<\/div>\n\n\n\n<div class=\"wp-block-column is-layout-flow wp-block-column-is-layout-flow\">\n<h2 class=\"wp-block-heading\">Gedanken zur Jahreslosung 2025&nbsp;<br>von Jonas Goebel&nbsp;<\/h2>\n\n\n\n<div style=\"height:5px\" aria-hidden=\"true\" class=\"wp-block-spacer\"><\/div>\n\n\n\n<p>Schafft er das? Da springt ein Fisch aus einem Glas mit Wasser \u2013 und ist auf dem Weg in ein anderes, gr\u00f6\u00dferes Glas mit Wasser. Ein Grund, warum Fische aus \u201eihrem Wasser\u201c springen: Der Sauerstoffgehalt ist im Wasser zu niedrig geworden. Also vielleicht geht die Geschichte ungef\u00e4hr so: Der Fisch pr\u00fcft sein eigenes Glas und Wasser. Er vergleicht es mit denen links und rechts und stellt fest: Ich k\u00f6nnte auch in einem gr\u00f6\u00dferen Glas mit sauerstoffreicherem Wasser mein Leben verbringen.<\/p>\n\n\n\n<p>Ein Sprung aus dem Wasser kostet enorme Anstrengung. Jeder, der schon mal mit einer R\u00e4uberleiter unter Wasser versucht hat zu springen, kann es sich vielleicht vorstellen. Ich vermute, es kostet auch eine ganze Menge Mut, denn der Fisch k\u00f6nnte ja in der Luft von einer Katze gefressen werden oder neben das neue Glas springen. Und zuletzt: Ein Fisch springt nicht einfach so. Er muss die Entscheidung aktiv treffen.<\/p>\n\n\n\n<p>\u201ePr\u00fcft alles und behaltet das Gute!\u201c \u2013 so lautet die Jahreslosung f\u00fcr 2025. Dieser Satz ist Teil eines Briefes, den der christliche Missionar Paulus, ungef\u00e4hr im Jahr 50 n. Chr., an eine christliche Gemeinde in Thessalonich geschrieben hat. Paulus wollte die Christ:innen mit seinem Brief vor allem ermutigen. Und vielleicht wollte Paulus auch dazu ermutigen, manchmal wie dieser Fisch zu sein. Nach links und rechts schauen. M\u00f6glichkeiten erkennen. Mit etwas Mut eine Entscheidung treffen und die Anstrengung f\u00fcr eine Ver\u00e4nderung nicht scheuen.<\/p>\n\n\n\n<p>\u201ePr\u00fcft alles und behaltet das Gute!\u201c Was ist das Gute f\u00fcr den Fisch? Er springt wieder in ein Glas \u2013 aber in ein anderes. Er springt wieder in Wasser, aber (hoffentlich) in Wasser mit ausreichend neuem Sauerstoff. Der Fisch ver\u00e4ndert etwas. Ver\u00e4nderung hei\u00dft oft: Ich lasse etwas zur\u00fcck. Und gehe in etwas Ungewisses. Das kann schwerfallen und regelrecht wehtun. Schon das \u00dcberpr\u00fcfen kann schwierig sein. Daraus aber auch Konsequenzen ziehen? \u201eBehaltet das Gute\u201c hei\u00dft auch: \u201eBehaltet das Ungute nicht\u201c.<\/p>\n<\/div>\n<\/div>\n\n\n\n<p>Mir f\u00e4llt so etwas schwer. Aber ich erlebe auch immer wieder, dass ich bei Gott Kraft finde, um mit Schwung aus einem alten Glas heraus in ein neues zu springen. Gott nimmt mir die Entscheidung nicht ab, aber er schenkt mir Mut, sie zu treffen. Er hilft mir, \u00fcber mein Wasserglas hinauszudenken.<\/p>\n\n\n\n<p>Wir k\u00f6nnen und d\u00fcrfen mit Gott gemeinsam unser Leben immer wieder \u201e\u00fcberpr\u00fcfen\u201c. Nach links und rechts schauen. In welchem Umfeld k\u00f6nnte ich auch leben? Was k\u00f6nnte mein Leben durch eine Ver\u00e4nderung positiv beeinflussen?<\/p>\n\n\n\n<p>Die aus meiner Sicht gr\u00f6\u00dfte Herausforderung ist in all dem: Was ist \u201edas Gute\u201c, das ich behalten will (und soll)? Um diese Frage zu beantworten, muss ich mein aktuelles Glas und das Wasser, in dem ich schwimme, auf jeden Fall gut kennen. Mir muss bewusst sein, was ich zum Leben wirklich brauche. Ich z. B. w\u00fcrde nicht ohne meine Frau in ein neues Glas springen.<\/p>\n\n\n\n<p>Das hei\u00dft also auch: Wer den Sprung ins Neue wagen m\u00f6chte, der sollte das Alte\/Bestehende gut kennen. Vielleicht k\u00f6nnte man das auch \u201ebewusstes Leben\u201c nennen? Ich bin mir bewusst, was ich zum Leben brauche. Mir ist bewusst, was mir guttut und was mir nicht guttut.<\/p>\n\n\n\n<p>Ich erlebe immer wieder: Wir haben Gott in all dem an unserer Seite. Er ist mit uns im alten Glas, er springt mit uns und wartet auch schon im neuen Glas auf uns. Gott hilft uns, ehrlich zu pr\u00fcfen. Bewusst zu leben. Entscheidungen zu treffen. Und immer wieder in neues, vor Sauerstoff sprudelndes Wasser hineinzuspringen.<\/p>\n\n\n\n<p><strong>Jetzt die Auslegung kostenlos als PDF herunterladen!<\/strong><\/p>\n\n\n\n<div class=\"tb-button\" data-toolset-blocks-button=\"4af57d1735e12a5d8ca249f6641514c5\"><a class=\"tb-button__link\" href=\"https:\/\/www.rauhes.de\/media\/Beileger_PC-Karte_Jahreslosung_2025_fuer_rauhes_de.pdf\" target=\"_blank\"><i class=\"tb-button__icon\"><\/i><span class=\"tb-button__content\">Jahreslosung 2025 Download<\/span><\/a><\/div>\n<\/div>\n<\/div>\n\n\n\n<div style=\"height:30px\" aria-hidden=\"true\" class=\"wp-block-spacer\"><\/div>\n\n\n\n<h2 class=\"wp-block-heading\">Neuere Jahreslosung\u00a0<\/h2>\n\n\n\n<div class=\"wp-block-columns is-layout-flex wp-container-core-columns-is-layout-9d6595d7 wp-block-columns-is-layout-flex\">\n<div class=\"wp-block-column is-layout-flow wp-block-column-is-layout-flow\">\n<figure class=\"wp-block-image size-full\"><img decoding=\"async\" width=\"300\" height=\"425\" src=\"https:\/\/www.rauhes.de\/cms\/wp-content\/uploads\/2026\/02\/Jahreslosungsmotiv-2026-kle.jpg\" alt=\"\" class=\"wp-image-188883\" srcset=\"https:\/\/www.rauhes.de\/cms\/wp-content\/uploads\/2026\/02\/Jahreslosungsmotiv-2026-kle.jpg 300w, https:\/\/www.rauhes.de\/cms\/wp-content\/uploads\/2026\/02\/Jahreslosungsmotiv-2026-kle-212x300.jpg 212w\" sizes=\"(max-width: 300px) 100vw, 300px\" \/><\/figure>\n\n\n\n<div class=\"tb-button\" data-toolset-blocks-button=\"c1ee8f127ed3c79e81e7af5372708e71\"><a class=\"tb-button__link\" href=\"https:\/\/www.rauhes.de\/cms\/jahreskreis\/jahreslosung\/2026-2\/\"><i class=\"tb-button__icon\"><\/i><span class=\"tb-button__content\">Jahreslosung 2026<\/span><\/a><\/div>\n<\/div>\n<\/div>\n","protected":false},"excerpt":{"rendered":"<p>Jahreslosung 2025: Auslegung &amp; Bild Pr\u00fcft alles und behaltet das Gute!&nbsp; 1. Thessalonicher 5,21&nbsp; Motiv der Agentur des Rauhen Hauses Gedanken zur Jahreslosung 2025&nbsp;von Jonas Goebel&nbsp; Schafft er das? Da springt ein Fisch aus einem Glas mit Wasser \u2013 und ist auf dem Weg in ein anderes, gr\u00f6\u00dferes Glas mit Wasser. Ein Grund, warum Fische [&hellip;]<\/p>\n","protected":false},"author":1,"featured_media":0,"parent":56768,"menu_order":0,"comment_status":"closed","ping_status":"closed","template":"","meta":{"ngg_post_thumbnail":0,"footnotes":""},"class_list":["post-150806","page","type-page","status-publish","hentry"],"yoast_head":"<!-- This site is optimized with the Yoast SEO plugin v27.3 - https:\/\/yoast.com\/product\/yoast-seo-wordpress\/ -->\n<title>Jahreslosung 2025 - Infos zu feierlichen Anl\u00e4ssen wie Taufe, Konfirmation, Hochzeit &amp; Trauer<\/title>\n<meta name=\"robots\" content=\"index, follow, max-snippet:-1, max-image-preview:large, max-video-preview:-1\" \/>\n<link rel=\"canonical\" href=\"https:\/\/www.rauhes.de\/cms\/jahreskreis\/jahreslosung\/2025\/\" \/>\n<meta property=\"og:locale\" content=\"de_DE\" \/>\n<meta property=\"og:type\" content=\"article\" \/>\n<meta property=\"og:title\" content=\"Jahreslosung 2025 - Infos zu feierlichen Anl\u00e4ssen wie Taufe, Konfirmation, Hochzeit &amp; Trauer\" \/>\n<meta property=\"og:description\" content=\"Jahreslosung 2025: Auslegung &amp; Bild Pr\u00fcft alles und behaltet das Gute!&nbsp; 1. Thessalonicher 5,21&nbsp; Motiv der Agentur des Rauhen Hauses Gedanken zur Jahreslosung 2025&nbsp;von Jonas Goebel&nbsp; Schafft er das? Da springt ein Fisch aus einem Glas mit Wasser \u2013 und ist auf dem Weg in ein anderes, gr\u00f6\u00dferes Glas mit Wasser. Ein Grund, warum Fische [&hellip;]\" \/>\n<meta property=\"og:url\" content=\"https:\/\/www.rauhes.de\/cms\/jahreskreis\/jahreslosung\/2025\/\" \/>\n<meta property=\"og:site_name\" content=\"Infos zu feierlichen Anl\u00e4ssen wie Taufe, Konfirmation, Hochzeit &amp; Trauer\" \/>\n<meta property=\"article:modified_time\" content=\"2026-02-10T09:28:42+00:00\" \/>\n<meta property=\"og:image\" content=\"https:\/\/www.rauhes.de\/cms\/wp-content\/uploads\/2025\/02\/Jahreslosungsmotiv-Fisch-60.jpg\" \/>\n\t<meta property=\"og:image:width\" content=\"600\" \/>\n\t<meta property=\"og:image:height\" content=\"841\" \/>\n\t<meta property=\"og:image:type\" content=\"image\/jpeg\" \/>\n<meta name=\"twitter:card\" content=\"summary_large_image\" \/>\n<meta name=\"twitter:label1\" content=\"Gesch\u00e4tzte Lesezeit\" \/>\n\t<meta name=\"twitter:data1\" content=\"3\u00a0Minuten\" \/>\n<script type=\"application\/ld+json\" class=\"yoast-schema-graph\">{\"@context\":\"https:\\\/\\\/schema.org\",\"@graph\":[{\"@type\":\"WebPage\",\"@id\":\"https:\\\/\\\/www.rauhes.de\\\/cms\\\/jahreskreis\\\/jahreslosung\\\/2025\\\/\",\"url\":\"https:\\\/\\\/www.rauhes.de\\\/cms\\\/jahreskreis\\\/jahreslosung\\\/2025\\\/\",\"name\":\"Jahreslosung 2025 - Infos zu feierlichen Anl\u00e4ssen wie Taufe, Konfirmation, Hochzeit &amp; Trauer\",\"isPartOf\":{\"@id\":\"https:\\\/\\\/www.rauhes.de\\\/cms\\\/#website\"},\"primaryImageOfPage\":{\"@id\":\"https:\\\/\\\/www.rauhes.de\\\/cms\\\/jahreskreis\\\/jahreslosung\\\/2025\\\/#primaryimage\"},\"image\":{\"@id\":\"https:\\\/\\\/www.rauhes.de\\\/cms\\\/jahreskreis\\\/jahreslosung\\\/2025\\\/#primaryimage\"},\"thumbnailUrl\":\"https:\\\/\\\/www.rauhes.de\\\/cms\\\/wp-content\\\/uploads\\\/2025\\\/02\\\/Jahreslosungsmotiv-Fisch-60.jpg\",\"datePublished\":\"2025-02-13T11:08:12+00:00\",\"dateModified\":\"2026-02-10T09:28:42+00:00\",\"breadcrumb\":{\"@id\":\"https:\\\/\\\/www.rauhes.de\\\/cms\\\/jahreskreis\\\/jahreslosung\\\/2025\\\/#breadcrumb\"},\"inLanguage\":\"de\",\"potentialAction\":[{\"@type\":\"ReadAction\",\"target\":[\"https:\\\/\\\/www.rauhes.de\\\/cms\\\/jahreskreis\\\/jahreslosung\\\/2025\\\/\"]}]},{\"@type\":\"ImageObject\",\"inLanguage\":\"de\",\"@id\":\"https:\\\/\\\/www.rauhes.de\\\/cms\\\/jahreskreis\\\/jahreslosung\\\/2025\\\/#primaryimage\",\"url\":\"https:\\\/\\\/www.rauhes.de\\\/cms\\\/wp-content\\\/uploads\\\/2025\\\/02\\\/Jahreslosungsmotiv-Fisch-60.jpg\",\"contentUrl\":\"https:\\\/\\\/www.rauhes.de\\\/cms\\\/wp-content\\\/uploads\\\/2025\\\/02\\\/Jahreslosungsmotiv-Fisch-60.jpg\",\"width\":600,\"height\":841},{\"@type\":\"BreadcrumbList\",\"@id\":\"https:\\\/\\\/www.rauhes.de\\\/cms\\\/jahreskreis\\\/jahreslosung\\\/2025\\\/#breadcrumb\",\"itemListElement\":[{\"@type\":\"ListItem\",\"position\":1,\"name\":\"Startseite\",\"item\":\"https:\\\/\\\/www.rauhes.de\\\/cms\\\/\"},{\"@type\":\"ListItem\",\"position\":2,\"name\":\"Jahreskreis\",\"item\":\"https:\\\/\\\/www.rauhes.de\\\/cms\\\/jahreskreis\\\/\"},{\"@type\":\"ListItem\",\"position\":3,\"name\":\"Jahreslosung\",\"item\":\"https:\\\/\\\/www.rauhes.de\\\/cms\\\/jahreskreis\\\/jahreslosung\\\/\"},{\"@type\":\"ListItem\",\"position\":4,\"name\":\"Jahreslosung 2025\"}]},{\"@type\":\"WebSite\",\"@id\":\"https:\\\/\\\/www.rauhes.de\\\/cms\\\/#website\",\"url\":\"https:\\\/\\\/www.rauhes.de\\\/cms\\\/\",\"name\":\"Infos zu feierlichen Anl\u00e4ssen wie Taufe, Konfirmation, Hochzeit &amp; Trauer\",\"description\":\"\",\"publisher\":{\"@id\":\"https:\\\/\\\/www.rauhes.de\\\/cms\\\/#organization\"},\"potentialAction\":[{\"@type\":\"SearchAction\",\"target\":{\"@type\":\"EntryPoint\",\"urlTemplate\":\"https:\\\/\\\/www.rauhes.de\\\/cms\\\/?s={search_term_string}\"},\"query-input\":{\"@type\":\"PropertyValueSpecification\",\"valueRequired\":true,\"valueName\":\"search_term_string\"}}],\"inLanguage\":\"de\"},{\"@type\":\"Organization\",\"@id\":\"https:\\\/\\\/www.rauhes.de\\\/cms\\\/#organization\",\"name\":\"rauhes.de\",\"url\":\"https:\\\/\\\/www.rauhes.de\\\/cms\\\/\",\"logo\":{\"@type\":\"ImageObject\",\"inLanguage\":\"de\",\"@id\":\"https:\\\/\\\/www.rauhes.de\\\/cms\\\/#\\\/schema\\\/logo\\\/image\\\/\",\"url\":\"https:\\\/\\\/www.rauhes.de\\\/cms\\\/wp-content\\\/uploads\\\/2021\\\/10\\\/2x_neu-2.png\",\"contentUrl\":\"https:\\\/\\\/www.rauhes.de\\\/cms\\\/wp-content\\\/uploads\\\/2021\\\/10\\\/2x_neu-2.png\",\"width\":300,\"height\":85,\"caption\":\"rauhes.de\"},\"image\":{\"@id\":\"https:\\\/\\\/www.rauhes.de\\\/cms\\\/#\\\/schema\\\/logo\\\/image\\\/\"}}]}<\/script>\n<!-- \/ Yoast SEO plugin. -->","yoast_head_json":{"title":"Jahreslosung 2025 - Infos zu feierlichen Anl\u00e4ssen wie Taufe, Konfirmation, Hochzeit &amp; Trauer","robots":{"index":"index","follow":"follow","max-snippet":"max-snippet:-1","max-image-preview":"max-image-preview:large","max-video-preview":"max-video-preview:-1"},"canonical":"https:\/\/www.rauhes.de\/cms\/jahreskreis\/jahreslosung\/2025\/","og_locale":"de_DE","og_type":"article","og_title":"Jahreslosung 2025 - Infos zu feierlichen Anl\u00e4ssen wie Taufe, Konfirmation, Hochzeit &amp; Trauer","og_description":"Jahreslosung 2025: Auslegung &amp; Bild Pr\u00fcft alles und behaltet das Gute!&nbsp; 1. Thessalonicher 5,21&nbsp; Motiv der Agentur des Rauhen Hauses Gedanken zur Jahreslosung 2025&nbsp;von Jonas Goebel&nbsp; Schafft er das? Da springt ein Fisch aus einem Glas mit Wasser \u2013 und ist auf dem Weg in ein anderes, gr\u00f6\u00dferes Glas mit Wasser. Ein Grund, warum Fische [&hellip;]","og_url":"https:\/\/www.rauhes.de\/cms\/jahreskreis\/jahreslosung\/2025\/","og_site_name":"Infos zu feierlichen Anl\u00e4ssen wie Taufe, Konfirmation, Hochzeit &amp; Trauer","article_modified_time":"2026-02-10T09:28:42+00:00","og_image":[{"width":600,"height":841,"url":"https:\/\/www.rauhes.de\/cms\/wp-content\/uploads\/2025\/02\/Jahreslosungsmotiv-Fisch-60.jpg","type":"image\/jpeg"}],"twitter_card":"summary_large_image","twitter_misc":{"Gesch\u00e4tzte Lesezeit":"3\u00a0Minuten"},"schema":{"@context":"https:\/\/schema.org","@graph":[{"@type":"WebPage","@id":"https:\/\/www.rauhes.de\/cms\/jahreskreis\/jahreslosung\/2025\/","url":"https:\/\/www.rauhes.de\/cms\/jahreskreis\/jahreslosung\/2025\/","name":"Jahreslosung 2025 - Infos zu feierlichen Anl\u00e4ssen wie Taufe, Konfirmation, Hochzeit &amp; Trauer","isPartOf":{"@id":"https:\/\/www.rauhes.de\/cms\/#website"},"primaryImageOfPage":{"@id":"https:\/\/www.rauhes.de\/cms\/jahreskreis\/jahreslosung\/2025\/#primaryimage"},"image":{"@id":"https:\/\/www.rauhes.de\/cms\/jahreskreis\/jahreslosung\/2025\/#primaryimage"},"thumbnailUrl":"https:\/\/www.rauhes.de\/cms\/wp-content\/uploads\/2025\/02\/Jahreslosungsmotiv-Fisch-60.jpg","datePublished":"2025-02-13T11:08:12+00:00","dateModified":"2026-02-10T09:28:42+00:00","breadcrumb":{"@id":"https:\/\/www.rauhes.de\/cms\/jahreskreis\/jahreslosung\/2025\/#breadcrumb"},"inLanguage":"de","potentialAction":[{"@type":"ReadAction","target":["https:\/\/www.rauhes.de\/cms\/jahreskreis\/jahreslosung\/2025\/"]}]},{"@type":"ImageObject","inLanguage":"de","@id":"https:\/\/www.rauhes.de\/cms\/jahreskreis\/jahreslosung\/2025\/#primaryimage","url":"https:\/\/www.rauhes.de\/cms\/wp-content\/uploads\/2025\/02\/Jahreslosungsmotiv-Fisch-60.jpg","contentUrl":"https:\/\/www.rauhes.de\/cms\/wp-content\/uploads\/2025\/02\/Jahreslosungsmotiv-Fisch-60.jpg","width":600,"height":841},{"@type":"BreadcrumbList","@id":"https:\/\/www.rauhes.de\/cms\/jahreskreis\/jahreslosung\/2025\/#breadcrumb","itemListElement":[{"@type":"ListItem","position":1,"name":"Startseite","item":"https:\/\/www.rauhes.de\/cms\/"},{"@type":"ListItem","position":2,"name":"Jahreskreis","item":"https:\/\/www.rauhes.de\/cms\/jahreskreis\/"},{"@type":"ListItem","position":3,"name":"Jahreslosung","item":"https:\/\/www.rauhes.de\/cms\/jahreskreis\/jahreslosung\/"},{"@type":"ListItem","position":4,"name":"Jahreslosung 2025"}]},{"@type":"WebSite","@id":"https:\/\/www.rauhes.de\/cms\/#website","url":"https:\/\/www.rauhes.de\/cms\/","name":"Infos zu feierlichen Anl\u00e4ssen wie Taufe, Konfirmation, Hochzeit &amp; Trauer","description":"","publisher":{"@id":"https:\/\/www.rauhes.de\/cms\/#organization"},"potentialAction":[{"@type":"SearchAction","target":{"@type":"EntryPoint","urlTemplate":"https:\/\/www.rauhes.de\/cms\/?s={search_term_string}"},"query-input":{"@type":"PropertyValueSpecification","valueRequired":true,"valueName":"search_term_string"}}],"inLanguage":"de"},{"@type":"Organization","@id":"https:\/\/www.rauhes.de\/cms\/#organization","name":"rauhes.de","url":"https:\/\/www.rauhes.de\/cms\/","logo":{"@type":"ImageObject","inLanguage":"de","@id":"https:\/\/www.rauhes.de\/cms\/#\/schema\/logo\/image\/","url":"https:\/\/www.rauhes.de\/cms\/wp-content\/uploads\/2021\/10\/2x_neu-2.png","contentUrl":"https:\/\/www.rauhes.de\/cms\/wp-content\/uploads\/2021\/10\/2x_neu-2.png","width":300,"height":85,"caption":"rauhes.de"},"image":{"@id":"https:\/\/www.rauhes.de\/cms\/#\/schema\/logo\/image\/"}}]}},"_links":{"self":[{"href":"https:\/\/www.rauhes.de\/cms\/wp-json\/wp\/v2\/pages\/150806","targetHints":{"allow":["GET"]}}],"collection":[{"href":"https:\/\/www.rauhes.de\/cms\/wp-json\/wp\/v2\/pages"}],"about":[{"href":"https:\/\/www.rauhes.de\/cms\/wp-json\/wp\/v2\/types\/page"}],"author":[{"embeddable":true,"href":"https:\/\/www.rauhes.de\/cms\/wp-json\/wp\/v2\/users\/1"}],"replies":[{"embeddable":true,"href":"https:\/\/www.rauhes.de\/cms\/wp-json\/wp\/v2\/comments?post=150806"}],"version-history":[{"count":8,"href":"https:\/\/www.rauhes.de\/cms\/wp-json\/wp\/v2\/pages\/150806\/revisions"}],"predecessor-version":[{"id":188895,"href":"https:\/\/www.rauhes.de\/cms\/wp-json\/wp\/v2\/pages\/150806\/revisions\/188895"}],"up":[{"embeddable":true,"href":"https:\/\/www.rauhes.de\/cms\/wp-json\/wp\/v2\/pages\/56768"}],"wp:attachment":[{"href":"https:\/\/www.rauhes.de\/cms\/wp-json\/wp\/v2\/media?parent=150806"}],"curies":[{"name":"wp","href":"https:\/\/api.w.org\/{rel}","templated":true}]}}