{"id":111587,"date":"2024-03-05T08:31:44","date_gmt":"2024-03-05T07:31:44","guid":{"rendered":"https:\/\/www.rauhes.de\/cms\/?page_id=111587"},"modified":"2025-02-13T14:27:18","modified_gmt":"2025-02-13T13:27:18","slug":"jahreslosung-2024","status":"publish","type":"page","link":"https:\/\/www.rauhes.de\/cms\/jahreskreis\/jahreslosung\/2024\/","title":{"rendered":"Jahreslosung 2024"},"content":{"rendered":"\n<h1 class=\"wp-block-heading\">Jahreslosung 2024: Auslegung &amp; Bild<\/h1>\n\n\n\n<div style=\"height:20px\" aria-hidden=\"true\" class=\"wp-block-spacer\"><\/div>\n\n\n\n<p class=\"has-medium-font-size\" style=\"font-style:italic;font-weight:500\">Alles, was ihr tut, geschehe in Liebe.&nbsp;<\/p>\n\n\n\n<p style=\"font-size:14px\">1. Korinther 16,14&nbsp;<\/p>\n\n\n\n<div style=\"height:10px\" aria-hidden=\"true\" class=\"wp-block-spacer\"><\/div>\n\n\n\n<div class=\"wp-block-columns is-layout-flex wp-container-core-columns-is-layout-9d6595d7 wp-block-columns-is-layout-flex\">\n<div class=\"wp-block-column is-layout-flow wp-block-column-is-layout-flow\" style=\"flex-basis:100%\">\n<div class=\"wp-block-columns is-layout-flex wp-container-core-columns-is-layout-9d6595d7 wp-block-columns-is-layout-flex\">\n<div class=\"wp-block-column is-layout-flow wp-block-column-is-layout-flow\">\n<h2 class=\"wp-block-heading\">Motiv der Agentur des Rauhen Hauses<\/h2>\n\n\n\n<div style=\"height:5px\" aria-hidden=\"true\" class=\"wp-block-spacer\"><\/div>\n\n\n\n<figure class=\"wp-block-image size-full\"><img decoding=\"async\" width=\"600\" height=\"841\" src=\"https:\/\/www.rauhes.de\/cms\/wp-content\/uploads\/2024\/03\/Jahreslosungsmotiv-Kreuz-u-.jpg\" alt=\"\" class=\"wp-image-111596\" srcset=\"https:\/\/www.rauhes.de\/cms\/wp-content\/uploads\/2024\/03\/Jahreslosungsmotiv-Kreuz-u-.jpg 600w, https:\/\/www.rauhes.de\/cms\/wp-content\/uploads\/2024\/03\/Jahreslosungsmotiv-Kreuz-u--214x300.jpg 214w\" sizes=\"(max-width: 600px) 100vw, 600px\" \/><\/figure>\n<\/div>\n\n\n\n<div class=\"wp-block-column is-layout-flow wp-block-column-is-layout-flow\">\n<h2 class=\"wp-block-heading\">Gedanken zur Jahreslosung 2024&nbsp;<br>von Markus Engelhardt&nbsp;<\/h2>\n\n\n\n<div style=\"height:5px\" aria-hidden=\"true\" class=\"wp-block-spacer\"><\/div>\n\n\n\n<p>Im ersten Moment klingt die Jahreslosung sehr nach kirchlichem Mainstream. \u201eSeid nett zueinander!\u201c, und dann noch illustriert mit fr\u00f6hlich-bunten Farbklecksen und Buchstaben, wie hingeworfen. Auf den zweiten Blick stutze ich. Ins Bild hineingetupft sind zwei Symbole: das Herz \u2013 g\u00e4ngiges weltliches Zeichen f\u00fcr Liebe; und das Kreuz \u2013 christliches Symbol f\u00fcr die gro\u00dfe Liebestat des Erl\u00f6sers. Doch im Kreuzsymbol verborgen ist auch tiefe vor\u00f6sterliche Finsternis, und was das Herz betrifft: Gibt es nicht auch das gebrochene Herz?<\/p>\n\n\n\n<p>Wovon reden wir, wenn wir von Liebe reden? \u201eEine besonders starke Form der Zuneigung und Wertsch\u00e4tzung\u201c, sagt Wikipedia. So n\u00fcchtern-unterk\u00fchlt diese Definition daherkommt, birgt sie doch ein sch\u00f6nes, inniges Bild: Menschen neigen sich zueinander. Sie geben die Vereinzelung auf, f\u00fcgen sich zu etwas Gemeinsamem, sind aufeinander bezogen \u2013 und bleiben doch eigenst\u00e4ndig. Gesegnet die, die so etwas von sich und ihren N\u00e4chsten sagen k\u00f6nnen! Es kann ja auch sehr anders gehen. Wer hat nicht schon erlebt, dass unsere Liebe Grenzen hat!? Manchmal kommt sie nicht mehr an gegen vieles, worauf es auch noch ankommt im Leben. Wo es um die Liebe geht, geht es oft auch um Beziehungsst\u00f6rungen. Um solche ging es schon Paulus, als er die in sich zerrissene junge Christengemeinde in Korinth zur Liebe mahnte. <\/p>\n\n\n\n<p>Paulus ist \u00fcberzeugt: Am Ende kommt es nur auf die Liebe an! Sie ist die kritische Instanz f\u00fcr alles andere. Denn die Liebe treibt mich von mir selbst weg und zu(m) anderen hin und damit in die Welt hinaus. Sie verwehrt es mir, mich gegen Andersdenkende abzuschotten. Sie betreibt keine Gef\u00fchlsduselei, sondern sie l\u00e4sst mich n\u00fcchtern sehen, dass alles, was ich tue oder lasse, Folgen hat. So ist sie immer die Basis einer Ethik der Verantwortung. Die Liebe hat ganz langen Atem. Sie wird niemals definitiv fertig mit einem Menschen. Sie ist nicht \u00fcberraschungsfest, sondern sieht jeden so an, dass von ihm noch etwas zu erwarten ist. <\/p>\n<\/div>\n<\/div>\n\n\n\n<p>Sie gibt bei Entt\u00e4uschungen nicht auf, weil die Neugier auf die andere Person, auf noch Unbekanntes an ihr, am Ende immer noch gr\u00f6\u00dfer ist. Die Liebe ist nicht rigoros und verbissen, sie bekommt keinen Tunnelblick. Sie gie\u00dft in erhitzten Momenten nicht noch mehr \u00d6l ins Feuer, sondern ist um verbale Abr\u00fcstung bem\u00fcht. Sie stellt keine Kosten-Nutzen-Rechnungen auf, noch macht sie sich abh\u00e4ngig, sondern sie ist immer ganz authentisch \u2013 weil sie nicht anders kann, als sie selbst zu sein. Dies alles sind G\u00fcter, die unser vielen Zerrei\u00dfproben ausgesetztes Gemeinwesen elementar braucht. Es steckt also doch viel mehr Zeitansage in dieser Jahreslosung, als es zun\u00e4chst den Anschein hat. Und im Licht dieser Gedanken l\u00e4sst sich auch in unserem Bildmotiv etwas davon erkennen. Die Farbkleckse sind nicht zuf\u00e4llig hingeworfen. Das Durcheinander ist ein Miteinander: Blau mit Gr\u00fcn, Gelb mit Orange, Pink mit Violett. Nichts verschwimmt, jeder Klecks bleibt ein Klecks. Und doch bilden sie alle im Zusammenspiel ein gemeinsames neues Ganzes \u2013 in den Farben des Regenbogens.<\/p>\n\n\n\n<p><strong>Jetzt die Auslegung kostenlos als PDF herunterladen!<\/strong><\/p>\n\n\n\n<div class=\"tb-button\" data-toolset-blocks-button=\"ee1bc50815e27a6e90ecebb6827aeb33\"><a class=\"tb-button__link\" href=\"https:\/\/www.rauhes.de\/cms\/wp-content\/uploads\/2024\/03\/Auslegung-des-Motivs.pdf\"><i class=\"tb-button__icon\"><\/i><span class=\"tb-button__content\">Jahreslosung 2024 Download<\/span><\/a><\/div>\n<\/div>\n<\/div>\n\n\n\n<div style=\"height:30px\" aria-hidden=\"true\" class=\"wp-block-spacer\"><\/div>\n\n\n\n<h2 class=\"wp-block-heading\">Neuere Jahreslosung\u00a0<\/h2>\n\n\n\n<div class=\"wp-block-columns is-layout-flex wp-container-core-columns-is-layout-9d6595d7 wp-block-columns-is-layout-flex\">\n<div class=\"wp-block-column is-layout-flow wp-block-column-is-layout-flow\">\n<figure class=\"wp-block-image size-full is-resized\"><img decoding=\"async\" width=\"351\" height=\"492\" src=\"https:\/\/www.rauhes.de\/cms\/wp-content\/uploads\/2025\/02\/Jahreslosungsmotiv-Fisch-35.jpg\" alt=\"\" class=\"wp-image-150813\" style=\"width:300px\" srcset=\"https:\/\/www.rauhes.de\/cms\/wp-content\/uploads\/2025\/02\/Jahreslosungsmotiv-Fisch-35.jpg 351w, https:\/\/www.rauhes.de\/cms\/wp-content\/uploads\/2025\/02\/Jahreslosungsmotiv-Fisch-35-214x300.jpg 214w\" sizes=\"(max-width: 351px) 100vw, 351px\" \/><\/figure>\n\n\n\n<div class=\"tb-button\" data-toolset-blocks-button=\"03d4cc912be88b9c4cdda4369d12af13\"><a class=\"tb-button__link\" href=\"https:\/\/www.rauhes.de\/cms\/jahreskreis\/jahreslosung\/2025\/\"><i class=\"tb-button__icon\"><\/i><span class=\"tb-button__content\">Jahreslosung 2025<\/span><\/a><\/div>\n<\/div>\n\n\n\n<div class=\"wp-block-column is-layout-flow wp-block-column-is-layout-flow\"><\/div>\n<\/div>\n","protected":false},"excerpt":{"rendered":"<p>Jahreslosung 2024: Auslegung &amp; Bild Alles, was ihr tut, geschehe in Liebe.&nbsp; 1. Korinther 16,14&nbsp; Motiv der Agentur des Rauhen Hauses Gedanken zur Jahreslosung 2024&nbsp;von Markus Engelhardt&nbsp; Im ersten Moment klingt die Jahreslosung sehr nach kirchlichem Mainstream. \u201eSeid nett zueinander!\u201c, und dann noch illustriert mit fr\u00f6hlich-bunten Farbklecksen und Buchstaben, wie hingeworfen. Auf den zweiten Blick [&hellip;]<\/p>\n","protected":false},"author":1,"featured_media":0,"parent":56768,"menu_order":0,"comment_status":"closed","ping_status":"closed","template":"","meta":{"ngg_post_thumbnail":0,"footnotes":""},"class_list":["post-111587","page","type-page","status-publish","hentry"],"yoast_head":"<!-- This site is optimized with the Yoast SEO plugin v27.3 - https:\/\/yoast.com\/product\/yoast-seo-wordpress\/ -->\n<title>Jahreslosung 2024 - Infos zu feierlichen Anl\u00e4ssen wie Taufe, Konfirmation, Hochzeit &amp; Trauer<\/title>\n<meta name=\"robots\" content=\"index, follow, max-snippet:-1, max-image-preview:large, max-video-preview:-1\" \/>\n<link rel=\"canonical\" href=\"https:\/\/www.rauhes.de\/cms\/jahreskreis\/jahreslosung\/2024\/\" \/>\n<meta property=\"og:locale\" content=\"de_DE\" \/>\n<meta property=\"og:type\" content=\"article\" \/>\n<meta property=\"og:title\" content=\"Jahreslosung 2024 - Infos zu feierlichen Anl\u00e4ssen wie Taufe, Konfirmation, Hochzeit &amp; Trauer\" \/>\n<meta property=\"og:description\" content=\"Jahreslosung 2024: Auslegung &amp; Bild Alles, was ihr tut, geschehe in Liebe.&nbsp; 1. Korinther 16,14&nbsp; Motiv der Agentur des Rauhen Hauses Gedanken zur Jahreslosung 2024&nbsp;von Markus Engelhardt&nbsp; Im ersten Moment klingt die Jahreslosung sehr nach kirchlichem Mainstream. \u201eSeid nett zueinander!\u201c, und dann noch illustriert mit fr\u00f6hlich-bunten Farbklecksen und Buchstaben, wie hingeworfen. Auf den zweiten Blick [&hellip;]\" \/>\n<meta property=\"og:url\" content=\"https:\/\/www.rauhes.de\/cms\/jahreskreis\/jahreslosung\/2024\/\" \/>\n<meta property=\"og:site_name\" content=\"Infos zu feierlichen Anl\u00e4ssen wie Taufe, Konfirmation, Hochzeit &amp; Trauer\" \/>\n<meta property=\"article:modified_time\" content=\"2025-02-13T13:27:18+00:00\" \/>\n<meta property=\"og:image\" content=\"https:\/\/www.rauhes.de\/cms\/wp-content\/uploads\/2024\/03\/Jahreslosungsmotiv-Kreuz-u-.jpg\" \/>\n\t<meta property=\"og:image:width\" content=\"600\" \/>\n\t<meta property=\"og:image:height\" content=\"841\" \/>\n\t<meta property=\"og:image:type\" content=\"image\/jpeg\" \/>\n<meta name=\"twitter:card\" content=\"summary_large_image\" \/>\n<meta name=\"twitter:label1\" content=\"Gesch\u00e4tzte Lesezeit\" \/>\n\t<meta name=\"twitter:data1\" content=\"3\u00a0Minuten\" \/>\n<script type=\"application\/ld+json\" class=\"yoast-schema-graph\">{\"@context\":\"https:\\\/\\\/schema.org\",\"@graph\":[{\"@type\":\"WebPage\",\"@id\":\"https:\\\/\\\/www.rauhes.de\\\/cms\\\/jahreskreis\\\/jahreslosung\\\/2024\\\/\",\"url\":\"https:\\\/\\\/www.rauhes.de\\\/cms\\\/jahreskreis\\\/jahreslosung\\\/2024\\\/\",\"name\":\"Jahreslosung 2024 - Infos zu feierlichen Anl\u00e4ssen wie Taufe, Konfirmation, Hochzeit &amp; Trauer\",\"isPartOf\":{\"@id\":\"https:\\\/\\\/www.rauhes.de\\\/cms\\\/#website\"},\"primaryImageOfPage\":{\"@id\":\"https:\\\/\\\/www.rauhes.de\\\/cms\\\/jahreskreis\\\/jahreslosung\\\/2024\\\/#primaryimage\"},\"image\":{\"@id\":\"https:\\\/\\\/www.rauhes.de\\\/cms\\\/jahreskreis\\\/jahreslosung\\\/2024\\\/#primaryimage\"},\"thumbnailUrl\":\"https:\\\/\\\/www.rauhes.de\\\/cms\\\/wp-content\\\/uploads\\\/2024\\\/03\\\/Jahreslosungsmotiv-Kreuz-u-.jpg\",\"datePublished\":\"2024-03-05T07:31:44+00:00\",\"dateModified\":\"2025-02-13T13:27:18+00:00\",\"breadcrumb\":{\"@id\":\"https:\\\/\\\/www.rauhes.de\\\/cms\\\/jahreskreis\\\/jahreslosung\\\/2024\\\/#breadcrumb\"},\"inLanguage\":\"de\",\"potentialAction\":[{\"@type\":\"ReadAction\",\"target\":[\"https:\\\/\\\/www.rauhes.de\\\/cms\\\/jahreskreis\\\/jahreslosung\\\/2024\\\/\"]}]},{\"@type\":\"ImageObject\",\"inLanguage\":\"de\",\"@id\":\"https:\\\/\\\/www.rauhes.de\\\/cms\\\/jahreskreis\\\/jahreslosung\\\/2024\\\/#primaryimage\",\"url\":\"https:\\\/\\\/www.rauhes.de\\\/cms\\\/wp-content\\\/uploads\\\/2024\\\/03\\\/Jahreslosungsmotiv-Kreuz-u-.jpg\",\"contentUrl\":\"https:\\\/\\\/www.rauhes.de\\\/cms\\\/wp-content\\\/uploads\\\/2024\\\/03\\\/Jahreslosungsmotiv-Kreuz-u-.jpg\",\"width\":600,\"height\":841},{\"@type\":\"BreadcrumbList\",\"@id\":\"https:\\\/\\\/www.rauhes.de\\\/cms\\\/jahreskreis\\\/jahreslosung\\\/2024\\\/#breadcrumb\",\"itemListElement\":[{\"@type\":\"ListItem\",\"position\":1,\"name\":\"Startseite\",\"item\":\"https:\\\/\\\/www.rauhes.de\\\/cms\\\/\"},{\"@type\":\"ListItem\",\"position\":2,\"name\":\"Jahreskreis\",\"item\":\"https:\\\/\\\/www.rauhes.de\\\/cms\\\/jahreskreis\\\/\"},{\"@type\":\"ListItem\",\"position\":3,\"name\":\"Jahreslosung\",\"item\":\"https:\\\/\\\/www.rauhes.de\\\/cms\\\/jahreskreis\\\/jahreslosung\\\/\"},{\"@type\":\"ListItem\",\"position\":4,\"name\":\"Jahreslosung 2024\"}]},{\"@type\":\"WebSite\",\"@id\":\"https:\\\/\\\/www.rauhes.de\\\/cms\\\/#website\",\"url\":\"https:\\\/\\\/www.rauhes.de\\\/cms\\\/\",\"name\":\"Infos zu feierlichen Anl\u00e4ssen wie Taufe, Konfirmation, Hochzeit &amp; Trauer\",\"description\":\"\",\"publisher\":{\"@id\":\"https:\\\/\\\/www.rauhes.de\\\/cms\\\/#organization\"},\"potentialAction\":[{\"@type\":\"SearchAction\",\"target\":{\"@type\":\"EntryPoint\",\"urlTemplate\":\"https:\\\/\\\/www.rauhes.de\\\/cms\\\/?s={search_term_string}\"},\"query-input\":{\"@type\":\"PropertyValueSpecification\",\"valueRequired\":true,\"valueName\":\"search_term_string\"}}],\"inLanguage\":\"de\"},{\"@type\":\"Organization\",\"@id\":\"https:\\\/\\\/www.rauhes.de\\\/cms\\\/#organization\",\"name\":\"rauhes.de\",\"url\":\"https:\\\/\\\/www.rauhes.de\\\/cms\\\/\",\"logo\":{\"@type\":\"ImageObject\",\"inLanguage\":\"de\",\"@id\":\"https:\\\/\\\/www.rauhes.de\\\/cms\\\/#\\\/schema\\\/logo\\\/image\\\/\",\"url\":\"https:\\\/\\\/www.rauhes.de\\\/cms\\\/wp-content\\\/uploads\\\/2021\\\/10\\\/2x_neu-2.png\",\"contentUrl\":\"https:\\\/\\\/www.rauhes.de\\\/cms\\\/wp-content\\\/uploads\\\/2021\\\/10\\\/2x_neu-2.png\",\"width\":300,\"height\":85,\"caption\":\"rauhes.de\"},\"image\":{\"@id\":\"https:\\\/\\\/www.rauhes.de\\\/cms\\\/#\\\/schema\\\/logo\\\/image\\\/\"}}]}<\/script>\n<!-- \/ Yoast SEO plugin. -->","yoast_head_json":{"title":"Jahreslosung 2024 - Infos zu feierlichen Anl\u00e4ssen wie Taufe, Konfirmation, Hochzeit &amp; Trauer","robots":{"index":"index","follow":"follow","max-snippet":"max-snippet:-1","max-image-preview":"max-image-preview:large","max-video-preview":"max-video-preview:-1"},"canonical":"https:\/\/www.rauhes.de\/cms\/jahreskreis\/jahreslosung\/2024\/","og_locale":"de_DE","og_type":"article","og_title":"Jahreslosung 2024 - Infos zu feierlichen Anl\u00e4ssen wie Taufe, Konfirmation, Hochzeit &amp; Trauer","og_description":"Jahreslosung 2024: Auslegung &amp; Bild Alles, was ihr tut, geschehe in Liebe.&nbsp; 1. Korinther 16,14&nbsp; Motiv der Agentur des Rauhen Hauses Gedanken zur Jahreslosung 2024&nbsp;von Markus Engelhardt&nbsp; Im ersten Moment klingt die Jahreslosung sehr nach kirchlichem Mainstream. \u201eSeid nett zueinander!\u201c, und dann noch illustriert mit fr\u00f6hlich-bunten Farbklecksen und Buchstaben, wie hingeworfen. Auf den zweiten Blick [&hellip;]","og_url":"https:\/\/www.rauhes.de\/cms\/jahreskreis\/jahreslosung\/2024\/","og_site_name":"Infos zu feierlichen Anl\u00e4ssen wie Taufe, Konfirmation, Hochzeit &amp; Trauer","article_modified_time":"2025-02-13T13:27:18+00:00","og_image":[{"width":600,"height":841,"url":"https:\/\/www.rauhes.de\/cms\/wp-content\/uploads\/2024\/03\/Jahreslosungsmotiv-Kreuz-u-.jpg","type":"image\/jpeg"}],"twitter_card":"summary_large_image","twitter_misc":{"Gesch\u00e4tzte Lesezeit":"3\u00a0Minuten"},"schema":{"@context":"https:\/\/schema.org","@graph":[{"@type":"WebPage","@id":"https:\/\/www.rauhes.de\/cms\/jahreskreis\/jahreslosung\/2024\/","url":"https:\/\/www.rauhes.de\/cms\/jahreskreis\/jahreslosung\/2024\/","name":"Jahreslosung 2024 - Infos zu feierlichen Anl\u00e4ssen wie Taufe, Konfirmation, Hochzeit &amp; Trauer","isPartOf":{"@id":"https:\/\/www.rauhes.de\/cms\/#website"},"primaryImageOfPage":{"@id":"https:\/\/www.rauhes.de\/cms\/jahreskreis\/jahreslosung\/2024\/#primaryimage"},"image":{"@id":"https:\/\/www.rauhes.de\/cms\/jahreskreis\/jahreslosung\/2024\/#primaryimage"},"thumbnailUrl":"https:\/\/www.rauhes.de\/cms\/wp-content\/uploads\/2024\/03\/Jahreslosungsmotiv-Kreuz-u-.jpg","datePublished":"2024-03-05T07:31:44+00:00","dateModified":"2025-02-13T13:27:18+00:00","breadcrumb":{"@id":"https:\/\/www.rauhes.de\/cms\/jahreskreis\/jahreslosung\/2024\/#breadcrumb"},"inLanguage":"de","potentialAction":[{"@type":"ReadAction","target":["https:\/\/www.rauhes.de\/cms\/jahreskreis\/jahreslosung\/2024\/"]}]},{"@type":"ImageObject","inLanguage":"de","@id":"https:\/\/www.rauhes.de\/cms\/jahreskreis\/jahreslosung\/2024\/#primaryimage","url":"https:\/\/www.rauhes.de\/cms\/wp-content\/uploads\/2024\/03\/Jahreslosungsmotiv-Kreuz-u-.jpg","contentUrl":"https:\/\/www.rauhes.de\/cms\/wp-content\/uploads\/2024\/03\/Jahreslosungsmotiv-Kreuz-u-.jpg","width":600,"height":841},{"@type":"BreadcrumbList","@id":"https:\/\/www.rauhes.de\/cms\/jahreskreis\/jahreslosung\/2024\/#breadcrumb","itemListElement":[{"@type":"ListItem","position":1,"name":"Startseite","item":"https:\/\/www.rauhes.de\/cms\/"},{"@type":"ListItem","position":2,"name":"Jahreskreis","item":"https:\/\/www.rauhes.de\/cms\/jahreskreis\/"},{"@type":"ListItem","position":3,"name":"Jahreslosung","item":"https:\/\/www.rauhes.de\/cms\/jahreskreis\/jahreslosung\/"},{"@type":"ListItem","position":4,"name":"Jahreslosung 2024"}]},{"@type":"WebSite","@id":"https:\/\/www.rauhes.de\/cms\/#website","url":"https:\/\/www.rauhes.de\/cms\/","name":"Infos zu feierlichen Anl\u00e4ssen wie Taufe, Konfirmation, Hochzeit &amp; Trauer","description":"","publisher":{"@id":"https:\/\/www.rauhes.de\/cms\/#organization"},"potentialAction":[{"@type":"SearchAction","target":{"@type":"EntryPoint","urlTemplate":"https:\/\/www.rauhes.de\/cms\/?s={search_term_string}"},"query-input":{"@type":"PropertyValueSpecification","valueRequired":true,"valueName":"search_term_string"}}],"inLanguage":"de"},{"@type":"Organization","@id":"https:\/\/www.rauhes.de\/cms\/#organization","name":"rauhes.de","url":"https:\/\/www.rauhes.de\/cms\/","logo":{"@type":"ImageObject","inLanguage":"de","@id":"https:\/\/www.rauhes.de\/cms\/#\/schema\/logo\/image\/","url":"https:\/\/www.rauhes.de\/cms\/wp-content\/uploads\/2021\/10\/2x_neu-2.png","contentUrl":"https:\/\/www.rauhes.de\/cms\/wp-content\/uploads\/2021\/10\/2x_neu-2.png","width":300,"height":85,"caption":"rauhes.de"},"image":{"@id":"https:\/\/www.rauhes.de\/cms\/#\/schema\/logo\/image\/"}}]}},"_links":{"self":[{"href":"https:\/\/www.rauhes.de\/cms\/wp-json\/wp\/v2\/pages\/111587","targetHints":{"allow":["GET"]}}],"collection":[{"href":"https:\/\/www.rauhes.de\/cms\/wp-json\/wp\/v2\/pages"}],"about":[{"href":"https:\/\/www.rauhes.de\/cms\/wp-json\/wp\/v2\/types\/page"}],"author":[{"embeddable":true,"href":"https:\/\/www.rauhes.de\/cms\/wp-json\/wp\/v2\/users\/1"}],"replies":[{"embeddable":true,"href":"https:\/\/www.rauhes.de\/cms\/wp-json\/wp\/v2\/comments?post=111587"}],"version-history":[{"count":13,"href":"https:\/\/www.rauhes.de\/cms\/wp-json\/wp\/v2\/pages\/111587\/revisions"}],"predecessor-version":[{"id":150836,"href":"https:\/\/www.rauhes.de\/cms\/wp-json\/wp\/v2\/pages\/111587\/revisions\/150836"}],"up":[{"embeddable":true,"href":"https:\/\/www.rauhes.de\/cms\/wp-json\/wp\/v2\/pages\/56768"}],"wp:attachment":[{"href":"https:\/\/www.rauhes.de\/cms\/wp-json\/wp\/v2\/media?parent=111587"}],"curies":[{"name":"wp","href":"https:\/\/api.w.org\/{rel}","templated":true}]}}